{"id":16895,"date":"2024-04-17T05:29:57","date_gmt":"2024-04-17T05:29:57","guid":{"rendered":"https:\/\/contractbeds.eu\/?page_id=16895"},"modified":"2024-04-17T05:39:29","modified_gmt":"2024-04-17T05:39:29","slug":"impressum","status":"publish","type":"page","link":"https:\/\/contractbeds.eu\/de\/impressum\/","title":{"rendered":"Impressum"},"content":{"rendered":"\n<h2 class=\"wp-block-heading\">Impressum<\/h2>\n\n\n\n<p><\/p>\n\n\n\n<p><strong>Firmenname<\/strong>:\u00a0Bio-Textima Kft.<br><strong>Hauptsitz<\/strong>: Ipar u.\u00a01., 9167 B\u0151s\u00e1rk\u00e1ny, Ungarn<br><strong>Tel<\/strong>.: +36 96 271\u00a0259<br><strong>E-Mail<\/strong>: info [at]\u00a0<a href=\"http:\/\/bio-textima.hu\/\" target=\"_blank\" rel=\"noreferrer noopener\">bio-textima.hu<\/a><br><strong>Steuernummer<\/strong>:\u00a011131841-2-08<br><strong>Handelsregisternummer<\/strong>:\u00a008 09 003818<br><strong>Registergericht<\/strong>:\u00a0Handelsgericht Gy\u0151r<br><strong>Handelskammer<\/strong>: Handels-\u00a0und Industriekammer von Gy\u0151r-Moson-Sopron<br><strong>Hosting-Anbieter<\/strong>:\u00a0Different Fejleszt\u0151 Kft.<br><strong>Standort<\/strong>: Ap\u00e1ca u.\u00a051., 9022 Gy\u0151r, Ungarn<br><strong>E-Mail-Adresse<\/strong>: hello [at]\u00a0<a href=\"http:\/\/different.hu\/\" target=\"_blank\" rel=\"noreferrer noopener\">different.hu<\/a><br><strong>Fotos<\/strong>:\u00a0<a href=\"http:\/\/123rf.com\/\" target=\"_blank\" rel=\"noreferrer noopener\">123rf.com<\/a><\/p>\n","protected":false},"excerpt":{"rendered":"<p>Impressum Firmenname:\u00a0Bio-Textima Kft.Hauptsitz: Ipar u.\u00a01., 9167 B\u0151s\u00e1rk\u00e1ny, UngarnTel.: +36 96 271\u00a0259E-Mail: info [at]\u00a0bio-textima.huSteuernummer:\u00a011131841-2-08Handelsregisternummer:\u00a008 09 003818Registergericht:\u00a0Handelsgericht Gy\u0151rHandelskammer: Handels-\u00a0und Industriekammer von Gy\u0151r-Moson-SopronHosting-Anbieter:\u00a0Different Fejleszt\u0151 Kft.Standort: Ap\u00e1ca u.\u00a051., 9022 Gy\u0151r, UngarnE-Mail-Adresse: hello [at]\u00a0different.huFotos:\u00a0123rf.com<\/p>\n","protected":false},"author":3,"featured_media":0,"parent":0,"menu_order":0,"comment_status":"closed","ping_status":"closed","template":"","meta":{"footnotes":""},"class_list":["post-16895","page","type-page","status-publish","hentry"],"yoast_head":"<!-- This site is optimized with the Yoast SEO plugin v27.0 - https:\/\/yoast.com\/product\/yoast-seo-wordpress\/ -->\n<title>Impressum - Bio-Textima - Bedding, Interior, Object<\/title>\n<meta name=\"robots\" content=\"index, follow, max-snippet:-1, max-image-preview:large, max-video-preview:-1\" \/>\n<link rel=\"canonical\" href=\"https:\/\/contractbeds.eu\/de\/impressum\/\" \/>\n<meta property=\"og:locale\" content=\"de_DE\" \/>\n<meta property=\"og:type\" content=\"article\" \/>\n<meta property=\"og:title\" content=\"Impressum - Bio-Textima - Bedding, Interior, Object\" \/>\n<meta property=\"og:description\" content=\"Impressum Firmenname:\u00a0Bio-Textima Kft.Hauptsitz: Ipar u.\u00a01., 9167 B\u0151s\u00e1rk\u00e1ny, UngarnTel.: +36 96 271\u00a0259E-Mail: info [at]\u00a0bio-textima.huSteuernummer:\u00a011131841-2-08Handelsregisternummer:\u00a008 09 003818Registergericht:\u00a0Handelsgericht Gy\u0151rHandelskammer: Handels-\u00a0und Industriekammer von Gy\u0151r-Moson-SopronHosting-Anbieter:\u00a0Different Fejleszt\u0151 Kft.Standort: Ap\u00e1ca u.\u00a051., 9022 Gy\u0151r, UngarnE-Mail-Adresse: hello [at]\u00a0different.huFotos:\u00a0123rf.com\" \/>\n<meta property=\"og:url\" content=\"https:\/\/contractbeds.eu\/de\/impressum\/\" \/>\n<meta property=\"og:site_name\" content=\"Bio-Textima - Bedding, Interior, Object\" \/>\n<meta property=\"article:modified_time\" content=\"2024-04-17T05:39:29+00:00\" \/>\n<meta name=\"twitter:card\" content=\"summary_large_image\" \/>\n<meta name=\"twitter:label1\" content=\"Gesch\u00e4tzte Lesezeit\" \/>\n\t<meta name=\"twitter:data1\" content=\"1\u00a0Minute\" \/>\n<script type=\"application\/ld+json\" class=\"yoast-schema-graph\">{\"@context\":\"https:\/\/schema.org\",\"@graph\":[{\"@type\":\"WebPage\",\"@id\":\"https:\/\/contractbeds.eu\/de\/impressum\/\",\"url\":\"https:\/\/contractbeds.eu\/de\/impressum\/\",\"name\":\"Impressum - Bio-Textima - Bedding, Interior, Object\",\"isPartOf\":{\"@id\":\"https:\/\/contractbeds.eu\/de\/#website\"},\"datePublished\":\"2024-04-17T05:29:57+00:00\",\"dateModified\":\"2024-04-17T05:39:29+00:00\",\"breadcrumb\":{\"@id\":\"https:\/\/contractbeds.eu\/de\/impressum\/#breadcrumb\"},\"inLanguage\":\"de\",\"potentialAction\":[{\"@type\":\"ReadAction\",\"target\":[\"https:\/\/contractbeds.eu\/de\/impressum\/\"]}]},{\"@type\":\"BreadcrumbList\",\"@id\":\"https:\/\/contractbeds.eu\/de\/impressum\/#breadcrumb\",\"itemListElement\":[{\"@type\":\"ListItem\",\"position\":1,\"name\":\"Startseite\",\"item\":\"https:\/\/contractbeds.eu\/de\/\"},{\"@type\":\"ListItem\",\"position\":2,\"name\":\"Impressum\"}]},{\"@type\":\"WebSite\",\"@id\":\"https:\/\/contractbeds.eu\/de\/#website\",\"url\":\"https:\/\/contractbeds.eu\/de\/\",\"name\":\"Bio-Textima H\u00e1l\u00f3szoba Manufakt\u00fara\",\"description\":\"Betten und Matratzen f\u00fcr Hotels und Unterk\u00fcnfte\",\"publisher\":{\"@id\":\"https:\/\/contractbeds.eu\/de\/#organization\"},\"potentialAction\":[{\"@type\":\"SearchAction\",\"target\":{\"@type\":\"EntryPoint\",\"urlTemplate\":\"https:\/\/contractbeds.eu\/de\/?s={search_term_string}\"},\"query-input\":{\"@type\":\"PropertyValueSpecification\",\"valueRequired\":true,\"valueName\":\"search_term_string\"}}],\"inLanguage\":\"de\"},{\"@type\":\"Organization\",\"@id\":\"https:\/\/contractbeds.eu\/de\/#organization\",\"name\":\"BIO-TEXTIMA Kft.\",\"url\":\"https:\/\/contractbeds.eu\/de\/\",\"logo\":{\"@type\":\"ImageObject\",\"inLanguage\":\"de\",\"@id\":\"https:\/\/contractbeds.eu\/de\/#\/schema\/logo\/image\/\",\"url\":\"https:\/\/contractbeds.eu\/wp-content\/uploads\/2021\/03\/biotex_logo.jpg\",\"contentUrl\":\"https:\/\/contractbeds.eu\/wp-content\/uploads\/2021\/03\/biotex_logo.jpg\",\"width\":335,\"height\":149,\"caption\":\"BIO-TEXTIMA Kft.\"},\"image\":{\"@id\":\"https:\/\/contractbeds.eu\/de\/#\/schema\/logo\/image\/\"}}]}<\/script>\n<!-- \/ Yoast SEO plugin. -->","yoast_head_json":{"title":"Impressum - Bio-Textima - Bedding, Interior, Object","robots":{"index":"index","follow":"follow","max-snippet":"max-snippet:-1","max-image-preview":"max-image-preview:large","max-video-preview":"max-video-preview:-1"},"canonical":"https:\/\/contractbeds.eu\/de\/impressum\/","og_locale":"de_DE","og_type":"article","og_title":"Impressum - Bio-Textima - Bedding, Interior, Object","og_description":"Impressum Firmenname:\u00a0Bio-Textima Kft.Hauptsitz: Ipar u.\u00a01., 9167 B\u0151s\u00e1rk\u00e1ny, UngarnTel.: +36 96 271\u00a0259E-Mail: info [at]\u00a0bio-textima.huSteuernummer:\u00a011131841-2-08Handelsregisternummer:\u00a008 09 003818Registergericht:\u00a0Handelsgericht Gy\u0151rHandelskammer: Handels-\u00a0und Industriekammer von Gy\u0151r-Moson-SopronHosting-Anbieter:\u00a0Different Fejleszt\u0151 Kft.Standort: Ap\u00e1ca u.\u00a051., 9022 Gy\u0151r, UngarnE-Mail-Adresse: hello [at]\u00a0different.huFotos:\u00a0123rf.com","og_url":"https:\/\/contractbeds.eu\/de\/impressum\/","og_site_name":"Bio-Textima - Bedding, Interior, Object","article_modified_time":"2024-04-17T05:39:29+00:00","twitter_card":"summary_large_image","twitter_misc":{"Gesch\u00e4tzte Lesezeit":"1\u00a0Minute"},"schema":{"@context":"https:\/\/schema.org","@graph":[{"@type":"WebPage","@id":"https:\/\/contractbeds.eu\/de\/impressum\/","url":"https:\/\/contractbeds.eu\/de\/impressum\/","name":"Impressum - Bio-Textima - Bedding, Interior, Object","isPartOf":{"@id":"https:\/\/contractbeds.eu\/de\/#website"},"datePublished":"2024-04-17T05:29:57+00:00","dateModified":"2024-04-17T05:39:29+00:00","breadcrumb":{"@id":"https:\/\/contractbeds.eu\/de\/impressum\/#breadcrumb"},"inLanguage":"de","potentialAction":[{"@type":"ReadAction","target":["https:\/\/contractbeds.eu\/de\/impressum\/"]}]},{"@type":"BreadcrumbList","@id":"https:\/\/contractbeds.eu\/de\/impressum\/#breadcrumb","itemListElement":[{"@type":"ListItem","position":1,"name":"Startseite","item":"https:\/\/contractbeds.eu\/de\/"},{"@type":"ListItem","position":2,"name":"Impressum"}]},{"@type":"WebSite","@id":"https:\/\/contractbeds.eu\/de\/#website","url":"https:\/\/contractbeds.eu\/de\/","name":"Bio-Textima H\u00e1l\u00f3szoba Manufakt\u00fara","description":"Betten und Matratzen f\u00fcr Hotels und Unterk\u00fcnfte","publisher":{"@id":"https:\/\/contractbeds.eu\/de\/#organization"},"potentialAction":[{"@type":"SearchAction","target":{"@type":"EntryPoint","urlTemplate":"https:\/\/contractbeds.eu\/de\/?s={search_term_string}"},"query-input":{"@type":"PropertyValueSpecification","valueRequired":true,"valueName":"search_term_string"}}],"inLanguage":"de"},{"@type":"Organization","@id":"https:\/\/contractbeds.eu\/de\/#organization","name":"BIO-TEXTIMA Kft.","url":"https:\/\/contractbeds.eu\/de\/","logo":{"@type":"ImageObject","inLanguage":"de","@id":"https:\/\/contractbeds.eu\/de\/#\/schema\/logo\/image\/","url":"https:\/\/contractbeds.eu\/wp-content\/uploads\/2021\/03\/biotex_logo.jpg","contentUrl":"https:\/\/contractbeds.eu\/wp-content\/uploads\/2021\/03\/biotex_logo.jpg","width":335,"height":149,"caption":"BIO-TEXTIMA Kft."},"image":{"@id":"https:\/\/contractbeds.eu\/de\/#\/schema\/logo\/image\/"}}]}},"_links":{"self":[{"href":"https:\/\/contractbeds.eu\/de\/wp-json\/wp\/v2\/pages\/16895","targetHints":{"allow":["GET"]}}],"collection":[{"href":"https:\/\/contractbeds.eu\/de\/wp-json\/wp\/v2\/pages"}],"about":[{"href":"https:\/\/contractbeds.eu\/de\/wp-json\/wp\/v2\/types\/page"}],"author":[{"embeddable":true,"href":"https:\/\/contractbeds.eu\/de\/wp-json\/wp\/v2\/users\/3"}],"replies":[{"embeddable":true,"href":"https:\/\/contractbeds.eu\/de\/wp-json\/wp\/v2\/comments?post=16895"}],"version-history":[{"count":2,"href":"https:\/\/contractbeds.eu\/de\/wp-json\/wp\/v2\/pages\/16895\/revisions"}],"predecessor-version":[{"id":16914,"href":"https:\/\/contractbeds.eu\/de\/wp-json\/wp\/v2\/pages\/16895\/revisions\/16914"}],"wp:attachment":[{"href":"https:\/\/contractbeds.eu\/de\/wp-json\/wp\/v2\/media?parent=16895"}],"curies":[{"name":"wp","href":"https:\/\/api.w.org\/{rel}","templated":true}]}}