{"id":8383,"date":"2021-04-15T16:05:26","date_gmt":"2021-04-15T16:05:26","guid":{"rendered":"http:\/\/localhost\/ueber-uns\/"},"modified":"2025-02-24T14:10:35","modified_gmt":"2025-02-24T14:10:35","slug":"uber-uns","status":"publish","type":"page","link":"https:\/\/contractbeds.eu\/de\/uber-uns\/","title":{"rendered":"\u00dcber uns"},"content":{"rendered":"\t\t<div data-elementor-type=\"wp-page\" data-elementor-id=\"8383\" class=\"elementor elementor-8383 elementor-1045\">\n\t\t\t\t\t\t<section class=\"elementor-section elementor-top-section elementor-element elementor-element-899b69c elementor-section-boxed elementor-section-height-default elementor-section-height-default\" data-id=\"899b69c\" data-element_type=\"section\" data-e-type=\"section\" data-settings=\"{&quot;background_background&quot;:&quot;classic&quot;}\">\r\n\t\t\r\n\t\t\t\t\t\t\t<div class=\"elementor-container elementor-column-gap-default\">\r\n\t\t\t\t\t\t\t\t\t\t\t<div class=\"elementor-column elementor-col-100 elementor-top-column elementor-element elementor-element-564a1dc\" data-id=\"564a1dc\" data-element_type=\"column\" data-e-type=\"column\">\r\n\t\t\t\t\t<div class=\"elementor-widget-wrap elementor-element-populated\">\r\n\t\t\t\t\t\t\t\t<div class=\"elementor-element elementor-element-8aadc2a elementor-widget elementor-widget-heading\" data-id=\"8aadc2a\" data-element_type=\"widget\" data-e-type=\"widget\" data-widget_type=\"heading.default\">\n\t\t\t\t<div class=\"elementor-widget-container\">\n\t\t\t\t\t<h2 class=\"elementor-heading-title elementor-size-default\">\u00dcber uns<\/h2>\t\t\t\t<\/div>\n\t\t\t\t<\/div>\n\t\t\t\t\t<\/div>\r\n\t\t\t\t<\/div>\r\n\t\t\t\t\t<\/div>\r\n\t\t\t\t<\/section>\r\n\t\t\t\t<section class=\"elementor-section elementor-top-section elementor-element elementor-element-ca528c5 elementor-reverse-tablet elementor-reverse-mobile elementor-section-boxed elementor-section-height-default elementor-section-height-default\" data-id=\"ca528c5\" data-element_type=\"section\" data-e-type=\"section\" data-settings=\"{&quot;background_background&quot;:&quot;classic&quot;}\">\r\n\t\t\r\n\t\t\t\t\t\t\t<div class=\"elementor-container elementor-column-gap-default\">\r\n\t\t\t\t\t\t\t\t\t\t\t<div class=\"elementor-column elementor-col-50 elementor-top-column elementor-element elementor-element-ce8ba08\" data-id=\"ce8ba08\" data-element_type=\"column\" data-e-type=\"column\">\r\n\t\t\t\t\t<div class=\"elementor-widget-wrap elementor-element-populated\">\r\n\t\t\t\t\t\t\t\t<div class=\"elementor-element elementor-element-e5a72ef elementor-widget elementor-widget-text-editor\" data-id=\"e5a72ef\" data-element_type=\"widget\" data-e-type=\"widget\" data-widget_type=\"text-editor.default\">\n\t\t\t\t<div class=\"elementor-widget-container\">\n\t\t\t\t\t\t\t\t\t<p>Wir fertigen Matratzen, Betten, gepolsterte Schlafzimmerm\u00f6bel und Zubeh\u00f6r mit 30 Jahren Berufserfahrung und Fachkompetenz. Ausgehend von handgefertigten Biomatratzen und -kissen unter Manufakturbedingungen haben wir einen langen Weg zur\u00fcckgelegt. In den letzten drei Jahrzehnten haben unsere Matratzenkollektionen und Schlafsysteme neben Marken-Einzelhandelsnetzwerken auch zahlreiche inl\u00e4ndische und internationale Einrichtungsh\u00e4user erreicht. Im Laufe der Jahre haben wir zunehmende Expertise in Projektbestellungen erworben und bewegen uns mittlerweile selbstverst\u00e4ndlich in der Welt von Konzept- und Innenarchitekturpl\u00e4nen. Wir haben bereits eine Rolle bei der Einrichtung zahlreicher Unterk\u00fcnfte, Hotels, Studentenwohnheime, Altersheime, Gesundheitseinrichtungen und gastronomischer Einrichtungen \u00fcbernommen. Unsere St\u00e4rke liegt vor allem in der Umsetzung individueller Kunden- oder Designer-Visionen sowie in der Herstellung von Klein- und Mittelserien. Neben unserem \u00fcber die Jahre erworbenen Know-how und unserer Erfahrung als Hersteller bieten wir Unterst\u00fctzung bei der Produktgestaltung, gepflegte Lieferantenbeziehungen sowie Transport- und Logistikdienstleistungen, einschlie\u00dflich Vor-Ort-Installation, Montage, Abholung und Recycling.<\/p><p>Um unser Wissen \u00fcber Materialien auf dem neuesten Stand zu halten, besuchen wir regelm\u00e4\u00dfig f\u00fchrende internationale Fachmessen. Wir arbeiten mit verschiedenen Materialien, angefangen bei grundlegenden funktionalen Schaumstoffen \u00fcber spezielle Federungssysteme bis hin zu hochreinem organischem Latex oder Textilien, die aus recyceltem Kunststoffabfall aus den Ozeanen hergestellt werden \u2013 immer zugeschnitten auf die Ziele und Anforderungen. Statt sich auf Massenproduktion nach chinesischem Vorbild zu konzentrieren, interessieren wir uns schon immer mehr f\u00fcr Wertsch\u00f6pfung. Deshalb haben wir unsere Fertigungstechnologie entwickelt, um qualitativ hochwertige Produkte in kleinen und mittleren Serien nach individuellen Designs herzustellen. Obwohl unser Produktionsprozess von der Digitalisierung profitiert und hochgradig mechanisiert ist, unterst\u00fctzt durch ein fortschrittliches Unternehmensressourcenplanungssystem, wird ein bedeutender Teil unserer Produkte nach wie vor nach den Traditionen des langj\u00e4hrigen ungarischen Handwerks hergestellt.<\/p><ul><li>Produkte Made in EU<\/li><li>30 Jahre Herstellungserfahrung<\/li><li>Getestete und qualit\u00e4tszertifizierte Materialien und Produkte<\/li><li>Nachhaltige Produktion<\/li><li>Strategisch g\u00fcnstig gelegener Produktionsstandort f\u00fcr Logistik und Versand<\/li><li>Wir liefern in alle L\u00e4nder Europas<\/li><li>\u00dcber 100 zufriedene Hotelbesitzer<\/li><\/ul>\t\t\t\t\t\t\t\t<\/div>\n\t\t\t\t<\/div>\n\t\t\t\t\t<\/div>\r\n\t\t\t\t<\/div>\r\n\t\t\t\t<div class=\"elementor-column elementor-col-50 elementor-top-column elementor-element elementor-element-414d0f1\" data-id=\"414d0f1\" data-element_type=\"column\" data-e-type=\"column\">\r\n\t\t\t\t\t<div class=\"elementor-widget-wrap elementor-element-populated\">\r\n\t\t\t\t\t\t\t\t<div class=\"elementor-element elementor-element-678f05b elementor-widget elementor-widget-image\" data-id=\"678f05b\" data-element_type=\"widget\" data-e-type=\"widget\" data-widget_type=\"image.default\">\n\t\t\t\t<div class=\"elementor-widget-container\">\n\t\t\t\t\t\t\t\t\t\t\t\t\t\t\t<img fetchpriority=\"high\" decoding=\"async\" width=\"1024\" height=\"683\" src=\"https:\/\/contractbeds.eu\/wp-content\/uploads\/2021\/03\/BT3A9508-1024x683.jpg\" class=\"attachment-large size-large wp-image-4745\" alt=\"contractbeds\" srcset=\"https:\/\/contractbeds.eu\/wp-content\/uploads\/2021\/03\/BT3A9508-1024x683.jpg 1024w, https:\/\/contractbeds.eu\/wp-content\/uploads\/2021\/03\/BT3A9508-768x512.jpg 768w, https:\/\/contractbeds.eu\/wp-content\/uploads\/2021\/03\/BT3A9508-640x427.jpg 640w, https:\/\/contractbeds.eu\/wp-content\/uploads\/2021\/03\/BT3A9508-400x267.jpg 400w, https:\/\/contractbeds.eu\/wp-content\/uploads\/2021\/03\/BT3A9508-367x245.jpg 367w, https:\/\/contractbeds.eu\/wp-content\/uploads\/2021\/03\/BT3A9508-600x400.jpg 600w\" sizes=\"(max-width: 1024px) 100vw, 1024px\" \/>\t\t\t\t\t\t\t\t\t\t\t\t\t\t\t<\/div>\n\t\t\t\t<\/div>\n\t\t\t\t\t<\/div>\r\n\t\t\t\t<\/div>\r\n\t\t\t\t\t<\/div>\r\n\t\t\t\t<\/section>\r\n\t\t\t\t<section class=\"elementor-section elementor-top-section elementor-element elementor-element-8cda29c elementor-section-boxed elementor-section-height-default elementor-section-height-default\" data-id=\"8cda29c\" data-element_type=\"section\" data-e-type=\"section\" data-settings=\"{&quot;background_background&quot;:&quot;classic&quot;}\">\r\n\t\t\r\n\t\t\t\t\t\t\t<div class=\"elementor-container elementor-column-gap-no\">\r\n\t\t\t\t\t\t\t\t\t\t\t<div class=\"elementor-column elementor-col-100 elementor-top-column elementor-element elementor-element-d8d0bc9\" data-id=\"d8d0bc9\" data-element_type=\"column\" data-e-type=\"column\">\r\n\t\t\t\t\t<div class=\"elementor-widget-wrap elementor-element-populated\">\r\n\t\t\t\t\t\t\t\t<div class=\"elementor-element elementor-element-e3243f6 elementor-widget elementor-widget-image\" data-id=\"e3243f6\" data-element_type=\"widget\" data-e-type=\"widget\" data-widget_type=\"image.default\">\n\t\t\t\t<div class=\"elementor-widget-container\">\n\t\t\t\t\t\t\t\t\t\t\t\t\t\t\t<img decoding=\"async\" width=\"1024\" height=\"576\" src=\"https:\/\/contractbeds.eu\/wp-content\/uploads\/2021\/03\/01.01_04_01_10.Still007-1024x576.jpg\" class=\"attachment-large size-large wp-image-4747\" alt=\"contractbeds_referencia\" srcset=\"https:\/\/contractbeds.eu\/wp-content\/uploads\/2021\/03\/01.01_04_01_10.Still007-1024x576.jpg 1024w, https:\/\/contractbeds.eu\/wp-content\/uploads\/2021\/03\/01.01_04_01_10.Still007-768x432.jpg 768w, https:\/\/contractbeds.eu\/wp-content\/uploads\/2021\/03\/01.01_04_01_10.Still007-640x360.jpg 640w, https:\/\/contractbeds.eu\/wp-content\/uploads\/2021\/03\/01.01_04_01_10.Still007-400x225.jpg 400w, https:\/\/contractbeds.eu\/wp-content\/uploads\/2021\/03\/01.01_04_01_10.Still007-367x206.jpg 367w, https:\/\/contractbeds.eu\/wp-content\/uploads\/2021\/03\/01.01_04_01_10.Still007-600x338.jpg 600w\" sizes=\"(max-width: 1024px) 100vw, 1024px\" \/>\t\t\t\t\t\t\t\t\t\t\t\t\t\t\t<\/div>\n\t\t\t\t<\/div>\n\t\t\t\t\t<\/div>\r\n\t\t\t\t<\/div>\r\n\t\t\t\t\t<\/div>\r\n\t\t\t\t<\/section>\r\n\t\t\t\t<section class=\"elementor-section elementor-top-section elementor-element elementor-element-e741f71 elementor-section-boxed elementor-section-height-default elementor-section-height-default\" data-id=\"e741f71\" data-element_type=\"section\" data-e-type=\"section\" data-settings=\"{&quot;background_background&quot;:&quot;classic&quot;}\">\r\n\t\t\t\t\t\t<div class=\"elementor-background-overlay\"><\/div>\r\n\t\t\t\r\n\t\t\t\t\t\t\t<div class=\"elementor-container elementor-column-gap-default\">\r\n\t\t\t\t\t\t\t\t\t\t\t<div class=\"elementor-column elementor-col-100 elementor-top-column elementor-element elementor-element-cc54404\" data-id=\"cc54404\" data-element_type=\"column\" data-e-type=\"column\">\r\n\t\t\t\t\t<div class=\"elementor-widget-wrap elementor-element-populated\">\r\n\t\t\t\t\t\t\t\t<div class=\"elementor-element elementor-element-8f9c014 elementor-widget elementor-widget-heading\" data-id=\"8f9c014\" data-element_type=\"widget\" data-e-type=\"widget\" data-widget_type=\"heading.default\">\n\t\t\t\t<div class=\"elementor-widget-container\">\n\t\t\t\t\t<h2 class=\"elementor-heading-title elementor-size-default\">K\u00f6nnen wir Ihnen helfen?<\/h2>\t\t\t\t<\/div>\n\t\t\t\t<\/div>\n\t\t\t\t<div class=\"elementor-element elementor-element-8cb2699 p-no-margin elementor-widget__width-initial elementor-widget-mobile__width-inherit elementor-widget elementor-widget-text-editor\" data-id=\"8cb2699\" data-element_type=\"widget\" data-e-type=\"widget\" data-widget_type=\"text-editor.default\">\n\t\t\t\t<div class=\"elementor-widget-container\">\n\t\t\t\t\t\t\t\t\t<p>Z\u00f6gern Sie nicht, uns bei Fragen, Angebotsanfragen und Ideen zu kontaktieren!\u00a0<\/p>\t\t\t\t\t\t\t\t<\/div>\n\t\t\t\t<\/div>\n\t\t\t\t<div class=\"elementor-element elementor-element-2d9d965 elementor-align-center elementor-widget__width-initial elementor-widget-mobile__width-inherit elementor-widget elementor-widget-button\" data-id=\"2d9d965\" data-element_type=\"widget\" data-e-type=\"widget\" data-widget_type=\"button.default\">\n\t\t\t\t<div class=\"elementor-widget-container\">\n\t\t\t\t\t\t\t\t\t<div class=\"elementor-button-wrapper\">\n\t\t\t\t\t<a class=\"elementor-button elementor-button-link elementor-size-sm\" href=\"https:\/\/contractbeds.eu\/de\/kontakt\/\">\n\t\t\t\t\t\t<span class=\"elementor-button-content-wrapper\">\n\t\t\t\t\t\t\t\t\t<span class=\"elementor-button-text\">Kontakt<\/span>\n\t\t\t\t\t<\/span>\n\t\t\t\t\t<\/a>\n\t\t\t\t<\/div>\n\t\t\t\t\t\t\t\t<\/div>\n\t\t\t\t<\/div>\n\t\t\t\t\t<\/div>\r\n\t\t\t\t<\/div>\r\n\t\t\t\t\t<\/div>\r\n\t\t\t\t<\/section>\r\n\t\t\t\t<\/div>\n\t\t","protected":false},"excerpt":{"rendered":"<p>\u00dcber uns Wir fertigen Matratzen, Betten, gepolsterte Schlafzimmerm\u00f6bel und Zubeh\u00f6r mit 30 Jahren Berufserfahrung und Fachkompetenz. Ausgehend von handgefertigten Biomatratzen und -kissen unter Manufakturbedingungen haben wir einen langen Weg zur\u00fcckgelegt. In den letzten drei Jahrzehnten haben unsere Matratzenkollektionen und Schlafsysteme neben Marken-Einzelhandelsnetzwerken auch zahlreiche inl\u00e4ndische und internationale Einrichtungsh\u00e4user erreicht. Im Laufe der Jahre haben wir [&hellip;]<\/p>\n","protected":false},"author":1,"featured_media":0,"parent":0,"menu_order":0,"comment_status":"closed","ping_status":"closed","template":"","meta":{"footnotes":""},"class_list":["post-8383","page","type-page","status-publish","hentry"],"yoast_head":"<!-- This site is optimized with the Yoast SEO plugin v27.0 - https:\/\/yoast.com\/product\/yoast-seo-wordpress\/ -->\n<title>\u00dcber uns - Bio-Textima - Bedding, Interior, Object<\/title>\n<meta name=\"robots\" content=\"index, follow, max-snippet:-1, max-image-preview:large, max-video-preview:-1\" \/>\n<link rel=\"canonical\" href=\"https:\/\/contractbeds.eu\/de\/uber-uns\/\" \/>\n<meta property=\"og:locale\" content=\"de_DE\" \/>\n<meta property=\"og:type\" content=\"article\" \/>\n<meta property=\"og:title\" content=\"\u00dcber uns - Bio-Textima - Bedding, Interior, Object\" \/>\n<meta property=\"og:description\" content=\"\u00dcber uns Wir fertigen Matratzen, Betten, gepolsterte Schlafzimmerm\u00f6bel und Zubeh\u00f6r mit 30 Jahren Berufserfahrung und Fachkompetenz. Ausgehend von handgefertigten Biomatratzen und -kissen unter Manufakturbedingungen haben wir einen langen Weg zur\u00fcckgelegt. In den letzten drei Jahrzehnten haben unsere Matratzenkollektionen und Schlafsysteme neben Marken-Einzelhandelsnetzwerken auch zahlreiche inl\u00e4ndische und internationale Einrichtungsh\u00e4user erreicht. Im Laufe der Jahre haben wir [&hellip;]\" \/>\n<meta property=\"og:url\" content=\"https:\/\/contractbeds.eu\/de\/uber-uns\/\" \/>\n<meta property=\"og:site_name\" content=\"Bio-Textima - Bedding, Interior, Object\" \/>\n<meta property=\"article:modified_time\" content=\"2025-02-24T14:10:35+00:00\" \/>\n<meta property=\"og:image\" content=\"https:\/\/contractbeds.eu\/wp-content\/uploads\/2021\/03\/BT3A9508-scaled.jpg\" \/>\n\t<meta property=\"og:image:width\" content=\"2560\" \/>\n\t<meta property=\"og:image:height\" content=\"1707\" \/>\n\t<meta property=\"og:image:type\" content=\"image\/jpeg\" \/>\n<meta name=\"twitter:card\" content=\"summary_large_image\" \/>\n<meta name=\"twitter:label1\" content=\"Gesch\u00e4tzte Lesezeit\" \/>\n\t<meta name=\"twitter:data1\" content=\"3\u00a0Minuten\" \/>\n<script type=\"application\/ld+json\" class=\"yoast-schema-graph\">{\"@context\":\"https:\/\/schema.org\",\"@graph\":[{\"@type\":\"WebPage\",\"@id\":\"https:\/\/contractbeds.eu\/de\/uber-uns\/\",\"url\":\"https:\/\/contractbeds.eu\/de\/uber-uns\/\",\"name\":\"\u00dcber uns - Bio-Textima - Bedding, Interior, Object\",\"isPartOf\":{\"@id\":\"https:\/\/contractbeds.eu\/de\/#website\"},\"primaryImageOfPage\":{\"@id\":\"https:\/\/contractbeds.eu\/de\/uber-uns\/#primaryimage\"},\"image\":{\"@id\":\"https:\/\/contractbeds.eu\/de\/uber-uns\/#primaryimage\"},\"thumbnailUrl\":\"https:\/\/contractbeds.eu\/wp-content\/uploads\/2021\/03\/BT3A9508-1024x683.jpg\",\"datePublished\":\"2021-04-15T16:05:26+00:00\",\"dateModified\":\"2025-02-24T14:10:35+00:00\",\"breadcrumb\":{\"@id\":\"https:\/\/contractbeds.eu\/de\/uber-uns\/#breadcrumb\"},\"inLanguage\":\"de\",\"potentialAction\":[{\"@type\":\"ReadAction\",\"target\":[\"https:\/\/contractbeds.eu\/de\/uber-uns\/\"]}]},{\"@type\":\"ImageObject\",\"inLanguage\":\"de\",\"@id\":\"https:\/\/contractbeds.eu\/de\/uber-uns\/#primaryimage\",\"url\":\"https:\/\/contractbeds.eu\/wp-content\/uploads\/2021\/03\/BT3A9508-1024x683.jpg\",\"contentUrl\":\"https:\/\/contractbeds.eu\/wp-content\/uploads\/2021\/03\/BT3A9508-1024x683.jpg\"},{\"@type\":\"BreadcrumbList\",\"@id\":\"https:\/\/contractbeds.eu\/de\/uber-uns\/#breadcrumb\",\"itemListElement\":[{\"@type\":\"ListItem\",\"position\":1,\"name\":\"Startseite\",\"item\":\"https:\/\/contractbeds.eu\/de\/\"},{\"@type\":\"ListItem\",\"position\":2,\"name\":\"\u00dcber uns\"}]},{\"@type\":\"WebSite\",\"@id\":\"https:\/\/contractbeds.eu\/de\/#website\",\"url\":\"https:\/\/contractbeds.eu\/de\/\",\"name\":\"Bio-Textima H\u00e1l\u00f3szoba Manufakt\u00fara\",\"description\":\"Betten und Matratzen f\u00fcr Hotels und Unterk\u00fcnfte\",\"publisher\":{\"@id\":\"https:\/\/contractbeds.eu\/de\/#organization\"},\"potentialAction\":[{\"@type\":\"SearchAction\",\"target\":{\"@type\":\"EntryPoint\",\"urlTemplate\":\"https:\/\/contractbeds.eu\/de\/?s={search_term_string}\"},\"query-input\":{\"@type\":\"PropertyValueSpecification\",\"valueRequired\":true,\"valueName\":\"search_term_string\"}}],\"inLanguage\":\"de\"},{\"@type\":\"Organization\",\"@id\":\"https:\/\/contractbeds.eu\/de\/#organization\",\"name\":\"BIO-TEXTIMA Kft.\",\"url\":\"https:\/\/contractbeds.eu\/de\/\",\"logo\":{\"@type\":\"ImageObject\",\"inLanguage\":\"de\",\"@id\":\"https:\/\/contractbeds.eu\/de\/#\/schema\/logo\/image\/\",\"url\":\"https:\/\/contractbeds.eu\/wp-content\/uploads\/2021\/03\/biotex_logo.jpg\",\"contentUrl\":\"https:\/\/contractbeds.eu\/wp-content\/uploads\/2021\/03\/biotex_logo.jpg\",\"width\":335,\"height\":149,\"caption\":\"BIO-TEXTIMA Kft.\"},\"image\":{\"@id\":\"https:\/\/contractbeds.eu\/de\/#\/schema\/logo\/image\/\"}}]}<\/script>\n<!-- \/ Yoast SEO plugin. -->","yoast_head_json":{"title":"\u00dcber uns - Bio-Textima - Bedding, Interior, Object","robots":{"index":"index","follow":"follow","max-snippet":"max-snippet:-1","max-image-preview":"max-image-preview:large","max-video-preview":"max-video-preview:-1"},"canonical":"https:\/\/contractbeds.eu\/de\/uber-uns\/","og_locale":"de_DE","og_type":"article","og_title":"\u00dcber uns - Bio-Textima - Bedding, Interior, Object","og_description":"\u00dcber uns Wir fertigen Matratzen, Betten, gepolsterte Schlafzimmerm\u00f6bel und Zubeh\u00f6r mit 30 Jahren Berufserfahrung und Fachkompetenz. Ausgehend von handgefertigten Biomatratzen und -kissen unter Manufakturbedingungen haben wir einen langen Weg zur\u00fcckgelegt. In den letzten drei Jahrzehnten haben unsere Matratzenkollektionen und Schlafsysteme neben Marken-Einzelhandelsnetzwerken auch zahlreiche inl\u00e4ndische und internationale Einrichtungsh\u00e4user erreicht. Im Laufe der Jahre haben wir [&hellip;]","og_url":"https:\/\/contractbeds.eu\/de\/uber-uns\/","og_site_name":"Bio-Textima - Bedding, Interior, Object","article_modified_time":"2025-02-24T14:10:35+00:00","og_image":[{"width":2560,"height":1707,"url":"https:\/\/contractbeds.eu\/wp-content\/uploads\/2021\/03\/BT3A9508-scaled.jpg","type":"image\/jpeg"}],"twitter_card":"summary_large_image","twitter_misc":{"Gesch\u00e4tzte Lesezeit":"3\u00a0Minuten"},"schema":{"@context":"https:\/\/schema.org","@graph":[{"@type":"WebPage","@id":"https:\/\/contractbeds.eu\/de\/uber-uns\/","url":"https:\/\/contractbeds.eu\/de\/uber-uns\/","name":"\u00dcber uns - Bio-Textima - Bedding, Interior, Object","isPartOf":{"@id":"https:\/\/contractbeds.eu\/de\/#website"},"primaryImageOfPage":{"@id":"https:\/\/contractbeds.eu\/de\/uber-uns\/#primaryimage"},"image":{"@id":"https:\/\/contractbeds.eu\/de\/uber-uns\/#primaryimage"},"thumbnailUrl":"https:\/\/contractbeds.eu\/wp-content\/uploads\/2021\/03\/BT3A9508-1024x683.jpg","datePublished":"2021-04-15T16:05:26+00:00","dateModified":"2025-02-24T14:10:35+00:00","breadcrumb":{"@id":"https:\/\/contractbeds.eu\/de\/uber-uns\/#breadcrumb"},"inLanguage":"de","potentialAction":[{"@type":"ReadAction","target":["https:\/\/contractbeds.eu\/de\/uber-uns\/"]}]},{"@type":"ImageObject","inLanguage":"de","@id":"https:\/\/contractbeds.eu\/de\/uber-uns\/#primaryimage","url":"https:\/\/contractbeds.eu\/wp-content\/uploads\/2021\/03\/BT3A9508-1024x683.jpg","contentUrl":"https:\/\/contractbeds.eu\/wp-content\/uploads\/2021\/03\/BT3A9508-1024x683.jpg"},{"@type":"BreadcrumbList","@id":"https:\/\/contractbeds.eu\/de\/uber-uns\/#breadcrumb","itemListElement":[{"@type":"ListItem","position":1,"name":"Startseite","item":"https:\/\/contractbeds.eu\/de\/"},{"@type":"ListItem","position":2,"name":"\u00dcber uns"}]},{"@type":"WebSite","@id":"https:\/\/contractbeds.eu\/de\/#website","url":"https:\/\/contractbeds.eu\/de\/","name":"Bio-Textima H\u00e1l\u00f3szoba Manufakt\u00fara","description":"Betten und Matratzen f\u00fcr Hotels und Unterk\u00fcnfte","publisher":{"@id":"https:\/\/contractbeds.eu\/de\/#organization"},"potentialAction":[{"@type":"SearchAction","target":{"@type":"EntryPoint","urlTemplate":"https:\/\/contractbeds.eu\/de\/?s={search_term_string}"},"query-input":{"@type":"PropertyValueSpecification","valueRequired":true,"valueName":"search_term_string"}}],"inLanguage":"de"},{"@type":"Organization","@id":"https:\/\/contractbeds.eu\/de\/#organization","name":"BIO-TEXTIMA Kft.","url":"https:\/\/contractbeds.eu\/de\/","logo":{"@type":"ImageObject","inLanguage":"de","@id":"https:\/\/contractbeds.eu\/de\/#\/schema\/logo\/image\/","url":"https:\/\/contractbeds.eu\/wp-content\/uploads\/2021\/03\/biotex_logo.jpg","contentUrl":"https:\/\/contractbeds.eu\/wp-content\/uploads\/2021\/03\/biotex_logo.jpg","width":335,"height":149,"caption":"BIO-TEXTIMA Kft."},"image":{"@id":"https:\/\/contractbeds.eu\/de\/#\/schema\/logo\/image\/"}}]}},"_links":{"self":[{"href":"https:\/\/contractbeds.eu\/de\/wp-json\/wp\/v2\/pages\/8383","targetHints":{"allow":["GET"]}}],"collection":[{"href":"https:\/\/contractbeds.eu\/de\/wp-json\/wp\/v2\/pages"}],"about":[{"href":"https:\/\/contractbeds.eu\/de\/wp-json\/wp\/v2\/types\/page"}],"author":[{"embeddable":true,"href":"https:\/\/contractbeds.eu\/de\/wp-json\/wp\/v2\/users\/1"}],"replies":[{"embeddable":true,"href":"https:\/\/contractbeds.eu\/de\/wp-json\/wp\/v2\/comments?post=8383"}],"version-history":[{"count":39,"href":"https:\/\/contractbeds.eu\/de\/wp-json\/wp\/v2\/pages\/8383\/revisions"}],"predecessor-version":[{"id":21310,"href":"https:\/\/contractbeds.eu\/de\/wp-json\/wp\/v2\/pages\/8383\/revisions\/21310"}],"wp:attachment":[{"href":"https:\/\/contractbeds.eu\/de\/wp-json\/wp\/v2\/media?parent=8383"}],"curies":[{"name":"wp","href":"https:\/\/api.w.org\/{rel}","templated":true}]}}