{"id":8402,"date":"2021-04-15T16:13:08","date_gmt":"2021-04-15T16:13:08","guid":{"rendered":"http:\/\/localhost\/stoffangebot\/"},"modified":"2024-04-15T08:47:17","modified_gmt":"2024-04-15T08:47:17","slug":"stoffkollektion","status":"publish","type":"page","link":"https:\/\/contractbeds.eu\/de\/stoffkollektion\/","title":{"rendered":"Stoffkollektion"},"content":{"rendered":"\t\t<div data-elementor-type=\"wp-page\" data-elementor-id=\"8402\" class=\"elementor elementor-8402 elementor-1964\">\n\t\t\t\t\t\t<section class=\"elementor-section elementor-top-section elementor-element elementor-element-63d0fe5 elementor-section-boxed elementor-section-height-default elementor-section-height-default\" data-id=\"63d0fe5\" data-element_type=\"section\" data-e-type=\"section\" data-settings=\"{&quot;background_background&quot;:&quot;classic&quot;}\">\r\n\t\t\r\n\t\t\t\t\t\t\t<div class=\"elementor-container elementor-column-gap-default\">\r\n\t\t\t\t\t\t\t\t\t\t\t<div class=\"elementor-column elementor-col-100 elementor-top-column elementor-element elementor-element-36b3f61\" data-id=\"36b3f61\" data-element_type=\"column\" data-e-type=\"column\">\r\n\t\t\t\t\t<div class=\"elementor-widget-wrap elementor-element-populated\">\r\n\t\t\t\t\t\t\t\t<div class=\"elementor-element elementor-element-c60d232 elementor-widget elementor-widget-heading\" data-id=\"c60d232\" data-element_type=\"widget\" data-e-type=\"widget\" data-widget_type=\"heading.default\">\n\t\t\t\t<div class=\"elementor-widget-container\">\n\t\t\t\t\t<h2 class=\"elementor-heading-title elementor-size-default\">Stoffkollektion<\/h2>\t\t\t\t<\/div>\n\t\t\t\t<\/div>\n\t\t\t\t\t<\/div>\r\n\t\t\t\t<\/div>\r\n\t\t\t\t\t<\/div>\r\n\t\t\t\t<\/section>\r\n\t\t\t\t<section class=\"elementor-section elementor-top-section elementor-element elementor-element-19944e9 elementor-section-boxed elementor-section-height-default elementor-section-height-default\" data-id=\"19944e9\" data-element_type=\"section\" data-e-type=\"section\">\r\n\t\t\r\n\t\t\t\t\t\t\t<div class=\"elementor-container elementor-column-gap-default\">\r\n\t\t\t\t\t\t\t\t\t\t\t<div class=\"elementor-column elementor-col-50 elementor-top-column elementor-element elementor-element-c0ae67a\" data-id=\"c0ae67a\" data-element_type=\"column\" data-e-type=\"column\">\r\n\t\t\t\t\t<div class=\"elementor-widget-wrap elementor-element-populated\">\r\n\t\t\t\t\t\t\t\t<div class=\"elementor-element elementor-element-2f71aba elementor-widget elementor-widget-text-editor\" data-id=\"2f71aba\" data-element_type=\"widget\" data-e-type=\"widget\" data-widget_type=\"text-editor.default\">\n\t\t\t\t<div class=\"elementor-widget-container\">\n\t\t\t\t\t\t\t\t\t<p>Unser Stoffangebot ist nach Preis, Reinigung oder auch Haltbarkeit strukturiert, daher k\u00f6nnen Sie unsere Produkte mit Stoffen der Kategorien STANDARD, MEDIUM oder PREMIUM bestellen.<\/p>\n<p>Dar\u00fcber hinaus passen wir uns selbstverst\u00e4ndlich den Anspr\u00fcchen von Innenarchitekten, Raumausstattern oder Eink\u00e4ufern an. Der Bezug der bestellten Produkte erfolgt auch mit vom Auftraggeber beschafften oder festgelegten, individuell erworbenen Stoffen.<\/p>\n\t\t\t\t\t\t\t\t<\/div>\n\t\t\t\t<\/div>\n\t\t\t\t\t<\/div>\r\n\t\t\t\t<\/div>\r\n\t\t\t\t<div class=\"elementor-column elementor-col-50 elementor-top-column elementor-element elementor-element-6ab0f96\" data-id=\"6ab0f96\" data-element_type=\"column\" data-e-type=\"column\">\r\n\t\t\t\t\t<div class=\"elementor-widget-wrap elementor-element-populated\">\r\n\t\t\t\t\t\t\t\t<div class=\"elementor-element elementor-element-f4e282b elementor-widget elementor-widget-image\" data-id=\"f4e282b\" data-element_type=\"widget\" data-e-type=\"widget\" data-widget_type=\"image.default\">\n\t\t\t\t<div class=\"elementor-widget-container\">\n\t\t\t\t\t\t\t\t\t\t\t\t\t\t\t<img fetchpriority=\"high\" decoding=\"async\" width=\"847\" height=\"565\" src=\"https:\/\/contractbeds.eu\/wp-content\/uploads\/2021\/03\/97679897_s.jpg\" class=\"attachment-large size-large wp-image-4749\" alt=\"szovetkinalat-agy\" srcset=\"https:\/\/contractbeds.eu\/wp-content\/uploads\/2021\/03\/97679897_s.jpg 847w, https:\/\/contractbeds.eu\/wp-content\/uploads\/2021\/03\/97679897_s-768x512.jpg 768w, https:\/\/contractbeds.eu\/wp-content\/uploads\/2021\/03\/97679897_s-640x427.jpg 640w, https:\/\/contractbeds.eu\/wp-content\/uploads\/2021\/03\/97679897_s-400x267.jpg 400w, https:\/\/contractbeds.eu\/wp-content\/uploads\/2021\/03\/97679897_s-367x245.jpg 367w, https:\/\/contractbeds.eu\/wp-content\/uploads\/2021\/03\/97679897_s-600x400.jpg 600w\" sizes=\"(max-width: 847px) 100vw, 847px\" \/>\t\t\t\t\t\t\t\t\t\t\t\t\t\t\t<\/div>\n\t\t\t\t<\/div>\n\t\t\t\t\t<\/div>\r\n\t\t\t\t<\/div>\r\n\t\t\t\t\t<\/div>\r\n\t\t\t\t<\/section>\r\n\t\t\t\t<section class=\"elementor-section elementor-top-section elementor-element elementor-element-32879d0 elementor-section-boxed elementor-section-height-default elementor-section-height-default\" data-id=\"32879d0\" data-element_type=\"section\" data-e-type=\"section\">\r\n\t\t\r\n\t\t\t\t\t\t\t<div class=\"elementor-container elementor-column-gap-default\">\r\n\t\t\t\t\t\t\t\t\t\t\t<div class=\"elementor-column elementor-col-16 elementor-top-column elementor-element elementor-element-fe6d61c\" data-id=\"fe6d61c\" data-element_type=\"column\" data-e-type=\"column\">\r\n\t\t\t\t\t<div class=\"elementor-widget-wrap elementor-element-populated\">\r\n\t\t\t\t\t\t\t\t<div class=\"elementor-element elementor-element-8e76d66 elementor-widget elementor-widget-image\" data-id=\"8e76d66\" data-element_type=\"widget\" data-e-type=\"widget\" data-widget_type=\"image.default\">\n\t\t\t\t<div class=\"elementor-widget-container\">\n\t\t\t\t\t\t\t\t\t\t\t\t\t\t\t<img decoding=\"async\" width=\"504\" height=\"100\" src=\"https:\/\/contractbeds.eu\/wp-content\/uploads\/2021\/03\/Textum_logo.png\" class=\"attachment-large size-large wp-image-4759\" alt=\"\" srcset=\"https:\/\/contractbeds.eu\/wp-content\/uploads\/2021\/03\/Textum_logo.png 504w, https:\/\/contractbeds.eu\/wp-content\/uploads\/2021\/03\/Textum_logo-400x79.png 400w, https:\/\/contractbeds.eu\/wp-content\/uploads\/2021\/03\/Textum_logo-367x73.png 367w\" sizes=\"(max-width: 504px) 100vw, 504px\" \/>\t\t\t\t\t\t\t\t\t\t\t\t\t\t\t<\/div>\n\t\t\t\t<\/div>\n\t\t\t\t\t<\/div>\r\n\t\t\t\t<\/div>\r\n\t\t\t\t<div class=\"elementor-column elementor-col-16 elementor-top-column elementor-element elementor-element-97450ab\" data-id=\"97450ab\" data-element_type=\"column\" data-e-type=\"column\">\r\n\t\t\t\t\t<div class=\"elementor-widget-wrap elementor-element-populated\">\r\n\t\t\t\t\t\t\t\t<div class=\"elementor-element elementor-element-2f20ee9 elementor-widget elementor-widget-image\" data-id=\"2f20ee9\" data-element_type=\"widget\" data-e-type=\"widget\" data-widget_type=\"image.default\">\n\t\t\t\t<div class=\"elementor-widget-container\">\n\t\t\t\t\t\t\t\t\t\t\t\t\t\t\t<img decoding=\"async\" width=\"1024\" height=\"102\" src=\"https:\/\/contractbeds.eu\/wp-content\/uploads\/2021\/03\/VILLA-NOVA_logo-1024x102.jpg\" class=\"attachment-large size-large wp-image-4761\" alt=\"\" srcset=\"https:\/\/contractbeds.eu\/wp-content\/uploads\/2021\/03\/VILLA-NOVA_logo-1024x102.jpg 1024w, https:\/\/contractbeds.eu\/wp-content\/uploads\/2021\/03\/VILLA-NOVA_logo-768x77.jpg 768w, https:\/\/contractbeds.eu\/wp-content\/uploads\/2021\/03\/VILLA-NOVA_logo-640x64.jpg 640w, https:\/\/contractbeds.eu\/wp-content\/uploads\/2021\/03\/VILLA-NOVA_logo-400x40.jpg 400w, https:\/\/contractbeds.eu\/wp-content\/uploads\/2021\/03\/VILLA-NOVA_logo-367x37.jpg 367w, https:\/\/contractbeds.eu\/wp-content\/uploads\/2021\/03\/VILLA-NOVA_logo-600x60.jpg 600w\" sizes=\"(max-width: 1024px) 100vw, 1024px\" \/>\t\t\t\t\t\t\t\t\t\t\t\t\t\t\t<\/div>\n\t\t\t\t<\/div>\n\t\t\t\t\t<\/div>\r\n\t\t\t\t<\/div>\r\n\t\t\t\t<div class=\"elementor-column elementor-col-16 elementor-top-column elementor-element elementor-element-f6f322a\" data-id=\"f6f322a\" data-element_type=\"column\" data-e-type=\"column\">\r\n\t\t\t\t\t<div class=\"elementor-widget-wrap elementor-element-populated\">\r\n\t\t\t\t\t\t\t\t<div class=\"elementor-element elementor-element-39afb7c elementor-widget elementor-widget-image\" data-id=\"39afb7c\" data-element_type=\"widget\" data-e-type=\"widget\" data-widget_type=\"image.default\">\n\t\t\t\t<div class=\"elementor-widget-container\">\n\t\t\t\t\t\t\t\t\t\t\t\t\t\t\t<img loading=\"lazy\" decoding=\"async\" width=\"225\" height=\"225\" src=\"https:\/\/contractbeds.eu\/wp-content\/uploads\/2021\/03\/Hopke_logo.png\" class=\"attachment-large size-large wp-image-4753\" alt=\"\" \/>\t\t\t\t\t\t\t\t\t\t\t\t\t\t\t<\/div>\n\t\t\t\t<\/div>\n\t\t\t\t\t<\/div>\r\n\t\t\t\t<\/div>\r\n\t\t\t\t<div class=\"elementor-column elementor-col-16 elementor-top-column elementor-element elementor-element-4865e8c\" data-id=\"4865e8c\" data-element_type=\"column\" data-e-type=\"column\">\r\n\t\t\t\t\t<div class=\"elementor-widget-wrap elementor-element-populated\">\r\n\t\t\t\t\t\t\t\t<div class=\"elementor-element elementor-element-effcf6f elementor-widget elementor-widget-image\" data-id=\"effcf6f\" data-element_type=\"widget\" data-e-type=\"widget\" data-widget_type=\"image.default\">\n\t\t\t\t<div class=\"elementor-widget-container\">\n\t\t\t\t\t\t\t\t\t\t\t\t\t\t\t<img loading=\"lazy\" decoding=\"async\" width=\"500\" height=\"350\" src=\"https:\/\/contractbeds.eu\/wp-content\/uploads\/2021\/03\/Lech-logo.jpg\" class=\"attachment-large size-large wp-image-4755\" alt=\"\" srcset=\"https:\/\/contractbeds.eu\/wp-content\/uploads\/2021\/03\/Lech-logo.jpg 500w, https:\/\/contractbeds.eu\/wp-content\/uploads\/2021\/03\/Lech-logo-400x280.jpg 400w, https:\/\/contractbeds.eu\/wp-content\/uploads\/2021\/03\/Lech-logo-367x257.jpg 367w\" sizes=\"(max-width: 500px) 100vw, 500px\" \/>\t\t\t\t\t\t\t\t\t\t\t\t\t\t\t<\/div>\n\t\t\t\t<\/div>\n\t\t\t\t\t<\/div>\r\n\t\t\t\t<\/div>\r\n\t\t\t\t<div class=\"elementor-column elementor-col-16 elementor-top-column elementor-element elementor-element-ef72b37\" data-id=\"ef72b37\" data-element_type=\"column\" data-e-type=\"column\">\r\n\t\t\t\t\t<div class=\"elementor-widget-wrap elementor-element-populated\">\r\n\t\t\t\t\t\t\t\t<div class=\"elementor-element elementor-element-6c912cc elementor-widget elementor-widget-image\" data-id=\"6c912cc\" data-element_type=\"widget\" data-e-type=\"widget\" data-widget_type=\"image.default\">\n\t\t\t\t<div class=\"elementor-widget-container\">\n\t\t\t\t\t\t\t\t\t\t\t\t\t\t\t<img loading=\"lazy\" decoding=\"async\" width=\"143\" height=\"27\" src=\"https:\/\/contractbeds.eu\/wp-content\/uploads\/2021\/03\/mercis_logo.png\" class=\"attachment-large size-large wp-image-4757\" alt=\"\" \/>\t\t\t\t\t\t\t\t\t\t\t\t\t\t\t<\/div>\n\t\t\t\t<\/div>\n\t\t\t\t\t<\/div>\r\n\t\t\t\t<\/div>\r\n\t\t\t\t<div class=\"elementor-column elementor-col-16 elementor-top-column elementor-element elementor-element-c1c5c75\" data-id=\"c1c5c75\" data-element_type=\"column\" data-e-type=\"column\">\r\n\t\t\t\t\t<div class=\"elementor-widget-wrap elementor-element-populated\">\r\n\t\t\t\t\t\t\t\t<div class=\"elementor-element elementor-element-0d87367 elementor-widget elementor-widget-image\" data-id=\"0d87367\" data-element_type=\"widget\" data-e-type=\"widget\" data-widget_type=\"image.default\">\n\t\t\t\t<div class=\"elementor-widget-container\">\n\t\t\t\t\t\t\t\t\t\t\t\t\t\t\t<img loading=\"lazy\" decoding=\"async\" width=\"100\" height=\"67\" src=\"https:\/\/contractbeds.eu\/wp-content\/uploads\/2021\/03\/aquaclean_logo.png\" class=\"attachment-large size-large wp-image-4751\" alt=\"\" \/>\t\t\t\t\t\t\t\t\t\t\t\t\t\t\t<\/div>\n\t\t\t\t<\/div>\n\t\t\t\t\t<\/div>\r\n\t\t\t\t<\/div>\r\n\t\t\t\t\t<\/div>\r\n\t\t\t\t<\/section>\r\n\t\t\t\t<section class=\"elementor-section elementor-top-section elementor-element elementor-element-b825c36 elementor-section-boxed elementor-section-height-default elementor-section-height-default\" data-id=\"b825c36\" data-element_type=\"section\" data-e-type=\"section\" data-settings=\"{&quot;background_background&quot;:&quot;classic&quot;}\">\r\n\t\t\t\t\t\t<div class=\"elementor-background-overlay\"><\/div>\r\n\t\t\t\r\n\t\t\t\t\t\t\t<div class=\"elementor-container elementor-column-gap-default\">\r\n\t\t\t\t\t\t\t\t\t\t\t<div class=\"elementor-column elementor-col-100 elementor-top-column elementor-element elementor-element-ba4f2ce\" data-id=\"ba4f2ce\" data-element_type=\"column\" data-e-type=\"column\">\r\n\t\t\t\t\t<div class=\"elementor-widget-wrap elementor-element-populated\">\r\n\t\t\t\t\t\t\t\t<div class=\"elementor-element elementor-element-3199806 elementor-widget elementor-widget-heading\" data-id=\"3199806\" data-element_type=\"widget\" data-e-type=\"widget\" data-widget_type=\"heading.default\">\n\t\t\t\t<div class=\"elementor-widget-container\">\n\t\t\t\t\t<h2 class=\"elementor-heading-title elementor-size-default\">K\u00f6nnen wir Ihnen helfen?<\/h2>\t\t\t\t<\/div>\n\t\t\t\t<\/div>\n\t\t\t\t<div class=\"elementor-element elementor-element-72c813f p-no-margin elementor-widget__width-initial elementor-widget-mobile__width-inherit elementor-widget elementor-widget-text-editor\" data-id=\"72c813f\" data-element_type=\"widget\" data-e-type=\"widget\" data-widget_type=\"text-editor.default\">\n\t\t\t\t<div class=\"elementor-widget-container\">\n\t\t\t\t\t\t\t\t\t<p>Z\u00f6gern Sie nicht, uns bei Fragen, Angebotsanfragen und Ideen zu kontaktieren!\u00a0<\/p>\t\t\t\t\t\t\t\t<\/div>\n\t\t\t\t<\/div>\n\t\t\t\t<div class=\"elementor-element elementor-element-6d0eac5 elementor-align-center elementor-widget__width-initial elementor-widget-mobile__width-inherit elementor-widget elementor-widget-button\" data-id=\"6d0eac5\" data-element_type=\"widget\" data-e-type=\"widget\" data-widget_type=\"button.default\">\n\t\t\t\t<div class=\"elementor-widget-container\">\n\t\t\t\t\t\t\t\t\t<div class=\"elementor-button-wrapper\">\n\t\t\t\t\t<a class=\"elementor-button elementor-button-link elementor-size-sm\" href=\"https:\/\/contractbeds.eu\/de\/kontakt\/\">\n\t\t\t\t\t\t<span class=\"elementor-button-content-wrapper\">\n\t\t\t\t\t\t\t\t\t<span class=\"elementor-button-text\">Kontakt<\/span>\n\t\t\t\t\t<\/span>\n\t\t\t\t\t<\/a>\n\t\t\t\t<\/div>\n\t\t\t\t\t\t\t\t<\/div>\n\t\t\t\t<\/div>\n\t\t\t\t\t<\/div>\r\n\t\t\t\t<\/div>\r\n\t\t\t\t\t<\/div>\r\n\t\t\t\t<\/section>\r\n\t\t\t\t<\/div>\n\t\t","protected":false},"excerpt":{"rendered":"<p>Stoffkollektion Unser Stoffangebot ist nach Preis, Reinigung oder auch Haltbarkeit strukturiert, daher k\u00f6nnen Sie unsere Produkte mit Stoffen der Kategorien STANDARD, MEDIUM oder PREMIUM bestellen. Dar\u00fcber hinaus passen wir uns selbstverst\u00e4ndlich den Anspr\u00fcchen von Innenarchitekten, Raumausstattern oder Eink\u00e4ufern an. Der Bezug der bestellten Produkte erfolgt auch mit vom Auftraggeber beschafften oder festgelegten, individuell erworbenen Stoffen. [&hellip;]<\/p>\n","protected":false},"author":1,"featured_media":0,"parent":0,"menu_order":0,"comment_status":"closed","ping_status":"closed","template":"","meta":{"footnotes":""},"class_list":["post-8402","page","type-page","status-publish","hentry"],"yoast_head":"<!-- This site is optimized with the Yoast SEO plugin v27.0 - https:\/\/yoast.com\/product\/yoast-seo-wordpress\/ -->\n<title>Stoffkollektion - Bio-Textima - Bedding, Interior, Object<\/title>\n<meta name=\"robots\" content=\"index, follow, max-snippet:-1, max-image-preview:large, max-video-preview:-1\" \/>\n<link rel=\"canonical\" href=\"https:\/\/contractbeds.eu\/de\/stoffkollektion\/\" \/>\n<meta property=\"og:locale\" content=\"de_DE\" \/>\n<meta property=\"og:type\" content=\"article\" \/>\n<meta property=\"og:title\" content=\"Stoffkollektion - Bio-Textima - Bedding, Interior, Object\" \/>\n<meta property=\"og:description\" content=\"Stoffkollektion Unser Stoffangebot ist nach Preis, Reinigung oder auch Haltbarkeit strukturiert, daher k\u00f6nnen Sie unsere Produkte mit Stoffen der Kategorien STANDARD, MEDIUM oder PREMIUM bestellen. Dar\u00fcber hinaus passen wir uns selbstverst\u00e4ndlich den Anspr\u00fcchen von Innenarchitekten, Raumausstattern oder Eink\u00e4ufern an. Der Bezug der bestellten Produkte erfolgt auch mit vom Auftraggeber beschafften oder festgelegten, individuell erworbenen Stoffen. [&hellip;]\" \/>\n<meta property=\"og:url\" content=\"https:\/\/contractbeds.eu\/de\/stoffkollektion\/\" \/>\n<meta property=\"og:site_name\" content=\"Bio-Textima - Bedding, Interior, Object\" \/>\n<meta property=\"article:modified_time\" content=\"2024-04-15T08:47:17+00:00\" \/>\n<meta property=\"og:image\" content=\"https:\/\/contractbeds.eu\/wp-content\/uploads\/2021\/03\/97679897_s.jpg\" \/>\n<meta name=\"twitter:card\" content=\"summary_large_image\" \/>\n<meta name=\"twitter:label1\" content=\"Gesch\u00e4tzte Lesezeit\" \/>\n\t<meta name=\"twitter:data1\" content=\"2\u00a0Minuten\" \/>\n<script type=\"application\/ld+json\" class=\"yoast-schema-graph\">{\"@context\":\"https:\/\/schema.org\",\"@graph\":[{\"@type\":\"WebPage\",\"@id\":\"https:\/\/contractbeds.eu\/de\/stoffkollektion\/\",\"url\":\"https:\/\/contractbeds.eu\/de\/stoffkollektion\/\",\"name\":\"Stoffkollektion - Bio-Textima - Bedding, Interior, Object\",\"isPartOf\":{\"@id\":\"https:\/\/contractbeds.eu\/de\/#website\"},\"primaryImageOfPage\":{\"@id\":\"https:\/\/contractbeds.eu\/de\/stoffkollektion\/#primaryimage\"},\"image\":{\"@id\":\"https:\/\/contractbeds.eu\/de\/stoffkollektion\/#primaryimage\"},\"thumbnailUrl\":\"https:\/\/contractbeds.eu\/wp-content\/uploads\/2021\/03\/97679897_s.jpg\",\"datePublished\":\"2021-04-15T16:13:08+00:00\",\"dateModified\":\"2024-04-15T08:47:17+00:00\",\"breadcrumb\":{\"@id\":\"https:\/\/contractbeds.eu\/de\/stoffkollektion\/#breadcrumb\"},\"inLanguage\":\"de\",\"potentialAction\":[{\"@type\":\"ReadAction\",\"target\":[\"https:\/\/contractbeds.eu\/de\/stoffkollektion\/\"]}]},{\"@type\":\"ImageObject\",\"inLanguage\":\"de\",\"@id\":\"https:\/\/contractbeds.eu\/de\/stoffkollektion\/#primaryimage\",\"url\":\"https:\/\/contractbeds.eu\/wp-content\/uploads\/2021\/03\/97679897_s.jpg\",\"contentUrl\":\"https:\/\/contractbeds.eu\/wp-content\/uploads\/2021\/03\/97679897_s.jpg\"},{\"@type\":\"BreadcrumbList\",\"@id\":\"https:\/\/contractbeds.eu\/de\/stoffkollektion\/#breadcrumb\",\"itemListElement\":[{\"@type\":\"ListItem\",\"position\":1,\"name\":\"Startseite\",\"item\":\"https:\/\/contractbeds.eu\/de\/\"},{\"@type\":\"ListItem\",\"position\":2,\"name\":\"Stoffkollektion\"}]},{\"@type\":\"WebSite\",\"@id\":\"https:\/\/contractbeds.eu\/de\/#website\",\"url\":\"https:\/\/contractbeds.eu\/de\/\",\"name\":\"Bio-Textima H\u00e1l\u00f3szoba Manufakt\u00fara\",\"description\":\"Betten und Matratzen f\u00fcr Hotels und Unterk\u00fcnfte\",\"publisher\":{\"@id\":\"https:\/\/contractbeds.eu\/de\/#organization\"},\"potentialAction\":[{\"@type\":\"SearchAction\",\"target\":{\"@type\":\"EntryPoint\",\"urlTemplate\":\"https:\/\/contractbeds.eu\/de\/?s={search_term_string}\"},\"query-input\":{\"@type\":\"PropertyValueSpecification\",\"valueRequired\":true,\"valueName\":\"search_term_string\"}}],\"inLanguage\":\"de\"},{\"@type\":\"Organization\",\"@id\":\"https:\/\/contractbeds.eu\/de\/#organization\",\"name\":\"BIO-TEXTIMA Kft.\",\"url\":\"https:\/\/contractbeds.eu\/de\/\",\"logo\":{\"@type\":\"ImageObject\",\"inLanguage\":\"de\",\"@id\":\"https:\/\/contractbeds.eu\/de\/#\/schema\/logo\/image\/\",\"url\":\"https:\/\/contractbeds.eu\/wp-content\/uploads\/2021\/03\/biotex_logo.jpg\",\"contentUrl\":\"https:\/\/contractbeds.eu\/wp-content\/uploads\/2021\/03\/biotex_logo.jpg\",\"width\":335,\"height\":149,\"caption\":\"BIO-TEXTIMA Kft.\"},\"image\":{\"@id\":\"https:\/\/contractbeds.eu\/de\/#\/schema\/logo\/image\/\"}}]}<\/script>\n<!-- \/ Yoast SEO plugin. -->","yoast_head_json":{"title":"Stoffkollektion - Bio-Textima - Bedding, Interior, Object","robots":{"index":"index","follow":"follow","max-snippet":"max-snippet:-1","max-image-preview":"max-image-preview:large","max-video-preview":"max-video-preview:-1"},"canonical":"https:\/\/contractbeds.eu\/de\/stoffkollektion\/","og_locale":"de_DE","og_type":"article","og_title":"Stoffkollektion - Bio-Textima - Bedding, Interior, Object","og_description":"Stoffkollektion Unser Stoffangebot ist nach Preis, Reinigung oder auch Haltbarkeit strukturiert, daher k\u00f6nnen Sie unsere Produkte mit Stoffen der Kategorien STANDARD, MEDIUM oder PREMIUM bestellen. Dar\u00fcber hinaus passen wir uns selbstverst\u00e4ndlich den Anspr\u00fcchen von Innenarchitekten, Raumausstattern oder Eink\u00e4ufern an. Der Bezug der bestellten Produkte erfolgt auch mit vom Auftraggeber beschafften oder festgelegten, individuell erworbenen Stoffen. [&hellip;]","og_url":"https:\/\/contractbeds.eu\/de\/stoffkollektion\/","og_site_name":"Bio-Textima - Bedding, Interior, Object","article_modified_time":"2024-04-15T08:47:17+00:00","og_image":[{"url":"https:\/\/contractbeds.eu\/wp-content\/uploads\/2021\/03\/97679897_s.jpg","type":"","width":"","height":""}],"twitter_card":"summary_large_image","twitter_misc":{"Gesch\u00e4tzte Lesezeit":"2\u00a0Minuten"},"schema":{"@context":"https:\/\/schema.org","@graph":[{"@type":"WebPage","@id":"https:\/\/contractbeds.eu\/de\/stoffkollektion\/","url":"https:\/\/contractbeds.eu\/de\/stoffkollektion\/","name":"Stoffkollektion - Bio-Textima - Bedding, Interior, Object","isPartOf":{"@id":"https:\/\/contractbeds.eu\/de\/#website"},"primaryImageOfPage":{"@id":"https:\/\/contractbeds.eu\/de\/stoffkollektion\/#primaryimage"},"image":{"@id":"https:\/\/contractbeds.eu\/de\/stoffkollektion\/#primaryimage"},"thumbnailUrl":"https:\/\/contractbeds.eu\/wp-content\/uploads\/2021\/03\/97679897_s.jpg","datePublished":"2021-04-15T16:13:08+00:00","dateModified":"2024-04-15T08:47:17+00:00","breadcrumb":{"@id":"https:\/\/contractbeds.eu\/de\/stoffkollektion\/#breadcrumb"},"inLanguage":"de","potentialAction":[{"@type":"ReadAction","target":["https:\/\/contractbeds.eu\/de\/stoffkollektion\/"]}]},{"@type":"ImageObject","inLanguage":"de","@id":"https:\/\/contractbeds.eu\/de\/stoffkollektion\/#primaryimage","url":"https:\/\/contractbeds.eu\/wp-content\/uploads\/2021\/03\/97679897_s.jpg","contentUrl":"https:\/\/contractbeds.eu\/wp-content\/uploads\/2021\/03\/97679897_s.jpg"},{"@type":"BreadcrumbList","@id":"https:\/\/contractbeds.eu\/de\/stoffkollektion\/#breadcrumb","itemListElement":[{"@type":"ListItem","position":1,"name":"Startseite","item":"https:\/\/contractbeds.eu\/de\/"},{"@type":"ListItem","position":2,"name":"Stoffkollektion"}]},{"@type":"WebSite","@id":"https:\/\/contractbeds.eu\/de\/#website","url":"https:\/\/contractbeds.eu\/de\/","name":"Bio-Textima H\u00e1l\u00f3szoba Manufakt\u00fara","description":"Betten und Matratzen f\u00fcr Hotels und Unterk\u00fcnfte","publisher":{"@id":"https:\/\/contractbeds.eu\/de\/#organization"},"potentialAction":[{"@type":"SearchAction","target":{"@type":"EntryPoint","urlTemplate":"https:\/\/contractbeds.eu\/de\/?s={search_term_string}"},"query-input":{"@type":"PropertyValueSpecification","valueRequired":true,"valueName":"search_term_string"}}],"inLanguage":"de"},{"@type":"Organization","@id":"https:\/\/contractbeds.eu\/de\/#organization","name":"BIO-TEXTIMA Kft.","url":"https:\/\/contractbeds.eu\/de\/","logo":{"@type":"ImageObject","inLanguage":"de","@id":"https:\/\/contractbeds.eu\/de\/#\/schema\/logo\/image\/","url":"https:\/\/contractbeds.eu\/wp-content\/uploads\/2021\/03\/biotex_logo.jpg","contentUrl":"https:\/\/contractbeds.eu\/wp-content\/uploads\/2021\/03\/biotex_logo.jpg","width":335,"height":149,"caption":"BIO-TEXTIMA Kft."},"image":{"@id":"https:\/\/contractbeds.eu\/de\/#\/schema\/logo\/image\/"}}]}},"_links":{"self":[{"href":"https:\/\/contractbeds.eu\/de\/wp-json\/wp\/v2\/pages\/8402","targetHints":{"allow":["GET"]}}],"collection":[{"href":"https:\/\/contractbeds.eu\/de\/wp-json\/wp\/v2\/pages"}],"about":[{"href":"https:\/\/contractbeds.eu\/de\/wp-json\/wp\/v2\/types\/page"}],"author":[{"embeddable":true,"href":"https:\/\/contractbeds.eu\/de\/wp-json\/wp\/v2\/users\/1"}],"replies":[{"embeddable":true,"href":"https:\/\/contractbeds.eu\/de\/wp-json\/wp\/v2\/comments?post=8402"}],"version-history":[{"count":7,"href":"https:\/\/contractbeds.eu\/de\/wp-json\/wp\/v2\/pages\/8402\/revisions"}],"predecessor-version":[{"id":16838,"href":"https:\/\/contractbeds.eu\/de\/wp-json\/wp\/v2\/pages\/8402\/revisions\/16838"}],"wp:attachment":[{"href":"https:\/\/contractbeds.eu\/de\/wp-json\/wp\/v2\/media?parent=8402"}],"curies":[{"name":"wp","href":"https:\/\/api.w.org\/{rel}","templated":true}]}}