{"id":14297,"date":"2023-07-19T13:27:42","date_gmt":"2023-07-19T13:27:42","guid":{"rendered":"https:\/\/contractbeds.eu\/termek\/bonell-comfort-21\/"},"modified":"2024-11-25T14:08:13","modified_gmt":"2024-11-25T14:08:13","slug":"bonell-comfort-21","status":"publish","type":"product","link":"https:\/\/contractbeds.eu\/de\/produkt\/bonell-comfort-21\/","title":{"rendered":"Bonell Comfort 21"},"content":{"rendered":"<p>Klassische Bonell-Feder Hotelmatratze in zeitlosem Design. Der Matratzenkern besteht aus einer langlebigen Bonell-Federplattform mit einem Drahtdurchmesser von 2,4 mm, die rundum von einem flexiblen und widerstandsf\u00e4higen Kaltschaumstoffrahmen abgeschlossen ist. Neben den atmungsaktiven und flexiblen orthop\u00e4dischen Kaltschaumstoffkomfortschichten sorgen dicke Filzschichten, die direkt mit den Federn in Ber\u00fchrung kommen, f\u00fcr zus\u00e4tzlichen Liegekomfort. Das Modell ist in einer festen (geschlossenen) Ausf\u00fchrung mit FRAB HOTEL+ Stoff mit Klimafaserheftung oder in einem Soft &amp; Fresh Matratzenbezug mit 4-seitigem Rei\u00dfverschluss erh\u00e4ltlich, der in der Waschmaschine bei 60 \u00b0C gewaschen werden kann. Zur leichteren Handhabung sind an beiden L\u00e4ngsseiten 2 robuste Griffe angebracht.<\/p>\n<p>Aufbau:<\/p>\n<ul>\n<li>FRAB HOTEL+ hochwertiger Matratzenstoff (280 g\/m\u00b2, feuerbest\u00e4ndig) mit Klimafaser (in gesteppter Ausf\u00fchrung)<\/li>\n<li>4 cm dicker atmungsaktiver orthop\u00e4discher Kaltschaumstoff (N2538)<\/li>\n<li>11 cm hoher Bonell-Federkernmatratzenkern (Drahtdurchmesser 2,4 mm) mit orthop\u00e4dischem Kaltschaumstoffrahmen und vernadelten Filzschichten (750 g\/m\u00b2)<\/li>\n<li>4 cm dicker atmungsaktiver orthop\u00e4discher Kaltschaumstoff (N2538)<\/li>\n<\/ul>\n","protected":false},"excerpt":{"rendered":"<p>Bonell-Feder Hotelmatratze mit orthop\u00e4discher Kaltschaumoberfl\u00e4che (21 cm)<\/p>\n","protected":false},"featured_media":13658,"template":"","meta":[],"product_brand":[],"product_cat":[118],"product_tag":[],"class_list":{"0":"post-14297","1":"product","2":"type-product","3":"status-publish","4":"has-post-thumbnail","6":"product_cat-matratzen","8":"first","9":"instock","10":"shipping-taxable","11":"purchasable","12":"product-type-variable","13":"has-default-attributes"},"composite_layout":"","composite_add_to_cart_form_location":"","composite_editable_in_cart":false,"composite_sold_individually_context":"","composite_shop_price_calc":"","composite_components":[],"composite_scenarios":[],"yoast_head":"<!-- This site is optimized with the Yoast SEO plugin v27.0 - https:\/\/yoast.com\/product\/yoast-seo-wordpress\/ -->\n<title>Bonell Comfort 21 - Bio-Textima - Bedding, Interior, Object<\/title>\n<meta name=\"robots\" content=\"index, follow, max-snippet:-1, max-image-preview:large, max-video-preview:-1\" \/>\n<link rel=\"canonical\" href=\"https:\/\/contractbeds.eu\/de\/produkt\/bonell-comfort-21\/\" \/>\n<meta property=\"og:locale\" content=\"de_DE\" \/>\n<meta property=\"og:type\" content=\"article\" \/>\n<meta property=\"og:title\" content=\"Bonell Comfort 21 - Bio-Textima - Bedding, Interior, Object\" \/>\n<meta property=\"og:description\" content=\"Bonell-Feder Hotelmatratze mit orthop\u00e4discher Kaltschaumoberfl\u00e4che (21 cm)\" \/>\n<meta property=\"og:url\" content=\"https:\/\/contractbeds.eu\/de\/produkt\/bonell-comfort-21\/\" \/>\n<meta property=\"og:site_name\" content=\"Bio-Textima - Bedding, Interior, Object\" \/>\n<meta property=\"article:modified_time\" content=\"2024-11-25T14:08:13+00:00\" \/>\n<meta property=\"og:image\" content=\"https:\/\/contractbeds.eu\/wp-content\/uploads\/2023\/07\/Bonellrugos-mintakep.jpg\" \/>\n\t<meta property=\"og:image:width\" content=\"326\" \/>\n\t<meta property=\"og:image:height\" content=\"190\" \/>\n\t<meta property=\"og:image:type\" content=\"image\/jpeg\" \/>\n<meta name=\"twitter:card\" content=\"summary_large_image\" \/>\n<meta name=\"twitter:label1\" content=\"Gesch\u00e4tzte Lesezeit\" \/>\n\t<meta name=\"twitter:data1\" content=\"1\u00a0Minute\" \/>\n<script type=\"application\/ld+json\" class=\"yoast-schema-graph\">{\"@context\":\"https:\/\/schema.org\",\"@graph\":[{\"@type\":\"WebPage\",\"@id\":\"https:\/\/contractbeds.eu\/de\/produkt\/bonell-comfort-21\/\",\"url\":\"https:\/\/contractbeds.eu\/de\/produkt\/bonell-comfort-21\/\",\"name\":\"Bonell Comfort 21 - Bio-Textima - Bedding, Interior, Object\",\"isPartOf\":{\"@id\":\"https:\/\/contractbeds.eu\/de\/#website\"},\"primaryImageOfPage\":{\"@id\":\"https:\/\/contractbeds.eu\/de\/produkt\/bonell-comfort-21\/#primaryimage\"},\"image\":{\"@id\":\"https:\/\/contractbeds.eu\/de\/produkt\/bonell-comfort-21\/#primaryimage\"},\"thumbnailUrl\":\"https:\/\/contractbeds.eu\/wp-content\/uploads\/2023\/07\/Bonellrugos-mintakep.jpg\",\"datePublished\":\"2023-07-19T13:27:42+00:00\",\"dateModified\":\"2024-11-25T14:08:13+00:00\",\"breadcrumb\":{\"@id\":\"https:\/\/contractbeds.eu\/de\/produkt\/bonell-comfort-21\/#breadcrumb\"},\"inLanguage\":\"de\",\"potentialAction\":[{\"@type\":\"ReadAction\",\"target\":[\"https:\/\/contractbeds.eu\/de\/produkt\/bonell-comfort-21\/\"]}]},{\"@type\":\"ImageObject\",\"inLanguage\":\"de\",\"@id\":\"https:\/\/contractbeds.eu\/de\/produkt\/bonell-comfort-21\/#primaryimage\",\"url\":\"https:\/\/contractbeds.eu\/wp-content\/uploads\/2023\/07\/Bonellrugos-mintakep.jpg\",\"contentUrl\":\"https:\/\/contractbeds.eu\/wp-content\/uploads\/2023\/07\/Bonellrugos-mintakep.jpg\",\"width\":326,\"height\":190,\"caption\":\"Bonellrugos-mintakep\"},{\"@type\":\"BreadcrumbList\",\"@id\":\"https:\/\/contractbeds.eu\/de\/produkt\/bonell-comfort-21\/#breadcrumb\",\"itemListElement\":[{\"@type\":\"ListItem\",\"position\":1,\"name\":\"Startseite\",\"item\":\"https:\/\/contractbeds.eu\/de\/\"},{\"@type\":\"ListItem\",\"position\":2,\"name\":\"Produkte\",\"item\":\"https:\/\/contractbeds.eu\/de\/produkte\/\"},{\"@type\":\"ListItem\",\"position\":3,\"name\":\"Bonell Comfort 21\"}]},{\"@type\":\"WebSite\",\"@id\":\"https:\/\/contractbeds.eu\/de\/#website\",\"url\":\"https:\/\/contractbeds.eu\/de\/\",\"name\":\"Bio-Textima H\u00e1l\u00f3szoba Manufakt\u00fara\",\"description\":\"Betten und Matratzen f\u00fcr Hotels und Unterk\u00fcnfte\",\"publisher\":{\"@id\":\"https:\/\/contractbeds.eu\/de\/#organization\"},\"potentialAction\":[{\"@type\":\"SearchAction\",\"target\":{\"@type\":\"EntryPoint\",\"urlTemplate\":\"https:\/\/contractbeds.eu\/de\/?s={search_term_string}\"},\"query-input\":{\"@type\":\"PropertyValueSpecification\",\"valueRequired\":true,\"valueName\":\"search_term_string\"}}],\"inLanguage\":\"de\"},{\"@type\":\"Organization\",\"@id\":\"https:\/\/contractbeds.eu\/de\/#organization\",\"name\":\"BIO-TEXTIMA Kft.\",\"url\":\"https:\/\/contractbeds.eu\/de\/\",\"logo\":{\"@type\":\"ImageObject\",\"inLanguage\":\"de\",\"@id\":\"https:\/\/contractbeds.eu\/de\/#\/schema\/logo\/image\/\",\"url\":\"https:\/\/contractbeds.eu\/wp-content\/uploads\/2021\/03\/biotex_logo.jpg\",\"contentUrl\":\"https:\/\/contractbeds.eu\/wp-content\/uploads\/2021\/03\/biotex_logo.jpg\",\"width\":335,\"height\":149,\"caption\":\"BIO-TEXTIMA Kft.\"},\"image\":{\"@id\":\"https:\/\/contractbeds.eu\/de\/#\/schema\/logo\/image\/\"}}]}<\/script>\n<!-- \/ Yoast SEO plugin. -->","yoast_head_json":{"title":"Bonell Comfort 21 - Bio-Textima - Bedding, Interior, Object","robots":{"index":"index","follow":"follow","max-snippet":"max-snippet:-1","max-image-preview":"max-image-preview:large","max-video-preview":"max-video-preview:-1"},"canonical":"https:\/\/contractbeds.eu\/de\/produkt\/bonell-comfort-21\/","og_locale":"de_DE","og_type":"article","og_title":"Bonell Comfort 21 - Bio-Textima - Bedding, Interior, Object","og_description":"Bonell-Feder Hotelmatratze mit orthop\u00e4discher Kaltschaumoberfl\u00e4che (21 cm)","og_url":"https:\/\/contractbeds.eu\/de\/produkt\/bonell-comfort-21\/","og_site_name":"Bio-Textima - Bedding, Interior, Object","article_modified_time":"2024-11-25T14:08:13+00:00","og_image":[{"width":326,"height":190,"url":"https:\/\/contractbeds.eu\/wp-content\/uploads\/2023\/07\/Bonellrugos-mintakep.jpg","type":"image\/jpeg"}],"twitter_card":"summary_large_image","twitter_misc":{"Gesch\u00e4tzte Lesezeit":"1\u00a0Minute"},"schema":{"@context":"https:\/\/schema.org","@graph":[{"@type":"WebPage","@id":"https:\/\/contractbeds.eu\/de\/produkt\/bonell-comfort-21\/","url":"https:\/\/contractbeds.eu\/de\/produkt\/bonell-comfort-21\/","name":"Bonell Comfort 21 - Bio-Textima - Bedding, Interior, Object","isPartOf":{"@id":"https:\/\/contractbeds.eu\/de\/#website"},"primaryImageOfPage":{"@id":"https:\/\/contractbeds.eu\/de\/produkt\/bonell-comfort-21\/#primaryimage"},"image":{"@id":"https:\/\/contractbeds.eu\/de\/produkt\/bonell-comfort-21\/#primaryimage"},"thumbnailUrl":"https:\/\/contractbeds.eu\/wp-content\/uploads\/2023\/07\/Bonellrugos-mintakep.jpg","datePublished":"2023-07-19T13:27:42+00:00","dateModified":"2024-11-25T14:08:13+00:00","breadcrumb":{"@id":"https:\/\/contractbeds.eu\/de\/produkt\/bonell-comfort-21\/#breadcrumb"},"inLanguage":"de","potentialAction":[{"@type":"ReadAction","target":["https:\/\/contractbeds.eu\/de\/produkt\/bonell-comfort-21\/"]}]},{"@type":"ImageObject","inLanguage":"de","@id":"https:\/\/contractbeds.eu\/de\/produkt\/bonell-comfort-21\/#primaryimage","url":"https:\/\/contractbeds.eu\/wp-content\/uploads\/2023\/07\/Bonellrugos-mintakep.jpg","contentUrl":"https:\/\/contractbeds.eu\/wp-content\/uploads\/2023\/07\/Bonellrugos-mintakep.jpg","width":326,"height":190,"caption":"Bonellrugos-mintakep"},{"@type":"BreadcrumbList","@id":"https:\/\/contractbeds.eu\/de\/produkt\/bonell-comfort-21\/#breadcrumb","itemListElement":[{"@type":"ListItem","position":1,"name":"Startseite","item":"https:\/\/contractbeds.eu\/de\/"},{"@type":"ListItem","position":2,"name":"Produkte","item":"https:\/\/contractbeds.eu\/de\/produkte\/"},{"@type":"ListItem","position":3,"name":"Bonell Comfort 21"}]},{"@type":"WebSite","@id":"https:\/\/contractbeds.eu\/de\/#website","url":"https:\/\/contractbeds.eu\/de\/","name":"Bio-Textima H\u00e1l\u00f3szoba Manufakt\u00fara","description":"Betten und Matratzen f\u00fcr Hotels und Unterk\u00fcnfte","publisher":{"@id":"https:\/\/contractbeds.eu\/de\/#organization"},"potentialAction":[{"@type":"SearchAction","target":{"@type":"EntryPoint","urlTemplate":"https:\/\/contractbeds.eu\/de\/?s={search_term_string}"},"query-input":{"@type":"PropertyValueSpecification","valueRequired":true,"valueName":"search_term_string"}}],"inLanguage":"de"},{"@type":"Organization","@id":"https:\/\/contractbeds.eu\/de\/#organization","name":"BIO-TEXTIMA Kft.","url":"https:\/\/contractbeds.eu\/de\/","logo":{"@type":"ImageObject","inLanguage":"de","@id":"https:\/\/contractbeds.eu\/de\/#\/schema\/logo\/image\/","url":"https:\/\/contractbeds.eu\/wp-content\/uploads\/2021\/03\/biotex_logo.jpg","contentUrl":"https:\/\/contractbeds.eu\/wp-content\/uploads\/2021\/03\/biotex_logo.jpg","width":335,"height":149,"caption":"BIO-TEXTIMA Kft."},"image":{"@id":"https:\/\/contractbeds.eu\/de\/#\/schema\/logo\/image\/"}}]}},"_links":{"self":[{"href":"https:\/\/contractbeds.eu\/de\/wp-json\/wp\/v2\/product\/14297","targetHints":{"allow":["GET"]}}],"collection":[{"href":"https:\/\/contractbeds.eu\/de\/wp-json\/wp\/v2\/product"}],"about":[{"href":"https:\/\/contractbeds.eu\/de\/wp-json\/wp\/v2\/types\/product"}],"wp:featuredmedia":[{"embeddable":true,"href":"https:\/\/contractbeds.eu\/de\/wp-json\/wp\/v2\/media\/13658"}],"wp:attachment":[{"href":"https:\/\/contractbeds.eu\/de\/wp-json\/wp\/v2\/media?parent=14297"}],"wp:term":[{"taxonomy":"product_brand","embeddable":true,"href":"https:\/\/contractbeds.eu\/de\/wp-json\/wp\/v2\/product_brand?post=14297"},{"taxonomy":"product_cat","embeddable":true,"href":"https:\/\/contractbeds.eu\/de\/wp-json\/wp\/v2\/product_cat?post=14297"},{"taxonomy":"product_tag","embeddable":true,"href":"https:\/\/contractbeds.eu\/de\/wp-json\/wp\/v2\/product_tag?post=14297"}],"curies":[{"name":"wp","href":"https:\/\/api.w.org\/{rel}","templated":true}]}}