{"id":14301,"date":"2023-07-19T15:18:59","date_gmt":"2023-07-19T15:18:59","guid":{"rendered":"https:\/\/contractbeds.eu\/termek\/spa-20-hotel-plus\/"},"modified":"2024-11-25T14:43:54","modified_gmt":"2024-11-25T14:43:54","slug":"spa-20-hotel-plus","status":"publish","type":"product","link":"https:\/\/contractbeds.eu\/de\/produkt\/spa-20-hotel-plus\/","title":{"rendered":"SPA 20 Hotel Plus"},"content":{"rendered":"<p>Ein klassisches und beliebtes Hotelmatratzenmodell mit einem in 7 Zonen unterteilten Kern f\u00fcr anatomische Unterst\u00fctzung. Der Taschenfederkern ist auf beiden Seiten von gesteppten Filzschichten und einem st\u00fctzenden Kaltschaumrand an den Kanten umgeben, was eine l\u00e4ngere Lebensdauer und h\u00f6heren Komfort gew\u00e4hrleistet. Jede Seite der Wendematratze verf\u00fcgt \u00fcber eine atmungsaktive orthop\u00e4dische Kaltschaum-Komfortschicht. Das Modell kann in einer festen (versiegelten) Version, klimageheftet mit FRAB HOTEL+ Stoff oder mit einem abnehmbaren, maschinenwaschbaren Soft &amp; Fresh-Bezug mit Rei\u00dfverschluss bestellt werden. Das Bewegen der Matratze wird durch strapazierf\u00e4hige Griffe an jeder langen Seite erleichtert.<\/p>\n<p>Aufbau:<\/p>\n<ul>\n<li>Hochwertiger Matratzenstoff FRAB HOTEL+ (280 g\/m2, flammhemmend) klimageheftete Version mit Klimaheftung aus PES-Faser (200 g\/m2)<\/li>\n<li>3 cm dicke atmungsaktive orthop\u00e4dische Kaltschaum-Komfortschicht (N2538)<\/li>\n<li>12,5 cm hoher Taschenfederkern in 7 anatomische Zonen unterteilt (1,8 \/ 1,6 mm, 230 Federn\/m2), mit orthop\u00e4dischem Kaltschaumrand und gesteppten Filzschichten (750 g\/m2)<\/li>\n<li>3 cm dicke atmungsaktive orthop\u00e4dische Kaltschaum-Komfortschicht (N2538)<\/li>\n<\/ul>\n","protected":false},"excerpt":{"rendered":"<p>Taschenfederkern-Hotelmatratze mit orthop\u00e4discher Kaltschaumoberfl\u00e4che (20 cm)<\/p>\n","protected":false},"featured_media":13648,"template":"","meta":[],"product_brand":[],"product_cat":[118],"product_tag":[],"class_list":{"0":"post-14301","1":"product","2":"type-product","3":"status-publish","4":"has-post-thumbnail","6":"product_cat-matratzen","8":"first","9":"instock","10":"shipping-taxable","11":"purchasable","12":"product-type-variable","13":"has-default-attributes"},"composite_layout":"","composite_add_to_cart_form_location":"","composite_editable_in_cart":false,"composite_sold_individually_context":"","composite_shop_price_calc":"","composite_components":[],"composite_scenarios":[],"yoast_head":"<!-- This site is optimized with the Yoast SEO plugin v27.0 - https:\/\/yoast.com\/product\/yoast-seo-wordpress\/ -->\n<title>SPA 20 Hotel Plus - Bio-Textima - Bedding, Interior, Object<\/title>\n<meta name=\"robots\" content=\"index, follow, max-snippet:-1, max-image-preview:large, max-video-preview:-1\" \/>\n<link rel=\"canonical\" href=\"https:\/\/contractbeds.eu\/de\/produkt\/spa-20-hotel-plus\/\" \/>\n<meta property=\"og:locale\" content=\"de_DE\" \/>\n<meta property=\"og:type\" content=\"article\" \/>\n<meta property=\"og:title\" content=\"SPA 20 Hotel Plus - Bio-Textima - Bedding, Interior, Object\" \/>\n<meta property=\"og:description\" content=\"Taschenfederkern-Hotelmatratze mit orthop\u00e4discher Kaltschaumoberfl\u00e4che (20 cm)\" \/>\n<meta property=\"og:url\" content=\"https:\/\/contractbeds.eu\/de\/produkt\/spa-20-hotel-plus\/\" \/>\n<meta property=\"og:site_name\" content=\"Bio-Textima - Bedding, Interior, Object\" \/>\n<meta property=\"article:modified_time\" content=\"2024-11-25T14:43:54+00:00\" \/>\n<meta property=\"og:image\" content=\"https:\/\/contractbeds.eu\/wp-content\/uploads\/2023\/07\/SPA-minta.jpg\" \/>\n\t<meta property=\"og:image:width\" content=\"326\" \/>\n\t<meta property=\"og:image:height\" content=\"177\" \/>\n\t<meta property=\"og:image:type\" content=\"image\/jpeg\" \/>\n<meta name=\"twitter:card\" content=\"summary_large_image\" \/>\n<meta name=\"twitter:label1\" content=\"Gesch\u00e4tzte Lesezeit\" \/>\n\t<meta name=\"twitter:data1\" content=\"1\u00a0Minute\" \/>\n<script type=\"application\/ld+json\" class=\"yoast-schema-graph\">{\"@context\":\"https:\/\/schema.org\",\"@graph\":[{\"@type\":\"WebPage\",\"@id\":\"https:\/\/contractbeds.eu\/de\/produkt\/spa-20-hotel-plus\/\",\"url\":\"https:\/\/contractbeds.eu\/de\/produkt\/spa-20-hotel-plus\/\",\"name\":\"SPA 20 Hotel Plus - Bio-Textima - Bedding, Interior, Object\",\"isPartOf\":{\"@id\":\"https:\/\/contractbeds.eu\/de\/#website\"},\"primaryImageOfPage\":{\"@id\":\"https:\/\/contractbeds.eu\/de\/produkt\/spa-20-hotel-plus\/#primaryimage\"},\"image\":{\"@id\":\"https:\/\/contractbeds.eu\/de\/produkt\/spa-20-hotel-plus\/#primaryimage\"},\"thumbnailUrl\":\"https:\/\/contractbeds.eu\/wp-content\/uploads\/2023\/07\/SPA-minta.jpg\",\"datePublished\":\"2023-07-19T15:18:59+00:00\",\"dateModified\":\"2024-11-25T14:43:54+00:00\",\"breadcrumb\":{\"@id\":\"https:\/\/contractbeds.eu\/de\/produkt\/spa-20-hotel-plus\/#breadcrumb\"},\"inLanguage\":\"de\",\"potentialAction\":[{\"@type\":\"ReadAction\",\"target\":[\"https:\/\/contractbeds.eu\/de\/produkt\/spa-20-hotel-plus\/\"]}]},{\"@type\":\"ImageObject\",\"inLanguage\":\"de\",\"@id\":\"https:\/\/contractbeds.eu\/de\/produkt\/spa-20-hotel-plus\/#primaryimage\",\"url\":\"https:\/\/contractbeds.eu\/wp-content\/uploads\/2023\/07\/SPA-minta.jpg\",\"contentUrl\":\"https:\/\/contractbeds.eu\/wp-content\/uploads\/2023\/07\/SPA-minta.jpg\",\"width\":326,\"height\":177,\"caption\":\"SPA-minta\"},{\"@type\":\"BreadcrumbList\",\"@id\":\"https:\/\/contractbeds.eu\/de\/produkt\/spa-20-hotel-plus\/#breadcrumb\",\"itemListElement\":[{\"@type\":\"ListItem\",\"position\":1,\"name\":\"Startseite\",\"item\":\"https:\/\/contractbeds.eu\/de\/\"},{\"@type\":\"ListItem\",\"position\":2,\"name\":\"Produkte\",\"item\":\"https:\/\/contractbeds.eu\/de\/produkte\/\"},{\"@type\":\"ListItem\",\"position\":3,\"name\":\"SPA 20 Hotel Plus\"}]},{\"@type\":\"WebSite\",\"@id\":\"https:\/\/contractbeds.eu\/de\/#website\",\"url\":\"https:\/\/contractbeds.eu\/de\/\",\"name\":\"Bio-Textima H\u00e1l\u00f3szoba Manufakt\u00fara\",\"description\":\"Betten und Matratzen f\u00fcr Hotels und Unterk\u00fcnfte\",\"publisher\":{\"@id\":\"https:\/\/contractbeds.eu\/de\/#organization\"},\"potentialAction\":[{\"@type\":\"SearchAction\",\"target\":{\"@type\":\"EntryPoint\",\"urlTemplate\":\"https:\/\/contractbeds.eu\/de\/?s={search_term_string}\"},\"query-input\":{\"@type\":\"PropertyValueSpecification\",\"valueRequired\":true,\"valueName\":\"search_term_string\"}}],\"inLanguage\":\"de\"},{\"@type\":\"Organization\",\"@id\":\"https:\/\/contractbeds.eu\/de\/#organization\",\"name\":\"BIO-TEXTIMA Kft.\",\"url\":\"https:\/\/contractbeds.eu\/de\/\",\"logo\":{\"@type\":\"ImageObject\",\"inLanguage\":\"de\",\"@id\":\"https:\/\/contractbeds.eu\/de\/#\/schema\/logo\/image\/\",\"url\":\"https:\/\/contractbeds.eu\/wp-content\/uploads\/2021\/03\/biotex_logo.jpg\",\"contentUrl\":\"https:\/\/contractbeds.eu\/wp-content\/uploads\/2021\/03\/biotex_logo.jpg\",\"width\":335,\"height\":149,\"caption\":\"BIO-TEXTIMA Kft.\"},\"image\":{\"@id\":\"https:\/\/contractbeds.eu\/de\/#\/schema\/logo\/image\/\"}}]}<\/script>\n<!-- \/ Yoast SEO plugin. -->","yoast_head_json":{"title":"SPA 20 Hotel Plus - Bio-Textima - Bedding, Interior, Object","robots":{"index":"index","follow":"follow","max-snippet":"max-snippet:-1","max-image-preview":"max-image-preview:large","max-video-preview":"max-video-preview:-1"},"canonical":"https:\/\/contractbeds.eu\/de\/produkt\/spa-20-hotel-plus\/","og_locale":"de_DE","og_type":"article","og_title":"SPA 20 Hotel Plus - Bio-Textima - Bedding, Interior, Object","og_description":"Taschenfederkern-Hotelmatratze mit orthop\u00e4discher Kaltschaumoberfl\u00e4che (20 cm)","og_url":"https:\/\/contractbeds.eu\/de\/produkt\/spa-20-hotel-plus\/","og_site_name":"Bio-Textima - Bedding, Interior, Object","article_modified_time":"2024-11-25T14:43:54+00:00","og_image":[{"width":326,"height":177,"url":"https:\/\/contractbeds.eu\/wp-content\/uploads\/2023\/07\/SPA-minta.jpg","type":"image\/jpeg"}],"twitter_card":"summary_large_image","twitter_misc":{"Gesch\u00e4tzte Lesezeit":"1\u00a0Minute"},"schema":{"@context":"https:\/\/schema.org","@graph":[{"@type":"WebPage","@id":"https:\/\/contractbeds.eu\/de\/produkt\/spa-20-hotel-plus\/","url":"https:\/\/contractbeds.eu\/de\/produkt\/spa-20-hotel-plus\/","name":"SPA 20 Hotel Plus - Bio-Textima - Bedding, Interior, Object","isPartOf":{"@id":"https:\/\/contractbeds.eu\/de\/#website"},"primaryImageOfPage":{"@id":"https:\/\/contractbeds.eu\/de\/produkt\/spa-20-hotel-plus\/#primaryimage"},"image":{"@id":"https:\/\/contractbeds.eu\/de\/produkt\/spa-20-hotel-plus\/#primaryimage"},"thumbnailUrl":"https:\/\/contractbeds.eu\/wp-content\/uploads\/2023\/07\/SPA-minta.jpg","datePublished":"2023-07-19T15:18:59+00:00","dateModified":"2024-11-25T14:43:54+00:00","breadcrumb":{"@id":"https:\/\/contractbeds.eu\/de\/produkt\/spa-20-hotel-plus\/#breadcrumb"},"inLanguage":"de","potentialAction":[{"@type":"ReadAction","target":["https:\/\/contractbeds.eu\/de\/produkt\/spa-20-hotel-plus\/"]}]},{"@type":"ImageObject","inLanguage":"de","@id":"https:\/\/contractbeds.eu\/de\/produkt\/spa-20-hotel-plus\/#primaryimage","url":"https:\/\/contractbeds.eu\/wp-content\/uploads\/2023\/07\/SPA-minta.jpg","contentUrl":"https:\/\/contractbeds.eu\/wp-content\/uploads\/2023\/07\/SPA-minta.jpg","width":326,"height":177,"caption":"SPA-minta"},{"@type":"BreadcrumbList","@id":"https:\/\/contractbeds.eu\/de\/produkt\/spa-20-hotel-plus\/#breadcrumb","itemListElement":[{"@type":"ListItem","position":1,"name":"Startseite","item":"https:\/\/contractbeds.eu\/de\/"},{"@type":"ListItem","position":2,"name":"Produkte","item":"https:\/\/contractbeds.eu\/de\/produkte\/"},{"@type":"ListItem","position":3,"name":"SPA 20 Hotel Plus"}]},{"@type":"WebSite","@id":"https:\/\/contractbeds.eu\/de\/#website","url":"https:\/\/contractbeds.eu\/de\/","name":"Bio-Textima H\u00e1l\u00f3szoba Manufakt\u00fara","description":"Betten und Matratzen f\u00fcr Hotels und Unterk\u00fcnfte","publisher":{"@id":"https:\/\/contractbeds.eu\/de\/#organization"},"potentialAction":[{"@type":"SearchAction","target":{"@type":"EntryPoint","urlTemplate":"https:\/\/contractbeds.eu\/de\/?s={search_term_string}"},"query-input":{"@type":"PropertyValueSpecification","valueRequired":true,"valueName":"search_term_string"}}],"inLanguage":"de"},{"@type":"Organization","@id":"https:\/\/contractbeds.eu\/de\/#organization","name":"BIO-TEXTIMA Kft.","url":"https:\/\/contractbeds.eu\/de\/","logo":{"@type":"ImageObject","inLanguage":"de","@id":"https:\/\/contractbeds.eu\/de\/#\/schema\/logo\/image\/","url":"https:\/\/contractbeds.eu\/wp-content\/uploads\/2021\/03\/biotex_logo.jpg","contentUrl":"https:\/\/contractbeds.eu\/wp-content\/uploads\/2021\/03\/biotex_logo.jpg","width":335,"height":149,"caption":"BIO-TEXTIMA Kft."},"image":{"@id":"https:\/\/contractbeds.eu\/de\/#\/schema\/logo\/image\/"}}]}},"_links":{"self":[{"href":"https:\/\/contractbeds.eu\/de\/wp-json\/wp\/v2\/product\/14301","targetHints":{"allow":["GET"]}}],"collection":[{"href":"https:\/\/contractbeds.eu\/de\/wp-json\/wp\/v2\/product"}],"about":[{"href":"https:\/\/contractbeds.eu\/de\/wp-json\/wp\/v2\/types\/product"}],"wp:featuredmedia":[{"embeddable":true,"href":"https:\/\/contractbeds.eu\/de\/wp-json\/wp\/v2\/media\/13648"}],"wp:attachment":[{"href":"https:\/\/contractbeds.eu\/de\/wp-json\/wp\/v2\/media?parent=14301"}],"wp:term":[{"taxonomy":"product_brand","embeddable":true,"href":"https:\/\/contractbeds.eu\/de\/wp-json\/wp\/v2\/product_brand?post=14301"},{"taxonomy":"product_cat","embeddable":true,"href":"https:\/\/contractbeds.eu\/de\/wp-json\/wp\/v2\/product_cat?post=14301"},{"taxonomy":"product_tag","embeddable":true,"href":"https:\/\/contractbeds.eu\/de\/wp-json\/wp\/v2\/product_tag?post=14301"}],"curies":[{"name":"wp","href":"https:\/\/api.w.org\/{rel}","templated":true}]}}