{"id":16975,"date":"2024-05-02T08:22:19","date_gmt":"2024-05-02T08:22:20","guid":{"rendered":"https:\/\/contractbeds.eu\/?post_type=product&#038;p=16975"},"modified":"2024-11-25T14:24:12","modified_gmt":"2024-11-25T14:24:12","slug":"cool-extra","status":"publish","type":"product","link":"https:\/\/contractbeds.eu\/de\/produkt\/cool-extra\/","title":{"rendered":"Cool Extra"},"content":{"rendered":"<p>Unsere Hotelqualit\u00e4tsmatratze ist eine ausgezeichnete Wahl f\u00fcr anspruchsvolle G\u00e4ste. Der erfrischende und atmungsaktive Memory-Schaumstoff in Kombination mit dem zonierten Taschenfederkernsystem bietet ein optimales Schlaferlebnis. Mit ihren Eigenschaften zur Feuchtigkeits- und Temperaturregulierung sorgt sie f\u00fcr Komfort und Frische w\u00e4hrend der gesamten Nacht. Die hypoallergene Abdeckung gew\u00e4hrleistet eine saubere und gesunde Schlafumgebung und hinterl\u00e4sst Ihre G\u00e4ste vollkommen zufrieden.<\/p>\n<p>Struktur:<\/p>\n<ul>\n<li>Weiche, zu 100% pflanzliche Greenfirst\u00ae-gesch\u00fctzte, feuchtigkeits- und temperaturregulierende, hypoallergene Shapri\u00ae-Matratzenabdeckung, mit weichem Schaumstoff gesteppt<\/li>\n<li>4 cm dicke COOLGEL MEMORY\u00ae Memory-Schaumstoff-Komfortschicht, die sich an die K\u00f6rpertemperatur anpasst und k\u00fchlend und atmungsaktiv wirkt<\/li>\n<li>2 cm dicke Extraqualit\u00e4ts-, atmungsaktive orthop\u00e4dische Kaltschaumpolsterschicht<\/li>\n<li>PP-PES Jacquard-Zwischenmatratzenbezug zwischen der Top-Matratze und dem Matratzenk\u00f6rper<\/li>\n<li>2 cm dicke hochdichte orthop\u00e4dische Kaltschaumdruckentlastungsschicht<\/li>\n<li>Gesteppter Filz<\/li>\n<li>5 cm dicke Taschenfederkern, der in 7 anatomische Zonen unterteilt ist und in einem orthop\u00e4dischen Kaltschaumrahmen verst\u00e4rkt ist<\/li>\n<li>Gesteppter Filz<\/li>\n<li>4 cm dicke Extraqualit\u00e4ts-, atmungsaktive orthop\u00e4dische Kaltschaumpolsterschicht<\/li>\n<li>AntiSlip\u00ae-rutschfeste Matratzenabdeckung<\/li>\n<\/ul>\n","protected":false},"excerpt":{"rendered":"<p>K\u00fchlender und atmungsaktiver Memory-Schaumstoff Hotelmatratze mit zus\u00e4tzlicher Polsterschicht, zoniertem Taschenfederkernsystem, Klimaregulierung und hypoallergener Abdeckung<\/p>\n","protected":false},"featured_media":17001,"template":"","meta":[],"product_brand":[],"product_cat":[118],"product_tag":[],"class_list":{"0":"post-16975","1":"product","2":"type-product","3":"status-publish","4":"has-post-thumbnail","6":"product_cat-matratzen","8":"first","9":"instock","10":"featured","11":"shipping-taxable","12":"purchasable","13":"product-type-variable","14":"has-default-attributes"},"composite_layout":"","composite_add_to_cart_form_location":"","composite_editable_in_cart":false,"composite_sold_individually_context":"","composite_shop_price_calc":"","composite_components":[],"composite_scenarios":[],"yoast_head":"<!-- This site is optimized with the Yoast SEO plugin v27.0 - https:\/\/yoast.com\/product\/yoast-seo-wordpress\/ -->\n<title>Cool Extra - Bio-Textima - Bedding, Interior, Object<\/title>\n<meta name=\"robots\" content=\"index, follow, max-snippet:-1, max-image-preview:large, max-video-preview:-1\" \/>\n<link rel=\"canonical\" href=\"https:\/\/contractbeds.eu\/de\/produkt\/cool-extra\/\" \/>\n<meta property=\"og:locale\" content=\"de_DE\" \/>\n<meta property=\"og:type\" content=\"article\" \/>\n<meta property=\"og:title\" content=\"Cool Extra - Bio-Textima - Bedding, Interior, Object\" \/>\n<meta property=\"og:description\" content=\"K\u00fchlender und atmungsaktiver Memory-Schaumstoff Hotelmatratze mit zus\u00e4tzlicher Polsterschicht, zoniertem Taschenfederkernsystem, Klimaregulierung und hypoallergener Abdeckung\" \/>\n<meta property=\"og:url\" content=\"https:\/\/contractbeds.eu\/de\/produkt\/cool-extra\/\" \/>\n<meta property=\"og:site_name\" content=\"Bio-Textima - Bedding, Interior, Object\" \/>\n<meta property=\"article:modified_time\" content=\"2024-11-25T14:24:12+00:00\" \/>\n<meta property=\"og:image\" content=\"https:\/\/contractbeds.eu\/wp-content\/uploads\/2024\/05\/Cool-EXTRA-matrac-1.jpeg\" \/>\n\t<meta property=\"og:image:width\" content=\"327\" \/>\n\t<meta property=\"og:image:height\" content=\"200\" \/>\n\t<meta property=\"og:image:type\" content=\"image\/jpeg\" \/>\n<meta name=\"twitter:card\" content=\"summary_large_image\" \/>\n<meta name=\"twitter:label1\" content=\"Gesch\u00e4tzte Lesezeit\" \/>\n\t<meta name=\"twitter:data1\" content=\"1\u00a0Minute\" \/>\n<script type=\"application\/ld+json\" class=\"yoast-schema-graph\">{\"@context\":\"https:\/\/schema.org\",\"@graph\":[{\"@type\":\"WebPage\",\"@id\":\"https:\/\/contractbeds.eu\/de\/produkt\/cool-extra\/\",\"url\":\"https:\/\/contractbeds.eu\/de\/produkt\/cool-extra\/\",\"name\":\"Cool Extra - Bio-Textima - Bedding, Interior, Object\",\"isPartOf\":{\"@id\":\"https:\/\/contractbeds.eu\/de\/#website\"},\"primaryImageOfPage\":{\"@id\":\"https:\/\/contractbeds.eu\/de\/produkt\/cool-extra\/#primaryimage\"},\"image\":{\"@id\":\"https:\/\/contractbeds.eu\/de\/produkt\/cool-extra\/#primaryimage\"},\"thumbnailUrl\":\"https:\/\/contractbeds.eu\/wp-content\/uploads\/2024\/05\/Cool-EXTRA-matrac-1.jpeg\",\"datePublished\":\"2024-05-02T08:22:20+00:00\",\"dateModified\":\"2024-11-25T14:24:12+00:00\",\"breadcrumb\":{\"@id\":\"https:\/\/contractbeds.eu\/de\/produkt\/cool-extra\/#breadcrumb\"},\"inLanguage\":\"de\",\"potentialAction\":[{\"@type\":\"ReadAction\",\"target\":[\"https:\/\/contractbeds.eu\/de\/produkt\/cool-extra\/\"]}]},{\"@type\":\"ImageObject\",\"inLanguage\":\"de\",\"@id\":\"https:\/\/contractbeds.eu\/de\/produkt\/cool-extra\/#primaryimage\",\"url\":\"https:\/\/contractbeds.eu\/wp-content\/uploads\/2024\/05\/Cool-EXTRA-matrac-1.jpeg\",\"contentUrl\":\"https:\/\/contractbeds.eu\/wp-content\/uploads\/2024\/05\/Cool-EXTRA-matrac-1.jpeg\",\"width\":327,\"height\":200},{\"@type\":\"BreadcrumbList\",\"@id\":\"https:\/\/contractbeds.eu\/de\/produkt\/cool-extra\/#breadcrumb\",\"itemListElement\":[{\"@type\":\"ListItem\",\"position\":1,\"name\":\"Startseite\",\"item\":\"https:\/\/contractbeds.eu\/de\/\"},{\"@type\":\"ListItem\",\"position\":2,\"name\":\"Produkte\",\"item\":\"https:\/\/contractbeds.eu\/de\/produkte\/\"},{\"@type\":\"ListItem\",\"position\":3,\"name\":\"Cool Extra\"}]},{\"@type\":\"WebSite\",\"@id\":\"https:\/\/contractbeds.eu\/de\/#website\",\"url\":\"https:\/\/contractbeds.eu\/de\/\",\"name\":\"Bio-Textima H\u00e1l\u00f3szoba Manufakt\u00fara\",\"description\":\"Betten und Matratzen f\u00fcr Hotels und Unterk\u00fcnfte\",\"publisher\":{\"@id\":\"https:\/\/contractbeds.eu\/de\/#organization\"},\"potentialAction\":[{\"@type\":\"SearchAction\",\"target\":{\"@type\":\"EntryPoint\",\"urlTemplate\":\"https:\/\/contractbeds.eu\/de\/?s={search_term_string}\"},\"query-input\":{\"@type\":\"PropertyValueSpecification\",\"valueRequired\":true,\"valueName\":\"search_term_string\"}}],\"inLanguage\":\"de\"},{\"@type\":\"Organization\",\"@id\":\"https:\/\/contractbeds.eu\/de\/#organization\",\"name\":\"BIO-TEXTIMA Kft.\",\"url\":\"https:\/\/contractbeds.eu\/de\/\",\"logo\":{\"@type\":\"ImageObject\",\"inLanguage\":\"de\",\"@id\":\"https:\/\/contractbeds.eu\/de\/#\/schema\/logo\/image\/\",\"url\":\"https:\/\/contractbeds.eu\/wp-content\/uploads\/2021\/03\/biotex_logo.jpg\",\"contentUrl\":\"https:\/\/contractbeds.eu\/wp-content\/uploads\/2021\/03\/biotex_logo.jpg\",\"width\":335,\"height\":149,\"caption\":\"BIO-TEXTIMA Kft.\"},\"image\":{\"@id\":\"https:\/\/contractbeds.eu\/de\/#\/schema\/logo\/image\/\"}}]}<\/script>\n<!-- \/ Yoast SEO plugin. -->","yoast_head_json":{"title":"Cool Extra - Bio-Textima - Bedding, Interior, Object","robots":{"index":"index","follow":"follow","max-snippet":"max-snippet:-1","max-image-preview":"max-image-preview:large","max-video-preview":"max-video-preview:-1"},"canonical":"https:\/\/contractbeds.eu\/de\/produkt\/cool-extra\/","og_locale":"de_DE","og_type":"article","og_title":"Cool Extra - Bio-Textima - Bedding, Interior, Object","og_description":"K\u00fchlender und atmungsaktiver Memory-Schaumstoff Hotelmatratze mit zus\u00e4tzlicher Polsterschicht, zoniertem Taschenfederkernsystem, Klimaregulierung und hypoallergener Abdeckung","og_url":"https:\/\/contractbeds.eu\/de\/produkt\/cool-extra\/","og_site_name":"Bio-Textima - Bedding, Interior, Object","article_modified_time":"2024-11-25T14:24:12+00:00","og_image":[{"width":327,"height":200,"url":"https:\/\/contractbeds.eu\/wp-content\/uploads\/2024\/05\/Cool-EXTRA-matrac-1.jpeg","type":"image\/jpeg"}],"twitter_card":"summary_large_image","twitter_misc":{"Gesch\u00e4tzte Lesezeit":"1\u00a0Minute"},"schema":{"@context":"https:\/\/schema.org","@graph":[{"@type":"WebPage","@id":"https:\/\/contractbeds.eu\/de\/produkt\/cool-extra\/","url":"https:\/\/contractbeds.eu\/de\/produkt\/cool-extra\/","name":"Cool Extra - Bio-Textima - Bedding, Interior, Object","isPartOf":{"@id":"https:\/\/contractbeds.eu\/de\/#website"},"primaryImageOfPage":{"@id":"https:\/\/contractbeds.eu\/de\/produkt\/cool-extra\/#primaryimage"},"image":{"@id":"https:\/\/contractbeds.eu\/de\/produkt\/cool-extra\/#primaryimage"},"thumbnailUrl":"https:\/\/contractbeds.eu\/wp-content\/uploads\/2024\/05\/Cool-EXTRA-matrac-1.jpeg","datePublished":"2024-05-02T08:22:20+00:00","dateModified":"2024-11-25T14:24:12+00:00","breadcrumb":{"@id":"https:\/\/contractbeds.eu\/de\/produkt\/cool-extra\/#breadcrumb"},"inLanguage":"de","potentialAction":[{"@type":"ReadAction","target":["https:\/\/contractbeds.eu\/de\/produkt\/cool-extra\/"]}]},{"@type":"ImageObject","inLanguage":"de","@id":"https:\/\/contractbeds.eu\/de\/produkt\/cool-extra\/#primaryimage","url":"https:\/\/contractbeds.eu\/wp-content\/uploads\/2024\/05\/Cool-EXTRA-matrac-1.jpeg","contentUrl":"https:\/\/contractbeds.eu\/wp-content\/uploads\/2024\/05\/Cool-EXTRA-matrac-1.jpeg","width":327,"height":200},{"@type":"BreadcrumbList","@id":"https:\/\/contractbeds.eu\/de\/produkt\/cool-extra\/#breadcrumb","itemListElement":[{"@type":"ListItem","position":1,"name":"Startseite","item":"https:\/\/contractbeds.eu\/de\/"},{"@type":"ListItem","position":2,"name":"Produkte","item":"https:\/\/contractbeds.eu\/de\/produkte\/"},{"@type":"ListItem","position":3,"name":"Cool Extra"}]},{"@type":"WebSite","@id":"https:\/\/contractbeds.eu\/de\/#website","url":"https:\/\/contractbeds.eu\/de\/","name":"Bio-Textima H\u00e1l\u00f3szoba Manufakt\u00fara","description":"Betten und Matratzen f\u00fcr Hotels und Unterk\u00fcnfte","publisher":{"@id":"https:\/\/contractbeds.eu\/de\/#organization"},"potentialAction":[{"@type":"SearchAction","target":{"@type":"EntryPoint","urlTemplate":"https:\/\/contractbeds.eu\/de\/?s={search_term_string}"},"query-input":{"@type":"PropertyValueSpecification","valueRequired":true,"valueName":"search_term_string"}}],"inLanguage":"de"},{"@type":"Organization","@id":"https:\/\/contractbeds.eu\/de\/#organization","name":"BIO-TEXTIMA Kft.","url":"https:\/\/contractbeds.eu\/de\/","logo":{"@type":"ImageObject","inLanguage":"de","@id":"https:\/\/contractbeds.eu\/de\/#\/schema\/logo\/image\/","url":"https:\/\/contractbeds.eu\/wp-content\/uploads\/2021\/03\/biotex_logo.jpg","contentUrl":"https:\/\/contractbeds.eu\/wp-content\/uploads\/2021\/03\/biotex_logo.jpg","width":335,"height":149,"caption":"BIO-TEXTIMA Kft."},"image":{"@id":"https:\/\/contractbeds.eu\/de\/#\/schema\/logo\/image\/"}}]}},"_links":{"self":[{"href":"https:\/\/contractbeds.eu\/de\/wp-json\/wp\/v2\/product\/16975","targetHints":{"allow":["GET"]}}],"collection":[{"href":"https:\/\/contractbeds.eu\/de\/wp-json\/wp\/v2\/product"}],"about":[{"href":"https:\/\/contractbeds.eu\/de\/wp-json\/wp\/v2\/types\/product"}],"wp:featuredmedia":[{"embeddable":true,"href":"https:\/\/contractbeds.eu\/de\/wp-json\/wp\/v2\/media\/17001"}],"wp:attachment":[{"href":"https:\/\/contractbeds.eu\/de\/wp-json\/wp\/v2\/media?parent=16975"}],"wp:term":[{"taxonomy":"product_brand","embeddable":true,"href":"https:\/\/contractbeds.eu\/de\/wp-json\/wp\/v2\/product_brand?post=16975"},{"taxonomy":"product_cat","embeddable":true,"href":"https:\/\/contractbeds.eu\/de\/wp-json\/wp\/v2\/product_cat?post=16975"},{"taxonomy":"product_tag","embeddable":true,"href":"https:\/\/contractbeds.eu\/de\/wp-json\/wp\/v2\/product_tag?post=16975"}],"curies":[{"name":"wp","href":"https:\/\/api.w.org\/{rel}","templated":true}]}}