{"id":17051,"date":"2024-05-02T09:38:40","date_gmt":"2024-05-02T09:38:41","guid":{"rendered":"https:\/\/contractbeds.eu\/?post_type=product&#038;p=17051"},"modified":"2024-05-02T11:24:59","modified_gmt":"2024-05-02T11:24:59","slug":"dreamfold-2in1","status":"publish","type":"product","link":"https:\/\/contractbeds.eu\/de\/produkt\/dreamfold-2in1\/","title":{"rendered":"Dreamfold 2in1"},"content":{"rendered":"<ul>\n<li>Durchgehend gepolstertes und bezogenes Design.<\/li>\n<li>Hochwertige Stoffauswahl in den trendigsten Farben.<\/li>\n<li>W\u00e4hlbare Bettbeine in nat\u00fcrlichen Buchen- und Walnussfarben erh\u00e4ltlich.<\/li>\n<li>Abnehmbarer und waschbarer Bezug mit Rei\u00dfverschluss auf der Liegefl\u00e4che.<\/li>\n<li>Herausragender Schlafkomfort mit w\u00e4hlbaren Matratzenmodellen (Kaltschaum-, Bonnellfeder- oder Taschenfederkernmatratzen in Gr\u00f6\u00dfen von 2x 80&#215;200 cm, mit maximaler Dicke von 25 cm).<\/li>\n<li>Gro\u00dfer Stauraum f\u00fcr Bettw\u00e4sche.<\/li>\n<li>R\u00fccken- und Armlehnenkissen.<\/li>\n<\/ul>\n","protected":false},"excerpt":{"rendered":"<div><span lang=\"HU\">Wandlungsf\u00e4higes gepolstertes Sofa mit vollwertiger Bettfunktion, w\u00e4hlbarer Liegefl\u00e4che, Bettzeugaufbewahrung und dekorativen Kissen<\/span><\/div>\n","protected":false},"featured_media":16950,"template":"","meta":[],"product_brand":[],"product_cat":[141],"product_tag":[],"class_list":{"0":"post-17051","1":"product","2":"type-product","3":"status-publish","4":"has-post-thumbnail","6":"product_cat-sofas-de","8":"first","9":"instock","10":"shipping-taxable","11":"purchasable","12":"product-type-variable","13":"has-default-attributes"},"composite_layout":"","composite_add_to_cart_form_location":"","composite_editable_in_cart":false,"composite_sold_individually_context":"","composite_shop_price_calc":"","composite_components":[],"composite_scenarios":[],"yoast_head":"<!-- This site is optimized with the Yoast SEO plugin v27.0 - https:\/\/yoast.com\/product\/yoast-seo-wordpress\/ -->\n<title>Dreamfold 2in1 - Bio-Textima - Bedding, Interior, Object<\/title>\n<meta name=\"robots\" content=\"index, follow, max-snippet:-1, max-image-preview:large, max-video-preview:-1\" \/>\n<link rel=\"canonical\" href=\"https:\/\/contractbeds.eu\/de\/produkt\/dreamfold-2in1\/\" \/>\n<meta property=\"og:locale\" content=\"de_DE\" \/>\n<meta property=\"og:type\" content=\"article\" \/>\n<meta property=\"og:title\" content=\"Dreamfold 2in1 - Bio-Textima - Bedding, Interior, Object\" \/>\n<meta property=\"og:description\" content=\"Wandlungsf\u00e4higes gepolstertes Sofa mit vollwertiger Bettfunktion, w\u00e4hlbarer Liegefl\u00e4che, Bettzeugaufbewahrung und dekorativen Kissen\" \/>\n<meta property=\"og:url\" content=\"https:\/\/contractbeds.eu\/de\/produkt\/dreamfold-2in1\/\" \/>\n<meta property=\"og:site_name\" content=\"Bio-Textima - Bedding, Interior, Object\" \/>\n<meta property=\"article:modified_time\" content=\"2024-05-02T11:24:59+00:00\" \/>\n<meta property=\"og:image\" content=\"https:\/\/contractbeds.eu\/wp-content\/uploads\/2024\/05\/Dreamfold2in1_01.jpg\" \/>\n\t<meta property=\"og:image:width\" content=\"327\" \/>\n\t<meta property=\"og:image:height\" content=\"245\" \/>\n\t<meta property=\"og:image:type\" content=\"image\/jpeg\" \/>\n<meta name=\"twitter:card\" content=\"summary_large_image\" \/>\n<script type=\"application\/ld+json\" class=\"yoast-schema-graph\">{\"@context\":\"https:\/\/schema.org\",\"@graph\":[{\"@type\":\"WebPage\",\"@id\":\"https:\/\/contractbeds.eu\/de\/produkt\/dreamfold-2in1\/\",\"url\":\"https:\/\/contractbeds.eu\/de\/produkt\/dreamfold-2in1\/\",\"name\":\"Dreamfold 2in1 - Bio-Textima - Bedding, Interior, Object\",\"isPartOf\":{\"@id\":\"https:\/\/contractbeds.eu\/de\/#website\"},\"primaryImageOfPage\":{\"@id\":\"https:\/\/contractbeds.eu\/de\/produkt\/dreamfold-2in1\/#primaryimage\"},\"image\":{\"@id\":\"https:\/\/contractbeds.eu\/de\/produkt\/dreamfold-2in1\/#primaryimage\"},\"thumbnailUrl\":\"https:\/\/contractbeds.eu\/wp-content\/uploads\/2024\/05\/Dreamfold2in1_01.jpg\",\"datePublished\":\"2024-05-02T09:38:41+00:00\",\"dateModified\":\"2024-05-02T11:24:59+00:00\",\"breadcrumb\":{\"@id\":\"https:\/\/contractbeds.eu\/de\/produkt\/dreamfold-2in1\/#breadcrumb\"},\"inLanguage\":\"de\",\"potentialAction\":[{\"@type\":\"ReadAction\",\"target\":[\"https:\/\/contractbeds.eu\/de\/produkt\/dreamfold-2in1\/\"]}]},{\"@type\":\"ImageObject\",\"inLanguage\":\"de\",\"@id\":\"https:\/\/contractbeds.eu\/de\/produkt\/dreamfold-2in1\/#primaryimage\",\"url\":\"https:\/\/contractbeds.eu\/wp-content\/uploads\/2024\/05\/Dreamfold2in1_01.jpg\",\"contentUrl\":\"https:\/\/contractbeds.eu\/wp-content\/uploads\/2024\/05\/Dreamfold2in1_01.jpg\",\"width\":327,\"height\":245},{\"@type\":\"BreadcrumbList\",\"@id\":\"https:\/\/contractbeds.eu\/de\/produkt\/dreamfold-2in1\/#breadcrumb\",\"itemListElement\":[{\"@type\":\"ListItem\",\"position\":1,\"name\":\"Startseite\",\"item\":\"https:\/\/contractbeds.eu\/de\/\"},{\"@type\":\"ListItem\",\"position\":2,\"name\":\"Produkte\",\"item\":\"https:\/\/contractbeds.eu\/de\/produkte\/\"},{\"@type\":\"ListItem\",\"position\":3,\"name\":\"Dreamfold 2in1\"}]},{\"@type\":\"WebSite\",\"@id\":\"https:\/\/contractbeds.eu\/de\/#website\",\"url\":\"https:\/\/contractbeds.eu\/de\/\",\"name\":\"Bio-Textima H\u00e1l\u00f3szoba Manufakt\u00fara\",\"description\":\"Betten und Matratzen f\u00fcr Hotels und Unterk\u00fcnfte\",\"publisher\":{\"@id\":\"https:\/\/contractbeds.eu\/de\/#organization\"},\"potentialAction\":[{\"@type\":\"SearchAction\",\"target\":{\"@type\":\"EntryPoint\",\"urlTemplate\":\"https:\/\/contractbeds.eu\/de\/?s={search_term_string}\"},\"query-input\":{\"@type\":\"PropertyValueSpecification\",\"valueRequired\":true,\"valueName\":\"search_term_string\"}}],\"inLanguage\":\"de\"},{\"@type\":\"Organization\",\"@id\":\"https:\/\/contractbeds.eu\/de\/#organization\",\"name\":\"BIO-TEXTIMA Kft.\",\"url\":\"https:\/\/contractbeds.eu\/de\/\",\"logo\":{\"@type\":\"ImageObject\",\"inLanguage\":\"de\",\"@id\":\"https:\/\/contractbeds.eu\/de\/#\/schema\/logo\/image\/\",\"url\":\"https:\/\/contractbeds.eu\/wp-content\/uploads\/2021\/03\/biotex_logo.jpg\",\"contentUrl\":\"https:\/\/contractbeds.eu\/wp-content\/uploads\/2021\/03\/biotex_logo.jpg\",\"width\":335,\"height\":149,\"caption\":\"BIO-TEXTIMA Kft.\"},\"image\":{\"@id\":\"https:\/\/contractbeds.eu\/de\/#\/schema\/logo\/image\/\"}}]}<\/script>\n<!-- \/ Yoast SEO plugin. -->","yoast_head_json":{"title":"Dreamfold 2in1 - Bio-Textima - Bedding, Interior, Object","robots":{"index":"index","follow":"follow","max-snippet":"max-snippet:-1","max-image-preview":"max-image-preview:large","max-video-preview":"max-video-preview:-1"},"canonical":"https:\/\/contractbeds.eu\/de\/produkt\/dreamfold-2in1\/","og_locale":"de_DE","og_type":"article","og_title":"Dreamfold 2in1 - Bio-Textima - Bedding, Interior, Object","og_description":"Wandlungsf\u00e4higes gepolstertes Sofa mit vollwertiger Bettfunktion, w\u00e4hlbarer Liegefl\u00e4che, Bettzeugaufbewahrung und dekorativen Kissen","og_url":"https:\/\/contractbeds.eu\/de\/produkt\/dreamfold-2in1\/","og_site_name":"Bio-Textima - Bedding, Interior, Object","article_modified_time":"2024-05-02T11:24:59+00:00","og_image":[{"width":327,"height":245,"url":"https:\/\/contractbeds.eu\/wp-content\/uploads\/2024\/05\/Dreamfold2in1_01.jpg","type":"image\/jpeg"}],"twitter_card":"summary_large_image","schema":{"@context":"https:\/\/schema.org","@graph":[{"@type":"WebPage","@id":"https:\/\/contractbeds.eu\/de\/produkt\/dreamfold-2in1\/","url":"https:\/\/contractbeds.eu\/de\/produkt\/dreamfold-2in1\/","name":"Dreamfold 2in1 - Bio-Textima - Bedding, Interior, Object","isPartOf":{"@id":"https:\/\/contractbeds.eu\/de\/#website"},"primaryImageOfPage":{"@id":"https:\/\/contractbeds.eu\/de\/produkt\/dreamfold-2in1\/#primaryimage"},"image":{"@id":"https:\/\/contractbeds.eu\/de\/produkt\/dreamfold-2in1\/#primaryimage"},"thumbnailUrl":"https:\/\/contractbeds.eu\/wp-content\/uploads\/2024\/05\/Dreamfold2in1_01.jpg","datePublished":"2024-05-02T09:38:41+00:00","dateModified":"2024-05-02T11:24:59+00:00","breadcrumb":{"@id":"https:\/\/contractbeds.eu\/de\/produkt\/dreamfold-2in1\/#breadcrumb"},"inLanguage":"de","potentialAction":[{"@type":"ReadAction","target":["https:\/\/contractbeds.eu\/de\/produkt\/dreamfold-2in1\/"]}]},{"@type":"ImageObject","inLanguage":"de","@id":"https:\/\/contractbeds.eu\/de\/produkt\/dreamfold-2in1\/#primaryimage","url":"https:\/\/contractbeds.eu\/wp-content\/uploads\/2024\/05\/Dreamfold2in1_01.jpg","contentUrl":"https:\/\/contractbeds.eu\/wp-content\/uploads\/2024\/05\/Dreamfold2in1_01.jpg","width":327,"height":245},{"@type":"BreadcrumbList","@id":"https:\/\/contractbeds.eu\/de\/produkt\/dreamfold-2in1\/#breadcrumb","itemListElement":[{"@type":"ListItem","position":1,"name":"Startseite","item":"https:\/\/contractbeds.eu\/de\/"},{"@type":"ListItem","position":2,"name":"Produkte","item":"https:\/\/contractbeds.eu\/de\/produkte\/"},{"@type":"ListItem","position":3,"name":"Dreamfold 2in1"}]},{"@type":"WebSite","@id":"https:\/\/contractbeds.eu\/de\/#website","url":"https:\/\/contractbeds.eu\/de\/","name":"Bio-Textima H\u00e1l\u00f3szoba Manufakt\u00fara","description":"Betten und Matratzen f\u00fcr Hotels und Unterk\u00fcnfte","publisher":{"@id":"https:\/\/contractbeds.eu\/de\/#organization"},"potentialAction":[{"@type":"SearchAction","target":{"@type":"EntryPoint","urlTemplate":"https:\/\/contractbeds.eu\/de\/?s={search_term_string}"},"query-input":{"@type":"PropertyValueSpecification","valueRequired":true,"valueName":"search_term_string"}}],"inLanguage":"de"},{"@type":"Organization","@id":"https:\/\/contractbeds.eu\/de\/#organization","name":"BIO-TEXTIMA Kft.","url":"https:\/\/contractbeds.eu\/de\/","logo":{"@type":"ImageObject","inLanguage":"de","@id":"https:\/\/contractbeds.eu\/de\/#\/schema\/logo\/image\/","url":"https:\/\/contractbeds.eu\/wp-content\/uploads\/2021\/03\/biotex_logo.jpg","contentUrl":"https:\/\/contractbeds.eu\/wp-content\/uploads\/2021\/03\/biotex_logo.jpg","width":335,"height":149,"caption":"BIO-TEXTIMA Kft."},"image":{"@id":"https:\/\/contractbeds.eu\/de\/#\/schema\/logo\/image\/"}}]}},"_links":{"self":[{"href":"https:\/\/contractbeds.eu\/de\/wp-json\/wp\/v2\/product\/17051","targetHints":{"allow":["GET"]}}],"collection":[{"href":"https:\/\/contractbeds.eu\/de\/wp-json\/wp\/v2\/product"}],"about":[{"href":"https:\/\/contractbeds.eu\/de\/wp-json\/wp\/v2\/types\/product"}],"wp:featuredmedia":[{"embeddable":true,"href":"https:\/\/contractbeds.eu\/de\/wp-json\/wp\/v2\/media\/16950"}],"wp:attachment":[{"href":"https:\/\/contractbeds.eu\/de\/wp-json\/wp\/v2\/media?parent=17051"}],"wp:term":[{"taxonomy":"product_brand","embeddable":true,"href":"https:\/\/contractbeds.eu\/de\/wp-json\/wp\/v2\/product_brand?post=17051"},{"taxonomy":"product_cat","embeddable":true,"href":"https:\/\/contractbeds.eu\/de\/wp-json\/wp\/v2\/product_cat?post=17051"},{"taxonomy":"product_tag","embeddable":true,"href":"https:\/\/contractbeds.eu\/de\/wp-json\/wp\/v2\/product_tag?post=17051"}],"curies":[{"name":"wp","href":"https:\/\/api.w.org\/{rel}","templated":true}]}}