{"id":20947,"date":"2025-02-24T11:56:37","date_gmt":"2025-02-24T11:56:47","guid":{"rendered":"https:\/\/contractbeds.eu\/?post_type=product&#038;p=20947"},"modified":"2025-03-26T22:18:51","modified_gmt":"2025-03-26T22:18:51","slug":"u-nachttisch","status":"publish","type":"product","link":"https:\/\/contractbeds.eu\/de\/produkt\/u-nachttisch\/","title":{"rendered":"U Nachttisch"},"content":{"rendered":"<p>Ma\u00dfe: 60x40x35 cm<\/p>\n<ul>\n<li>In Sonderma\u00dfen erh\u00e4ltlich<\/li>\n<li>W\u00e4hlbare Stoffkategorien: Basic, Medium, Premium<\/li>\n<li>3 Jahre Garantie<\/li>\n<\/ul>\n","protected":false},"excerpt":{"rendered":"<p>In gepolsterter Ausf\u00fchrung, mit w\u00e4hlbarem Stoff und auch in Sonderma\u00dfen erh\u00e4ltlich<\/p>\n","protected":false},"featured_media":20975,"template":"","meta":[],"product_brand":[],"product_cat":[189],"product_tag":[],"class_list":{"0":"post-20947","1":"product","2":"type-product","3":"status-publish","4":"has-post-thumbnail","6":"product_cat-nachttische","8":"first","9":"instock","10":"shipping-taxable","11":"purchasable","12":"product-type-variable","13":"has-default-attributes"},"composite_layout":"","composite_add_to_cart_form_location":"","composite_editable_in_cart":false,"composite_sold_individually_context":"","composite_shop_price_calc":"","composite_components":[],"composite_scenarios":[],"yoast_head":"<!-- This site is optimized with the Yoast SEO plugin v27.0 - https:\/\/yoast.com\/product\/yoast-seo-wordpress\/ -->\n<title>U Nachttisch - Bio-Textima - Bedding, Interior, Object<\/title>\n<meta name=\"robots\" content=\"index, follow, max-snippet:-1, max-image-preview:large, max-video-preview:-1\" \/>\n<link rel=\"canonical\" href=\"https:\/\/contractbeds.eu\/de\/produkt\/u-nachttisch\/\" \/>\n<meta property=\"og:locale\" content=\"de_DE\" \/>\n<meta property=\"og:type\" content=\"article\" \/>\n<meta property=\"og:title\" content=\"U Nachttisch - Bio-Textima - Bedding, Interior, Object\" \/>\n<meta property=\"og:description\" content=\"In gepolsterter Ausf\u00fchrung, mit w\u00e4hlbarem Stoff und auch in Sonderma\u00dfen erh\u00e4ltlich\" \/>\n<meta property=\"og:url\" content=\"https:\/\/contractbeds.eu\/de\/produkt\/u-nachttisch\/\" \/>\n<meta property=\"og:site_name\" content=\"Bio-Textima - Bedding, Interior, Object\" \/>\n<meta property=\"article:modified_time\" content=\"2025-03-26T22:18:51+00:00\" \/>\n<meta property=\"og:image\" content=\"https:\/\/contractbeds.eu\/wp-content\/uploads\/2025\/02\/U-ejjeliszekreny.jpg\" \/>\n\t<meta property=\"og:image:width\" content=\"180\" \/>\n\t<meta property=\"og:image:height\" content=\"254\" \/>\n\t<meta property=\"og:image:type\" content=\"image\/jpeg\" \/>\n<meta name=\"twitter:card\" content=\"summary_large_image\" \/>\n<meta name=\"twitter:label1\" content=\"Gesch\u00e4tzte Lesezeit\" \/>\n\t<meta name=\"twitter:data1\" content=\"1\u00a0Minute\" \/>\n<script type=\"application\/ld+json\" class=\"yoast-schema-graph\">{\"@context\":\"https:\/\/schema.org\",\"@graph\":[{\"@type\":\"WebPage\",\"@id\":\"https:\/\/contractbeds.eu\/de\/produkt\/u-nachttisch\/\",\"url\":\"https:\/\/contractbeds.eu\/de\/produkt\/u-nachttisch\/\",\"name\":\"U Nachttisch - Bio-Textima - Bedding, Interior, Object\",\"isPartOf\":{\"@id\":\"https:\/\/contractbeds.eu\/de\/#website\"},\"primaryImageOfPage\":{\"@id\":\"https:\/\/contractbeds.eu\/de\/produkt\/u-nachttisch\/#primaryimage\"},\"image\":{\"@id\":\"https:\/\/contractbeds.eu\/de\/produkt\/u-nachttisch\/#primaryimage\"},\"thumbnailUrl\":\"https:\/\/contractbeds.eu\/wp-content\/uploads\/2025\/02\/U-ejjeliszekreny.jpg\",\"datePublished\":\"2025-02-24T11:56:47+00:00\",\"dateModified\":\"2025-03-26T22:18:51+00:00\",\"breadcrumb\":{\"@id\":\"https:\/\/contractbeds.eu\/de\/produkt\/u-nachttisch\/#breadcrumb\"},\"inLanguage\":\"de\",\"potentialAction\":[{\"@type\":\"ReadAction\",\"target\":[\"https:\/\/contractbeds.eu\/de\/produkt\/u-nachttisch\/\"]}]},{\"@type\":\"ImageObject\",\"inLanguage\":\"de\",\"@id\":\"https:\/\/contractbeds.eu\/de\/produkt\/u-nachttisch\/#primaryimage\",\"url\":\"https:\/\/contractbeds.eu\/wp-content\/uploads\/2025\/02\/U-ejjeliszekreny.jpg\",\"contentUrl\":\"https:\/\/contractbeds.eu\/wp-content\/uploads\/2025\/02\/U-ejjeliszekreny.jpg\",\"width\":180,\"height\":254},{\"@type\":\"BreadcrumbList\",\"@id\":\"https:\/\/contractbeds.eu\/de\/produkt\/u-nachttisch\/#breadcrumb\",\"itemListElement\":[{\"@type\":\"ListItem\",\"position\":1,\"name\":\"Startseite\",\"item\":\"https:\/\/contractbeds.eu\/de\/\"},{\"@type\":\"ListItem\",\"position\":2,\"name\":\"Produkte\",\"item\":\"https:\/\/contractbeds.eu\/de\/produkte\/\"},{\"@type\":\"ListItem\",\"position\":3,\"name\":\"U Nachttisch\"}]},{\"@type\":\"WebSite\",\"@id\":\"https:\/\/contractbeds.eu\/de\/#website\",\"url\":\"https:\/\/contractbeds.eu\/de\/\",\"name\":\"Bio-Textima H\u00e1l\u00f3szoba Manufakt\u00fara\",\"description\":\"Betten und Matratzen f\u00fcr Hotels und Unterk\u00fcnfte\",\"publisher\":{\"@id\":\"https:\/\/contractbeds.eu\/de\/#organization\"},\"potentialAction\":[{\"@type\":\"SearchAction\",\"target\":{\"@type\":\"EntryPoint\",\"urlTemplate\":\"https:\/\/contractbeds.eu\/de\/?s={search_term_string}\"},\"query-input\":{\"@type\":\"PropertyValueSpecification\",\"valueRequired\":true,\"valueName\":\"search_term_string\"}}],\"inLanguage\":\"de\"},{\"@type\":\"Organization\",\"@id\":\"https:\/\/contractbeds.eu\/de\/#organization\",\"name\":\"BIO-TEXTIMA Kft.\",\"url\":\"https:\/\/contractbeds.eu\/de\/\",\"logo\":{\"@type\":\"ImageObject\",\"inLanguage\":\"de\",\"@id\":\"https:\/\/contractbeds.eu\/de\/#\/schema\/logo\/image\/\",\"url\":\"https:\/\/contractbeds.eu\/wp-content\/uploads\/2021\/03\/biotex_logo.jpg\",\"contentUrl\":\"https:\/\/contractbeds.eu\/wp-content\/uploads\/2021\/03\/biotex_logo.jpg\",\"width\":335,\"height\":149,\"caption\":\"BIO-TEXTIMA Kft.\"},\"image\":{\"@id\":\"https:\/\/contractbeds.eu\/de\/#\/schema\/logo\/image\/\"}}]}<\/script>\n<!-- \/ Yoast SEO plugin. -->","yoast_head_json":{"title":"U Nachttisch - Bio-Textima - Bedding, Interior, Object","robots":{"index":"index","follow":"follow","max-snippet":"max-snippet:-1","max-image-preview":"max-image-preview:large","max-video-preview":"max-video-preview:-1"},"canonical":"https:\/\/contractbeds.eu\/de\/produkt\/u-nachttisch\/","og_locale":"de_DE","og_type":"article","og_title":"U Nachttisch - Bio-Textima - Bedding, Interior, Object","og_description":"In gepolsterter Ausf\u00fchrung, mit w\u00e4hlbarem Stoff und auch in Sonderma\u00dfen erh\u00e4ltlich","og_url":"https:\/\/contractbeds.eu\/de\/produkt\/u-nachttisch\/","og_site_name":"Bio-Textima - Bedding, Interior, Object","article_modified_time":"2025-03-26T22:18:51+00:00","og_image":[{"width":180,"height":254,"url":"https:\/\/contractbeds.eu\/wp-content\/uploads\/2025\/02\/U-ejjeliszekreny.jpg","type":"image\/jpeg"}],"twitter_card":"summary_large_image","twitter_misc":{"Gesch\u00e4tzte Lesezeit":"1\u00a0Minute"},"schema":{"@context":"https:\/\/schema.org","@graph":[{"@type":"WebPage","@id":"https:\/\/contractbeds.eu\/de\/produkt\/u-nachttisch\/","url":"https:\/\/contractbeds.eu\/de\/produkt\/u-nachttisch\/","name":"U Nachttisch - Bio-Textima - Bedding, Interior, Object","isPartOf":{"@id":"https:\/\/contractbeds.eu\/de\/#website"},"primaryImageOfPage":{"@id":"https:\/\/contractbeds.eu\/de\/produkt\/u-nachttisch\/#primaryimage"},"image":{"@id":"https:\/\/contractbeds.eu\/de\/produkt\/u-nachttisch\/#primaryimage"},"thumbnailUrl":"https:\/\/contractbeds.eu\/wp-content\/uploads\/2025\/02\/U-ejjeliszekreny.jpg","datePublished":"2025-02-24T11:56:47+00:00","dateModified":"2025-03-26T22:18:51+00:00","breadcrumb":{"@id":"https:\/\/contractbeds.eu\/de\/produkt\/u-nachttisch\/#breadcrumb"},"inLanguage":"de","potentialAction":[{"@type":"ReadAction","target":["https:\/\/contractbeds.eu\/de\/produkt\/u-nachttisch\/"]}]},{"@type":"ImageObject","inLanguage":"de","@id":"https:\/\/contractbeds.eu\/de\/produkt\/u-nachttisch\/#primaryimage","url":"https:\/\/contractbeds.eu\/wp-content\/uploads\/2025\/02\/U-ejjeliszekreny.jpg","contentUrl":"https:\/\/contractbeds.eu\/wp-content\/uploads\/2025\/02\/U-ejjeliszekreny.jpg","width":180,"height":254},{"@type":"BreadcrumbList","@id":"https:\/\/contractbeds.eu\/de\/produkt\/u-nachttisch\/#breadcrumb","itemListElement":[{"@type":"ListItem","position":1,"name":"Startseite","item":"https:\/\/contractbeds.eu\/de\/"},{"@type":"ListItem","position":2,"name":"Produkte","item":"https:\/\/contractbeds.eu\/de\/produkte\/"},{"@type":"ListItem","position":3,"name":"U Nachttisch"}]},{"@type":"WebSite","@id":"https:\/\/contractbeds.eu\/de\/#website","url":"https:\/\/contractbeds.eu\/de\/","name":"Bio-Textima H\u00e1l\u00f3szoba Manufakt\u00fara","description":"Betten und Matratzen f\u00fcr Hotels und Unterk\u00fcnfte","publisher":{"@id":"https:\/\/contractbeds.eu\/de\/#organization"},"potentialAction":[{"@type":"SearchAction","target":{"@type":"EntryPoint","urlTemplate":"https:\/\/contractbeds.eu\/de\/?s={search_term_string}"},"query-input":{"@type":"PropertyValueSpecification","valueRequired":true,"valueName":"search_term_string"}}],"inLanguage":"de"},{"@type":"Organization","@id":"https:\/\/contractbeds.eu\/de\/#organization","name":"BIO-TEXTIMA Kft.","url":"https:\/\/contractbeds.eu\/de\/","logo":{"@type":"ImageObject","inLanguage":"de","@id":"https:\/\/contractbeds.eu\/de\/#\/schema\/logo\/image\/","url":"https:\/\/contractbeds.eu\/wp-content\/uploads\/2021\/03\/biotex_logo.jpg","contentUrl":"https:\/\/contractbeds.eu\/wp-content\/uploads\/2021\/03\/biotex_logo.jpg","width":335,"height":149,"caption":"BIO-TEXTIMA Kft."},"image":{"@id":"https:\/\/contractbeds.eu\/de\/#\/schema\/logo\/image\/"}}]}},"_links":{"self":[{"href":"https:\/\/contractbeds.eu\/de\/wp-json\/wp\/v2\/product\/20947","targetHints":{"allow":["GET"]}}],"collection":[{"href":"https:\/\/contractbeds.eu\/de\/wp-json\/wp\/v2\/product"}],"about":[{"href":"https:\/\/contractbeds.eu\/de\/wp-json\/wp\/v2\/types\/product"}],"wp:featuredmedia":[{"embeddable":true,"href":"https:\/\/contractbeds.eu\/de\/wp-json\/wp\/v2\/media\/20975"}],"wp:attachment":[{"href":"https:\/\/contractbeds.eu\/de\/wp-json\/wp\/v2\/media?parent=20947"}],"wp:term":[{"taxonomy":"product_brand","embeddable":true,"href":"https:\/\/contractbeds.eu\/de\/wp-json\/wp\/v2\/product_brand?post=20947"},{"taxonomy":"product_cat","embeddable":true,"href":"https:\/\/contractbeds.eu\/de\/wp-json\/wp\/v2\/product_cat?post=20947"},{"taxonomy":"product_tag","embeddable":true,"href":"https:\/\/contractbeds.eu\/de\/wp-json\/wp\/v2\/product_tag?post=20947"}],"curies":[{"name":"wp","href":"https:\/\/api.w.org\/{rel}","templated":true}]}}