{"id":22269,"date":"2025-10-20T09:07:47","date_gmt":"2025-10-20T09:07:48","guid":{"rendered":"https:\/\/contractbeds.eu\/?post_type=product&#038;p=22269"},"modified":"2025-10-21T10:49:31","modified_gmt":"2025-10-21T10:49:31","slug":"velora-750-lumea","status":"publish","type":"product","link":"https:\/\/contractbeds.eu\/de\/produkt\/velora-750-lumea\/","title":{"rendered":"VELORA 750 Lumea"},"content":{"rendered":"<p style=\"font-weight: 400;\">Der GLORIA INDAS Baumwoll-Leinen-Bezug, versteppt mit Komfortschaum und Klimafaser, vermittelt schon beim ersten Kontakt ein exklusives Oberfl\u00e4chengef\u00fchl. Auf einer Seite sorgt die luftkanalisierte Klimalatex-Schicht f\u00fcr hohe Punktelastizit\u00e4t und gelenkschonende K\u00f6rperanpassung, w\u00e4hrend die Luftkan\u00e4le die Oberfl\u00e4chenbel\u00fcftung verbessern. Die darunterliegende Kokosschicht verleiht eine straffere, stabilere Unterst\u00fctzung und sorgt f\u00fcr ausgewogene Festigkeit. Der 14 cm hohe, 7-Zonen-Taschenfederkern mit einer Dichte von 750 Federn\/m\u00b2 bietet eine durchgehende St\u00fctzung des K\u00f6rpers, w\u00e4hrend Seitenstabilisierungs-Schaum und Wollfilzschichten die gleichm\u00e4\u00dfige Druckverteilung und die Stabilit\u00e4t der R\u00e4nder gew\u00e4hrleisten. Auf der anderen Seite verst\u00e4rkt die N3038-Orthop\u00e4dieschaum-Komfortschicht unter der elastischen Ergolattex-Liegefl\u00e4che (Kaltschaum-Latex-Mix) die Tragf\u00e4higkeit und Elastizit\u00e4t, wodurch diese Seite ein strafferes, aber dennoch komfortables Liegegef\u00fchl bietet. Die robusten 2+2 Wendegriffe an den L\u00e4ngsseiten erleichtern die Handhabung der Matratze. Dieses Modell bietet durch das pr\u00e4zise ausgearbeitete Federkernsystem und die beidseitig unterschiedlichen Liegefl\u00e4chen ein abwechslungsreiches und dennoch stabiles Schlaferlebnis f\u00fcr jede Nacht.<\/p>\n<p style=\"font-weight: 400;\">Aufbau:<\/p>\n<ul>\n<li>GLORIA INDAS Baumwoll-Leinen-Bezug (340 g\/m\u00b2) mit Zierborte, versteppt mit 1 cm Komfortschaum und 300 g\/m\u00b2 Klimafaser<\/li>\n<li>3 cm luftkanalisierte Klimalatex-Liegefl\u00e4che<\/li>\n<li>1 cm hochverdichtete Kokos-Verst\u00e4rkungsschicht (1000 g\/m\u00b2)<\/li>\n<li>800 g\/m\u00b2 druckverteilende Wollfilzschicht<\/li>\n<li>14 cm hoher, 7-Zonen-Taschenfederkern (d=1.6\u20131.8 mm), 750 Federn\/m\u00b2, eingefasst in N3543-Komfortschaum-Seitenstabilisierung<\/li>\n<li>800 g\/m\u00b2 druckverteilende Wollfilzschicht<\/li>\n<li>2 cm N3038-Komfortschaum-Schicht<\/li>\n<li>3 cm extra elastische Ergolattex-(Hybridlatex)-Liegefl\u00e4che aus Kaltschaum-Latex-Mix<\/li>\n<\/ul>\n","protected":false},"excerpt":{"rendered":"<p>Klimalatex- und Hybridlatex-Liegefl\u00e4che, Taschenfederkernmatratze (750 Federn\/m\u00b2) f\u00fcr den Hoteleinsatz, Luxusausf\u00fchrung mit Zierbiese, feinf\u00fchligem Baumwoll-Leinen-Bezug, beidseitig nutzbar, wendbar<\/p>\n","protected":false},"featured_media":22238,"template":"","meta":[],"product_brand":[],"product_cat":[118],"product_tag":[],"class_list":{"0":"post-22269","1":"product","2":"type-product","3":"status-publish","4":"has-post-thumbnail","6":"product_cat-matratzen","8":"first","9":"instock","10":"shipping-taxable","11":"purchasable","12":"product-type-variable","13":"has-default-attributes"},"composite_layout":"","composite_add_to_cart_form_location":"","composite_editable_in_cart":false,"composite_sold_individually_context":"","composite_shop_price_calc":"","composite_components":[],"composite_scenarios":[],"yoast_head":"<!-- This site is optimized with the Yoast SEO plugin v27.0 - https:\/\/yoast.com\/product\/yoast-seo-wordpress\/ -->\n<title>VELORA 750 Lumea - Bio-Textima - Bedding, Interior, Object<\/title>\n<meta name=\"robots\" content=\"index, follow, max-snippet:-1, max-image-preview:large, max-video-preview:-1\" \/>\n<link rel=\"canonical\" href=\"https:\/\/contractbeds.eu\/de\/produkt\/velora-750-lumea\/\" \/>\n<meta property=\"og:locale\" content=\"de_DE\" \/>\n<meta property=\"og:type\" content=\"article\" \/>\n<meta property=\"og:title\" content=\"VELORA 750 Lumea - Bio-Textima - Bedding, Interior, Object\" \/>\n<meta property=\"og:description\" content=\"Klimalatex- und Hybridlatex-Liegefl\u00e4che, Taschenfederkernmatratze (750 Federn\/m\u00b2) f\u00fcr den Hoteleinsatz, Luxusausf\u00fchrung mit Zierbiese, feinf\u00fchligem Baumwoll-Leinen-Bezug, beidseitig nutzbar, wendbar\" \/>\n<meta property=\"og:url\" content=\"https:\/\/contractbeds.eu\/de\/produkt\/velora-750-lumea\/\" \/>\n<meta property=\"og:site_name\" content=\"Bio-Textima - Bedding, Interior, Object\" \/>\n<meta property=\"article:modified_time\" content=\"2025-10-21T10:49:31+00:00\" \/>\n<meta property=\"og:image\" content=\"https:\/\/contractbeds.eu\/wp-content\/uploads\/2025\/10\/Velora-Series.jpg\" \/>\n\t<meta property=\"og:image:width\" content=\"327\" \/>\n\t<meta property=\"og:image:height\" content=\"166\" \/>\n\t<meta property=\"og:image:type\" content=\"image\/jpeg\" \/>\n<meta name=\"twitter:card\" content=\"summary_large_image\" \/>\n<meta name=\"twitter:label1\" content=\"Gesch\u00e4tzte Lesezeit\" \/>\n\t<meta name=\"twitter:data1\" content=\"2\u00a0Minuten\" \/>\n<script type=\"application\/ld+json\" class=\"yoast-schema-graph\">{\"@context\":\"https:\/\/schema.org\",\"@graph\":[{\"@type\":\"WebPage\",\"@id\":\"https:\/\/contractbeds.eu\/de\/produkt\/velora-750-lumea\/\",\"url\":\"https:\/\/contractbeds.eu\/de\/produkt\/velora-750-lumea\/\",\"name\":\"VELORA 750 Lumea - Bio-Textima - Bedding, Interior, Object\",\"isPartOf\":{\"@id\":\"https:\/\/contractbeds.eu\/de\/#website\"},\"primaryImageOfPage\":{\"@id\":\"https:\/\/contractbeds.eu\/de\/produkt\/velora-750-lumea\/#primaryimage\"},\"image\":{\"@id\":\"https:\/\/contractbeds.eu\/de\/produkt\/velora-750-lumea\/#primaryimage\"},\"thumbnailUrl\":\"https:\/\/contractbeds.eu\/wp-content\/uploads\/2025\/10\/Velora-Series.jpg\",\"datePublished\":\"2025-10-20T09:07:48+00:00\",\"dateModified\":\"2025-10-21T10:49:31+00:00\",\"breadcrumb\":{\"@id\":\"https:\/\/contractbeds.eu\/de\/produkt\/velora-750-lumea\/#breadcrumb\"},\"inLanguage\":\"de\",\"potentialAction\":[{\"@type\":\"ReadAction\",\"target\":[\"https:\/\/contractbeds.eu\/de\/produkt\/velora-750-lumea\/\"]}]},{\"@type\":\"ImageObject\",\"inLanguage\":\"de\",\"@id\":\"https:\/\/contractbeds.eu\/de\/produkt\/velora-750-lumea\/#primaryimage\",\"url\":\"https:\/\/contractbeds.eu\/wp-content\/uploads\/2025\/10\/Velora-Series.jpg\",\"contentUrl\":\"https:\/\/contractbeds.eu\/wp-content\/uploads\/2025\/10\/Velora-Series.jpg\",\"width\":327,\"height\":166},{\"@type\":\"BreadcrumbList\",\"@id\":\"https:\/\/contractbeds.eu\/de\/produkt\/velora-750-lumea\/#breadcrumb\",\"itemListElement\":[{\"@type\":\"ListItem\",\"position\":1,\"name\":\"Startseite\",\"item\":\"https:\/\/contractbeds.eu\/de\/\"},{\"@type\":\"ListItem\",\"position\":2,\"name\":\"Produkte\",\"item\":\"https:\/\/contractbeds.eu\/de\/produkte\/\"},{\"@type\":\"ListItem\",\"position\":3,\"name\":\"VELORA 750 Lumea\"}]},{\"@type\":\"WebSite\",\"@id\":\"https:\/\/contractbeds.eu\/de\/#website\",\"url\":\"https:\/\/contractbeds.eu\/de\/\",\"name\":\"Bio-Textima H\u00e1l\u00f3szoba Manufakt\u00fara\",\"description\":\"Betten und Matratzen f\u00fcr Hotels und Unterk\u00fcnfte\",\"publisher\":{\"@id\":\"https:\/\/contractbeds.eu\/de\/#organization\"},\"potentialAction\":[{\"@type\":\"SearchAction\",\"target\":{\"@type\":\"EntryPoint\",\"urlTemplate\":\"https:\/\/contractbeds.eu\/de\/?s={search_term_string}\"},\"query-input\":{\"@type\":\"PropertyValueSpecification\",\"valueRequired\":true,\"valueName\":\"search_term_string\"}}],\"inLanguage\":\"de\"},{\"@type\":\"Organization\",\"@id\":\"https:\/\/contractbeds.eu\/de\/#organization\",\"name\":\"BIO-TEXTIMA Kft.\",\"url\":\"https:\/\/contractbeds.eu\/de\/\",\"logo\":{\"@type\":\"ImageObject\",\"inLanguage\":\"de\",\"@id\":\"https:\/\/contractbeds.eu\/de\/#\/schema\/logo\/image\/\",\"url\":\"https:\/\/contractbeds.eu\/wp-content\/uploads\/2021\/03\/biotex_logo.jpg\",\"contentUrl\":\"https:\/\/contractbeds.eu\/wp-content\/uploads\/2021\/03\/biotex_logo.jpg\",\"width\":335,\"height\":149,\"caption\":\"BIO-TEXTIMA Kft.\"},\"image\":{\"@id\":\"https:\/\/contractbeds.eu\/de\/#\/schema\/logo\/image\/\"}}]}<\/script>\n<!-- \/ Yoast SEO plugin. -->","yoast_head_json":{"title":"VELORA 750 Lumea - Bio-Textima - Bedding, Interior, Object","robots":{"index":"index","follow":"follow","max-snippet":"max-snippet:-1","max-image-preview":"max-image-preview:large","max-video-preview":"max-video-preview:-1"},"canonical":"https:\/\/contractbeds.eu\/de\/produkt\/velora-750-lumea\/","og_locale":"de_DE","og_type":"article","og_title":"VELORA 750 Lumea - Bio-Textima - Bedding, Interior, Object","og_description":"Klimalatex- und Hybridlatex-Liegefl\u00e4che, Taschenfederkernmatratze (750 Federn\/m\u00b2) f\u00fcr den Hoteleinsatz, Luxusausf\u00fchrung mit Zierbiese, feinf\u00fchligem Baumwoll-Leinen-Bezug, beidseitig nutzbar, wendbar","og_url":"https:\/\/contractbeds.eu\/de\/produkt\/velora-750-lumea\/","og_site_name":"Bio-Textima - Bedding, Interior, Object","article_modified_time":"2025-10-21T10:49:31+00:00","og_image":[{"width":327,"height":166,"url":"https:\/\/contractbeds.eu\/wp-content\/uploads\/2025\/10\/Velora-Series.jpg","type":"image\/jpeg"}],"twitter_card":"summary_large_image","twitter_misc":{"Gesch\u00e4tzte Lesezeit":"2\u00a0Minuten"},"schema":{"@context":"https:\/\/schema.org","@graph":[{"@type":"WebPage","@id":"https:\/\/contractbeds.eu\/de\/produkt\/velora-750-lumea\/","url":"https:\/\/contractbeds.eu\/de\/produkt\/velora-750-lumea\/","name":"VELORA 750 Lumea - Bio-Textima - Bedding, Interior, Object","isPartOf":{"@id":"https:\/\/contractbeds.eu\/de\/#website"},"primaryImageOfPage":{"@id":"https:\/\/contractbeds.eu\/de\/produkt\/velora-750-lumea\/#primaryimage"},"image":{"@id":"https:\/\/contractbeds.eu\/de\/produkt\/velora-750-lumea\/#primaryimage"},"thumbnailUrl":"https:\/\/contractbeds.eu\/wp-content\/uploads\/2025\/10\/Velora-Series.jpg","datePublished":"2025-10-20T09:07:48+00:00","dateModified":"2025-10-21T10:49:31+00:00","breadcrumb":{"@id":"https:\/\/contractbeds.eu\/de\/produkt\/velora-750-lumea\/#breadcrumb"},"inLanguage":"de","potentialAction":[{"@type":"ReadAction","target":["https:\/\/contractbeds.eu\/de\/produkt\/velora-750-lumea\/"]}]},{"@type":"ImageObject","inLanguage":"de","@id":"https:\/\/contractbeds.eu\/de\/produkt\/velora-750-lumea\/#primaryimage","url":"https:\/\/contractbeds.eu\/wp-content\/uploads\/2025\/10\/Velora-Series.jpg","contentUrl":"https:\/\/contractbeds.eu\/wp-content\/uploads\/2025\/10\/Velora-Series.jpg","width":327,"height":166},{"@type":"BreadcrumbList","@id":"https:\/\/contractbeds.eu\/de\/produkt\/velora-750-lumea\/#breadcrumb","itemListElement":[{"@type":"ListItem","position":1,"name":"Startseite","item":"https:\/\/contractbeds.eu\/de\/"},{"@type":"ListItem","position":2,"name":"Produkte","item":"https:\/\/contractbeds.eu\/de\/produkte\/"},{"@type":"ListItem","position":3,"name":"VELORA 750 Lumea"}]},{"@type":"WebSite","@id":"https:\/\/contractbeds.eu\/de\/#website","url":"https:\/\/contractbeds.eu\/de\/","name":"Bio-Textima H\u00e1l\u00f3szoba Manufakt\u00fara","description":"Betten und Matratzen f\u00fcr Hotels und Unterk\u00fcnfte","publisher":{"@id":"https:\/\/contractbeds.eu\/de\/#organization"},"potentialAction":[{"@type":"SearchAction","target":{"@type":"EntryPoint","urlTemplate":"https:\/\/contractbeds.eu\/de\/?s={search_term_string}"},"query-input":{"@type":"PropertyValueSpecification","valueRequired":true,"valueName":"search_term_string"}}],"inLanguage":"de"},{"@type":"Organization","@id":"https:\/\/contractbeds.eu\/de\/#organization","name":"BIO-TEXTIMA Kft.","url":"https:\/\/contractbeds.eu\/de\/","logo":{"@type":"ImageObject","inLanguage":"de","@id":"https:\/\/contractbeds.eu\/de\/#\/schema\/logo\/image\/","url":"https:\/\/contractbeds.eu\/wp-content\/uploads\/2021\/03\/biotex_logo.jpg","contentUrl":"https:\/\/contractbeds.eu\/wp-content\/uploads\/2021\/03\/biotex_logo.jpg","width":335,"height":149,"caption":"BIO-TEXTIMA Kft."},"image":{"@id":"https:\/\/contractbeds.eu\/de\/#\/schema\/logo\/image\/"}}]}},"_links":{"self":[{"href":"https:\/\/contractbeds.eu\/de\/wp-json\/wp\/v2\/product\/22269","targetHints":{"allow":["GET"]}}],"collection":[{"href":"https:\/\/contractbeds.eu\/de\/wp-json\/wp\/v2\/product"}],"about":[{"href":"https:\/\/contractbeds.eu\/de\/wp-json\/wp\/v2\/types\/product"}],"wp:featuredmedia":[{"embeddable":true,"href":"https:\/\/contractbeds.eu\/de\/wp-json\/wp\/v2\/media\/22238"}],"wp:attachment":[{"href":"https:\/\/contractbeds.eu\/de\/wp-json\/wp\/v2\/media?parent=22269"}],"wp:term":[{"taxonomy":"product_brand","embeddable":true,"href":"https:\/\/contractbeds.eu\/de\/wp-json\/wp\/v2\/product_brand?post=22269"},{"taxonomy":"product_cat","embeddable":true,"href":"https:\/\/contractbeds.eu\/de\/wp-json\/wp\/v2\/product_cat?post=22269"},{"taxonomy":"product_tag","embeddable":true,"href":"https:\/\/contractbeds.eu\/de\/wp-json\/wp\/v2\/product_tag?post=22269"}],"curies":[{"name":"wp","href":"https:\/\/api.w.org\/{rel}","templated":true}]}}