{"id":22281,"date":"2025-10-20T09:38:32","date_gmt":"2025-10-20T09:38:33","guid":{"rendered":"https:\/\/contractbeds.eu\/?post_type=product&#038;p=22281"},"modified":"2025-10-21T10:44:00","modified_gmt":"2025-10-21T10:44:00","slug":"velora-996-solena","status":"publish","type":"product","link":"https:\/\/contractbeds.eu\/de\/produkt\/velora-996-solena\/","title":{"rendered":"VELORA 996 Solena"},"content":{"rendered":"<p>Der GLORIA INDAS Baumwoll-Leinen-Bezug, versteppt mit Komfortschaum und Klimafaser, begeistert bereits beim ersten Ber\u00fchren. Auf der 4 cm starken Naturlatex-Liegefl\u00e4che sorgt die Wollauflage f\u00fcr zus\u00e4tzliche Weichheit, w\u00e4hrend die Punktelastizit\u00e4t des Latex gelenkschonende Unterst\u00fctzung und optimale Anpassung gew\u00e4hrleistet. Den Matratzenkern bildet ein 12 cm hoher, 7-Zonen-Taschenfederkern mit einer Dichte von 700 Federn\/m\u00b2, erg\u00e4nzt durch N3543-Seitenstabilisierungs-Schaum und Wollfilzschichten, die eine gesunde Wirbels\u00e4ulenposition und gleichm\u00e4\u00dfige Belastungsverteilung sichern.<br \/>\nDie andere Seite bietet ein v\u00f6llig anderes Liegegef\u00fchl: Die Kombination aus einer 6 cm starken Mini-Taschenfederkern-Schicht und einer flexiblen Kokos-Komfortschicht sorgt f\u00fcr ein strafferes, festeres Liegeerlebnis. Auch hier gew\u00e4hrleistet der Seitenstabilisierungs-Schaum stabile R\u00e4nder, w\u00e4hrend die zwei Federkernlagen die Tragkraft und Elastizit\u00e4t der gesamten Matratze verst\u00e4rken. Die robusten 2+2 Wendegriffe an den L\u00e4ngsseiten erleichtern die Handhabung.<br \/>\nDieses Modell bietet durch die Kombination nat\u00fcrlicher Materialien und doppelter Federung ein einzigartiges, vielseitiges Liegegef\u00fchl, das jede Nacht zu einem besonderen Schlaferlebnis macht.<\/p>\n<p>Aufbau:<\/p>\n<ul>\n<li>GLORIA INDAS Baumwoll-Leinen-Bezug (340 g\/m\u00b2) mit Zierborte, versteppt mit 1 cm Komfortschaum und 300 g\/m\u00b2 Klimafaser<\/li>\n<li>Woll-Komfortschicht<\/li>\n<li>4 cm punktelastische, hoch atmungsaktive Naturlatex-Liegefl\u00e4che<\/li>\n<li>800 g\/m\u00b2 druckverteilende Wollfilzschicht<\/li>\n<li>12 cm hoher, 7-Zonen-Taschenfederkern (d=1.6\u20131.8 mm), 700 Federn\/m\u00b2, eingefasst in N3543-Komfortschaum-Seitenstabilisierung<\/li>\n<li>800 g\/m\u00b2 druckverteilende Wollfilzschicht<\/li>\n<li>1 cm hochverdichtete Kokos-Verst\u00e4rkungsschicht (1000 g\/m\u00b2)<\/li>\n<li>6 cm Mono-Zonen-Mini-Taschenfederkern (d=1.6 mm), 296 Federn\/m\u00b2, eingefasst in N3543-Komfortschaum-Seitenstabilisierung<\/li>\n<li>3 cm flexible Kokos-Komfortschicht (70 kg\/m\u00b3)<\/li>\n<\/ul>\n","protected":false},"excerpt":{"rendered":"<p>Wolle-Naturlatex- und Mini-Taschenfederkern-Liegefl\u00e4che, Taschenfederkernmatratze (996 Federn\/m\u00b2) f\u00fcr den Hoteleinsatz, Luxusausf\u00fchrung mit Zierbiese, feinf\u00fchligem Baumwoll-Leinen-Bezug, beidseitig nutzbar, wendbar<\/p>\n","protected":false},"featured_media":22238,"template":"","meta":[],"product_brand":[],"product_cat":[118],"product_tag":[],"class_list":{"0":"post-22281","1":"product","2":"type-product","3":"status-publish","4":"has-post-thumbnail","6":"product_cat-matratzen","8":"first","9":"instock","10":"shipping-taxable","11":"purchasable","12":"product-type-variable","13":"has-default-attributes"},"composite_layout":"","composite_add_to_cart_form_location":"","composite_editable_in_cart":false,"composite_sold_individually_context":"","composite_shop_price_calc":"","composite_components":[],"composite_scenarios":[],"yoast_head":"<!-- This site is optimized with the Yoast SEO plugin v27.0 - https:\/\/yoast.com\/product\/yoast-seo-wordpress\/ -->\n<title>VELORA 996 Solena - Bio-Textima - Bedding, Interior, Object<\/title>\n<meta name=\"robots\" content=\"index, follow, max-snippet:-1, max-image-preview:large, max-video-preview:-1\" \/>\n<link rel=\"canonical\" href=\"https:\/\/contractbeds.eu\/de\/produkt\/velora-996-solena\/\" \/>\n<meta property=\"og:locale\" content=\"de_DE\" \/>\n<meta property=\"og:type\" content=\"article\" \/>\n<meta property=\"og:title\" content=\"VELORA 996 Solena - Bio-Textima - Bedding, Interior, Object\" \/>\n<meta property=\"og:description\" content=\"Wolle-Naturlatex- und Mini-Taschenfederkern-Liegefl\u00e4che, Taschenfederkernmatratze (996 Federn\/m\u00b2) f\u00fcr den Hoteleinsatz, Luxusausf\u00fchrung mit Zierbiese, feinf\u00fchligem Baumwoll-Leinen-Bezug, beidseitig nutzbar, wendbar\" \/>\n<meta property=\"og:url\" content=\"https:\/\/contractbeds.eu\/de\/produkt\/velora-996-solena\/\" \/>\n<meta property=\"og:site_name\" content=\"Bio-Textima - Bedding, Interior, Object\" \/>\n<meta property=\"article:modified_time\" content=\"2025-10-21T10:44:00+00:00\" \/>\n<meta property=\"og:image\" content=\"https:\/\/contractbeds.eu\/wp-content\/uploads\/2025\/10\/Velora-Series.jpg\" \/>\n\t<meta property=\"og:image:width\" content=\"327\" \/>\n\t<meta property=\"og:image:height\" content=\"166\" \/>\n\t<meta property=\"og:image:type\" content=\"image\/jpeg\" \/>\n<meta name=\"twitter:card\" content=\"summary_large_image\" \/>\n<meta name=\"twitter:label1\" content=\"Gesch\u00e4tzte Lesezeit\" \/>\n\t<meta name=\"twitter:data1\" content=\"2\u00a0Minuten\" \/>\n<script type=\"application\/ld+json\" class=\"yoast-schema-graph\">{\"@context\":\"https:\/\/schema.org\",\"@graph\":[{\"@type\":\"WebPage\",\"@id\":\"https:\/\/contractbeds.eu\/de\/produkt\/velora-996-solena\/\",\"url\":\"https:\/\/contractbeds.eu\/de\/produkt\/velora-996-solena\/\",\"name\":\"VELORA 996 Solena - Bio-Textima - Bedding, Interior, Object\",\"isPartOf\":{\"@id\":\"https:\/\/contractbeds.eu\/de\/#website\"},\"primaryImageOfPage\":{\"@id\":\"https:\/\/contractbeds.eu\/de\/produkt\/velora-996-solena\/#primaryimage\"},\"image\":{\"@id\":\"https:\/\/contractbeds.eu\/de\/produkt\/velora-996-solena\/#primaryimage\"},\"thumbnailUrl\":\"https:\/\/contractbeds.eu\/wp-content\/uploads\/2025\/10\/Velora-Series.jpg\",\"datePublished\":\"2025-10-20T09:38:33+00:00\",\"dateModified\":\"2025-10-21T10:44:00+00:00\",\"breadcrumb\":{\"@id\":\"https:\/\/contractbeds.eu\/de\/produkt\/velora-996-solena\/#breadcrumb\"},\"inLanguage\":\"de\",\"potentialAction\":[{\"@type\":\"ReadAction\",\"target\":[\"https:\/\/contractbeds.eu\/de\/produkt\/velora-996-solena\/\"]}]},{\"@type\":\"ImageObject\",\"inLanguage\":\"de\",\"@id\":\"https:\/\/contractbeds.eu\/de\/produkt\/velora-996-solena\/#primaryimage\",\"url\":\"https:\/\/contractbeds.eu\/wp-content\/uploads\/2025\/10\/Velora-Series.jpg\",\"contentUrl\":\"https:\/\/contractbeds.eu\/wp-content\/uploads\/2025\/10\/Velora-Series.jpg\",\"width\":327,\"height\":166},{\"@type\":\"BreadcrumbList\",\"@id\":\"https:\/\/contractbeds.eu\/de\/produkt\/velora-996-solena\/#breadcrumb\",\"itemListElement\":[{\"@type\":\"ListItem\",\"position\":1,\"name\":\"Startseite\",\"item\":\"https:\/\/contractbeds.eu\/de\/\"},{\"@type\":\"ListItem\",\"position\":2,\"name\":\"Produkte\",\"item\":\"https:\/\/contractbeds.eu\/de\/produkte\/\"},{\"@type\":\"ListItem\",\"position\":3,\"name\":\"VELORA 996 Solena\"}]},{\"@type\":\"WebSite\",\"@id\":\"https:\/\/contractbeds.eu\/de\/#website\",\"url\":\"https:\/\/contractbeds.eu\/de\/\",\"name\":\"Bio-Textima H\u00e1l\u00f3szoba Manufakt\u00fara\",\"description\":\"Betten und Matratzen f\u00fcr Hotels und Unterk\u00fcnfte\",\"publisher\":{\"@id\":\"https:\/\/contractbeds.eu\/de\/#organization\"},\"potentialAction\":[{\"@type\":\"SearchAction\",\"target\":{\"@type\":\"EntryPoint\",\"urlTemplate\":\"https:\/\/contractbeds.eu\/de\/?s={search_term_string}\"},\"query-input\":{\"@type\":\"PropertyValueSpecification\",\"valueRequired\":true,\"valueName\":\"search_term_string\"}}],\"inLanguage\":\"de\"},{\"@type\":\"Organization\",\"@id\":\"https:\/\/contractbeds.eu\/de\/#organization\",\"name\":\"BIO-TEXTIMA Kft.\",\"url\":\"https:\/\/contractbeds.eu\/de\/\",\"logo\":{\"@type\":\"ImageObject\",\"inLanguage\":\"de\",\"@id\":\"https:\/\/contractbeds.eu\/de\/#\/schema\/logo\/image\/\",\"url\":\"https:\/\/contractbeds.eu\/wp-content\/uploads\/2021\/03\/biotex_logo.jpg\",\"contentUrl\":\"https:\/\/contractbeds.eu\/wp-content\/uploads\/2021\/03\/biotex_logo.jpg\",\"width\":335,\"height\":149,\"caption\":\"BIO-TEXTIMA Kft.\"},\"image\":{\"@id\":\"https:\/\/contractbeds.eu\/de\/#\/schema\/logo\/image\/\"}}]}<\/script>\n<!-- \/ Yoast SEO plugin. -->","yoast_head_json":{"title":"VELORA 996 Solena - Bio-Textima - Bedding, Interior, Object","robots":{"index":"index","follow":"follow","max-snippet":"max-snippet:-1","max-image-preview":"max-image-preview:large","max-video-preview":"max-video-preview:-1"},"canonical":"https:\/\/contractbeds.eu\/de\/produkt\/velora-996-solena\/","og_locale":"de_DE","og_type":"article","og_title":"VELORA 996 Solena - Bio-Textima - Bedding, Interior, Object","og_description":"Wolle-Naturlatex- und Mini-Taschenfederkern-Liegefl\u00e4che, Taschenfederkernmatratze (996 Federn\/m\u00b2) f\u00fcr den Hoteleinsatz, Luxusausf\u00fchrung mit Zierbiese, feinf\u00fchligem Baumwoll-Leinen-Bezug, beidseitig nutzbar, wendbar","og_url":"https:\/\/contractbeds.eu\/de\/produkt\/velora-996-solena\/","og_site_name":"Bio-Textima - Bedding, Interior, Object","article_modified_time":"2025-10-21T10:44:00+00:00","og_image":[{"width":327,"height":166,"url":"https:\/\/contractbeds.eu\/wp-content\/uploads\/2025\/10\/Velora-Series.jpg","type":"image\/jpeg"}],"twitter_card":"summary_large_image","twitter_misc":{"Gesch\u00e4tzte Lesezeit":"2\u00a0Minuten"},"schema":{"@context":"https:\/\/schema.org","@graph":[{"@type":"WebPage","@id":"https:\/\/contractbeds.eu\/de\/produkt\/velora-996-solena\/","url":"https:\/\/contractbeds.eu\/de\/produkt\/velora-996-solena\/","name":"VELORA 996 Solena - Bio-Textima - Bedding, Interior, Object","isPartOf":{"@id":"https:\/\/contractbeds.eu\/de\/#website"},"primaryImageOfPage":{"@id":"https:\/\/contractbeds.eu\/de\/produkt\/velora-996-solena\/#primaryimage"},"image":{"@id":"https:\/\/contractbeds.eu\/de\/produkt\/velora-996-solena\/#primaryimage"},"thumbnailUrl":"https:\/\/contractbeds.eu\/wp-content\/uploads\/2025\/10\/Velora-Series.jpg","datePublished":"2025-10-20T09:38:33+00:00","dateModified":"2025-10-21T10:44:00+00:00","breadcrumb":{"@id":"https:\/\/contractbeds.eu\/de\/produkt\/velora-996-solena\/#breadcrumb"},"inLanguage":"de","potentialAction":[{"@type":"ReadAction","target":["https:\/\/contractbeds.eu\/de\/produkt\/velora-996-solena\/"]}]},{"@type":"ImageObject","inLanguage":"de","@id":"https:\/\/contractbeds.eu\/de\/produkt\/velora-996-solena\/#primaryimage","url":"https:\/\/contractbeds.eu\/wp-content\/uploads\/2025\/10\/Velora-Series.jpg","contentUrl":"https:\/\/contractbeds.eu\/wp-content\/uploads\/2025\/10\/Velora-Series.jpg","width":327,"height":166},{"@type":"BreadcrumbList","@id":"https:\/\/contractbeds.eu\/de\/produkt\/velora-996-solena\/#breadcrumb","itemListElement":[{"@type":"ListItem","position":1,"name":"Startseite","item":"https:\/\/contractbeds.eu\/de\/"},{"@type":"ListItem","position":2,"name":"Produkte","item":"https:\/\/contractbeds.eu\/de\/produkte\/"},{"@type":"ListItem","position":3,"name":"VELORA 996 Solena"}]},{"@type":"WebSite","@id":"https:\/\/contractbeds.eu\/de\/#website","url":"https:\/\/contractbeds.eu\/de\/","name":"Bio-Textima H\u00e1l\u00f3szoba Manufakt\u00fara","description":"Betten und Matratzen f\u00fcr Hotels und Unterk\u00fcnfte","publisher":{"@id":"https:\/\/contractbeds.eu\/de\/#organization"},"potentialAction":[{"@type":"SearchAction","target":{"@type":"EntryPoint","urlTemplate":"https:\/\/contractbeds.eu\/de\/?s={search_term_string}"},"query-input":{"@type":"PropertyValueSpecification","valueRequired":true,"valueName":"search_term_string"}}],"inLanguage":"de"},{"@type":"Organization","@id":"https:\/\/contractbeds.eu\/de\/#organization","name":"BIO-TEXTIMA Kft.","url":"https:\/\/contractbeds.eu\/de\/","logo":{"@type":"ImageObject","inLanguage":"de","@id":"https:\/\/contractbeds.eu\/de\/#\/schema\/logo\/image\/","url":"https:\/\/contractbeds.eu\/wp-content\/uploads\/2021\/03\/biotex_logo.jpg","contentUrl":"https:\/\/contractbeds.eu\/wp-content\/uploads\/2021\/03\/biotex_logo.jpg","width":335,"height":149,"caption":"BIO-TEXTIMA Kft."},"image":{"@id":"https:\/\/contractbeds.eu\/de\/#\/schema\/logo\/image\/"}}]}},"_links":{"self":[{"href":"https:\/\/contractbeds.eu\/de\/wp-json\/wp\/v2\/product\/22281","targetHints":{"allow":["GET"]}}],"collection":[{"href":"https:\/\/contractbeds.eu\/de\/wp-json\/wp\/v2\/product"}],"about":[{"href":"https:\/\/contractbeds.eu\/de\/wp-json\/wp\/v2\/types\/product"}],"wp:featuredmedia":[{"embeddable":true,"href":"https:\/\/contractbeds.eu\/de\/wp-json\/wp\/v2\/media\/22238"}],"wp:attachment":[{"href":"https:\/\/contractbeds.eu\/de\/wp-json\/wp\/v2\/media?parent=22281"}],"wp:term":[{"taxonomy":"product_brand","embeddable":true,"href":"https:\/\/contractbeds.eu\/de\/wp-json\/wp\/v2\/product_brand?post=22281"},{"taxonomy":"product_cat","embeddable":true,"href":"https:\/\/contractbeds.eu\/de\/wp-json\/wp\/v2\/product_cat?post=22281"},{"taxonomy":"product_tag","embeddable":true,"href":"https:\/\/contractbeds.eu\/de\/wp-json\/wp\/v2\/product_tag?post=22281"}],"curies":[{"name":"wp","href":"https:\/\/api.w.org\/{rel}","templated":true}]}}