{"id":22971,"date":"2026-01-29T07:13:02","date_gmt":"2026-01-29T07:13:02","guid":{"rendered":"https:\/\/contractbeds.eu\/?post_type=product&#038;p=22971"},"modified":"2026-02-05T09:28:07","modified_gmt":"2026-02-05T09:28:07","slug":"guest-box","status":"publish","type":"product","link":"https:\/\/contractbeds.eu\/de\/produkt\/guest-box\/","title":{"rendered":"Guest BOX"},"content":{"rendered":"<p style=\"font-weight: 400;\">Vollwertiges, gepolstertes Zustellbett in platzsparender, mobiler Ausf\u00fchrung. Die Liegefl\u00e4che ist durchgehend und ohne Unterbrechung ausgef\u00fchrt; der einteilige Matratzenkern bietet kompromisslosen Liegekomfort. Bei Nichtgebrauch kann das Zustellbett aufrecht am Kopfteil stehend gelagert werden (Platzbedarf lediglich 0,6 m\u00b2); die Matratze wird dabei mittels Gummispannb\u00e4ndern sicher am Bettgestell fixiert. Dank der auf der R\u00fcckseite des Kopfteils integrierten Rollen ist das Bett einfach und komfortabel zu bewegen. Optisch f\u00fcgt sich das Modell harmonisch in das Zimmerinterieur ein und ist auf Wunsch mit dem gleichen Bezugsstoff wie die \u00fcbrigen gepolsterten Betten erh\u00e4ltlich.<\/p>\n<p style=\"font-weight: 400;\">Merkmale:<\/p>\n<ul>\n<li style=\"font-weight: 400;\">\u00e4u\u00dferer Rahmen aus M\u00f6belplatte mit Massivholzverst\u00e4rkung<\/li>\n<li style=\"font-weight: 400;\">stabile Konstruktion mit hoher Belastbarkeit und langer Lebensdauer<\/li>\n<li style=\"font-weight: 400;\">atmungsaktive untere Stoffabdeckung, staubgesch\u00fctzte Ausf\u00fchrung<\/li>\n<li style=\"font-weight: 400;\">massive, abschraubbare Bettf\u00fc\u00dfe<\/li>\n<li style=\"font-weight: 400;\">mit jeder Matratze aus unserem Sortiment kombinierbar<\/li>\n<\/ul>\n","protected":false},"excerpt":{"rendered":"<p>Gepolstertes Zustellbett in platzsparender, mobiler Ausf\u00fchrung<\/p>\n","protected":false},"featured_media":22572,"template":"","meta":[],"product_brand":[],"product_cat":[121],"product_tag":[],"class_list":{"0":"post-22971","1":"product","2":"type-product","3":"status-publish","4":"has-post-thumbnail","6":"product_cat-unterbetten","8":"first","9":"instock","10":"featured","11":"shipping-taxable","12":"purchasable","13":"product-type-variable","14":"has-default-attributes"},"composite_layout":"","composite_add_to_cart_form_location":"","composite_editable_in_cart":false,"composite_sold_individually_context":"","composite_shop_price_calc":"","composite_components":[],"composite_scenarios":[],"yoast_head":"<!-- This site is optimized with the Yoast SEO plugin v27.0 - https:\/\/yoast.com\/product\/yoast-seo-wordpress\/ -->\n<title>Guest BOX - Bio-Textima - Bedding, Interior, Object<\/title>\n<meta name=\"robots\" content=\"index, follow, max-snippet:-1, max-image-preview:large, max-video-preview:-1\" \/>\n<link rel=\"canonical\" href=\"https:\/\/contractbeds.eu\/de\/produkt\/guest-box\/\" \/>\n<meta property=\"og:locale\" content=\"de_DE\" \/>\n<meta property=\"og:type\" content=\"article\" \/>\n<meta property=\"og:title\" content=\"Guest BOX - Bio-Textima - Bedding, Interior, Object\" \/>\n<meta property=\"og:description\" content=\"Gepolstertes Zustellbett in platzsparender, mobiler Ausf\u00fchrung\" \/>\n<meta property=\"og:url\" content=\"https:\/\/contractbeds.eu\/de\/produkt\/guest-box\/\" \/>\n<meta property=\"og:site_name\" content=\"Bio-Textima - Bedding, Interior, Object\" \/>\n<meta property=\"article:modified_time\" content=\"2026-02-05T09:28:07+00:00\" \/>\n<meta property=\"og:image\" content=\"https:\/\/contractbeds.eu\/wp-content\/uploads\/2026\/01\/Guest-BOX_karpitozott-szallodai-potagy_01-e1769671701407.jpg\" \/>\n\t<meta property=\"og:image:width\" content=\"327\" \/>\n\t<meta property=\"og:image:height\" content=\"253\" \/>\n\t<meta property=\"og:image:type\" content=\"image\/jpeg\" \/>\n<meta name=\"twitter:card\" content=\"summary_large_image\" \/>\n<meta name=\"twitter:label1\" content=\"Gesch\u00e4tzte Lesezeit\" \/>\n\t<meta name=\"twitter:data1\" content=\"1\u00a0Minute\" \/>\n<script type=\"application\/ld+json\" class=\"yoast-schema-graph\">{\"@context\":\"https:\/\/schema.org\",\"@graph\":[{\"@type\":\"WebPage\",\"@id\":\"https:\/\/contractbeds.eu\/de\/produkt\/guest-box\/\",\"url\":\"https:\/\/contractbeds.eu\/de\/produkt\/guest-box\/\",\"name\":\"Guest BOX - Bio-Textima - Bedding, Interior, Object\",\"isPartOf\":{\"@id\":\"https:\/\/contractbeds.eu\/de\/#website\"},\"primaryImageOfPage\":{\"@id\":\"https:\/\/contractbeds.eu\/de\/produkt\/guest-box\/#primaryimage\"},\"image\":{\"@id\":\"https:\/\/contractbeds.eu\/de\/produkt\/guest-box\/#primaryimage\"},\"thumbnailUrl\":\"https:\/\/contractbeds.eu\/wp-content\/uploads\/2026\/01\/Guest-BOX_karpitozott-szallodai-potagy_01-e1769671701407.jpg\",\"datePublished\":\"2026-01-29T07:13:02+00:00\",\"dateModified\":\"2026-02-05T09:28:07+00:00\",\"breadcrumb\":{\"@id\":\"https:\/\/contractbeds.eu\/de\/produkt\/guest-box\/#breadcrumb\"},\"inLanguage\":\"de\",\"potentialAction\":[{\"@type\":\"ReadAction\",\"target\":[\"https:\/\/contractbeds.eu\/de\/produkt\/guest-box\/\"]}]},{\"@type\":\"ImageObject\",\"inLanguage\":\"de\",\"@id\":\"https:\/\/contractbeds.eu\/de\/produkt\/guest-box\/#primaryimage\",\"url\":\"https:\/\/contractbeds.eu\/wp-content\/uploads\/2026\/01\/Guest-BOX_karpitozott-szallodai-potagy_01-e1769671701407.jpg\",\"contentUrl\":\"https:\/\/contractbeds.eu\/wp-content\/uploads\/2026\/01\/Guest-BOX_karpitozott-szallodai-potagy_01-e1769671701407.jpg\",\"width\":327,\"height\":253},{\"@type\":\"BreadcrumbList\",\"@id\":\"https:\/\/contractbeds.eu\/de\/produkt\/guest-box\/#breadcrumb\",\"itemListElement\":[{\"@type\":\"ListItem\",\"position\":1,\"name\":\"Startseite\",\"item\":\"https:\/\/contractbeds.eu\/de\/\"},{\"@type\":\"ListItem\",\"position\":2,\"name\":\"Produkte\",\"item\":\"https:\/\/contractbeds.eu\/de\/produkte\/\"},{\"@type\":\"ListItem\",\"position\":3,\"name\":\"Guest BOX\"}]},{\"@type\":\"WebSite\",\"@id\":\"https:\/\/contractbeds.eu\/de\/#website\",\"url\":\"https:\/\/contractbeds.eu\/de\/\",\"name\":\"Bio-Textima H\u00e1l\u00f3szoba Manufakt\u00fara\",\"description\":\"Betten und Matratzen f\u00fcr Hotels und Unterk\u00fcnfte\",\"publisher\":{\"@id\":\"https:\/\/contractbeds.eu\/de\/#organization\"},\"potentialAction\":[{\"@type\":\"SearchAction\",\"target\":{\"@type\":\"EntryPoint\",\"urlTemplate\":\"https:\/\/contractbeds.eu\/de\/?s={search_term_string}\"},\"query-input\":{\"@type\":\"PropertyValueSpecification\",\"valueRequired\":true,\"valueName\":\"search_term_string\"}}],\"inLanguage\":\"de\"},{\"@type\":\"Organization\",\"@id\":\"https:\/\/contractbeds.eu\/de\/#organization\",\"name\":\"BIO-TEXTIMA Kft.\",\"url\":\"https:\/\/contractbeds.eu\/de\/\",\"logo\":{\"@type\":\"ImageObject\",\"inLanguage\":\"de\",\"@id\":\"https:\/\/contractbeds.eu\/de\/#\/schema\/logo\/image\/\",\"url\":\"https:\/\/contractbeds.eu\/wp-content\/uploads\/2021\/03\/biotex_logo.jpg\",\"contentUrl\":\"https:\/\/contractbeds.eu\/wp-content\/uploads\/2021\/03\/biotex_logo.jpg\",\"width\":335,\"height\":149,\"caption\":\"BIO-TEXTIMA Kft.\"},\"image\":{\"@id\":\"https:\/\/contractbeds.eu\/de\/#\/schema\/logo\/image\/\"}}]}<\/script>\n<!-- \/ Yoast SEO plugin. -->","yoast_head_json":{"title":"Guest BOX - Bio-Textima - Bedding, Interior, Object","robots":{"index":"index","follow":"follow","max-snippet":"max-snippet:-1","max-image-preview":"max-image-preview:large","max-video-preview":"max-video-preview:-1"},"canonical":"https:\/\/contractbeds.eu\/de\/produkt\/guest-box\/","og_locale":"de_DE","og_type":"article","og_title":"Guest BOX - Bio-Textima - Bedding, Interior, Object","og_description":"Gepolstertes Zustellbett in platzsparender, mobiler Ausf\u00fchrung","og_url":"https:\/\/contractbeds.eu\/de\/produkt\/guest-box\/","og_site_name":"Bio-Textima - Bedding, Interior, Object","article_modified_time":"2026-02-05T09:28:07+00:00","og_image":[{"width":327,"height":253,"url":"https:\/\/contractbeds.eu\/wp-content\/uploads\/2026\/01\/Guest-BOX_karpitozott-szallodai-potagy_01-e1769671701407.jpg","type":"image\/jpeg"}],"twitter_card":"summary_large_image","twitter_misc":{"Gesch\u00e4tzte Lesezeit":"1\u00a0Minute"},"schema":{"@context":"https:\/\/schema.org","@graph":[{"@type":"WebPage","@id":"https:\/\/contractbeds.eu\/de\/produkt\/guest-box\/","url":"https:\/\/contractbeds.eu\/de\/produkt\/guest-box\/","name":"Guest BOX - Bio-Textima - Bedding, Interior, Object","isPartOf":{"@id":"https:\/\/contractbeds.eu\/de\/#website"},"primaryImageOfPage":{"@id":"https:\/\/contractbeds.eu\/de\/produkt\/guest-box\/#primaryimage"},"image":{"@id":"https:\/\/contractbeds.eu\/de\/produkt\/guest-box\/#primaryimage"},"thumbnailUrl":"https:\/\/contractbeds.eu\/wp-content\/uploads\/2026\/01\/Guest-BOX_karpitozott-szallodai-potagy_01-e1769671701407.jpg","datePublished":"2026-01-29T07:13:02+00:00","dateModified":"2026-02-05T09:28:07+00:00","breadcrumb":{"@id":"https:\/\/contractbeds.eu\/de\/produkt\/guest-box\/#breadcrumb"},"inLanguage":"de","potentialAction":[{"@type":"ReadAction","target":["https:\/\/contractbeds.eu\/de\/produkt\/guest-box\/"]}]},{"@type":"ImageObject","inLanguage":"de","@id":"https:\/\/contractbeds.eu\/de\/produkt\/guest-box\/#primaryimage","url":"https:\/\/contractbeds.eu\/wp-content\/uploads\/2026\/01\/Guest-BOX_karpitozott-szallodai-potagy_01-e1769671701407.jpg","contentUrl":"https:\/\/contractbeds.eu\/wp-content\/uploads\/2026\/01\/Guest-BOX_karpitozott-szallodai-potagy_01-e1769671701407.jpg","width":327,"height":253},{"@type":"BreadcrumbList","@id":"https:\/\/contractbeds.eu\/de\/produkt\/guest-box\/#breadcrumb","itemListElement":[{"@type":"ListItem","position":1,"name":"Startseite","item":"https:\/\/contractbeds.eu\/de\/"},{"@type":"ListItem","position":2,"name":"Produkte","item":"https:\/\/contractbeds.eu\/de\/produkte\/"},{"@type":"ListItem","position":3,"name":"Guest BOX"}]},{"@type":"WebSite","@id":"https:\/\/contractbeds.eu\/de\/#website","url":"https:\/\/contractbeds.eu\/de\/","name":"Bio-Textima H\u00e1l\u00f3szoba Manufakt\u00fara","description":"Betten und Matratzen f\u00fcr Hotels und Unterk\u00fcnfte","publisher":{"@id":"https:\/\/contractbeds.eu\/de\/#organization"},"potentialAction":[{"@type":"SearchAction","target":{"@type":"EntryPoint","urlTemplate":"https:\/\/contractbeds.eu\/de\/?s={search_term_string}"},"query-input":{"@type":"PropertyValueSpecification","valueRequired":true,"valueName":"search_term_string"}}],"inLanguage":"de"},{"@type":"Organization","@id":"https:\/\/contractbeds.eu\/de\/#organization","name":"BIO-TEXTIMA Kft.","url":"https:\/\/contractbeds.eu\/de\/","logo":{"@type":"ImageObject","inLanguage":"de","@id":"https:\/\/contractbeds.eu\/de\/#\/schema\/logo\/image\/","url":"https:\/\/contractbeds.eu\/wp-content\/uploads\/2021\/03\/biotex_logo.jpg","contentUrl":"https:\/\/contractbeds.eu\/wp-content\/uploads\/2021\/03\/biotex_logo.jpg","width":335,"height":149,"caption":"BIO-TEXTIMA Kft."},"image":{"@id":"https:\/\/contractbeds.eu\/de\/#\/schema\/logo\/image\/"}}]}},"_links":{"self":[{"href":"https:\/\/contractbeds.eu\/de\/wp-json\/wp\/v2\/product\/22971","targetHints":{"allow":["GET"]}}],"collection":[{"href":"https:\/\/contractbeds.eu\/de\/wp-json\/wp\/v2\/product"}],"about":[{"href":"https:\/\/contractbeds.eu\/de\/wp-json\/wp\/v2\/types\/product"}],"wp:featuredmedia":[{"embeddable":true,"href":"https:\/\/contractbeds.eu\/de\/wp-json\/wp\/v2\/media\/22572"}],"wp:attachment":[{"href":"https:\/\/contractbeds.eu\/de\/wp-json\/wp\/v2\/media?parent=22971"}],"wp:term":[{"taxonomy":"product_brand","embeddable":true,"href":"https:\/\/contractbeds.eu\/de\/wp-json\/wp\/v2\/product_brand?post=22971"},{"taxonomy":"product_cat","embeddable":true,"href":"https:\/\/contractbeds.eu\/de\/wp-json\/wp\/v2\/product_cat?post=22971"},{"taxonomy":"product_tag","embeddable":true,"href":"https:\/\/contractbeds.eu\/de\/wp-json\/wp\/v2\/product_tag?post=22971"}],"curies":[{"name":"wp","href":"https:\/\/api.w.org\/{rel}","templated":true}]}}