{"id":8306,"date":"2020-12-02T23:45:12","date_gmt":"2020-12-02T23:45:12","guid":{"rendered":"http:\/\/localhost\/termek\/konfiguralhato-agy\/"},"modified":"2023-09-14T12:02:33","modified_gmt":"2023-09-14T12:02:33","slug":"konfigurierbares-bett","status":"publish","type":"product","link":"https:\/\/contractbeds.eu\/de\/produkt\/konfigurierbares-bett\/","title":{"rendered":"Konfigurierbares Bett"},"content":{"rendered":"","protected":false},"excerpt":{"rendered":"<div style=\"margin-top: -10px; margin-bottom: 10px;\">Bauen Sie Ihr Bett mittels dieser Konfigurator schrittweise auf.<\/div>\n<div>\n<p>Sie k\u00f6nnen Ihre Anfrage schnell und einfach erstellen, wenn Sie wissen, welches Unterbett, Kopfteil und Matratze, eventuell einen Topper haben m\u00f6chten.<\/p>\n<\/div>\n","protected":false},"featured_media":4719,"template":"","meta":[],"product_brand":[],"product_cat":[117],"product_tag":[],"class_list":{"0":"post-8306","1":"product","2":"type-product","3":"status-publish","4":"has-post-thumbnail","6":"product_cat-konfigurierbares-bett","8":"first","9":"instock","10":"virtual","11":"purchasable","12":"product-type-composite"},"composite_layout":"paged","composite_add_to_cart_form_location":"after_summary","composite_editable_in_cart":false,"composite_sold_individually_context":"product","composite_shop_price_calc":"min_max","composite_components":[{"id":"1606952712","title":"Unterbett","description":"<p>W\u00e4hlen Sie das Unterbett aus!<\/p>\n","query_type":"category_ids","query_ids":[121],"default_option_id":"","thumbnail_id":1702,"thumbnail_src":"https:\/\/contractbeds.eu\/wp-content\/uploads\/2018\/04\/shop14_product10.jpg","quantity_min":1,"quantity_max":"","priced_individually":true,"shipped_individually":true,"optional":false,"discount":"","options_style":"thumbnails","pagination_style":"classic","display_prices":"hidden","show_sorting_options":false,"show_filtering_options":false,"attribute_filter_ids":[],"product_title_visible":true,"product_descr_visible":true,"product_price_visible":true,"product_thumb_visible":true,"subtotal_visible_product":true,"subtotal_visible_cart":true,"subtotal_visible_orders":true},{"id":"1689071794","title":"Bettbein","description":"<p>Bitte w\u00e4hlen Sie das passende Bettbein aus!<\/p>\n<p><i>(Optional. Um die Konfiguration abzuschlie\u00dfen, klicken Sie bitte oben auf 'Komplettierung und Anfrageerstellung'!)<\/i><\/p>\n","query_type":"category_ids","query_ids":[143],"default_option_id":"","thumbnail_id":"","thumbnail_src":"","quantity_min":1,"quantity_max":1,"priced_individually":true,"shipped_individually":true,"optional":true,"discount":"","options_style":"thumbnails","pagination_style":"classic","display_prices":"hidden","show_sorting_options":false,"show_filtering_options":false,"attribute_filter_ids":[],"product_title_visible":true,"product_descr_visible":true,"product_price_visible":true,"product_thumb_visible":true,"subtotal_visible_product":true,"subtotal_visible_cart":true,"subtotal_visible_orders":true},{"id":"1606952714","title":"Kopfteil","description":"<p>W\u00e4hlen Sie das Kopfteil f\u00fcr das Unterbett aus!<\/p>\n<p><i>(Optional. Um die Konfiguration abzuschlie\u00dfen, klicken Sie bitte oben auf 'Komplettierung und Anfrageerstellung'!)<\/i><\/p>\n","query_type":"category_ids","query_ids":[112],"default_option_id":"","thumbnail_id":"","thumbnail_src":"","quantity_min":1,"quantity_max":"","priced_individually":true,"shipped_individually":true,"optional":true,"discount":"","options_style":"thumbnails","pagination_style":"classic","display_prices":"hidden","show_sorting_options":false,"show_filtering_options":false,"attribute_filter_ids":[],"product_title_visible":true,"product_descr_visible":true,"product_price_visible":true,"product_thumb_visible":true,"subtotal_visible_product":true,"subtotal_visible_cart":true,"subtotal_visible_orders":true},{"id":"1606952713","title":"Matratze","description":"<p>W\u00e4hlen Sie die richtige Matratze aus!<\/p>\n<p><i>(Optional. Um die Konfiguration abzuschlie\u00dfen, klicken Sie bitte oben auf 'Komplettierung und Anfrageerstellung'!)<\/i><\/p>\n","query_type":"category_ids","query_ids":[118],"default_option_id":"","thumbnail_id":"","thumbnail_src":"","quantity_min":1,"quantity_max":2,"priced_individually":true,"shipped_individually":true,"optional":true,"discount":"","options_style":"thumbnails","pagination_style":"classic","display_prices":"hidden","show_sorting_options":false,"show_filtering_options":false,"attribute_filter_ids":[],"product_title_visible":true,"product_descr_visible":true,"product_price_visible":true,"product_thumb_visible":true,"subtotal_visible_product":true,"subtotal_visible_cart":true,"subtotal_visible_orders":true},{"id":"1689161629","title":"Matratzenschoner","description":"<p>W\u00e4hlen Sie aus unseren Matratzenschonern!<\/p>\n<p><i>(Optional. Um die Konfiguration abzuschlie\u00dfen, klicken Sie bitte oben auf 'Komplettierung und Anfrageerstellung'!)<\/i><\/p>\n","query_type":"category_ids","query_ids":[135],"default_option_id":"","thumbnail_id":"","thumbnail_src":"","quantity_min":1,"quantity_max":1,"priced_individually":true,"shipped_individually":true,"optional":true,"discount":"","options_style":"thumbnails","pagination_style":"classic","display_prices":"hidden","show_sorting_options":false,"show_filtering_options":false,"attribute_filter_ids":[],"product_title_visible":true,"product_descr_visible":true,"product_price_visible":true,"product_thumb_visible":true,"subtotal_visible_product":true,"subtotal_visible_cart":true,"subtotal_visible_orders":true},{"id":"1689083973","title":"Matratzenauflagen","description":"<p>Statt einer Bettdecke k\u00f6nnen Sie bitte eine Matratzenauflage w\u00e4hlen!<\/p>\n<p><i>(Optional. Um die Konfiguration abzuschlie\u00dfen, klicken Sie bitte oben auf 'Komplettierung und Anfrageerstellung'!)<\/i><\/p>\n","query_type":"category_ids","query_ids":[136],"default_option_id":"","thumbnail_id":"","thumbnail_src":"","quantity_min":1,"quantity_max":1,"priced_individually":true,"shipped_individually":true,"optional":true,"discount":"","options_style":"thumbnails","pagination_style":"classic","display_prices":"hidden","show_sorting_options":false,"show_filtering_options":false,"attribute_filter_ids":[],"product_title_visible":true,"product_descr_visible":true,"product_price_visible":true,"product_thumb_visible":true,"subtotal_visible_product":true,"subtotal_visible_cart":true,"subtotal_visible_orders":true},{"id":"1614960899","title":"Topper","description":"<p>Warum nicht Ihren Komfort steigern? W\u00e4hlen Sie eine Matratzenauflage!<\/p>\n<p><i>(Optional. Um die Konfiguration abzuschlie\u00dfen, klicken Sie bitte oben auf 'Komplettierung und Anfrageerstellung'!)<\/i><\/p>\n","query_type":"category_ids","query_ids":[111],"default_option_id":"","thumbnail_id":"","thumbnail_src":"","quantity_min":1,"quantity_max":"","priced_individually":true,"shipped_individually":true,"optional":true,"discount":"","options_style":"thumbnails","pagination_style":"classic","display_prices":"hidden","show_sorting_options":false,"show_filtering_options":false,"attribute_filter_ids":[],"product_title_visible":true,"product_descr_visible":true,"product_price_visible":true,"product_thumb_visible":true,"subtotal_visible_product":true,"subtotal_visible_cart":true,"subtotal_visible_orders":true},{"id":"1689161830","title":"Kissen, bettdecken","description":"<p>Vergessen Sie nicht das Kissen und die Decke!<\/p>\n<p><i>(Optional. Um die Konfiguration abzuschlie\u00dfen, klicken Sie bitte oben auf 'Komplettierung und Anfrageerstellung'!)<\/i><\/p>\n","query_type":"category_ids","query_ids":[140],"default_option_id":"","thumbnail_id":"","thumbnail_src":"","quantity_min":1,"quantity_max":1,"priced_individually":true,"shipped_individually":true,"optional":true,"discount":"","options_style":"thumbnails","pagination_style":"classic","display_prices":"hidden","show_sorting_options":false,"show_filtering_options":false,"attribute_filter_ids":[],"product_title_visible":true,"product_descr_visible":true,"product_price_visible":true,"product_thumb_visible":true,"subtotal_visible_product":true,"subtotal_visible_cart":true,"subtotal_visible_orders":true}],"composite_scenarios":[{"id":"1689841476","name":"teszt","description":"","configuration":[{"component_id":"1606952712","component_options":[14085,14089,14093],"options_modifier":"in"},{"component_id":"1689071794","component_options":[0],"options_modifier":"masked"},{"component_id":"1606952714","component_options":[0],"options_modifier":"masked"},{"component_id":"1606952713","component_options":[0],"options_modifier":"masked"},{"component_id":"1689161629","component_options":[0],"options_modifier":"masked"},{"component_id":"1689083973","component_options":[0],"options_modifier":"masked"},{"component_id":"1614960899","component_options":[0],"options_modifier":"masked"},{"component_id":"1689161830","component_options":[0],"options_modifier":"masked"}],"actions":[{"action_id":"compat_group","is_active":false,"action_data":[]},{"action_id":"conditional_components","is_active":true,"action_data":{"hidden_components":["1689071794"]}}],"enabled":true}],"yoast_head":"<!-- This site is optimized with the Yoast SEO plugin v27.0 - https:\/\/yoast.com\/product\/yoast-seo-wordpress\/ -->\n<title>Konfigurierbares Bett - Bio-Textima - Bedding, Interior, Object<\/title>\n<meta name=\"robots\" content=\"index, follow, max-snippet:-1, max-image-preview:large, max-video-preview:-1\" \/>\n<link rel=\"canonical\" href=\"https:\/\/contractbeds.eu\/de\/produkt\/konfigurierbares-bett\/\" \/>\n<meta property=\"og:locale\" content=\"de_DE\" \/>\n<meta property=\"og:type\" content=\"article\" \/>\n<meta property=\"og:title\" content=\"Konfigurierbares Bett - Bio-Textima - Bedding, Interior, Object\" \/>\n<meta property=\"og:description\" content=\"Bauen Sie Ihr Bett mittels dieser Konfigurator schrittweise auf.   Sie k\u00f6nnen Ihre Anfrage schnell und einfach erstellen, wenn Sie wissen, welches Unterbett, Kopfteil und Matratze, eventuell einen Topper haben m\u00f6chten.\" \/>\n<meta property=\"og:url\" content=\"https:\/\/contractbeds.eu\/de\/produkt\/konfigurierbares-bett\/\" \/>\n<meta property=\"og:site_name\" content=\"Bio-Textima - Bedding, Interior, Object\" \/>\n<meta property=\"article:modified_time\" content=\"2023-09-14T12:02:33+00:00\" \/>\n<meta property=\"og:image\" content=\"https:\/\/contractbeds.eu\/wp-content\/uploads\/2020\/12\/78766566_s.jpg\" \/>\n\t<meta property=\"og:image:width\" content=\"848\" \/>\n\t<meta property=\"og:image:height\" content=\"565\" \/>\n\t<meta property=\"og:image:type\" content=\"image\/jpeg\" \/>\n<meta name=\"twitter:card\" content=\"summary_large_image\" \/>\n<script type=\"application\/ld+json\" class=\"yoast-schema-graph\">{\"@context\":\"https:\/\/schema.org\",\"@graph\":[{\"@type\":\"WebPage\",\"@id\":\"https:\/\/contractbeds.eu\/de\/produkt\/konfigurierbares-bett\/\",\"url\":\"https:\/\/contractbeds.eu\/de\/produkt\/konfigurierbares-bett\/\",\"name\":\"Konfigurierbares Bett - Bio-Textima - Bedding, Interior, Object\",\"isPartOf\":{\"@id\":\"https:\/\/contractbeds.eu\/de\/#website\"},\"primaryImageOfPage\":{\"@id\":\"https:\/\/contractbeds.eu\/de\/produkt\/konfigurierbares-bett\/#primaryimage\"},\"image\":{\"@id\":\"https:\/\/contractbeds.eu\/de\/produkt\/konfigurierbares-bett\/#primaryimage\"},\"thumbnailUrl\":\"https:\/\/contractbeds.eu\/wp-content\/uploads\/2020\/12\/78766566_s.jpg\",\"datePublished\":\"2020-12-02T23:45:12+00:00\",\"dateModified\":\"2023-09-14T12:02:33+00:00\",\"breadcrumb\":{\"@id\":\"https:\/\/contractbeds.eu\/de\/produkt\/konfigurierbares-bett\/#breadcrumb\"},\"inLanguage\":\"de\",\"potentialAction\":[{\"@type\":\"ReadAction\",\"target\":[\"https:\/\/contractbeds.eu\/de\/produkt\/konfigurierbares-bett\/\"]}]},{\"@type\":\"ImageObject\",\"inLanguage\":\"de\",\"@id\":\"https:\/\/contractbeds.eu\/de\/produkt\/konfigurierbares-bett\/#primaryimage\",\"url\":\"https:\/\/contractbeds.eu\/wp-content\/uploads\/2020\/12\/78766566_s.jpg\",\"contentUrl\":\"https:\/\/contractbeds.eu\/wp-content\/uploads\/2020\/12\/78766566_s.jpg\",\"width\":848,\"height\":565,\"caption\":\"bedroom planning design\"},{\"@type\":\"BreadcrumbList\",\"@id\":\"https:\/\/contractbeds.eu\/de\/produkt\/konfigurierbares-bett\/#breadcrumb\",\"itemListElement\":[{\"@type\":\"ListItem\",\"position\":1,\"name\":\"Startseite\",\"item\":\"https:\/\/contractbeds.eu\/de\/\"},{\"@type\":\"ListItem\",\"position\":2,\"name\":\"Produkte\",\"item\":\"https:\/\/contractbeds.eu\/de\/produkte\/\"},{\"@type\":\"ListItem\",\"position\":3,\"name\":\"Konfigurierbares Bett\"}]},{\"@type\":\"WebSite\",\"@id\":\"https:\/\/contractbeds.eu\/de\/#website\",\"url\":\"https:\/\/contractbeds.eu\/de\/\",\"name\":\"Bio-Textima H\u00e1l\u00f3szoba Manufakt\u00fara\",\"description\":\"Betten und Matratzen f\u00fcr Hotels und Unterk\u00fcnfte\",\"publisher\":{\"@id\":\"https:\/\/contractbeds.eu\/de\/#organization\"},\"potentialAction\":[{\"@type\":\"SearchAction\",\"target\":{\"@type\":\"EntryPoint\",\"urlTemplate\":\"https:\/\/contractbeds.eu\/de\/?s={search_term_string}\"},\"query-input\":{\"@type\":\"PropertyValueSpecification\",\"valueRequired\":true,\"valueName\":\"search_term_string\"}}],\"inLanguage\":\"de\"},{\"@type\":\"Organization\",\"@id\":\"https:\/\/contractbeds.eu\/de\/#organization\",\"name\":\"BIO-TEXTIMA Kft.\",\"url\":\"https:\/\/contractbeds.eu\/de\/\",\"logo\":{\"@type\":\"ImageObject\",\"inLanguage\":\"de\",\"@id\":\"https:\/\/contractbeds.eu\/de\/#\/schema\/logo\/image\/\",\"url\":\"https:\/\/contractbeds.eu\/wp-content\/uploads\/2021\/03\/biotex_logo.jpg\",\"contentUrl\":\"https:\/\/contractbeds.eu\/wp-content\/uploads\/2021\/03\/biotex_logo.jpg\",\"width\":335,\"height\":149,\"caption\":\"BIO-TEXTIMA Kft.\"},\"image\":{\"@id\":\"https:\/\/contractbeds.eu\/de\/#\/schema\/logo\/image\/\"}}]}<\/script>\n<!-- \/ Yoast SEO plugin. -->","yoast_head_json":{"title":"Konfigurierbares Bett - Bio-Textima - Bedding, Interior, Object","robots":{"index":"index","follow":"follow","max-snippet":"max-snippet:-1","max-image-preview":"max-image-preview:large","max-video-preview":"max-video-preview:-1"},"canonical":"https:\/\/contractbeds.eu\/de\/produkt\/konfigurierbares-bett\/","og_locale":"de_DE","og_type":"article","og_title":"Konfigurierbares Bett - Bio-Textima - Bedding, Interior, Object","og_description":"Bauen Sie Ihr Bett mittels dieser Konfigurator schrittweise auf.   Sie k\u00f6nnen Ihre Anfrage schnell und einfach erstellen, wenn Sie wissen, welches Unterbett, Kopfteil und Matratze, eventuell einen Topper haben m\u00f6chten.","og_url":"https:\/\/contractbeds.eu\/de\/produkt\/konfigurierbares-bett\/","og_site_name":"Bio-Textima - Bedding, Interior, Object","article_modified_time":"2023-09-14T12:02:33+00:00","og_image":[{"width":848,"height":565,"url":"https:\/\/contractbeds.eu\/wp-content\/uploads\/2020\/12\/78766566_s.jpg","type":"image\/jpeg"}],"twitter_card":"summary_large_image","schema":{"@context":"https:\/\/schema.org","@graph":[{"@type":"WebPage","@id":"https:\/\/contractbeds.eu\/de\/produkt\/konfigurierbares-bett\/","url":"https:\/\/contractbeds.eu\/de\/produkt\/konfigurierbares-bett\/","name":"Konfigurierbares Bett - Bio-Textima - Bedding, Interior, Object","isPartOf":{"@id":"https:\/\/contractbeds.eu\/de\/#website"},"primaryImageOfPage":{"@id":"https:\/\/contractbeds.eu\/de\/produkt\/konfigurierbares-bett\/#primaryimage"},"image":{"@id":"https:\/\/contractbeds.eu\/de\/produkt\/konfigurierbares-bett\/#primaryimage"},"thumbnailUrl":"https:\/\/contractbeds.eu\/wp-content\/uploads\/2020\/12\/78766566_s.jpg","datePublished":"2020-12-02T23:45:12+00:00","dateModified":"2023-09-14T12:02:33+00:00","breadcrumb":{"@id":"https:\/\/contractbeds.eu\/de\/produkt\/konfigurierbares-bett\/#breadcrumb"},"inLanguage":"de","potentialAction":[{"@type":"ReadAction","target":["https:\/\/contractbeds.eu\/de\/produkt\/konfigurierbares-bett\/"]}]},{"@type":"ImageObject","inLanguage":"de","@id":"https:\/\/contractbeds.eu\/de\/produkt\/konfigurierbares-bett\/#primaryimage","url":"https:\/\/contractbeds.eu\/wp-content\/uploads\/2020\/12\/78766566_s.jpg","contentUrl":"https:\/\/contractbeds.eu\/wp-content\/uploads\/2020\/12\/78766566_s.jpg","width":848,"height":565,"caption":"bedroom planning design"},{"@type":"BreadcrumbList","@id":"https:\/\/contractbeds.eu\/de\/produkt\/konfigurierbares-bett\/#breadcrumb","itemListElement":[{"@type":"ListItem","position":1,"name":"Startseite","item":"https:\/\/contractbeds.eu\/de\/"},{"@type":"ListItem","position":2,"name":"Produkte","item":"https:\/\/contractbeds.eu\/de\/produkte\/"},{"@type":"ListItem","position":3,"name":"Konfigurierbares Bett"}]},{"@type":"WebSite","@id":"https:\/\/contractbeds.eu\/de\/#website","url":"https:\/\/contractbeds.eu\/de\/","name":"Bio-Textima H\u00e1l\u00f3szoba Manufakt\u00fara","description":"Betten und Matratzen f\u00fcr Hotels und Unterk\u00fcnfte","publisher":{"@id":"https:\/\/contractbeds.eu\/de\/#organization"},"potentialAction":[{"@type":"SearchAction","target":{"@type":"EntryPoint","urlTemplate":"https:\/\/contractbeds.eu\/de\/?s={search_term_string}"},"query-input":{"@type":"PropertyValueSpecification","valueRequired":true,"valueName":"search_term_string"}}],"inLanguage":"de"},{"@type":"Organization","@id":"https:\/\/contractbeds.eu\/de\/#organization","name":"BIO-TEXTIMA Kft.","url":"https:\/\/contractbeds.eu\/de\/","logo":{"@type":"ImageObject","inLanguage":"de","@id":"https:\/\/contractbeds.eu\/de\/#\/schema\/logo\/image\/","url":"https:\/\/contractbeds.eu\/wp-content\/uploads\/2021\/03\/biotex_logo.jpg","contentUrl":"https:\/\/contractbeds.eu\/wp-content\/uploads\/2021\/03\/biotex_logo.jpg","width":335,"height":149,"caption":"BIO-TEXTIMA Kft."},"image":{"@id":"https:\/\/contractbeds.eu\/de\/#\/schema\/logo\/image\/"}}]}},"_links":{"self":[{"href":"https:\/\/contractbeds.eu\/de\/wp-json\/wp\/v2\/product\/8306","targetHints":{"allow":["GET"]}}],"collection":[{"href":"https:\/\/contractbeds.eu\/de\/wp-json\/wp\/v2\/product"}],"about":[{"href":"https:\/\/contractbeds.eu\/de\/wp-json\/wp\/v2\/types\/product"}],"wp:featuredmedia":[{"embeddable":true,"href":"https:\/\/contractbeds.eu\/de\/wp-json\/wp\/v2\/media\/4719"}],"wp:attachment":[{"href":"https:\/\/contractbeds.eu\/de\/wp-json\/wp\/v2\/media?parent=8306"}],"wp:term":[{"taxonomy":"product_brand","embeddable":true,"href":"https:\/\/contractbeds.eu\/de\/wp-json\/wp\/v2\/product_brand?post=8306"},{"taxonomy":"product_cat","embeddable":true,"href":"https:\/\/contractbeds.eu\/de\/wp-json\/wp\/v2\/product_cat?post=8306"},{"taxonomy":"product_tag","embeddable":true,"href":"https:\/\/contractbeds.eu\/de\/wp-json\/wp\/v2\/product_tag?post=8306"}],"curies":[{"name":"wp","href":"https:\/\/api.w.org\/{rel}","templated":true}]}}