{"id":10779,"date":"2023-07-12T15:06:28","date_gmt":"2023-07-12T15:06:28","guid":{"rendered":"https:\/\/contractbeds.eu\/egyedi-gyartas-2\/"},"modified":"2025-02-24T13:17:03","modified_gmt":"2025-02-24T13:17:03","slug":"delivery-used-mattresses","status":"publish","type":"page","link":"https:\/\/contractbeds.eu\/en\/delivery-used-mattresses\/","title":{"rendered":"Transportation of used mattresses"},"content":{"rendered":"\t\t<div data-elementor-type=\"wp-page\" data-elementor-id=\"10779\" class=\"elementor elementor-10779 elementor-10726\">\n\t\t\t\t\t\t<section class=\"elementor-section elementor-top-section elementor-element elementor-element-9d39e8f elementor-section-boxed elementor-section-height-default elementor-section-height-default\" data-id=\"9d39e8f\" data-element_type=\"section\" data-e-type=\"section\" data-settings=\"{&quot;background_background&quot;:&quot;classic&quot;}\">\r\n\t\t\r\n\t\t\t\t\t\t\t<div class=\"elementor-container elementor-column-gap-default\">\r\n\t\t\t\t\t\t\t\t\t\t\t<div class=\"elementor-column elementor-col-100 elementor-top-column elementor-element elementor-element-7f1387a\" data-id=\"7f1387a\" data-element_type=\"column\" data-e-type=\"column\">\r\n\t\t\t\t\t<div class=\"elementor-widget-wrap elementor-element-populated\">\r\n\t\t\t\t\t\t\t\t<div class=\"elementor-element elementor-element-ee085c1 elementor-widget elementor-widget-heading\" data-id=\"ee085c1\" data-element_type=\"widget\" data-e-type=\"widget\" data-widget_type=\"heading.default\">\n\t\t\t\t<div class=\"elementor-widget-container\">\n\t\t\t\t\t<h2 class=\"elementor-heading-title elementor-size-default\">Transportation of used mattresses<\/h2>\t\t\t\t<\/div>\n\t\t\t\t<\/div>\n\t\t\t\t\t<\/div>\r\n\t\t\t\t<\/div>\r\n\t\t\t\t\t<\/div>\r\n\t\t\t\t<\/section>\r\n\t\t\t\t<section class=\"elementor-section elementor-top-section elementor-element elementor-element-fd7616d elementor-section-boxed elementor-section-height-default elementor-section-height-default\" data-id=\"fd7616d\" data-element_type=\"section\" data-e-type=\"section\">\r\n\t\t\r\n\t\t\t\t\t\t\t<div class=\"elementor-container elementor-column-gap-default\">\r\n\t\t\t\t\t\t\t\t\t\t\t<div class=\"elementor-column elementor-col-50 elementor-top-column elementor-element elementor-element-0a44d63\" data-id=\"0a44d63\" data-element_type=\"column\" data-e-type=\"column\">\r\n\t\t\t\t\t<div class=\"elementor-widget-wrap elementor-element-populated\">\r\n\t\t\t\t\t\t\t\t<div class=\"elementor-element elementor-element-bc59573 elementor-widget elementor-widget-text-editor\" data-id=\"bc59573\" data-element_type=\"widget\" data-e-type=\"widget\" data-widget_type=\"text-editor.default\">\n\t\t\t\t<div class=\"elementor-widget-container\">\n\t\t\t\t\t\t\t\t\t<p>If the removal of old mattresses to be replaced causes difficulties, please request our offer! For the recycling of generated waste and the secondary usage of mattresses still possessing utility value, we have developed a program that offers cost-effective and environmentally friendly solutions to our clients. For details, please inquire with our colleagues!<\/p>\n\t\t\t\t\t\t\t\t<\/div>\n\t\t\t\t<\/div>\n\t\t\t\t\t<\/div>\r\n\t\t\t\t<\/div>\r\n\t\t\t\t<div class=\"elementor-column elementor-col-50 elementor-top-column elementor-element elementor-element-54bfed4\" data-id=\"54bfed4\" data-element_type=\"column\" data-e-type=\"column\">\r\n\t\t\t\t\t<div class=\"elementor-widget-wrap elementor-element-populated\">\r\n\t\t\t\t\t\t\t\t<div class=\"elementor-element elementor-element-36df227 elementor-widget elementor-widget-image\" data-id=\"36df227\" data-element_type=\"widget\" data-e-type=\"widget\" data-widget_type=\"image.default\">\n\t\t\t\t<div class=\"elementor-widget-container\">\n\t\t\t\t\t\t\t\t\t\t\t\t\t\t\t<img fetchpriority=\"high\" decoding=\"async\" width=\"1024\" height=\"683\" src=\"https:\/\/contractbeds.eu\/wp-content\/uploads\/2023\/08\/31228828_m-1024x683.jpg\" class=\"attachment-large size-large wp-image-13534\" alt=\"matrac\" srcset=\"https:\/\/contractbeds.eu\/wp-content\/uploads\/2023\/08\/31228828_m-1024x683.jpg 1024w, https:\/\/contractbeds.eu\/wp-content\/uploads\/2023\/08\/31228828_m-768x513.jpg 768w, https:\/\/contractbeds.eu\/wp-content\/uploads\/2023\/08\/31228828_m-640x427.jpg 640w, https:\/\/contractbeds.eu\/wp-content\/uploads\/2023\/08\/31228828_m-400x267.jpg 400w, https:\/\/contractbeds.eu\/wp-content\/uploads\/2023\/08\/31228828_m-367x245.jpg 367w, https:\/\/contractbeds.eu\/wp-content\/uploads\/2023\/08\/31228828_m-600x400.jpg 600w\" sizes=\"(max-width: 1024px) 100vw, 1024px\" \/>\t\t\t\t\t\t\t\t\t\t\t\t\t\t\t<\/div>\n\t\t\t\t<\/div>\n\t\t\t\t\t<\/div>\r\n\t\t\t\t<\/div>\r\n\t\t\t\t\t<\/div>\r\n\t\t\t\t<\/section>\r\n\t\t\t\t<section class=\"elementor-section elementor-top-section elementor-element elementor-element-1bb1f8d elementor-section-boxed elementor-section-height-default elementor-section-height-default\" data-id=\"1bb1f8d\" data-element_type=\"section\" data-e-type=\"section\">\r\n\t\t\r\n\t\t\t\t\t\t\t<div class=\"elementor-container elementor-column-gap-default\">\r\n\t\t\t\t\t\t\t\t\t\t\t<div class=\"elementor-column elementor-col-100 elementor-top-column elementor-element elementor-element-eed40dd\" data-id=\"eed40dd\" data-element_type=\"column\" data-e-type=\"column\">\r\n\t\t\t\t\t<div class=\"elementor-widget-wrap elementor-element-populated\">\r\n\t\t\t\t\t\t\t\t\t<\/div>\r\n\t\t\t\t<\/div>\r\n\t\t\t\t\t<\/div>\r\n\t\t\t\t<\/section>\r\n\t\t\t\t<section class=\"elementor-section elementor-top-section elementor-element elementor-element-e696012 elementor-section-boxed elementor-section-height-default elementor-section-height-default\" data-id=\"e696012\" data-element_type=\"section\" data-e-type=\"section\">\r\n\t\t\r\n\t\t\t\t\t\t\t<div class=\"elementor-container elementor-column-gap-default\">\r\n\t\t\t\t\t\t\t\t\t\t\t<div class=\"elementor-column elementor-col-100 elementor-top-column elementor-element elementor-element-eff42a5\" data-id=\"eff42a5\" data-element_type=\"column\" data-e-type=\"column\">\r\n\t\t\t\t\t<div class=\"elementor-widget-wrap elementor-element-populated\">\r\n\t\t\t\t\t\t\t\t<div class=\"elementor-element elementor-element-fe7739e elementor-widget elementor-widget-spacer\" data-id=\"fe7739e\" data-element_type=\"widget\" data-e-type=\"widget\" data-widget_type=\"spacer.default\">\n\t\t\t\t<div class=\"elementor-widget-container\">\n\t\t\t\t\t\t\t<div class=\"elementor-spacer\">\n\t\t\t<div class=\"elementor-spacer-inner\"><\/div>\n\t\t<\/div>\n\t\t\t\t\t\t<\/div>\n\t\t\t\t<\/div>\n\t\t\t\t\t<\/div>\r\n\t\t\t\t<\/div>\r\n\t\t\t\t\t<\/div>\r\n\t\t\t\t<\/section>\r\n\t\t\t\t<section class=\"elementor-section elementor-top-section elementor-element elementor-element-eb9a0bf elementor-section-boxed elementor-section-height-default elementor-section-height-default\" data-id=\"eb9a0bf\" data-element_type=\"section\" data-e-type=\"section\">\r\n\t\t\r\n\t\t\t\t\t\t\t<div class=\"elementor-container elementor-column-gap-default\">\r\n\t\t\t\t\t\t\t\t\t\t\t<div class=\"elementor-column elementor-col-100 elementor-top-column elementor-element elementor-element-5f37ca9\" data-id=\"5f37ca9\" data-element_type=\"column\" data-e-type=\"column\">\r\n\t\t\t\t\t<div class=\"elementor-widget-wrap elementor-element-populated\">\r\n\t\t\t\t\t\t\t\t\t<\/div>\r\n\t\t\t\t<\/div>\r\n\t\t\t\t\t<\/div>\r\n\t\t\t\t<\/section>\r\n\t\t\t\t<section class=\"elementor-section elementor-top-section elementor-element elementor-element-ed02325 elementor-section-boxed elementor-section-height-default elementor-section-height-default\" data-id=\"ed02325\" data-element_type=\"section\" data-e-type=\"section\" data-settings=\"{&quot;background_background&quot;:&quot;classic&quot;}\">\r\n\t\t\t\t\t\t<div class=\"elementor-background-overlay\"><\/div>\r\n\t\t\t\r\n\t\t\t\t\t\t\t<div class=\"elementor-container elementor-column-gap-default\">\r\n\t\t\t\t\t\t\t\t\t\t\t<div class=\"elementor-column elementor-col-100 elementor-top-column elementor-element elementor-element-cd63f06\" data-id=\"cd63f06\" data-element_type=\"column\" data-e-type=\"column\">\r\n\t\t\t\t\t<div class=\"elementor-widget-wrap elementor-element-populated\">\r\n\t\t\t\t\t\t\t\t<div class=\"elementor-element elementor-element-11e7ec6 elementor-widget elementor-widget-heading\" data-id=\"11e7ec6\" data-element_type=\"widget\" data-e-type=\"widget\" data-widget_type=\"heading.default\">\n\t\t\t\t<div class=\"elementor-widget-container\">\n\t\t\t\t\t<h2 class=\"elementor-heading-title elementor-size-default\">Can we help?<\/h2>\t\t\t\t<\/div>\n\t\t\t\t<\/div>\n\t\t\t\t<div class=\"elementor-element elementor-element-9d73468 p-no-margin elementor-widget__width-initial elementor-widget-mobile__width-inherit elementor-widget elementor-widget-text-editor\" data-id=\"9d73468\" data-element_type=\"widget\" data-e-type=\"widget\" data-widget_type=\"text-editor.default\">\n\t\t\t\t<div class=\"elementor-widget-container\">\n\t\t\t\t\t\t\t\t\t<p>Feel free to contact us with your inquiries, requests for quotes, and ideas!<\/p>\t\t\t\t\t\t\t\t<\/div>\n\t\t\t\t<\/div>\n\t\t\t\t<div class=\"elementor-element elementor-element-566aadb elementor-align-center elementor-widget__width-initial elementor-widget-mobile__width-inherit elementor-widget elementor-widget-button\" data-id=\"566aadb\" data-element_type=\"widget\" data-e-type=\"widget\" data-widget_type=\"button.default\">\n\t\t\t\t<div class=\"elementor-widget-container\">\n\t\t\t\t\t\t\t\t\t<div class=\"elementor-button-wrapper\">\n\t\t\t\t\t<a class=\"elementor-button elementor-button-link elementor-size-sm\" href=\"https:\/\/contractbeds.eu\/en\/contact\/\">\n\t\t\t\t\t\t<span class=\"elementor-button-content-wrapper\">\n\t\t\t\t\t\t\t\t\t<span class=\"elementor-button-text\">Contact<\/span>\n\t\t\t\t\t<\/span>\n\t\t\t\t\t<\/a>\n\t\t\t\t<\/div>\n\t\t\t\t\t\t\t\t<\/div>\n\t\t\t\t<\/div>\n\t\t\t\t\t<\/div>\r\n\t\t\t\t<\/div>\r\n\t\t\t\t\t<\/div>\r\n\t\t\t\t<\/section>\r\n\t\t\t\t<\/div>\n\t\t","protected":false},"excerpt":{"rendered":"<p>Transportation of used mattresses If the removal of old mattresses to be replaced causes difficulties, please request our offer! For the recycling of generated waste and the secondary usage of mattresses still possessing utility value, we have developed a program that offers cost-effective and environmentally friendly solutions to our clients. For details, please inquire with [&hellip;]<\/p>\n","protected":false},"author":2,"featured_media":0,"parent":0,"menu_order":0,"comment_status":"closed","ping_status":"closed","template":"","meta":{"footnotes":""},"class_list":["post-10779","page","type-page","status-publish","hentry"],"yoast_head":"<!-- This site is optimized with the Yoast SEO plugin v27.0 - https:\/\/yoast.com\/product\/yoast-seo-wordpress\/ -->\n<title>Transportation of used mattresses - Bio-Textima - Bedding, Interior, Object<\/title>\n<meta name=\"robots\" content=\"index, follow, max-snippet:-1, max-image-preview:large, max-video-preview:-1\" \/>\n<link rel=\"canonical\" href=\"https:\/\/contractbeds.eu\/en\/delivery-used-mattresses\/\" \/>\n<meta property=\"og:locale\" content=\"en_US\" \/>\n<meta property=\"og:type\" content=\"article\" \/>\n<meta property=\"og:title\" content=\"Transportation of used mattresses - Bio-Textima - Bedding, Interior, Object\" \/>\n<meta property=\"og:description\" content=\"Transportation of used mattresses If the removal of old mattresses to be replaced causes difficulties, please request our offer! For the recycling of generated waste and the secondary usage of mattresses still possessing utility value, we have developed a program that offers cost-effective and environmentally friendly solutions to our clients. For details, please inquire with [&hellip;]\" \/>\n<meta property=\"og:url\" content=\"https:\/\/contractbeds.eu\/en\/delivery-used-mattresses\/\" \/>\n<meta property=\"og:site_name\" content=\"Bio-Textima - Bedding, Interior, Object\" \/>\n<meta property=\"article:modified_time\" content=\"2025-02-24T13:17:03+00:00\" \/>\n<meta property=\"og:image\" content=\"https:\/\/contractbeds.eu\/wp-content\/uploads\/2023\/08\/31228828_m.jpg\" \/>\n\t<meta property=\"og:image:width\" content=\"2507\" \/>\n\t<meta property=\"og:image:height\" content=\"1673\" \/>\n\t<meta property=\"og:image:type\" content=\"image\/jpeg\" \/>\n<meta name=\"twitter:card\" content=\"summary_large_image\" \/>\n<meta name=\"twitter:label1\" content=\"Est. reading time\" \/>\n\t<meta name=\"twitter:data1\" content=\"1 minute\" \/>\n<script type=\"application\/ld+json\" class=\"yoast-schema-graph\">{\"@context\":\"https:\/\/schema.org\",\"@graph\":[{\"@type\":\"WebPage\",\"@id\":\"https:\/\/contractbeds.eu\/en\/delivery-used-mattresses\/\",\"url\":\"https:\/\/contractbeds.eu\/en\/delivery-used-mattresses\/\",\"name\":\"Transportation of used mattresses - Bio-Textima - Bedding, Interior, Object\",\"isPartOf\":{\"@id\":\"https:\/\/contractbeds.eu\/en\/#website\"},\"primaryImageOfPage\":{\"@id\":\"https:\/\/contractbeds.eu\/en\/delivery-used-mattresses\/#primaryimage\"},\"image\":{\"@id\":\"https:\/\/contractbeds.eu\/en\/delivery-used-mattresses\/#primaryimage\"},\"thumbnailUrl\":\"https:\/\/contractbeds.eu\/wp-content\/uploads\/2023\/08\/31228828_m-1024x683.jpg\",\"datePublished\":\"2023-07-12T15:06:28+00:00\",\"dateModified\":\"2025-02-24T13:17:03+00:00\",\"breadcrumb\":{\"@id\":\"https:\/\/contractbeds.eu\/en\/delivery-used-mattresses\/#breadcrumb\"},\"inLanguage\":\"en-US\",\"potentialAction\":[{\"@type\":\"ReadAction\",\"target\":[\"https:\/\/contractbeds.eu\/en\/delivery-used-mattresses\/\"]}]},{\"@type\":\"ImageObject\",\"inLanguage\":\"en-US\",\"@id\":\"https:\/\/contractbeds.eu\/en\/delivery-used-mattresses\/#primaryimage\",\"url\":\"https:\/\/contractbeds.eu\/wp-content\/uploads\/2023\/08\/31228828_m-1024x683.jpg\",\"contentUrl\":\"https:\/\/contractbeds.eu\/wp-content\/uploads\/2023\/08\/31228828_m-1024x683.jpg\"},{\"@type\":\"BreadcrumbList\",\"@id\":\"https:\/\/contractbeds.eu\/en\/delivery-used-mattresses\/#breadcrumb\",\"itemListElement\":[{\"@type\":\"ListItem\",\"position\":1,\"name\":\"Homepage\",\"item\":\"https:\/\/contractbeds.eu\/en\/\"},{\"@type\":\"ListItem\",\"position\":2,\"name\":\"Transportation of used mattresses\"}]},{\"@type\":\"WebSite\",\"@id\":\"https:\/\/contractbeds.eu\/en\/#website\",\"url\":\"https:\/\/contractbeds.eu\/en\/\",\"name\":\"Bio-Textima H\u00e1l\u00f3szoba Manufakt\u00fara\",\"description\":\"beds, mattresses - for hotels, accommodations\",\"publisher\":{\"@id\":\"https:\/\/contractbeds.eu\/en\/#organization\"},\"potentialAction\":[{\"@type\":\"SearchAction\",\"target\":{\"@type\":\"EntryPoint\",\"urlTemplate\":\"https:\/\/contractbeds.eu\/en\/?s={search_term_string}\"},\"query-input\":{\"@type\":\"PropertyValueSpecification\",\"valueRequired\":true,\"valueName\":\"search_term_string\"}}],\"inLanguage\":\"en-US\"},{\"@type\":\"Organization\",\"@id\":\"https:\/\/contractbeds.eu\/en\/#organization\",\"name\":\"BIO-TEXTIMA Kft.\",\"url\":\"https:\/\/contractbeds.eu\/en\/\",\"logo\":{\"@type\":\"ImageObject\",\"inLanguage\":\"en-US\",\"@id\":\"https:\/\/contractbeds.eu\/en\/#\/schema\/logo\/image\/\",\"url\":\"https:\/\/contractbeds.eu\/wp-content\/uploads\/2021\/03\/biotex_logo.jpg\",\"contentUrl\":\"https:\/\/contractbeds.eu\/wp-content\/uploads\/2021\/03\/biotex_logo.jpg\",\"width\":335,\"height\":149,\"caption\":\"BIO-TEXTIMA Kft.\"},\"image\":{\"@id\":\"https:\/\/contractbeds.eu\/en\/#\/schema\/logo\/image\/\"}}]}<\/script>\n<!-- \/ Yoast SEO plugin. -->","yoast_head_json":{"title":"Transportation of used mattresses - Bio-Textima - Bedding, Interior, Object","robots":{"index":"index","follow":"follow","max-snippet":"max-snippet:-1","max-image-preview":"max-image-preview:large","max-video-preview":"max-video-preview:-1"},"canonical":"https:\/\/contractbeds.eu\/en\/delivery-used-mattresses\/","og_locale":"en_US","og_type":"article","og_title":"Transportation of used mattresses - Bio-Textima - Bedding, Interior, Object","og_description":"Transportation of used mattresses If the removal of old mattresses to be replaced causes difficulties, please request our offer! For the recycling of generated waste and the secondary usage of mattresses still possessing utility value, we have developed a program that offers cost-effective and environmentally friendly solutions to our clients. For details, please inquire with [&hellip;]","og_url":"https:\/\/contractbeds.eu\/en\/delivery-used-mattresses\/","og_site_name":"Bio-Textima - Bedding, Interior, Object","article_modified_time":"2025-02-24T13:17:03+00:00","og_image":[{"width":2507,"height":1673,"url":"https:\/\/contractbeds.eu\/wp-content\/uploads\/2023\/08\/31228828_m.jpg","type":"image\/jpeg"}],"twitter_card":"summary_large_image","twitter_misc":{"Est. reading time":"1 minute"},"schema":{"@context":"https:\/\/schema.org","@graph":[{"@type":"WebPage","@id":"https:\/\/contractbeds.eu\/en\/delivery-used-mattresses\/","url":"https:\/\/contractbeds.eu\/en\/delivery-used-mattresses\/","name":"Transportation of used mattresses - Bio-Textima - Bedding, Interior, Object","isPartOf":{"@id":"https:\/\/contractbeds.eu\/en\/#website"},"primaryImageOfPage":{"@id":"https:\/\/contractbeds.eu\/en\/delivery-used-mattresses\/#primaryimage"},"image":{"@id":"https:\/\/contractbeds.eu\/en\/delivery-used-mattresses\/#primaryimage"},"thumbnailUrl":"https:\/\/contractbeds.eu\/wp-content\/uploads\/2023\/08\/31228828_m-1024x683.jpg","datePublished":"2023-07-12T15:06:28+00:00","dateModified":"2025-02-24T13:17:03+00:00","breadcrumb":{"@id":"https:\/\/contractbeds.eu\/en\/delivery-used-mattresses\/#breadcrumb"},"inLanguage":"en-US","potentialAction":[{"@type":"ReadAction","target":["https:\/\/contractbeds.eu\/en\/delivery-used-mattresses\/"]}]},{"@type":"ImageObject","inLanguage":"en-US","@id":"https:\/\/contractbeds.eu\/en\/delivery-used-mattresses\/#primaryimage","url":"https:\/\/contractbeds.eu\/wp-content\/uploads\/2023\/08\/31228828_m-1024x683.jpg","contentUrl":"https:\/\/contractbeds.eu\/wp-content\/uploads\/2023\/08\/31228828_m-1024x683.jpg"},{"@type":"BreadcrumbList","@id":"https:\/\/contractbeds.eu\/en\/delivery-used-mattresses\/#breadcrumb","itemListElement":[{"@type":"ListItem","position":1,"name":"Homepage","item":"https:\/\/contractbeds.eu\/en\/"},{"@type":"ListItem","position":2,"name":"Transportation of used mattresses"}]},{"@type":"WebSite","@id":"https:\/\/contractbeds.eu\/en\/#website","url":"https:\/\/contractbeds.eu\/en\/","name":"Bio-Textima H\u00e1l\u00f3szoba Manufakt\u00fara","description":"beds, mattresses - for hotels, accommodations","publisher":{"@id":"https:\/\/contractbeds.eu\/en\/#organization"},"potentialAction":[{"@type":"SearchAction","target":{"@type":"EntryPoint","urlTemplate":"https:\/\/contractbeds.eu\/en\/?s={search_term_string}"},"query-input":{"@type":"PropertyValueSpecification","valueRequired":true,"valueName":"search_term_string"}}],"inLanguage":"en-US"},{"@type":"Organization","@id":"https:\/\/contractbeds.eu\/en\/#organization","name":"BIO-TEXTIMA Kft.","url":"https:\/\/contractbeds.eu\/en\/","logo":{"@type":"ImageObject","inLanguage":"en-US","@id":"https:\/\/contractbeds.eu\/en\/#\/schema\/logo\/image\/","url":"https:\/\/contractbeds.eu\/wp-content\/uploads\/2021\/03\/biotex_logo.jpg","contentUrl":"https:\/\/contractbeds.eu\/wp-content\/uploads\/2021\/03\/biotex_logo.jpg","width":335,"height":149,"caption":"BIO-TEXTIMA Kft."},"image":{"@id":"https:\/\/contractbeds.eu\/en\/#\/schema\/logo\/image\/"}}]}},"_links":{"self":[{"href":"https:\/\/contractbeds.eu\/en\/wp-json\/wp\/v2\/pages\/10779","targetHints":{"allow":["GET"]}}],"collection":[{"href":"https:\/\/contractbeds.eu\/en\/wp-json\/wp\/v2\/pages"}],"about":[{"href":"https:\/\/contractbeds.eu\/en\/wp-json\/wp\/v2\/types\/page"}],"author":[{"embeddable":true,"href":"https:\/\/contractbeds.eu\/en\/wp-json\/wp\/v2\/users\/2"}],"replies":[{"embeddable":true,"href":"https:\/\/contractbeds.eu\/en\/wp-json\/wp\/v2\/comments?post=10779"}],"version-history":[{"count":24,"href":"https:\/\/contractbeds.eu\/en\/wp-json\/wp\/v2\/pages\/10779\/revisions"}],"predecessor-version":[{"id":21265,"href":"https:\/\/contractbeds.eu\/en\/wp-json\/wp\/v2\/pages\/10779\/revisions\/21265"}],"wp:attachment":[{"href":"https:\/\/contractbeds.eu\/en\/wp-json\/wp\/v2\/media?parent=10779"}],"curies":[{"name":"wp","href":"https:\/\/api.w.org\/{rel}","templated":true}]}}