{"id":16884,"date":"2024-04-17T05:22:24","date_gmt":"2024-04-17T05:22:24","guid":{"rendered":"https:\/\/contractbeds.eu\/?page_id=16884"},"modified":"2024-04-17T05:23:31","modified_gmt":"2024-04-17T05:23:31","slug":"impressum","status":"publish","type":"page","link":"https:\/\/contractbeds.eu\/en\/impressum\/","title":{"rendered":"Impressum"},"content":{"rendered":"\n<h2 class=\"wp-block-heading\">Impressum<\/h2>\n\n\n\n<p><\/p>\n\n\n\n<p><strong>Company name<\/strong>:\u00a0Bio-Textima Kft.<br><strong>Headquarters<\/strong>: Ipar\u00a0u. 1., 9167 B\u0151s\u00e1rk\u00e1ny, Hungary<br><strong>Tel<\/strong>.: +36 96 271\u00a0259<br><strong>Email<\/strong>: info [at]\u00a0<a href=\"http:\/\/bio-textima.hu\/\" target=\"_blank\" rel=\"noreferrer noopener\">bio-textima.hu<\/a><br><strong>Tax number<\/strong>:\u00a011131841-2-08<br><strong>Company registration\u00a0number<\/strong>: 08 09 003818<br><strong>Registry court<\/strong>:\u00a0Gy\u0151r Company Court<br><strong>Chamber of\u00a0Commerce<\/strong>: Chamber of Commerce and Industry of Gy\u0151r-Moson-Sopron County<br><strong>Hosting provider<\/strong>:\u00a0Different Fejleszt\u0151 Kft.<br><strong>Location<\/strong>: Ap\u00e1ca u.\u00a051., 9022 Gy\u0151r, Hungary<br><strong>Email address<\/strong>: hello [at]\u00a0<a href=\"http:\/\/different.hu\/\" target=\"_blank\" rel=\"noreferrer noopener\">different.hu<\/a><br><strong>Photos<\/strong>:\u00a0<a href=\"http:\/\/123rf.com\/\" target=\"_blank\" rel=\"noreferrer noopener\">123rf.com<\/a><\/p>\n","protected":false},"excerpt":{"rendered":"<p>Impressum Company name:\u00a0Bio-Textima Kft.Headquarters: Ipar\u00a0u. 1., 9167 B\u0151s\u00e1rk\u00e1ny, HungaryTel.: +36 96 271\u00a0259Email: info [at]\u00a0bio-textima.huTax number:\u00a011131841-2-08Company registration\u00a0number: 08 09 003818Registry court:\u00a0Gy\u0151r Company CourtChamber of\u00a0Commerce: Chamber of Commerce and Industry of Gy\u0151r-Moson-Sopron CountyHosting provider:\u00a0Different Fejleszt\u0151 Kft.Location: Ap\u00e1ca u.\u00a051., 9022 Gy\u0151r, HungaryEmail address: hello [at]\u00a0different.huPhotos:\u00a0123rf.com<\/p>\n","protected":false},"author":3,"featured_media":0,"parent":0,"menu_order":0,"comment_status":"closed","ping_status":"closed","template":"","meta":{"footnotes":""},"class_list":["post-16884","page","type-page","status-publish","hentry"],"yoast_head":"<!-- This site is optimized with the Yoast SEO plugin v27.0 - https:\/\/yoast.com\/product\/yoast-seo-wordpress\/ -->\n<title>Impressum - Bio-Textima - Bedding, Interior, Object<\/title>\n<meta name=\"robots\" content=\"index, follow, max-snippet:-1, max-image-preview:large, max-video-preview:-1\" \/>\n<link rel=\"canonical\" href=\"https:\/\/contractbeds.eu\/en\/impressum\/\" \/>\n<meta property=\"og:locale\" content=\"en_US\" \/>\n<meta property=\"og:type\" content=\"article\" \/>\n<meta property=\"og:title\" content=\"Impressum - Bio-Textima - Bedding, Interior, Object\" \/>\n<meta property=\"og:description\" content=\"Impressum Company name:\u00a0Bio-Textima Kft.Headquarters: Ipar\u00a0u. 1., 9167 B\u0151s\u00e1rk\u00e1ny, HungaryTel.: +36 96 271\u00a0259Email: info [at]\u00a0bio-textima.huTax number:\u00a011131841-2-08Company registration\u00a0number: 08 09 003818Registry court:\u00a0Gy\u0151r Company CourtChamber of\u00a0Commerce: Chamber of Commerce and Industry of Gy\u0151r-Moson-Sopron CountyHosting provider:\u00a0Different Fejleszt\u0151 Kft.Location: Ap\u00e1ca u.\u00a051., 9022 Gy\u0151r, HungaryEmail address: hello [at]\u00a0different.huPhotos:\u00a0123rf.com\" \/>\n<meta property=\"og:url\" content=\"https:\/\/contractbeds.eu\/en\/impressum\/\" \/>\n<meta property=\"og:site_name\" content=\"Bio-Textima - Bedding, Interior, Object\" \/>\n<meta property=\"article:modified_time\" content=\"2024-04-17T05:23:31+00:00\" \/>\n<meta name=\"twitter:card\" content=\"summary_large_image\" \/>\n<meta name=\"twitter:label1\" content=\"Est. reading time\" \/>\n\t<meta name=\"twitter:data1\" content=\"1 minute\" \/>\n<script type=\"application\/ld+json\" class=\"yoast-schema-graph\">{\"@context\":\"https:\/\/schema.org\",\"@graph\":[{\"@type\":\"WebPage\",\"@id\":\"https:\/\/contractbeds.eu\/en\/impressum\/\",\"url\":\"https:\/\/contractbeds.eu\/en\/impressum\/\",\"name\":\"Impressum - Bio-Textima - Bedding, Interior, Object\",\"isPartOf\":{\"@id\":\"https:\/\/contractbeds.eu\/en\/#website\"},\"datePublished\":\"2024-04-17T05:22:24+00:00\",\"dateModified\":\"2024-04-17T05:23:31+00:00\",\"breadcrumb\":{\"@id\":\"https:\/\/contractbeds.eu\/en\/impressum\/#breadcrumb\"},\"inLanguage\":\"en-US\",\"potentialAction\":[{\"@type\":\"ReadAction\",\"target\":[\"https:\/\/contractbeds.eu\/en\/impressum\/\"]}]},{\"@type\":\"BreadcrumbList\",\"@id\":\"https:\/\/contractbeds.eu\/en\/impressum\/#breadcrumb\",\"itemListElement\":[{\"@type\":\"ListItem\",\"position\":1,\"name\":\"Homepage\",\"item\":\"https:\/\/contractbeds.eu\/en\/\"},{\"@type\":\"ListItem\",\"position\":2,\"name\":\"Impressum\"}]},{\"@type\":\"WebSite\",\"@id\":\"https:\/\/contractbeds.eu\/en\/#website\",\"url\":\"https:\/\/contractbeds.eu\/en\/\",\"name\":\"Bio-Textima H\u00e1l\u00f3szoba Manufakt\u00fara\",\"description\":\"beds, mattresses - for hotels, accommodations\",\"publisher\":{\"@id\":\"https:\/\/contractbeds.eu\/en\/#organization\"},\"potentialAction\":[{\"@type\":\"SearchAction\",\"target\":{\"@type\":\"EntryPoint\",\"urlTemplate\":\"https:\/\/contractbeds.eu\/en\/?s={search_term_string}\"},\"query-input\":{\"@type\":\"PropertyValueSpecification\",\"valueRequired\":true,\"valueName\":\"search_term_string\"}}],\"inLanguage\":\"en-US\"},{\"@type\":\"Organization\",\"@id\":\"https:\/\/contractbeds.eu\/en\/#organization\",\"name\":\"BIO-TEXTIMA Kft.\",\"url\":\"https:\/\/contractbeds.eu\/en\/\",\"logo\":{\"@type\":\"ImageObject\",\"inLanguage\":\"en-US\",\"@id\":\"https:\/\/contractbeds.eu\/en\/#\/schema\/logo\/image\/\",\"url\":\"https:\/\/contractbeds.eu\/wp-content\/uploads\/2021\/03\/biotex_logo.jpg\",\"contentUrl\":\"https:\/\/contractbeds.eu\/wp-content\/uploads\/2021\/03\/biotex_logo.jpg\",\"width\":335,\"height\":149,\"caption\":\"BIO-TEXTIMA Kft.\"},\"image\":{\"@id\":\"https:\/\/contractbeds.eu\/en\/#\/schema\/logo\/image\/\"}}]}<\/script>\n<!-- \/ Yoast SEO plugin. -->","yoast_head_json":{"title":"Impressum - Bio-Textima - Bedding, Interior, Object","robots":{"index":"index","follow":"follow","max-snippet":"max-snippet:-1","max-image-preview":"max-image-preview:large","max-video-preview":"max-video-preview:-1"},"canonical":"https:\/\/contractbeds.eu\/en\/impressum\/","og_locale":"en_US","og_type":"article","og_title":"Impressum - Bio-Textima - Bedding, Interior, Object","og_description":"Impressum Company name:\u00a0Bio-Textima Kft.Headquarters: Ipar\u00a0u. 1., 9167 B\u0151s\u00e1rk\u00e1ny, HungaryTel.: +36 96 271\u00a0259Email: info [at]\u00a0bio-textima.huTax number:\u00a011131841-2-08Company registration\u00a0number: 08 09 003818Registry court:\u00a0Gy\u0151r Company CourtChamber of\u00a0Commerce: Chamber of Commerce and Industry of Gy\u0151r-Moson-Sopron CountyHosting provider:\u00a0Different Fejleszt\u0151 Kft.Location: Ap\u00e1ca u.\u00a051., 9022 Gy\u0151r, HungaryEmail address: hello [at]\u00a0different.huPhotos:\u00a0123rf.com","og_url":"https:\/\/contractbeds.eu\/en\/impressum\/","og_site_name":"Bio-Textima - Bedding, Interior, Object","article_modified_time":"2024-04-17T05:23:31+00:00","twitter_card":"summary_large_image","twitter_misc":{"Est. reading time":"1 minute"},"schema":{"@context":"https:\/\/schema.org","@graph":[{"@type":"WebPage","@id":"https:\/\/contractbeds.eu\/en\/impressum\/","url":"https:\/\/contractbeds.eu\/en\/impressum\/","name":"Impressum - Bio-Textima - Bedding, Interior, Object","isPartOf":{"@id":"https:\/\/contractbeds.eu\/en\/#website"},"datePublished":"2024-04-17T05:22:24+00:00","dateModified":"2024-04-17T05:23:31+00:00","breadcrumb":{"@id":"https:\/\/contractbeds.eu\/en\/impressum\/#breadcrumb"},"inLanguage":"en-US","potentialAction":[{"@type":"ReadAction","target":["https:\/\/contractbeds.eu\/en\/impressum\/"]}]},{"@type":"BreadcrumbList","@id":"https:\/\/contractbeds.eu\/en\/impressum\/#breadcrumb","itemListElement":[{"@type":"ListItem","position":1,"name":"Homepage","item":"https:\/\/contractbeds.eu\/en\/"},{"@type":"ListItem","position":2,"name":"Impressum"}]},{"@type":"WebSite","@id":"https:\/\/contractbeds.eu\/en\/#website","url":"https:\/\/contractbeds.eu\/en\/","name":"Bio-Textima H\u00e1l\u00f3szoba Manufakt\u00fara","description":"beds, mattresses - for hotels, accommodations","publisher":{"@id":"https:\/\/contractbeds.eu\/en\/#organization"},"potentialAction":[{"@type":"SearchAction","target":{"@type":"EntryPoint","urlTemplate":"https:\/\/contractbeds.eu\/en\/?s={search_term_string}"},"query-input":{"@type":"PropertyValueSpecification","valueRequired":true,"valueName":"search_term_string"}}],"inLanguage":"en-US"},{"@type":"Organization","@id":"https:\/\/contractbeds.eu\/en\/#organization","name":"BIO-TEXTIMA Kft.","url":"https:\/\/contractbeds.eu\/en\/","logo":{"@type":"ImageObject","inLanguage":"en-US","@id":"https:\/\/contractbeds.eu\/en\/#\/schema\/logo\/image\/","url":"https:\/\/contractbeds.eu\/wp-content\/uploads\/2021\/03\/biotex_logo.jpg","contentUrl":"https:\/\/contractbeds.eu\/wp-content\/uploads\/2021\/03\/biotex_logo.jpg","width":335,"height":149,"caption":"BIO-TEXTIMA Kft."},"image":{"@id":"https:\/\/contractbeds.eu\/en\/#\/schema\/logo\/image\/"}}]}},"_links":{"self":[{"href":"https:\/\/contractbeds.eu\/en\/wp-json\/wp\/v2\/pages\/16884","targetHints":{"allow":["GET"]}}],"collection":[{"href":"https:\/\/contractbeds.eu\/en\/wp-json\/wp\/v2\/pages"}],"about":[{"href":"https:\/\/contractbeds.eu\/en\/wp-json\/wp\/v2\/types\/page"}],"author":[{"embeddable":true,"href":"https:\/\/contractbeds.eu\/en\/wp-json\/wp\/v2\/users\/3"}],"replies":[{"embeddable":true,"href":"https:\/\/contractbeds.eu\/en\/wp-json\/wp\/v2\/comments?post=16884"}],"version-history":[{"count":2,"href":"https:\/\/contractbeds.eu\/en\/wp-json\/wp\/v2\/pages\/16884\/revisions"}],"predecessor-version":[{"id":16886,"href":"https:\/\/contractbeds.eu\/en\/wp-json\/wp\/v2\/pages\/16884\/revisions\/16886"}],"wp:attachment":[{"href":"https:\/\/contractbeds.eu\/en\/wp-json\/wp\/v2\/media?parent=16884"}],"curies":[{"name":"wp","href":"https:\/\/api.w.org\/{rel}","templated":true}]}}