{"id":14100,"date":"2023-07-12T14:38:25","date_gmt":"2023-07-12T14:38:25","guid":{"rendered":"https:\/\/contractbeds.eu\/termek\/basic-16\/"},"modified":"2024-12-09T13:58:53","modified_gmt":"2024-12-09T13:58:53","slug":"basic-16","status":"publish","type":"product","link":"https:\/\/contractbeds.eu\/en\/product\/basic-16\/","title":{"rendered":"Basic-16"},"content":{"rendered":"<ul>\n<li>Stable construction with laminated frame providing proper spine support<\/li>\n<li>16 wooden slats<\/li>\n<\/ul>\n","protected":false},"excerpt":{"rendered":"<p>Bed base with laminated frame and wooden slats<\/p>\n","protected":false},"featured_media":13554,"template":"","meta":[],"product_brand":[],"product_cat":[145],"product_tag":[],"class_list":{"0":"post-14100","1":"product","2":"type-product","3":"status-publish","4":"has-post-thumbnail","6":"product_cat-bed-frames","8":"first","9":"instock","10":"shipping-taxable","11":"purchasable","12":"product-type-variable","13":"has-default-attributes"},"composite_layout":"","composite_add_to_cart_form_location":"","composite_editable_in_cart":false,"composite_sold_individually_context":"","composite_shop_price_calc":"","composite_components":[],"composite_scenarios":[],"yoast_head":"<!-- This site is optimized with the Yoast SEO plugin v27.0 - https:\/\/yoast.com\/product\/yoast-seo-wordpress\/ -->\n<title>Basic-16 - Bio-Textima - Bedding, Interior, Object<\/title>\n<meta name=\"robots\" content=\"index, follow, max-snippet:-1, max-image-preview:large, max-video-preview:-1\" \/>\n<link rel=\"canonical\" href=\"https:\/\/contractbeds.eu\/en\/product\/basic-16\/\" \/>\n<meta property=\"og:locale\" content=\"en_US\" \/>\n<meta property=\"og:type\" content=\"article\" \/>\n<meta property=\"og:title\" content=\"Basic-16 - Bio-Textima - Bedding, Interior, Object\" \/>\n<meta property=\"og:description\" content=\"Bed base with laminated frame and wooden slats\" \/>\n<meta property=\"og:url\" content=\"https:\/\/contractbeds.eu\/en\/product\/basic-16\/\" \/>\n<meta property=\"og:site_name\" content=\"Bio-Textima - Bedding, Interior, Object\" \/>\n<meta property=\"article:modified_time\" content=\"2024-12-09T13:58:53+00:00\" \/>\n<meta property=\"og:image\" content=\"https:\/\/contractbeds.eu\/wp-content\/uploads\/2023\/07\/BASIC-16_lecesbetet_agyracs-copy-1.jpeg\" \/>\n\t<meta property=\"og:image:width\" content=\"326\" \/>\n\t<meta property=\"og:image:height\" content=\"200\" \/>\n\t<meta property=\"og:image:type\" content=\"image\/jpeg\" \/>\n<meta name=\"twitter:card\" content=\"summary_large_image\" \/>\n<meta name=\"twitter:label1\" content=\"Est. reading time\" \/>\n\t<meta name=\"twitter:data1\" content=\"1 minute\" \/>\n<script type=\"application\/ld+json\" class=\"yoast-schema-graph\">{\"@context\":\"https:\/\/schema.org\",\"@graph\":[{\"@type\":\"WebPage\",\"@id\":\"https:\/\/contractbeds.eu\/en\/product\/basic-16\/\",\"url\":\"https:\/\/contractbeds.eu\/en\/product\/basic-16\/\",\"name\":\"Basic-16 - Bio-Textima - Bedding, Interior, Object\",\"isPartOf\":{\"@id\":\"https:\/\/contractbeds.eu\/en\/#website\"},\"primaryImageOfPage\":{\"@id\":\"https:\/\/contractbeds.eu\/en\/product\/basic-16\/#primaryimage\"},\"image\":{\"@id\":\"https:\/\/contractbeds.eu\/en\/product\/basic-16\/#primaryimage\"},\"thumbnailUrl\":\"https:\/\/contractbeds.eu\/wp-content\/uploads\/2023\/07\/BASIC-16_lecesbetet_agyracs-copy-1.jpeg\",\"datePublished\":\"2023-07-12T14:38:25+00:00\",\"dateModified\":\"2024-12-09T13:58:53+00:00\",\"breadcrumb\":{\"@id\":\"https:\/\/contractbeds.eu\/en\/product\/basic-16\/#breadcrumb\"},\"inLanguage\":\"en-US\",\"potentialAction\":[{\"@type\":\"ReadAction\",\"target\":[\"https:\/\/contractbeds.eu\/en\/product\/basic-16\/\"]}]},{\"@type\":\"ImageObject\",\"inLanguage\":\"en-US\",\"@id\":\"https:\/\/contractbeds.eu\/en\/product\/basic-16\/#primaryimage\",\"url\":\"https:\/\/contractbeds.eu\/wp-content\/uploads\/2023\/07\/BASIC-16_lecesbetet_agyracs-copy-1.jpeg\",\"contentUrl\":\"https:\/\/contractbeds.eu\/wp-content\/uploads\/2023\/07\/BASIC-16_lecesbetet_agyracs-copy-1.jpeg\",\"width\":326,\"height\":200,\"caption\":\"BASIC-16_lecesbetet_agyracs\"},{\"@type\":\"BreadcrumbList\",\"@id\":\"https:\/\/contractbeds.eu\/en\/product\/basic-16\/#breadcrumb\",\"itemListElement\":[{\"@type\":\"ListItem\",\"position\":1,\"name\":\"Homepage\",\"item\":\"https:\/\/contractbeds.eu\/en\/\"},{\"@type\":\"ListItem\",\"position\":2,\"name\":\"Products\",\"item\":\"https:\/\/contractbeds.eu\/termekeink\/\"},{\"@type\":\"ListItem\",\"position\":3,\"name\":\"Basic-16\"}]},{\"@type\":\"WebSite\",\"@id\":\"https:\/\/contractbeds.eu\/en\/#website\",\"url\":\"https:\/\/contractbeds.eu\/en\/\",\"name\":\"Bio-Textima H\u00e1l\u00f3szoba Manufakt\u00fara\",\"description\":\"beds, mattresses - for hotels, accommodations\",\"publisher\":{\"@id\":\"https:\/\/contractbeds.eu\/en\/#organization\"},\"potentialAction\":[{\"@type\":\"SearchAction\",\"target\":{\"@type\":\"EntryPoint\",\"urlTemplate\":\"https:\/\/contractbeds.eu\/en\/?s={search_term_string}\"},\"query-input\":{\"@type\":\"PropertyValueSpecification\",\"valueRequired\":true,\"valueName\":\"search_term_string\"}}],\"inLanguage\":\"en-US\"},{\"@type\":\"Organization\",\"@id\":\"https:\/\/contractbeds.eu\/en\/#organization\",\"name\":\"BIO-TEXTIMA Kft.\",\"url\":\"https:\/\/contractbeds.eu\/en\/\",\"logo\":{\"@type\":\"ImageObject\",\"inLanguage\":\"en-US\",\"@id\":\"https:\/\/contractbeds.eu\/en\/#\/schema\/logo\/image\/\",\"url\":\"https:\/\/contractbeds.eu\/wp-content\/uploads\/2021\/03\/biotex_logo.jpg\",\"contentUrl\":\"https:\/\/contractbeds.eu\/wp-content\/uploads\/2021\/03\/biotex_logo.jpg\",\"width\":335,\"height\":149,\"caption\":\"BIO-TEXTIMA Kft.\"},\"image\":{\"@id\":\"https:\/\/contractbeds.eu\/en\/#\/schema\/logo\/image\/\"}}]}<\/script>\n<!-- \/ Yoast SEO plugin. -->","yoast_head_json":{"title":"Basic-16 - Bio-Textima - Bedding, Interior, Object","robots":{"index":"index","follow":"follow","max-snippet":"max-snippet:-1","max-image-preview":"max-image-preview:large","max-video-preview":"max-video-preview:-1"},"canonical":"https:\/\/contractbeds.eu\/en\/product\/basic-16\/","og_locale":"en_US","og_type":"article","og_title":"Basic-16 - Bio-Textima - Bedding, Interior, Object","og_description":"Bed base with laminated frame and wooden slats","og_url":"https:\/\/contractbeds.eu\/en\/product\/basic-16\/","og_site_name":"Bio-Textima - Bedding, Interior, Object","article_modified_time":"2024-12-09T13:58:53+00:00","og_image":[{"width":326,"height":200,"url":"https:\/\/contractbeds.eu\/wp-content\/uploads\/2023\/07\/BASIC-16_lecesbetet_agyracs-copy-1.jpeg","type":"image\/jpeg"}],"twitter_card":"summary_large_image","twitter_misc":{"Est. reading time":"1 minute"},"schema":{"@context":"https:\/\/schema.org","@graph":[{"@type":"WebPage","@id":"https:\/\/contractbeds.eu\/en\/product\/basic-16\/","url":"https:\/\/contractbeds.eu\/en\/product\/basic-16\/","name":"Basic-16 - Bio-Textima - Bedding, Interior, Object","isPartOf":{"@id":"https:\/\/contractbeds.eu\/en\/#website"},"primaryImageOfPage":{"@id":"https:\/\/contractbeds.eu\/en\/product\/basic-16\/#primaryimage"},"image":{"@id":"https:\/\/contractbeds.eu\/en\/product\/basic-16\/#primaryimage"},"thumbnailUrl":"https:\/\/contractbeds.eu\/wp-content\/uploads\/2023\/07\/BASIC-16_lecesbetet_agyracs-copy-1.jpeg","datePublished":"2023-07-12T14:38:25+00:00","dateModified":"2024-12-09T13:58:53+00:00","breadcrumb":{"@id":"https:\/\/contractbeds.eu\/en\/product\/basic-16\/#breadcrumb"},"inLanguage":"en-US","potentialAction":[{"@type":"ReadAction","target":["https:\/\/contractbeds.eu\/en\/product\/basic-16\/"]}]},{"@type":"ImageObject","inLanguage":"en-US","@id":"https:\/\/contractbeds.eu\/en\/product\/basic-16\/#primaryimage","url":"https:\/\/contractbeds.eu\/wp-content\/uploads\/2023\/07\/BASIC-16_lecesbetet_agyracs-copy-1.jpeg","contentUrl":"https:\/\/contractbeds.eu\/wp-content\/uploads\/2023\/07\/BASIC-16_lecesbetet_agyracs-copy-1.jpeg","width":326,"height":200,"caption":"BASIC-16_lecesbetet_agyracs"},{"@type":"BreadcrumbList","@id":"https:\/\/contractbeds.eu\/en\/product\/basic-16\/#breadcrumb","itemListElement":[{"@type":"ListItem","position":1,"name":"Homepage","item":"https:\/\/contractbeds.eu\/en\/"},{"@type":"ListItem","position":2,"name":"Products","item":"https:\/\/contractbeds.eu\/termekeink\/"},{"@type":"ListItem","position":3,"name":"Basic-16"}]},{"@type":"WebSite","@id":"https:\/\/contractbeds.eu\/en\/#website","url":"https:\/\/contractbeds.eu\/en\/","name":"Bio-Textima H\u00e1l\u00f3szoba Manufakt\u00fara","description":"beds, mattresses - for hotels, accommodations","publisher":{"@id":"https:\/\/contractbeds.eu\/en\/#organization"},"potentialAction":[{"@type":"SearchAction","target":{"@type":"EntryPoint","urlTemplate":"https:\/\/contractbeds.eu\/en\/?s={search_term_string}"},"query-input":{"@type":"PropertyValueSpecification","valueRequired":true,"valueName":"search_term_string"}}],"inLanguage":"en-US"},{"@type":"Organization","@id":"https:\/\/contractbeds.eu\/en\/#organization","name":"BIO-TEXTIMA Kft.","url":"https:\/\/contractbeds.eu\/en\/","logo":{"@type":"ImageObject","inLanguage":"en-US","@id":"https:\/\/contractbeds.eu\/en\/#\/schema\/logo\/image\/","url":"https:\/\/contractbeds.eu\/wp-content\/uploads\/2021\/03\/biotex_logo.jpg","contentUrl":"https:\/\/contractbeds.eu\/wp-content\/uploads\/2021\/03\/biotex_logo.jpg","width":335,"height":149,"caption":"BIO-TEXTIMA Kft."},"image":{"@id":"https:\/\/contractbeds.eu\/en\/#\/schema\/logo\/image\/"}}]}},"_links":{"self":[{"href":"https:\/\/contractbeds.eu\/en\/wp-json\/wp\/v2\/product\/14100","targetHints":{"allow":["GET"]}}],"collection":[{"href":"https:\/\/contractbeds.eu\/en\/wp-json\/wp\/v2\/product"}],"about":[{"href":"https:\/\/contractbeds.eu\/en\/wp-json\/wp\/v2\/types\/product"}],"wp:featuredmedia":[{"embeddable":true,"href":"https:\/\/contractbeds.eu\/en\/wp-json\/wp\/v2\/media\/13554"}],"wp:attachment":[{"href":"https:\/\/contractbeds.eu\/en\/wp-json\/wp\/v2\/media?parent=14100"}],"wp:term":[{"taxonomy":"product_brand","embeddable":true,"href":"https:\/\/contractbeds.eu\/en\/wp-json\/wp\/v2\/product_brand?post=14100"},{"taxonomy":"product_cat","embeddable":true,"href":"https:\/\/contractbeds.eu\/en\/wp-json\/wp\/v2\/product_cat?post=14100"},{"taxonomy":"product_tag","embeddable":true,"href":"https:\/\/contractbeds.eu\/en\/wp-json\/wp\/v2\/product_tag?post=14100"}],"curies":[{"name":"wp","href":"https:\/\/api.w.org\/{rel}","templated":true}]}}