{"id":14104,"date":"2023-07-19T11:33:05","date_gmt":"2023-07-19T11:33:05","guid":{"rendered":"https:\/\/contractbeds.eu\/termek\/ergobase-fix\/"},"modified":"2023-11-06T08:55:47","modified_gmt":"2023-11-06T08:55:47","slug":"ergobase-fix","status":"publish","type":"product","link":"https:\/\/contractbeds.eu\/en\/product\/ergobase-fix\/","title":{"rendered":"ErgoBASE-FIX"},"content":{"rendered":"<ul>\n<li>Stable construction with laminated frame providing proper spine support<\/li>\n<li>26 wooden slats<\/li>\n<li>Designed with an adjustable lumbar zone<\/li>\n<\/ul>\n","protected":false},"excerpt":{"rendered":"<p>Slatted bed base with adjustable lumbar zone<\/p>\n","protected":false},"featured_media":13560,"template":"","meta":[],"product_brand":[],"product_cat":[145],"product_tag":[],"class_list":{"0":"post-14104","1":"product","2":"type-product","3":"status-publish","4":"has-post-thumbnail","6":"product_cat-bed-frames","8":"first","9":"instock","10":"shipping-taxable","11":"purchasable","12":"product-type-variable","13":"has-default-attributes"},"composite_layout":"","composite_add_to_cart_form_location":"","composite_editable_in_cart":false,"composite_sold_individually_context":"","composite_shop_price_calc":"","composite_components":[],"composite_scenarios":[],"yoast_head":"<!-- This site is optimized with the Yoast SEO plugin v27.0 - https:\/\/yoast.com\/product\/yoast-seo-wordpress\/ -->\n<title>ErgoBASE-FIX - Bio-Textima - Bedding, Interior, Object<\/title>\n<meta name=\"robots\" content=\"index, follow, max-snippet:-1, max-image-preview:large, max-video-preview:-1\" \/>\n<link rel=\"canonical\" href=\"https:\/\/contractbeds.eu\/en\/product\/ergobase-fix\/\" \/>\n<meta property=\"og:locale\" content=\"en_US\" \/>\n<meta property=\"og:type\" content=\"article\" \/>\n<meta property=\"og:title\" content=\"ErgoBASE-FIX - Bio-Textima - Bedding, Interior, Object\" \/>\n<meta property=\"og:description\" content=\"Slatted bed base with adjustable lumbar zone\" \/>\n<meta property=\"og:url\" content=\"https:\/\/contractbeds.eu\/en\/product\/ergobase-fix\/\" \/>\n<meta property=\"og:site_name\" content=\"Bio-Textima - Bedding, Interior, Object\" \/>\n<meta property=\"article:modified_time\" content=\"2023-11-06T08:55:47+00:00\" \/>\n<meta property=\"og:image\" content=\"https:\/\/contractbeds.eu\/wp-content\/uploads\/2023\/07\/ErgoBASE-FIX-lecesbetet-agyracs.jpeg\" \/>\n\t<meta property=\"og:image:width\" content=\"327\" \/>\n\t<meta property=\"og:image:height\" content=\"200\" \/>\n\t<meta property=\"og:image:type\" content=\"image\/jpeg\" \/>\n<meta name=\"twitter:card\" content=\"summary_large_image\" \/>\n<script type=\"application\/ld+json\" class=\"yoast-schema-graph\">{\"@context\":\"https:\/\/schema.org\",\"@graph\":[{\"@type\":\"WebPage\",\"@id\":\"https:\/\/contractbeds.eu\/en\/product\/ergobase-fix\/\",\"url\":\"https:\/\/contractbeds.eu\/en\/product\/ergobase-fix\/\",\"name\":\"ErgoBASE-FIX - Bio-Textima - Bedding, Interior, Object\",\"isPartOf\":{\"@id\":\"https:\/\/contractbeds.eu\/en\/#website\"},\"primaryImageOfPage\":{\"@id\":\"https:\/\/contractbeds.eu\/en\/product\/ergobase-fix\/#primaryimage\"},\"image\":{\"@id\":\"https:\/\/contractbeds.eu\/en\/product\/ergobase-fix\/#primaryimage\"},\"thumbnailUrl\":\"https:\/\/contractbeds.eu\/wp-content\/uploads\/2023\/07\/ErgoBASE-FIX-lecesbetet-agyracs.jpeg\",\"datePublished\":\"2023-07-19T11:33:05+00:00\",\"dateModified\":\"2023-11-06T08:55:47+00:00\",\"breadcrumb\":{\"@id\":\"https:\/\/contractbeds.eu\/en\/product\/ergobase-fix\/#breadcrumb\"},\"inLanguage\":\"en-US\",\"potentialAction\":[{\"@type\":\"ReadAction\",\"target\":[\"https:\/\/contractbeds.eu\/en\/product\/ergobase-fix\/\"]}]},{\"@type\":\"ImageObject\",\"inLanguage\":\"en-US\",\"@id\":\"https:\/\/contractbeds.eu\/en\/product\/ergobase-fix\/#primaryimage\",\"url\":\"https:\/\/contractbeds.eu\/wp-content\/uploads\/2023\/07\/ErgoBASE-FIX-lecesbetet-agyracs.jpeg\",\"contentUrl\":\"https:\/\/contractbeds.eu\/wp-content\/uploads\/2023\/07\/ErgoBASE-FIX-lecesbetet-agyracs.jpeg\",\"width\":327,\"height\":200,\"caption\":\"ErgoBASE-FIX-lecesbetet-agyracs\"},{\"@type\":\"BreadcrumbList\",\"@id\":\"https:\/\/contractbeds.eu\/en\/product\/ergobase-fix\/#breadcrumb\",\"itemListElement\":[{\"@type\":\"ListItem\",\"position\":1,\"name\":\"Homepage\",\"item\":\"https:\/\/contractbeds.eu\/en\/\"},{\"@type\":\"ListItem\",\"position\":2,\"name\":\"Products\",\"item\":\"https:\/\/contractbeds.eu\/termekeink\/\"},{\"@type\":\"ListItem\",\"position\":3,\"name\":\"ErgoBASE-FIX\"}]},{\"@type\":\"WebSite\",\"@id\":\"https:\/\/contractbeds.eu\/en\/#website\",\"url\":\"https:\/\/contractbeds.eu\/en\/\",\"name\":\"Bio-Textima H\u00e1l\u00f3szoba Manufakt\u00fara\",\"description\":\"beds, mattresses - for hotels, accommodations\",\"publisher\":{\"@id\":\"https:\/\/contractbeds.eu\/en\/#organization\"},\"potentialAction\":[{\"@type\":\"SearchAction\",\"target\":{\"@type\":\"EntryPoint\",\"urlTemplate\":\"https:\/\/contractbeds.eu\/en\/?s={search_term_string}\"},\"query-input\":{\"@type\":\"PropertyValueSpecification\",\"valueRequired\":true,\"valueName\":\"search_term_string\"}}],\"inLanguage\":\"en-US\"},{\"@type\":\"Organization\",\"@id\":\"https:\/\/contractbeds.eu\/en\/#organization\",\"name\":\"BIO-TEXTIMA Kft.\",\"url\":\"https:\/\/contractbeds.eu\/en\/\",\"logo\":{\"@type\":\"ImageObject\",\"inLanguage\":\"en-US\",\"@id\":\"https:\/\/contractbeds.eu\/en\/#\/schema\/logo\/image\/\",\"url\":\"https:\/\/contractbeds.eu\/wp-content\/uploads\/2021\/03\/biotex_logo.jpg\",\"contentUrl\":\"https:\/\/contractbeds.eu\/wp-content\/uploads\/2021\/03\/biotex_logo.jpg\",\"width\":335,\"height\":149,\"caption\":\"BIO-TEXTIMA Kft.\"},\"image\":{\"@id\":\"https:\/\/contractbeds.eu\/en\/#\/schema\/logo\/image\/\"}}]}<\/script>\n<!-- \/ Yoast SEO plugin. -->","yoast_head_json":{"title":"ErgoBASE-FIX - Bio-Textima - Bedding, Interior, Object","robots":{"index":"index","follow":"follow","max-snippet":"max-snippet:-1","max-image-preview":"max-image-preview:large","max-video-preview":"max-video-preview:-1"},"canonical":"https:\/\/contractbeds.eu\/en\/product\/ergobase-fix\/","og_locale":"en_US","og_type":"article","og_title":"ErgoBASE-FIX - Bio-Textima - Bedding, Interior, Object","og_description":"Slatted bed base with adjustable lumbar zone","og_url":"https:\/\/contractbeds.eu\/en\/product\/ergobase-fix\/","og_site_name":"Bio-Textima - Bedding, Interior, Object","article_modified_time":"2023-11-06T08:55:47+00:00","og_image":[{"width":327,"height":200,"url":"https:\/\/contractbeds.eu\/wp-content\/uploads\/2023\/07\/ErgoBASE-FIX-lecesbetet-agyracs.jpeg","type":"image\/jpeg"}],"twitter_card":"summary_large_image","schema":{"@context":"https:\/\/schema.org","@graph":[{"@type":"WebPage","@id":"https:\/\/contractbeds.eu\/en\/product\/ergobase-fix\/","url":"https:\/\/contractbeds.eu\/en\/product\/ergobase-fix\/","name":"ErgoBASE-FIX - Bio-Textima - Bedding, Interior, Object","isPartOf":{"@id":"https:\/\/contractbeds.eu\/en\/#website"},"primaryImageOfPage":{"@id":"https:\/\/contractbeds.eu\/en\/product\/ergobase-fix\/#primaryimage"},"image":{"@id":"https:\/\/contractbeds.eu\/en\/product\/ergobase-fix\/#primaryimage"},"thumbnailUrl":"https:\/\/contractbeds.eu\/wp-content\/uploads\/2023\/07\/ErgoBASE-FIX-lecesbetet-agyracs.jpeg","datePublished":"2023-07-19T11:33:05+00:00","dateModified":"2023-11-06T08:55:47+00:00","breadcrumb":{"@id":"https:\/\/contractbeds.eu\/en\/product\/ergobase-fix\/#breadcrumb"},"inLanguage":"en-US","potentialAction":[{"@type":"ReadAction","target":["https:\/\/contractbeds.eu\/en\/product\/ergobase-fix\/"]}]},{"@type":"ImageObject","inLanguage":"en-US","@id":"https:\/\/contractbeds.eu\/en\/product\/ergobase-fix\/#primaryimage","url":"https:\/\/contractbeds.eu\/wp-content\/uploads\/2023\/07\/ErgoBASE-FIX-lecesbetet-agyracs.jpeg","contentUrl":"https:\/\/contractbeds.eu\/wp-content\/uploads\/2023\/07\/ErgoBASE-FIX-lecesbetet-agyracs.jpeg","width":327,"height":200,"caption":"ErgoBASE-FIX-lecesbetet-agyracs"},{"@type":"BreadcrumbList","@id":"https:\/\/contractbeds.eu\/en\/product\/ergobase-fix\/#breadcrumb","itemListElement":[{"@type":"ListItem","position":1,"name":"Homepage","item":"https:\/\/contractbeds.eu\/en\/"},{"@type":"ListItem","position":2,"name":"Products","item":"https:\/\/contractbeds.eu\/termekeink\/"},{"@type":"ListItem","position":3,"name":"ErgoBASE-FIX"}]},{"@type":"WebSite","@id":"https:\/\/contractbeds.eu\/en\/#website","url":"https:\/\/contractbeds.eu\/en\/","name":"Bio-Textima H\u00e1l\u00f3szoba Manufakt\u00fara","description":"beds, mattresses - for hotels, accommodations","publisher":{"@id":"https:\/\/contractbeds.eu\/en\/#organization"},"potentialAction":[{"@type":"SearchAction","target":{"@type":"EntryPoint","urlTemplate":"https:\/\/contractbeds.eu\/en\/?s={search_term_string}"},"query-input":{"@type":"PropertyValueSpecification","valueRequired":true,"valueName":"search_term_string"}}],"inLanguage":"en-US"},{"@type":"Organization","@id":"https:\/\/contractbeds.eu\/en\/#organization","name":"BIO-TEXTIMA Kft.","url":"https:\/\/contractbeds.eu\/en\/","logo":{"@type":"ImageObject","inLanguage":"en-US","@id":"https:\/\/contractbeds.eu\/en\/#\/schema\/logo\/image\/","url":"https:\/\/contractbeds.eu\/wp-content\/uploads\/2021\/03\/biotex_logo.jpg","contentUrl":"https:\/\/contractbeds.eu\/wp-content\/uploads\/2021\/03\/biotex_logo.jpg","width":335,"height":149,"caption":"BIO-TEXTIMA Kft."},"image":{"@id":"https:\/\/contractbeds.eu\/en\/#\/schema\/logo\/image\/"}}]}},"_links":{"self":[{"href":"https:\/\/contractbeds.eu\/en\/wp-json\/wp\/v2\/product\/14104","targetHints":{"allow":["GET"]}}],"collection":[{"href":"https:\/\/contractbeds.eu\/en\/wp-json\/wp\/v2\/product"}],"about":[{"href":"https:\/\/contractbeds.eu\/en\/wp-json\/wp\/v2\/types\/product"}],"wp:featuredmedia":[{"embeddable":true,"href":"https:\/\/contractbeds.eu\/en\/wp-json\/wp\/v2\/media\/13560"}],"wp:attachment":[{"href":"https:\/\/contractbeds.eu\/en\/wp-json\/wp\/v2\/media?parent=14104"}],"wp:term":[{"taxonomy":"product_brand","embeddable":true,"href":"https:\/\/contractbeds.eu\/en\/wp-json\/wp\/v2\/product_brand?post=14104"},{"taxonomy":"product_cat","embeddable":true,"href":"https:\/\/contractbeds.eu\/en\/wp-json\/wp\/v2\/product_cat?post=14104"},{"taxonomy":"product_tag","embeddable":true,"href":"https:\/\/contractbeds.eu\/en\/wp-json\/wp\/v2\/product_tag?post=14104"}],"curies":[{"name":"wp","href":"https:\/\/api.w.org\/{rel}","templated":true}]}}