{"id":14277,"date":"2023-07-19T13:27:42","date_gmt":"2023-07-19T13:27:42","guid":{"rendered":"https:\/\/contractbeds.eu\/termek\/bonell-comfort-21\/"},"modified":"2024-11-25T14:09:04","modified_gmt":"2024-11-25T14:09:04","slug":"bonell-comfort-21","status":"publish","type":"product","link":"https:\/\/contractbeds.eu\/en\/product\/bonell-comfort-21\/","title":{"rendered":"Bonell Comfort 21"},"content":{"rendered":"<p>Classic Bonell spring hotel mattress in a timeless design. The mattress core is made of a durable, 2.4 mm wire diameter Bonell spring platform, enclosed on all sides by a sufficiently elastic and resistant cold foam border. Ventilated and flexible orthopedic cold foam comfort layers, along with thick felt layers in direct contact with the springs, ensure sleeping comfort. The model can be ordered with a fixed (sealed) version, climate-stitched with FRAB HOTEL+ fabric, or with a zippered, removable, machine-washable Soft &amp; Fresh cover. Moving the mattress is made easier with durable handles on each long side.<\/p>\n<p>Structure:<\/p>\n<ul>\n<li>FRAB HOTEL+ high-quality mattress fabric (280 g\/m2, flame-resistant) climate-stitched version with 200 g\/m2 PES fiber climate-stitching<\/li>\n<li>4 cm thick breathable orthopedic cold foam comfort layer (N2538)<\/li>\n<li>11 cm high Bonell spring mattress core (d=2.4 mm) with orthopedic cold foam border and stitched felt layers (750 g\/m2)<\/li>\n<li>4 cm thick breathable orthopedic cold foam comfort layer (N2538)<\/li>\n<\/ul>\n","protected":false},"excerpt":{"rendered":"<p>Orthopedic Cold Foam Surface Bonell Spring Hotel Mattress (21 cm)<\/p>\n","protected":false},"featured_media":13657,"template":"","meta":[],"product_brand":[],"product_cat":[119],"product_tag":[],"class_list":{"0":"post-14277","1":"product","2":"type-product","3":"status-publish","4":"has-post-thumbnail","6":"product_cat-mattresses","8":"first","9":"instock","10":"shipping-taxable","11":"purchasable","12":"product-type-variable","13":"has-default-attributes"},"composite_layout":"","composite_add_to_cart_form_location":"","composite_editable_in_cart":false,"composite_sold_individually_context":"","composite_shop_price_calc":"","composite_components":[],"composite_scenarios":[],"yoast_head":"<!-- This site is optimized with the Yoast SEO plugin v27.0 - https:\/\/yoast.com\/product\/yoast-seo-wordpress\/ -->\n<title>Bonell Comfort 21 - Bio-Textima - Bedding, Interior, Object<\/title>\n<meta name=\"robots\" content=\"index, follow, max-snippet:-1, max-image-preview:large, max-video-preview:-1\" \/>\n<link rel=\"canonical\" href=\"https:\/\/contractbeds.eu\/en\/product\/bonell-comfort-21\/\" \/>\n<meta property=\"og:locale\" content=\"en_US\" \/>\n<meta property=\"og:type\" content=\"article\" \/>\n<meta property=\"og:title\" content=\"Bonell Comfort 21 - Bio-Textima - Bedding, Interior, Object\" \/>\n<meta property=\"og:description\" content=\"Orthopedic Cold Foam Surface Bonell Spring Hotel Mattress (21 cm)\" \/>\n<meta property=\"og:url\" content=\"https:\/\/contractbeds.eu\/en\/product\/bonell-comfort-21\/\" \/>\n<meta property=\"og:site_name\" content=\"Bio-Textima - Bedding, Interior, Object\" \/>\n<meta property=\"article:modified_time\" content=\"2024-11-25T14:09:04+00:00\" \/>\n<meta property=\"og:image\" content=\"https:\/\/contractbeds.eu\/wp-content\/uploads\/2023\/07\/Bonellrugos-mintakep.jpg\" \/>\n\t<meta property=\"og:image:width\" content=\"326\" \/>\n\t<meta property=\"og:image:height\" content=\"190\" \/>\n\t<meta property=\"og:image:type\" content=\"image\/jpeg\" \/>\n<meta name=\"twitter:card\" content=\"summary_large_image\" \/>\n<meta name=\"twitter:label1\" content=\"Est. reading time\" \/>\n\t<meta name=\"twitter:data1\" content=\"1 minute\" \/>\n<script type=\"application\/ld+json\" class=\"yoast-schema-graph\">{\"@context\":\"https:\/\/schema.org\",\"@graph\":[{\"@type\":\"WebPage\",\"@id\":\"https:\/\/contractbeds.eu\/en\/product\/bonell-comfort-21\/\",\"url\":\"https:\/\/contractbeds.eu\/en\/product\/bonell-comfort-21\/\",\"name\":\"Bonell Comfort 21 - Bio-Textima - Bedding, Interior, Object\",\"isPartOf\":{\"@id\":\"https:\/\/contractbeds.eu\/en\/#website\"},\"primaryImageOfPage\":{\"@id\":\"https:\/\/contractbeds.eu\/en\/product\/bonell-comfort-21\/#primaryimage\"},\"image\":{\"@id\":\"https:\/\/contractbeds.eu\/en\/product\/bonell-comfort-21\/#primaryimage\"},\"thumbnailUrl\":\"https:\/\/contractbeds.eu\/wp-content\/uploads\/2023\/07\/Bonellrugos-mintakep.jpg\",\"datePublished\":\"2023-07-19T13:27:42+00:00\",\"dateModified\":\"2024-11-25T14:09:04+00:00\",\"breadcrumb\":{\"@id\":\"https:\/\/contractbeds.eu\/en\/product\/bonell-comfort-21\/#breadcrumb\"},\"inLanguage\":\"en-US\",\"potentialAction\":[{\"@type\":\"ReadAction\",\"target\":[\"https:\/\/contractbeds.eu\/en\/product\/bonell-comfort-21\/\"]}]},{\"@type\":\"ImageObject\",\"inLanguage\":\"en-US\",\"@id\":\"https:\/\/contractbeds.eu\/en\/product\/bonell-comfort-21\/#primaryimage\",\"url\":\"https:\/\/contractbeds.eu\/wp-content\/uploads\/2023\/07\/Bonellrugos-mintakep.jpg\",\"contentUrl\":\"https:\/\/contractbeds.eu\/wp-content\/uploads\/2023\/07\/Bonellrugos-mintakep.jpg\",\"width\":326,\"height\":190,\"caption\":\"Bonellrugos-mintakep\"},{\"@type\":\"BreadcrumbList\",\"@id\":\"https:\/\/contractbeds.eu\/en\/product\/bonell-comfort-21\/#breadcrumb\",\"itemListElement\":[{\"@type\":\"ListItem\",\"position\":1,\"name\":\"Homepage\",\"item\":\"https:\/\/contractbeds.eu\/en\/\"},{\"@type\":\"ListItem\",\"position\":2,\"name\":\"Products\",\"item\":\"https:\/\/contractbeds.eu\/termekeink\/\"},{\"@type\":\"ListItem\",\"position\":3,\"name\":\"Bonell Comfort 21\"}]},{\"@type\":\"WebSite\",\"@id\":\"https:\/\/contractbeds.eu\/en\/#website\",\"url\":\"https:\/\/contractbeds.eu\/en\/\",\"name\":\"Bio-Textima H\u00e1l\u00f3szoba Manufakt\u00fara\",\"description\":\"beds, mattresses - for hotels, accommodations\",\"publisher\":{\"@id\":\"https:\/\/contractbeds.eu\/en\/#organization\"},\"potentialAction\":[{\"@type\":\"SearchAction\",\"target\":{\"@type\":\"EntryPoint\",\"urlTemplate\":\"https:\/\/contractbeds.eu\/en\/?s={search_term_string}\"},\"query-input\":{\"@type\":\"PropertyValueSpecification\",\"valueRequired\":true,\"valueName\":\"search_term_string\"}}],\"inLanguage\":\"en-US\"},{\"@type\":\"Organization\",\"@id\":\"https:\/\/contractbeds.eu\/en\/#organization\",\"name\":\"BIO-TEXTIMA Kft.\",\"url\":\"https:\/\/contractbeds.eu\/en\/\",\"logo\":{\"@type\":\"ImageObject\",\"inLanguage\":\"en-US\",\"@id\":\"https:\/\/contractbeds.eu\/en\/#\/schema\/logo\/image\/\",\"url\":\"https:\/\/contractbeds.eu\/wp-content\/uploads\/2021\/03\/biotex_logo.jpg\",\"contentUrl\":\"https:\/\/contractbeds.eu\/wp-content\/uploads\/2021\/03\/biotex_logo.jpg\",\"width\":335,\"height\":149,\"caption\":\"BIO-TEXTIMA Kft.\"},\"image\":{\"@id\":\"https:\/\/contractbeds.eu\/en\/#\/schema\/logo\/image\/\"}}]}<\/script>\n<!-- \/ Yoast SEO plugin. -->","yoast_head_json":{"title":"Bonell Comfort 21 - Bio-Textima - Bedding, Interior, Object","robots":{"index":"index","follow":"follow","max-snippet":"max-snippet:-1","max-image-preview":"max-image-preview:large","max-video-preview":"max-video-preview:-1"},"canonical":"https:\/\/contractbeds.eu\/en\/product\/bonell-comfort-21\/","og_locale":"en_US","og_type":"article","og_title":"Bonell Comfort 21 - Bio-Textima - Bedding, Interior, Object","og_description":"Orthopedic Cold Foam Surface Bonell Spring Hotel Mattress (21 cm)","og_url":"https:\/\/contractbeds.eu\/en\/product\/bonell-comfort-21\/","og_site_name":"Bio-Textima - Bedding, Interior, Object","article_modified_time":"2024-11-25T14:09:04+00:00","og_image":[{"width":326,"height":190,"url":"https:\/\/contractbeds.eu\/wp-content\/uploads\/2023\/07\/Bonellrugos-mintakep.jpg","type":"image\/jpeg"}],"twitter_card":"summary_large_image","twitter_misc":{"Est. reading time":"1 minute"},"schema":{"@context":"https:\/\/schema.org","@graph":[{"@type":"WebPage","@id":"https:\/\/contractbeds.eu\/en\/product\/bonell-comfort-21\/","url":"https:\/\/contractbeds.eu\/en\/product\/bonell-comfort-21\/","name":"Bonell Comfort 21 - Bio-Textima - Bedding, Interior, Object","isPartOf":{"@id":"https:\/\/contractbeds.eu\/en\/#website"},"primaryImageOfPage":{"@id":"https:\/\/contractbeds.eu\/en\/product\/bonell-comfort-21\/#primaryimage"},"image":{"@id":"https:\/\/contractbeds.eu\/en\/product\/bonell-comfort-21\/#primaryimage"},"thumbnailUrl":"https:\/\/contractbeds.eu\/wp-content\/uploads\/2023\/07\/Bonellrugos-mintakep.jpg","datePublished":"2023-07-19T13:27:42+00:00","dateModified":"2024-11-25T14:09:04+00:00","breadcrumb":{"@id":"https:\/\/contractbeds.eu\/en\/product\/bonell-comfort-21\/#breadcrumb"},"inLanguage":"en-US","potentialAction":[{"@type":"ReadAction","target":["https:\/\/contractbeds.eu\/en\/product\/bonell-comfort-21\/"]}]},{"@type":"ImageObject","inLanguage":"en-US","@id":"https:\/\/contractbeds.eu\/en\/product\/bonell-comfort-21\/#primaryimage","url":"https:\/\/contractbeds.eu\/wp-content\/uploads\/2023\/07\/Bonellrugos-mintakep.jpg","contentUrl":"https:\/\/contractbeds.eu\/wp-content\/uploads\/2023\/07\/Bonellrugos-mintakep.jpg","width":326,"height":190,"caption":"Bonellrugos-mintakep"},{"@type":"BreadcrumbList","@id":"https:\/\/contractbeds.eu\/en\/product\/bonell-comfort-21\/#breadcrumb","itemListElement":[{"@type":"ListItem","position":1,"name":"Homepage","item":"https:\/\/contractbeds.eu\/en\/"},{"@type":"ListItem","position":2,"name":"Products","item":"https:\/\/contractbeds.eu\/termekeink\/"},{"@type":"ListItem","position":3,"name":"Bonell Comfort 21"}]},{"@type":"WebSite","@id":"https:\/\/contractbeds.eu\/en\/#website","url":"https:\/\/contractbeds.eu\/en\/","name":"Bio-Textima H\u00e1l\u00f3szoba Manufakt\u00fara","description":"beds, mattresses - for hotels, accommodations","publisher":{"@id":"https:\/\/contractbeds.eu\/en\/#organization"},"potentialAction":[{"@type":"SearchAction","target":{"@type":"EntryPoint","urlTemplate":"https:\/\/contractbeds.eu\/en\/?s={search_term_string}"},"query-input":{"@type":"PropertyValueSpecification","valueRequired":true,"valueName":"search_term_string"}}],"inLanguage":"en-US"},{"@type":"Organization","@id":"https:\/\/contractbeds.eu\/en\/#organization","name":"BIO-TEXTIMA Kft.","url":"https:\/\/contractbeds.eu\/en\/","logo":{"@type":"ImageObject","inLanguage":"en-US","@id":"https:\/\/contractbeds.eu\/en\/#\/schema\/logo\/image\/","url":"https:\/\/contractbeds.eu\/wp-content\/uploads\/2021\/03\/biotex_logo.jpg","contentUrl":"https:\/\/contractbeds.eu\/wp-content\/uploads\/2021\/03\/biotex_logo.jpg","width":335,"height":149,"caption":"BIO-TEXTIMA Kft."},"image":{"@id":"https:\/\/contractbeds.eu\/en\/#\/schema\/logo\/image\/"}}]}},"_links":{"self":[{"href":"https:\/\/contractbeds.eu\/en\/wp-json\/wp\/v2\/product\/14277","targetHints":{"allow":["GET"]}}],"collection":[{"href":"https:\/\/contractbeds.eu\/en\/wp-json\/wp\/v2\/product"}],"about":[{"href":"https:\/\/contractbeds.eu\/en\/wp-json\/wp\/v2\/types\/product"}],"wp:featuredmedia":[{"embeddable":true,"href":"https:\/\/contractbeds.eu\/en\/wp-json\/wp\/v2\/media\/13657"}],"wp:attachment":[{"href":"https:\/\/contractbeds.eu\/en\/wp-json\/wp\/v2\/media?parent=14277"}],"wp:term":[{"taxonomy":"product_brand","embeddable":true,"href":"https:\/\/contractbeds.eu\/en\/wp-json\/wp\/v2\/product_brand?post=14277"},{"taxonomy":"product_cat","embeddable":true,"href":"https:\/\/contractbeds.eu\/en\/wp-json\/wp\/v2\/product_cat?post=14277"},{"taxonomy":"product_tag","embeddable":true,"href":"https:\/\/contractbeds.eu\/en\/wp-json\/wp\/v2\/product_tag?post=14277"}],"curies":[{"name":"wp","href":"https:\/\/api.w.org\/{rel}","templated":true}]}}