{"id":17027,"date":"2024-05-02T09:13:19","date_gmt":"2024-05-02T09:13:19","guid":{"rendered":"https:\/\/contractbeds.eu\/?post_type=product&#038;p=17027"},"modified":"2024-11-25T14:37:05","modified_gmt":"2024-11-25T14:37:05","slug":"shapemax-memo-cool","status":"publish","type":"product","link":"https:\/\/contractbeds.eu\/en\/product\/shapemax-memo-cool\/","title":{"rendered":"Shapemax Memo Cool"},"content":{"rendered":"<p>A hotel mattress with a medium-firm feel, it&#8217;s an excellent choice for those who value comfort. The combination of cooling and breathable memory foam surface with the cold foam climate mattress ensures restful and comfortable sleep. The moisture and heat-regulating, hypoallergenic cover ensures a clean and healthy sleep environment, allowing every guest to leave satisfied.<\/p>\n<p>Composition:<\/p>\n<ul>\n<li>Softly padded Shapri\u00ae mattress cover with 100% plant-based, Greenfirst\u00ae mite protection, moisture and heat regulation, and hypoallergenic properties<\/li>\n<li>4 cm thick COOLGEL MEMORY\u00ae memory foam comfort layer that softens with body heat, conforms to body contours, and provides cooling and breathability<\/li>\n<li>4 cm thick extra-quality, reinforced, highly elastic orthopedic cold foam padding layer<\/li>\n<li>1 cm thick coconut reinforcement layer<\/li>\n<li>4 cm thick extra-quality, reinforced, highly elastic orthopedic cold foam core<\/li>\n<li>1 cm thick coconut reinforcement layer<\/li>\n<li>4 cm thick extra-quality, reinforced, highly elastic orthopedic cold foam padding layer<\/li>\n<li>AntiSlip\u00ae non-slip mattress cover<\/li>\n<\/ul>\n","protected":false},"excerpt":{"rendered":"<p>Cooling and breathable memory foam surface cold foam climate mattress with moisture and heat-regulating, hypoallergenic cover<\/p>\n","protected":false},"featured_media":17007,"template":"","meta":[],"product_brand":[],"product_cat":[119],"product_tag":[],"class_list":{"0":"post-17027","1":"product","2":"type-product","3":"status-publish","4":"has-post-thumbnail","6":"product_cat-mattresses","8":"first","9":"instock","10":"featured","11":"shipping-taxable","12":"purchasable","13":"product-type-variable","14":"has-default-attributes"},"composite_layout":"","composite_add_to_cart_form_location":"","composite_editable_in_cart":false,"composite_sold_individually_context":"","composite_shop_price_calc":"","composite_components":[],"composite_scenarios":[],"yoast_head":"<!-- This site is optimized with the Yoast SEO plugin v27.0 - https:\/\/yoast.com\/product\/yoast-seo-wordpress\/ -->\n<title>Shapemax Memo Cool - Bio-Textima - Bedding, Interior, Object<\/title>\n<meta name=\"robots\" content=\"index, follow, max-snippet:-1, max-image-preview:large, max-video-preview:-1\" \/>\n<link rel=\"canonical\" href=\"https:\/\/contractbeds.eu\/en\/product\/shapemax-memo-cool\/\" \/>\n<meta property=\"og:locale\" content=\"en_US\" \/>\n<meta property=\"og:type\" content=\"article\" \/>\n<meta property=\"og:title\" content=\"Shapemax Memo Cool - Bio-Textima - Bedding, Interior, Object\" \/>\n<meta property=\"og:description\" content=\"Cooling and breathable memory foam surface cold foam climate mattress with moisture and heat-regulating, hypoallergenic cover\" \/>\n<meta property=\"og:url\" content=\"https:\/\/contractbeds.eu\/en\/product\/shapemax-memo-cool\/\" \/>\n<meta property=\"og:site_name\" content=\"Bio-Textima - Bedding, Interior, Object\" \/>\n<meta property=\"article:modified_time\" content=\"2024-11-25T14:37:05+00:00\" \/>\n<meta property=\"og:image\" content=\"https:\/\/contractbeds.eu\/wp-content\/uploads\/2024\/05\/Shapemax-Memo-COOL-matrac-1.jpeg\" \/>\n\t<meta property=\"og:image:width\" content=\"327\" \/>\n\t<meta property=\"og:image:height\" content=\"200\" \/>\n\t<meta property=\"og:image:type\" content=\"image\/jpeg\" \/>\n<meta name=\"twitter:card\" content=\"summary_large_image\" \/>\n<meta name=\"twitter:label1\" content=\"Est. reading time\" \/>\n\t<meta name=\"twitter:data1\" content=\"1 minute\" \/>\n<script type=\"application\/ld+json\" class=\"yoast-schema-graph\">{\"@context\":\"https:\/\/schema.org\",\"@graph\":[{\"@type\":\"WebPage\",\"@id\":\"https:\/\/contractbeds.eu\/en\/product\/shapemax-memo-cool\/\",\"url\":\"https:\/\/contractbeds.eu\/en\/product\/shapemax-memo-cool\/\",\"name\":\"Shapemax Memo Cool - Bio-Textima - Bedding, Interior, Object\",\"isPartOf\":{\"@id\":\"https:\/\/contractbeds.eu\/en\/#website\"},\"primaryImageOfPage\":{\"@id\":\"https:\/\/contractbeds.eu\/en\/product\/shapemax-memo-cool\/#primaryimage\"},\"image\":{\"@id\":\"https:\/\/contractbeds.eu\/en\/product\/shapemax-memo-cool\/#primaryimage\"},\"thumbnailUrl\":\"https:\/\/contractbeds.eu\/wp-content\/uploads\/2024\/05\/Shapemax-Memo-COOL-matrac-1.jpeg\",\"datePublished\":\"2024-05-02T09:13:19+00:00\",\"dateModified\":\"2024-11-25T14:37:05+00:00\",\"breadcrumb\":{\"@id\":\"https:\/\/contractbeds.eu\/en\/product\/shapemax-memo-cool\/#breadcrumb\"},\"inLanguage\":\"en-US\",\"potentialAction\":[{\"@type\":\"ReadAction\",\"target\":[\"https:\/\/contractbeds.eu\/en\/product\/shapemax-memo-cool\/\"]}]},{\"@type\":\"ImageObject\",\"inLanguage\":\"en-US\",\"@id\":\"https:\/\/contractbeds.eu\/en\/product\/shapemax-memo-cool\/#primaryimage\",\"url\":\"https:\/\/contractbeds.eu\/wp-content\/uploads\/2024\/05\/Shapemax-Memo-COOL-matrac-1.jpeg\",\"contentUrl\":\"https:\/\/contractbeds.eu\/wp-content\/uploads\/2024\/05\/Shapemax-Memo-COOL-matrac-1.jpeg\",\"width\":327,\"height\":200},{\"@type\":\"BreadcrumbList\",\"@id\":\"https:\/\/contractbeds.eu\/en\/product\/shapemax-memo-cool\/#breadcrumb\",\"itemListElement\":[{\"@type\":\"ListItem\",\"position\":1,\"name\":\"Homepage\",\"item\":\"https:\/\/contractbeds.eu\/en\/\"},{\"@type\":\"ListItem\",\"position\":2,\"name\":\"Products\",\"item\":\"https:\/\/contractbeds.eu\/termekeink\/\"},{\"@type\":\"ListItem\",\"position\":3,\"name\":\"Shapemax Memo Cool\"}]},{\"@type\":\"WebSite\",\"@id\":\"https:\/\/contractbeds.eu\/en\/#website\",\"url\":\"https:\/\/contractbeds.eu\/en\/\",\"name\":\"Bio-Textima H\u00e1l\u00f3szoba Manufakt\u00fara\",\"description\":\"beds, mattresses - for hotels, accommodations\",\"publisher\":{\"@id\":\"https:\/\/contractbeds.eu\/en\/#organization\"},\"potentialAction\":[{\"@type\":\"SearchAction\",\"target\":{\"@type\":\"EntryPoint\",\"urlTemplate\":\"https:\/\/contractbeds.eu\/en\/?s={search_term_string}\"},\"query-input\":{\"@type\":\"PropertyValueSpecification\",\"valueRequired\":true,\"valueName\":\"search_term_string\"}}],\"inLanguage\":\"en-US\"},{\"@type\":\"Organization\",\"@id\":\"https:\/\/contractbeds.eu\/en\/#organization\",\"name\":\"BIO-TEXTIMA Kft.\",\"url\":\"https:\/\/contractbeds.eu\/en\/\",\"logo\":{\"@type\":\"ImageObject\",\"inLanguage\":\"en-US\",\"@id\":\"https:\/\/contractbeds.eu\/en\/#\/schema\/logo\/image\/\",\"url\":\"https:\/\/contractbeds.eu\/wp-content\/uploads\/2021\/03\/biotex_logo.jpg\",\"contentUrl\":\"https:\/\/contractbeds.eu\/wp-content\/uploads\/2021\/03\/biotex_logo.jpg\",\"width\":335,\"height\":149,\"caption\":\"BIO-TEXTIMA Kft.\"},\"image\":{\"@id\":\"https:\/\/contractbeds.eu\/en\/#\/schema\/logo\/image\/\"}}]}<\/script>\n<!-- \/ Yoast SEO plugin. -->","yoast_head_json":{"title":"Shapemax Memo Cool - Bio-Textima - Bedding, Interior, Object","robots":{"index":"index","follow":"follow","max-snippet":"max-snippet:-1","max-image-preview":"max-image-preview:large","max-video-preview":"max-video-preview:-1"},"canonical":"https:\/\/contractbeds.eu\/en\/product\/shapemax-memo-cool\/","og_locale":"en_US","og_type":"article","og_title":"Shapemax Memo Cool - Bio-Textima - Bedding, Interior, Object","og_description":"Cooling and breathable memory foam surface cold foam climate mattress with moisture and heat-regulating, hypoallergenic cover","og_url":"https:\/\/contractbeds.eu\/en\/product\/shapemax-memo-cool\/","og_site_name":"Bio-Textima - Bedding, Interior, Object","article_modified_time":"2024-11-25T14:37:05+00:00","og_image":[{"width":327,"height":200,"url":"https:\/\/contractbeds.eu\/wp-content\/uploads\/2024\/05\/Shapemax-Memo-COOL-matrac-1.jpeg","type":"image\/jpeg"}],"twitter_card":"summary_large_image","twitter_misc":{"Est. reading time":"1 minute"},"schema":{"@context":"https:\/\/schema.org","@graph":[{"@type":"WebPage","@id":"https:\/\/contractbeds.eu\/en\/product\/shapemax-memo-cool\/","url":"https:\/\/contractbeds.eu\/en\/product\/shapemax-memo-cool\/","name":"Shapemax Memo Cool - Bio-Textima - Bedding, Interior, Object","isPartOf":{"@id":"https:\/\/contractbeds.eu\/en\/#website"},"primaryImageOfPage":{"@id":"https:\/\/contractbeds.eu\/en\/product\/shapemax-memo-cool\/#primaryimage"},"image":{"@id":"https:\/\/contractbeds.eu\/en\/product\/shapemax-memo-cool\/#primaryimage"},"thumbnailUrl":"https:\/\/contractbeds.eu\/wp-content\/uploads\/2024\/05\/Shapemax-Memo-COOL-matrac-1.jpeg","datePublished":"2024-05-02T09:13:19+00:00","dateModified":"2024-11-25T14:37:05+00:00","breadcrumb":{"@id":"https:\/\/contractbeds.eu\/en\/product\/shapemax-memo-cool\/#breadcrumb"},"inLanguage":"en-US","potentialAction":[{"@type":"ReadAction","target":["https:\/\/contractbeds.eu\/en\/product\/shapemax-memo-cool\/"]}]},{"@type":"ImageObject","inLanguage":"en-US","@id":"https:\/\/contractbeds.eu\/en\/product\/shapemax-memo-cool\/#primaryimage","url":"https:\/\/contractbeds.eu\/wp-content\/uploads\/2024\/05\/Shapemax-Memo-COOL-matrac-1.jpeg","contentUrl":"https:\/\/contractbeds.eu\/wp-content\/uploads\/2024\/05\/Shapemax-Memo-COOL-matrac-1.jpeg","width":327,"height":200},{"@type":"BreadcrumbList","@id":"https:\/\/contractbeds.eu\/en\/product\/shapemax-memo-cool\/#breadcrumb","itemListElement":[{"@type":"ListItem","position":1,"name":"Homepage","item":"https:\/\/contractbeds.eu\/en\/"},{"@type":"ListItem","position":2,"name":"Products","item":"https:\/\/contractbeds.eu\/termekeink\/"},{"@type":"ListItem","position":3,"name":"Shapemax Memo Cool"}]},{"@type":"WebSite","@id":"https:\/\/contractbeds.eu\/en\/#website","url":"https:\/\/contractbeds.eu\/en\/","name":"Bio-Textima H\u00e1l\u00f3szoba Manufakt\u00fara","description":"beds, mattresses - for hotels, accommodations","publisher":{"@id":"https:\/\/contractbeds.eu\/en\/#organization"},"potentialAction":[{"@type":"SearchAction","target":{"@type":"EntryPoint","urlTemplate":"https:\/\/contractbeds.eu\/en\/?s={search_term_string}"},"query-input":{"@type":"PropertyValueSpecification","valueRequired":true,"valueName":"search_term_string"}}],"inLanguage":"en-US"},{"@type":"Organization","@id":"https:\/\/contractbeds.eu\/en\/#organization","name":"BIO-TEXTIMA Kft.","url":"https:\/\/contractbeds.eu\/en\/","logo":{"@type":"ImageObject","inLanguage":"en-US","@id":"https:\/\/contractbeds.eu\/en\/#\/schema\/logo\/image\/","url":"https:\/\/contractbeds.eu\/wp-content\/uploads\/2021\/03\/biotex_logo.jpg","contentUrl":"https:\/\/contractbeds.eu\/wp-content\/uploads\/2021\/03\/biotex_logo.jpg","width":335,"height":149,"caption":"BIO-TEXTIMA Kft."},"image":{"@id":"https:\/\/contractbeds.eu\/en\/#\/schema\/logo\/image\/"}}]}},"_links":{"self":[{"href":"https:\/\/contractbeds.eu\/en\/wp-json\/wp\/v2\/product\/17027","targetHints":{"allow":["GET"]}}],"collection":[{"href":"https:\/\/contractbeds.eu\/en\/wp-json\/wp\/v2\/product"}],"about":[{"href":"https:\/\/contractbeds.eu\/en\/wp-json\/wp\/v2\/types\/product"}],"wp:featuredmedia":[{"embeddable":true,"href":"https:\/\/contractbeds.eu\/en\/wp-json\/wp\/v2\/media\/17007"}],"wp:attachment":[{"href":"https:\/\/contractbeds.eu\/en\/wp-json\/wp\/v2\/media?parent=17027"}],"wp:term":[{"taxonomy":"product_brand","embeddable":true,"href":"https:\/\/contractbeds.eu\/en\/wp-json\/wp\/v2\/product_brand?post=17027"},{"taxonomy":"product_cat","embeddable":true,"href":"https:\/\/contractbeds.eu\/en\/wp-json\/wp\/v2\/product_cat?post=17027"},{"taxonomy":"product_tag","embeddable":true,"href":"https:\/\/contractbeds.eu\/en\/wp-json\/wp\/v2\/product_tag?post=17027"}],"curies":[{"name":"wp","href":"https:\/\/api.w.org\/{rel}","templated":true}]}}