{"id":22290,"date":"2025-10-20T09:43:01","date_gmt":"2025-10-20T09:43:01","guid":{"rendered":"https:\/\/contractbeds.eu\/?post_type=product&#038;p=22290"},"modified":"2025-10-21T10:39:00","modified_gmt":"2025-10-21T10:39:00","slug":"velora-1396-eminent","status":"publish","type":"product","link":"https:\/\/contractbeds.eu\/en\/product\/velora-1396-eminent\/","title":{"rendered":"Velora 1396 Eminent"},"content":{"rendered":"<p style=\"font-weight: 400;\">The GLORIA INDAS cotton\u2013linen cover, quilted with comfort foam and climate fibre, provides a luxurious first impression. A wool comfort layer combined with a 5 cm thick natural latex layer ensures gentle body cradling, superior joint protection, and regal comfort. The mattress core consists of a 12 cm high, 7-zone pocket spring system with 1100 springs\/m\u00b2, delivering precise, anatomically correct support from head to toe. Foam encasement and wool felt layers guarantee stability and even load distribution. The other side offers an entirely different feel: a 6 cm mini pocket spring layer with a flexible coconut comfort layer provides firmer, more solid support. The dual spring system \u2013 two independent pocket spring layers \u2013 enhances resilience across the whole mattress. Four sturdy side handles allow effortless rotation and movement. This model combines high spring density, extra-thick natural latex, and dual spring technology for a uniquely customizable comfort experience with every sleep.<\/p>\n<p style=\"font-weight: 400;\"><strong>Structure:<\/strong><\/p>\n<ul>\n<li>GLORIA INDAS (340 g\/m\u00b2) cotton\u2013linen piped mattress cover quilted with 1 cm comfort foam and 300 g\/m\u00b2 climate fibre<\/li>\n<li>Wool comfort layer<\/li>\n<li>5 cm natural latex comfort layer, point-elastic and breathable<\/li>\n<li>800 g\/m\u00b2 wool felt load-distribution layer<\/li>\n<li>12 cm 7-zone pocket spring system (d=1.6\u20131.8 mm), 1100 springs\/m\u00b2, embedded in N3543 comfort foam edge support<\/li>\n<li>800 g\/m\u00b2 wool felt load-distribution layer<\/li>\n<li>1 cm high-density coconut fibre layer (1000 g\/m\u00b2)<\/li>\n<li>6 cm mono-zone mini pocket spring system (d=1.6 mm), 296 springs\/m\u00b2, embedded in N3543 comfort foam edge support<\/li>\n<li>3 cm flexible coconut comfort layer (70 kg\/m\u00b3)<\/li>\n<\/ul>\n","protected":false},"excerpt":{"rendered":"<p>Hotel luxury pocket spring mattress (1396 springs\/m\u00b2) with wool\u2013natural latex and mini pocket spring comfort layers, in a piped, fine-touch cotton\u2013linen cover, double-sided, reversible design<\/p>\n","protected":false},"featured_media":22236,"template":"","meta":[],"product_brand":[],"product_cat":[119],"product_tag":[],"class_list":{"0":"post-22290","1":"product","2":"type-product","3":"status-publish","4":"has-post-thumbnail","6":"product_cat-mattresses","8":"first","9":"instock","10":"shipping-taxable","11":"purchasable","12":"product-type-variable","13":"has-default-attributes"},"composite_layout":"","composite_add_to_cart_form_location":"","composite_editable_in_cart":false,"composite_sold_individually_context":"","composite_shop_price_calc":"","composite_components":[],"composite_scenarios":[],"yoast_head":"<!-- This site is optimized with the Yoast SEO plugin v27.0 - https:\/\/yoast.com\/product\/yoast-seo-wordpress\/ -->\n<title>Velora 1396 Eminent - Bio-Textima - Bedding, Interior, Object<\/title>\n<meta name=\"robots\" content=\"index, follow, max-snippet:-1, max-image-preview:large, max-video-preview:-1\" \/>\n<link rel=\"canonical\" href=\"https:\/\/contractbeds.eu\/en\/product\/velora-1396-eminent\/\" \/>\n<meta property=\"og:locale\" content=\"en_US\" \/>\n<meta property=\"og:type\" content=\"article\" \/>\n<meta property=\"og:title\" content=\"Velora 1396 Eminent - Bio-Textima - Bedding, Interior, Object\" \/>\n<meta property=\"og:description\" content=\"Hotel luxury pocket spring mattress (1396 springs\/m\u00b2) with wool\u2013natural latex and mini pocket spring comfort layers, in a piped, fine-touch cotton\u2013linen cover, double-sided, reversible design\" \/>\n<meta property=\"og:url\" content=\"https:\/\/contractbeds.eu\/en\/product\/velora-1396-eminent\/\" \/>\n<meta property=\"og:site_name\" content=\"Bio-Textima - Bedding, Interior, Object\" \/>\n<meta property=\"article:modified_time\" content=\"2025-10-21T10:39:00+00:00\" \/>\n<meta property=\"og:image\" content=\"https:\/\/contractbeds.eu\/wp-content\/uploads\/2025\/10\/Velora-Series.jpg\" \/>\n\t<meta property=\"og:image:width\" content=\"327\" \/>\n\t<meta property=\"og:image:height\" content=\"166\" \/>\n\t<meta property=\"og:image:type\" content=\"image\/jpeg\" \/>\n<meta name=\"twitter:card\" content=\"summary_large_image\" \/>\n<meta name=\"twitter:label1\" content=\"Est. reading time\" \/>\n\t<meta name=\"twitter:data1\" content=\"2 minutes\" \/>\n<script type=\"application\/ld+json\" class=\"yoast-schema-graph\">{\"@context\":\"https:\/\/schema.org\",\"@graph\":[{\"@type\":\"WebPage\",\"@id\":\"https:\/\/contractbeds.eu\/en\/product\/velora-1396-eminent\/\",\"url\":\"https:\/\/contractbeds.eu\/en\/product\/velora-1396-eminent\/\",\"name\":\"Velora 1396 Eminent - Bio-Textima - Bedding, Interior, Object\",\"isPartOf\":{\"@id\":\"https:\/\/contractbeds.eu\/en\/#website\"},\"primaryImageOfPage\":{\"@id\":\"https:\/\/contractbeds.eu\/en\/product\/velora-1396-eminent\/#primaryimage\"},\"image\":{\"@id\":\"https:\/\/contractbeds.eu\/en\/product\/velora-1396-eminent\/#primaryimage\"},\"thumbnailUrl\":\"https:\/\/contractbeds.eu\/wp-content\/uploads\/2025\/10\/Velora-Series.jpg\",\"datePublished\":\"2025-10-20T09:43:01+00:00\",\"dateModified\":\"2025-10-21T10:39:00+00:00\",\"breadcrumb\":{\"@id\":\"https:\/\/contractbeds.eu\/en\/product\/velora-1396-eminent\/#breadcrumb\"},\"inLanguage\":\"en-US\",\"potentialAction\":[{\"@type\":\"ReadAction\",\"target\":[\"https:\/\/contractbeds.eu\/en\/product\/velora-1396-eminent\/\"]}]},{\"@type\":\"ImageObject\",\"inLanguage\":\"en-US\",\"@id\":\"https:\/\/contractbeds.eu\/en\/product\/velora-1396-eminent\/#primaryimage\",\"url\":\"https:\/\/contractbeds.eu\/wp-content\/uploads\/2025\/10\/Velora-Series.jpg\",\"contentUrl\":\"https:\/\/contractbeds.eu\/wp-content\/uploads\/2025\/10\/Velora-Series.jpg\",\"width\":327,\"height\":166},{\"@type\":\"BreadcrumbList\",\"@id\":\"https:\/\/contractbeds.eu\/en\/product\/velora-1396-eminent\/#breadcrumb\",\"itemListElement\":[{\"@type\":\"ListItem\",\"position\":1,\"name\":\"Homepage\",\"item\":\"https:\/\/contractbeds.eu\/en\/\"},{\"@type\":\"ListItem\",\"position\":2,\"name\":\"Products\",\"item\":\"https:\/\/contractbeds.eu\/termekeink\/\"},{\"@type\":\"ListItem\",\"position\":3,\"name\":\"Velora 1396 Eminent\"}]},{\"@type\":\"WebSite\",\"@id\":\"https:\/\/contractbeds.eu\/en\/#website\",\"url\":\"https:\/\/contractbeds.eu\/en\/\",\"name\":\"Bio-Textima H\u00e1l\u00f3szoba Manufakt\u00fara\",\"description\":\"beds, mattresses - for hotels, accommodations\",\"publisher\":{\"@id\":\"https:\/\/contractbeds.eu\/en\/#organization\"},\"potentialAction\":[{\"@type\":\"SearchAction\",\"target\":{\"@type\":\"EntryPoint\",\"urlTemplate\":\"https:\/\/contractbeds.eu\/en\/?s={search_term_string}\"},\"query-input\":{\"@type\":\"PropertyValueSpecification\",\"valueRequired\":true,\"valueName\":\"search_term_string\"}}],\"inLanguage\":\"en-US\"},{\"@type\":\"Organization\",\"@id\":\"https:\/\/contractbeds.eu\/en\/#organization\",\"name\":\"BIO-TEXTIMA Kft.\",\"url\":\"https:\/\/contractbeds.eu\/en\/\",\"logo\":{\"@type\":\"ImageObject\",\"inLanguage\":\"en-US\",\"@id\":\"https:\/\/contractbeds.eu\/en\/#\/schema\/logo\/image\/\",\"url\":\"https:\/\/contractbeds.eu\/wp-content\/uploads\/2021\/03\/biotex_logo.jpg\",\"contentUrl\":\"https:\/\/contractbeds.eu\/wp-content\/uploads\/2021\/03\/biotex_logo.jpg\",\"width\":335,\"height\":149,\"caption\":\"BIO-TEXTIMA Kft.\"},\"image\":{\"@id\":\"https:\/\/contractbeds.eu\/en\/#\/schema\/logo\/image\/\"}}]}<\/script>\n<!-- \/ Yoast SEO plugin. -->","yoast_head_json":{"title":"Velora 1396 Eminent - Bio-Textima - Bedding, Interior, Object","robots":{"index":"index","follow":"follow","max-snippet":"max-snippet:-1","max-image-preview":"max-image-preview:large","max-video-preview":"max-video-preview:-1"},"canonical":"https:\/\/contractbeds.eu\/en\/product\/velora-1396-eminent\/","og_locale":"en_US","og_type":"article","og_title":"Velora 1396 Eminent - Bio-Textima - Bedding, Interior, Object","og_description":"Hotel luxury pocket spring mattress (1396 springs\/m\u00b2) with wool\u2013natural latex and mini pocket spring comfort layers, in a piped, fine-touch cotton\u2013linen cover, double-sided, reversible design","og_url":"https:\/\/contractbeds.eu\/en\/product\/velora-1396-eminent\/","og_site_name":"Bio-Textima - Bedding, Interior, Object","article_modified_time":"2025-10-21T10:39:00+00:00","og_image":[{"width":327,"height":166,"url":"https:\/\/contractbeds.eu\/wp-content\/uploads\/2025\/10\/Velora-Series.jpg","type":"image\/jpeg"}],"twitter_card":"summary_large_image","twitter_misc":{"Est. reading time":"2 minutes"},"schema":{"@context":"https:\/\/schema.org","@graph":[{"@type":"WebPage","@id":"https:\/\/contractbeds.eu\/en\/product\/velora-1396-eminent\/","url":"https:\/\/contractbeds.eu\/en\/product\/velora-1396-eminent\/","name":"Velora 1396 Eminent - Bio-Textima - Bedding, Interior, Object","isPartOf":{"@id":"https:\/\/contractbeds.eu\/en\/#website"},"primaryImageOfPage":{"@id":"https:\/\/contractbeds.eu\/en\/product\/velora-1396-eminent\/#primaryimage"},"image":{"@id":"https:\/\/contractbeds.eu\/en\/product\/velora-1396-eminent\/#primaryimage"},"thumbnailUrl":"https:\/\/contractbeds.eu\/wp-content\/uploads\/2025\/10\/Velora-Series.jpg","datePublished":"2025-10-20T09:43:01+00:00","dateModified":"2025-10-21T10:39:00+00:00","breadcrumb":{"@id":"https:\/\/contractbeds.eu\/en\/product\/velora-1396-eminent\/#breadcrumb"},"inLanguage":"en-US","potentialAction":[{"@type":"ReadAction","target":["https:\/\/contractbeds.eu\/en\/product\/velora-1396-eminent\/"]}]},{"@type":"ImageObject","inLanguage":"en-US","@id":"https:\/\/contractbeds.eu\/en\/product\/velora-1396-eminent\/#primaryimage","url":"https:\/\/contractbeds.eu\/wp-content\/uploads\/2025\/10\/Velora-Series.jpg","contentUrl":"https:\/\/contractbeds.eu\/wp-content\/uploads\/2025\/10\/Velora-Series.jpg","width":327,"height":166},{"@type":"BreadcrumbList","@id":"https:\/\/contractbeds.eu\/en\/product\/velora-1396-eminent\/#breadcrumb","itemListElement":[{"@type":"ListItem","position":1,"name":"Homepage","item":"https:\/\/contractbeds.eu\/en\/"},{"@type":"ListItem","position":2,"name":"Products","item":"https:\/\/contractbeds.eu\/termekeink\/"},{"@type":"ListItem","position":3,"name":"Velora 1396 Eminent"}]},{"@type":"WebSite","@id":"https:\/\/contractbeds.eu\/en\/#website","url":"https:\/\/contractbeds.eu\/en\/","name":"Bio-Textima H\u00e1l\u00f3szoba Manufakt\u00fara","description":"beds, mattresses - for hotels, accommodations","publisher":{"@id":"https:\/\/contractbeds.eu\/en\/#organization"},"potentialAction":[{"@type":"SearchAction","target":{"@type":"EntryPoint","urlTemplate":"https:\/\/contractbeds.eu\/en\/?s={search_term_string}"},"query-input":{"@type":"PropertyValueSpecification","valueRequired":true,"valueName":"search_term_string"}}],"inLanguage":"en-US"},{"@type":"Organization","@id":"https:\/\/contractbeds.eu\/en\/#organization","name":"BIO-TEXTIMA Kft.","url":"https:\/\/contractbeds.eu\/en\/","logo":{"@type":"ImageObject","inLanguage":"en-US","@id":"https:\/\/contractbeds.eu\/en\/#\/schema\/logo\/image\/","url":"https:\/\/contractbeds.eu\/wp-content\/uploads\/2021\/03\/biotex_logo.jpg","contentUrl":"https:\/\/contractbeds.eu\/wp-content\/uploads\/2021\/03\/biotex_logo.jpg","width":335,"height":149,"caption":"BIO-TEXTIMA Kft."},"image":{"@id":"https:\/\/contractbeds.eu\/en\/#\/schema\/logo\/image\/"}}]}},"_links":{"self":[{"href":"https:\/\/contractbeds.eu\/en\/wp-json\/wp\/v2\/product\/22290","targetHints":{"allow":["GET"]}}],"collection":[{"href":"https:\/\/contractbeds.eu\/en\/wp-json\/wp\/v2\/product"}],"about":[{"href":"https:\/\/contractbeds.eu\/en\/wp-json\/wp\/v2\/types\/product"}],"wp:featuredmedia":[{"embeddable":true,"href":"https:\/\/contractbeds.eu\/en\/wp-json\/wp\/v2\/media\/22236"}],"wp:attachment":[{"href":"https:\/\/contractbeds.eu\/en\/wp-json\/wp\/v2\/media?parent=22290"}],"wp:term":[{"taxonomy":"product_brand","embeddable":true,"href":"https:\/\/contractbeds.eu\/en\/wp-json\/wp\/v2\/product_brand?post=22290"},{"taxonomy":"product_cat","embeddable":true,"href":"https:\/\/contractbeds.eu\/en\/wp-json\/wp\/v2\/product_cat?post=22290"},{"taxonomy":"product_tag","embeddable":true,"href":"https:\/\/contractbeds.eu\/en\/wp-json\/wp\/v2\/product_tag?post=22290"}],"curies":[{"name":"wp","href":"https:\/\/api.w.org\/{rel}","templated":true}]}}