{"id":8305,"date":"2020-12-02T23:45:12","date_gmt":"2020-12-02T23:45:12","guid":{"rendered":"http:\/\/localhost\/termek\/konfiguralhato-agy\/"},"modified":"2023-09-12T15:26:14","modified_gmt":"2023-09-12T15:26:14","slug":"customizable-bed","status":"publish","type":"product","link":"https:\/\/contractbeds.eu\/en\/product\/customizable-bed\/","title":{"rendered":"Customizable bed"},"content":{"rendered":"","protected":false},"excerpt":{"rendered":"<div style=\"margin-top: -10px; margin-bottom: 10px;\">Build your own bed step by step!<\/div>\n<div>Try this feature, which will make getting your offer quick and easy. Select what kind of bed you have in mind, and choose the bed frame, mattress and optional cover mattress that goes with it!<\/div>\n","protected":false},"featured_media":4718,"template":"","meta":[],"product_brand":[],"product_cat":[116],"product_tag":[],"class_list":{"0":"post-8305","1":"product","2":"type-product","3":"status-publish","4":"has-post-thumbnail","6":"product_cat-configurable-bed","8":"first","9":"instock","10":"virtual","11":"purchasable","12":"product-type-composite"},"composite_layout":"paged","composite_add_to_cart_form_location":"after_summary","composite_editable_in_cart":false,"composite_sold_individually_context":"product","composite_shop_price_calc":"min_max","composite_components":[{"id":"1606952712","title":"Bed frame","description":"<p>Let\u2019s start by selecting your bed frame!<\/p>\n","query_type":"category_ids","query_ids":[120],"default_option_id":"","thumbnail_id":1702,"thumbnail_src":"https:\/\/contractbeds.eu\/wp-content\/uploads\/2018\/04\/shop14_product10.jpg","quantity_min":1,"quantity_max":"","priced_individually":true,"shipped_individually":true,"optional":false,"discount":"","options_style":"thumbnails","pagination_style":"classic","display_prices":"hidden","show_sorting_options":false,"show_filtering_options":false,"attribute_filter_ids":[],"product_title_visible":true,"product_descr_visible":true,"product_price_visible":true,"product_thumb_visible":true,"subtotal_visible_product":true,"subtotal_visible_cart":true,"subtotal_visible_orders":true},{"id":"1689071794","title":"Bed legs","description":"<p>Choose the appropriate bed legs!<\/p>\n<p><i>(Optional. Click on the Summary and Offer button to continue.)<\/i><\/p>\n","query_type":"category_ids","query_ids":[142],"default_option_id":"","thumbnail_id":"","thumbnail_src":"","quantity_min":1,"quantity_max":1,"priced_individually":true,"shipped_individually":true,"optional":true,"discount":"","options_style":"thumbnails","pagination_style":"classic","display_prices":"hidden","show_sorting_options":false,"show_filtering_options":false,"attribute_filter_ids":[],"product_title_visible":true,"product_descr_visible":true,"product_price_visible":true,"product_thumb_visible":true,"subtotal_visible_product":true,"subtotal_visible_cart":true,"subtotal_visible_orders":true},{"id":"1606952714","title":"Headboard","description":"<p>Now let\u2019s find the perfect headboard for your bed frame!<\/p>\n<p><i>(Optional. Click on the Summary and Offer button to continue.)<\/i><\/p>\n","query_type":"category_ids","query_ids":[113],"default_option_id":"","thumbnail_id":"","thumbnail_src":"","quantity_min":1,"quantity_max":"","priced_individually":true,"shipped_individually":true,"optional":true,"discount":"","options_style":"thumbnails","pagination_style":"classic","display_prices":"hidden","show_sorting_options":false,"show_filtering_options":false,"attribute_filter_ids":[],"product_title_visible":true,"product_descr_visible":true,"product_price_visible":true,"product_thumb_visible":true,"subtotal_visible_product":true,"subtotal_visible_cart":true,"subtotal_visible_orders":true},{"id":"1606952713","title":"Mattress","description":"<p>How about your mattress?<\/p>\n<p><i>(Optional. Click on the Summary and Offer button to continue.)<\/i><\/p>\n","query_type":"category_ids","query_ids":[119],"default_option_id":"","thumbnail_id":"","thumbnail_src":"","quantity_min":1,"quantity_max":2,"priced_individually":true,"shipped_individually":true,"optional":true,"discount":"","options_style":"thumbnails","pagination_style":"classic","display_prices":"hidden","show_sorting_options":false,"show_filtering_options":false,"attribute_filter_ids":[],"product_title_visible":true,"product_descr_visible":true,"product_price_visible":true,"product_thumb_visible":true,"subtotal_visible_product":true,"subtotal_visible_cart":true,"subtotal_visible_orders":true},{"id":"1689161629","title":"Protectors","description":"<p>Protect the mattress, choose a mattress protector as well! <\/p>\n<p><i>(Optional. Click on the Summary and Offer button to continue.)<\/i><\/p>\n","query_type":"category_ids","query_ids":[138],"default_option_id":"","thumbnail_id":"","thumbnail_src":"","quantity_min":1,"quantity_max":1,"priced_individually":true,"shipped_individually":true,"optional":true,"discount":"","options_style":"thumbnails","pagination_style":"classic","display_prices":"hidden","show_sorting_options":false,"show_filtering_options":false,"attribute_filter_ids":[],"product_title_visible":true,"product_descr_visible":true,"product_price_visible":true,"product_thumb_visible":true,"subtotal_visible_product":true,"subtotal_visible_cart":true,"subtotal_visible_orders":true},{"id":"1689083973","title":"Comforters","description":"<p>Make the mattress more comfortable, choose a comforter! <\/p>\n<p><i>(Optional. Click on the Summary and Offer button to continue.)<\/i><\/p>\n","query_type":"category_ids","query_ids":[134],"default_option_id":"","thumbnail_id":"","thumbnail_src":"","quantity_min":1,"quantity_max":1,"priced_individually":true,"shipped_individually":true,"optional":true,"discount":"","options_style":"thumbnails","pagination_style":"classic","display_prices":"hidden","show_sorting_options":false,"show_filtering_options":false,"attribute_filter_ids":[],"product_title_visible":true,"product_descr_visible":true,"product_price_visible":true,"product_thumb_visible":true,"subtotal_visible_product":true,"subtotal_visible_cart":true,"subtotal_visible_orders":true},{"id":"1614960899","title":"Mattress topper","description":"<p>Why not level up your comfort? Select a cover mattress!<\/p>\n<p><i>(Optional. Click on the Summary and Offer button to continue.)<\/i><\/p>\n","query_type":"category_ids","query_ids":[110],"default_option_id":"","thumbnail_id":"","thumbnail_src":"","quantity_min":1,"quantity_max":"","priced_individually":true,"shipped_individually":true,"optional":true,"discount":"","options_style":"thumbnails","pagination_style":"classic","display_prices":"hidden","show_sorting_options":false,"show_filtering_options":false,"attribute_filter_ids":[],"product_title_visible":true,"product_descr_visible":true,"product_price_visible":true,"product_thumb_visible":true,"subtotal_visible_product":true,"subtotal_visible_cart":true,"subtotal_visible_orders":true},{"id":"1689161830","title":"Pillows, covers","description":"<p>Don't forget about the pillow and the blanket!<\/p>\n<p><i>(Optional. Click on the Summary and Offer button to continue.)<\/i><\/p>\n","query_type":"category_ids","query_ids":[139],"default_option_id":"","thumbnail_id":"","thumbnail_src":"","quantity_min":1,"quantity_max":1,"priced_individually":true,"shipped_individually":true,"optional":true,"discount":"","options_style":"thumbnails","pagination_style":"classic","display_prices":"hidden","show_sorting_options":false,"show_filtering_options":false,"attribute_filter_ids":[],"product_title_visible":true,"product_descr_visible":true,"product_price_visible":true,"product_thumb_visible":true,"subtotal_visible_product":true,"subtotal_visible_cart":true,"subtotal_visible_orders":true}],"composite_scenarios":[{"id":"1689841476","name":"teszt","description":"","configuration":[{"component_id":"1606952712","component_options":[14083,14087,14091],"options_modifier":"in"},{"component_id":"1689071794","component_options":[0],"options_modifier":"masked"},{"component_id":"1606952714","component_options":[0],"options_modifier":"masked"},{"component_id":"1606952713","component_options":[0],"options_modifier":"masked"},{"component_id":"1689161629","component_options":[0],"options_modifier":"masked"},{"component_id":"1689083973","component_options":[0],"options_modifier":"masked"},{"component_id":"1614960899","component_options":[0],"options_modifier":"masked"},{"component_id":"1689161830","component_options":[0],"options_modifier":"masked"}],"actions":[{"action_id":"compat_group","is_active":false,"action_data":[]},{"action_id":"conditional_components","is_active":true,"action_data":{"hidden_components":["1689071794"]}}],"enabled":true}],"yoast_head":"<!-- This site is optimized with the Yoast SEO plugin v27.0 - https:\/\/yoast.com\/product\/yoast-seo-wordpress\/ -->\n<title>Customizable bed - Bio-Textima - Bedding, Interior, Object<\/title>\n<meta name=\"robots\" content=\"index, follow, max-snippet:-1, max-image-preview:large, max-video-preview:-1\" \/>\n<link rel=\"canonical\" href=\"https:\/\/contractbeds.eu\/en\/product\/customizable-bed\/\" \/>\n<meta property=\"og:locale\" content=\"en_US\" \/>\n<meta property=\"og:type\" content=\"article\" \/>\n<meta property=\"og:title\" content=\"Customizable bed - Bio-Textima - Bedding, Interior, Object\" \/>\n<meta property=\"og:description\" content=\"Build your own bed step by step! Try this feature, which will make getting your offer quick and easy. Select what kind of bed you have in mind, and choose the bed frame, mattress and optional cover mattress that goes with it!\" \/>\n<meta property=\"og:url\" content=\"https:\/\/contractbeds.eu\/en\/product\/customizable-bed\/\" \/>\n<meta property=\"og:site_name\" content=\"Bio-Textima - Bedding, Interior, Object\" \/>\n<meta property=\"article:modified_time\" content=\"2023-09-12T15:26:14+00:00\" \/>\n<meta property=\"og:image\" content=\"https:\/\/contractbeds.eu\/wp-content\/uploads\/2020\/12\/78766566_s.jpg\" \/>\n\t<meta property=\"og:image:width\" content=\"848\" \/>\n\t<meta property=\"og:image:height\" content=\"565\" \/>\n\t<meta property=\"og:image:type\" content=\"image\/jpeg\" \/>\n<meta name=\"twitter:card\" content=\"summary_large_image\" \/>\n<script type=\"application\/ld+json\" class=\"yoast-schema-graph\">{\"@context\":\"https:\/\/schema.org\",\"@graph\":[{\"@type\":\"WebPage\",\"@id\":\"https:\/\/contractbeds.eu\/en\/product\/customizable-bed\/\",\"url\":\"https:\/\/contractbeds.eu\/en\/product\/customizable-bed\/\",\"name\":\"Customizable bed - Bio-Textima - Bedding, Interior, Object\",\"isPartOf\":{\"@id\":\"https:\/\/contractbeds.eu\/en\/#website\"},\"primaryImageOfPage\":{\"@id\":\"https:\/\/contractbeds.eu\/en\/product\/customizable-bed\/#primaryimage\"},\"image\":{\"@id\":\"https:\/\/contractbeds.eu\/en\/product\/customizable-bed\/#primaryimage\"},\"thumbnailUrl\":\"https:\/\/contractbeds.eu\/wp-content\/uploads\/2020\/12\/78766566_s.jpg\",\"datePublished\":\"2020-12-02T23:45:12+00:00\",\"dateModified\":\"2023-09-12T15:26:14+00:00\",\"breadcrumb\":{\"@id\":\"https:\/\/contractbeds.eu\/en\/product\/customizable-bed\/#breadcrumb\"},\"inLanguage\":\"en-US\",\"potentialAction\":[{\"@type\":\"ReadAction\",\"target\":[\"https:\/\/contractbeds.eu\/en\/product\/customizable-bed\/\"]}]},{\"@type\":\"ImageObject\",\"inLanguage\":\"en-US\",\"@id\":\"https:\/\/contractbeds.eu\/en\/product\/customizable-bed\/#primaryimage\",\"url\":\"https:\/\/contractbeds.eu\/wp-content\/uploads\/2020\/12\/78766566_s.jpg\",\"contentUrl\":\"https:\/\/contractbeds.eu\/wp-content\/uploads\/2020\/12\/78766566_s.jpg\",\"width\":848,\"height\":565,\"caption\":\"bedroom planning design\"},{\"@type\":\"BreadcrumbList\",\"@id\":\"https:\/\/contractbeds.eu\/en\/product\/customizable-bed\/#breadcrumb\",\"itemListElement\":[{\"@type\":\"ListItem\",\"position\":1,\"name\":\"Homepage\",\"item\":\"https:\/\/contractbeds.eu\/en\/\"},{\"@type\":\"ListItem\",\"position\":2,\"name\":\"Products\",\"item\":\"https:\/\/contractbeds.eu\/termekeink\/\"},{\"@type\":\"ListItem\",\"position\":3,\"name\":\"Customizable bed\"}]},{\"@type\":\"WebSite\",\"@id\":\"https:\/\/contractbeds.eu\/en\/#website\",\"url\":\"https:\/\/contractbeds.eu\/en\/\",\"name\":\"Bio-Textima H\u00e1l\u00f3szoba Manufakt\u00fara\",\"description\":\"beds, mattresses - for hotels, accommodations\",\"publisher\":{\"@id\":\"https:\/\/contractbeds.eu\/en\/#organization\"},\"potentialAction\":[{\"@type\":\"SearchAction\",\"target\":{\"@type\":\"EntryPoint\",\"urlTemplate\":\"https:\/\/contractbeds.eu\/en\/?s={search_term_string}\"},\"query-input\":{\"@type\":\"PropertyValueSpecification\",\"valueRequired\":true,\"valueName\":\"search_term_string\"}}],\"inLanguage\":\"en-US\"},{\"@type\":\"Organization\",\"@id\":\"https:\/\/contractbeds.eu\/en\/#organization\",\"name\":\"BIO-TEXTIMA Kft.\",\"url\":\"https:\/\/contractbeds.eu\/en\/\",\"logo\":{\"@type\":\"ImageObject\",\"inLanguage\":\"en-US\",\"@id\":\"https:\/\/contractbeds.eu\/en\/#\/schema\/logo\/image\/\",\"url\":\"https:\/\/contractbeds.eu\/wp-content\/uploads\/2021\/03\/biotex_logo.jpg\",\"contentUrl\":\"https:\/\/contractbeds.eu\/wp-content\/uploads\/2021\/03\/biotex_logo.jpg\",\"width\":335,\"height\":149,\"caption\":\"BIO-TEXTIMA Kft.\"},\"image\":{\"@id\":\"https:\/\/contractbeds.eu\/en\/#\/schema\/logo\/image\/\"}}]}<\/script>\n<!-- \/ Yoast SEO plugin. -->","yoast_head_json":{"title":"Customizable bed - Bio-Textima - Bedding, Interior, Object","robots":{"index":"index","follow":"follow","max-snippet":"max-snippet:-1","max-image-preview":"max-image-preview:large","max-video-preview":"max-video-preview:-1"},"canonical":"https:\/\/contractbeds.eu\/en\/product\/customizable-bed\/","og_locale":"en_US","og_type":"article","og_title":"Customizable bed - Bio-Textima - Bedding, Interior, Object","og_description":"Build your own bed step by step! Try this feature, which will make getting your offer quick and easy. Select what kind of bed you have in mind, and choose the bed frame, mattress and optional cover mattress that goes with it!","og_url":"https:\/\/contractbeds.eu\/en\/product\/customizable-bed\/","og_site_name":"Bio-Textima - Bedding, Interior, Object","article_modified_time":"2023-09-12T15:26:14+00:00","og_image":[{"width":848,"height":565,"url":"https:\/\/contractbeds.eu\/wp-content\/uploads\/2020\/12\/78766566_s.jpg","type":"image\/jpeg"}],"twitter_card":"summary_large_image","schema":{"@context":"https:\/\/schema.org","@graph":[{"@type":"WebPage","@id":"https:\/\/contractbeds.eu\/en\/product\/customizable-bed\/","url":"https:\/\/contractbeds.eu\/en\/product\/customizable-bed\/","name":"Customizable bed - Bio-Textima - Bedding, Interior, Object","isPartOf":{"@id":"https:\/\/contractbeds.eu\/en\/#website"},"primaryImageOfPage":{"@id":"https:\/\/contractbeds.eu\/en\/product\/customizable-bed\/#primaryimage"},"image":{"@id":"https:\/\/contractbeds.eu\/en\/product\/customizable-bed\/#primaryimage"},"thumbnailUrl":"https:\/\/contractbeds.eu\/wp-content\/uploads\/2020\/12\/78766566_s.jpg","datePublished":"2020-12-02T23:45:12+00:00","dateModified":"2023-09-12T15:26:14+00:00","breadcrumb":{"@id":"https:\/\/contractbeds.eu\/en\/product\/customizable-bed\/#breadcrumb"},"inLanguage":"en-US","potentialAction":[{"@type":"ReadAction","target":["https:\/\/contractbeds.eu\/en\/product\/customizable-bed\/"]}]},{"@type":"ImageObject","inLanguage":"en-US","@id":"https:\/\/contractbeds.eu\/en\/product\/customizable-bed\/#primaryimage","url":"https:\/\/contractbeds.eu\/wp-content\/uploads\/2020\/12\/78766566_s.jpg","contentUrl":"https:\/\/contractbeds.eu\/wp-content\/uploads\/2020\/12\/78766566_s.jpg","width":848,"height":565,"caption":"bedroom planning design"},{"@type":"BreadcrumbList","@id":"https:\/\/contractbeds.eu\/en\/product\/customizable-bed\/#breadcrumb","itemListElement":[{"@type":"ListItem","position":1,"name":"Homepage","item":"https:\/\/contractbeds.eu\/en\/"},{"@type":"ListItem","position":2,"name":"Products","item":"https:\/\/contractbeds.eu\/termekeink\/"},{"@type":"ListItem","position":3,"name":"Customizable bed"}]},{"@type":"WebSite","@id":"https:\/\/contractbeds.eu\/en\/#website","url":"https:\/\/contractbeds.eu\/en\/","name":"Bio-Textima H\u00e1l\u00f3szoba Manufakt\u00fara","description":"beds, mattresses - for hotels, accommodations","publisher":{"@id":"https:\/\/contractbeds.eu\/en\/#organization"},"potentialAction":[{"@type":"SearchAction","target":{"@type":"EntryPoint","urlTemplate":"https:\/\/contractbeds.eu\/en\/?s={search_term_string}"},"query-input":{"@type":"PropertyValueSpecification","valueRequired":true,"valueName":"search_term_string"}}],"inLanguage":"en-US"},{"@type":"Organization","@id":"https:\/\/contractbeds.eu\/en\/#organization","name":"BIO-TEXTIMA Kft.","url":"https:\/\/contractbeds.eu\/en\/","logo":{"@type":"ImageObject","inLanguage":"en-US","@id":"https:\/\/contractbeds.eu\/en\/#\/schema\/logo\/image\/","url":"https:\/\/contractbeds.eu\/wp-content\/uploads\/2021\/03\/biotex_logo.jpg","contentUrl":"https:\/\/contractbeds.eu\/wp-content\/uploads\/2021\/03\/biotex_logo.jpg","width":335,"height":149,"caption":"BIO-TEXTIMA Kft."},"image":{"@id":"https:\/\/contractbeds.eu\/en\/#\/schema\/logo\/image\/"}}]}},"_links":{"self":[{"href":"https:\/\/contractbeds.eu\/en\/wp-json\/wp\/v2\/product\/8305","targetHints":{"allow":["GET"]}}],"collection":[{"href":"https:\/\/contractbeds.eu\/en\/wp-json\/wp\/v2\/product"}],"about":[{"href":"https:\/\/contractbeds.eu\/en\/wp-json\/wp\/v2\/types\/product"}],"wp:featuredmedia":[{"embeddable":true,"href":"https:\/\/contractbeds.eu\/en\/wp-json\/wp\/v2\/media\/4718"}],"wp:attachment":[{"href":"https:\/\/contractbeds.eu\/en\/wp-json\/wp\/v2\/media?parent=8305"}],"wp:term":[{"taxonomy":"product_brand","embeddable":true,"href":"https:\/\/contractbeds.eu\/en\/wp-json\/wp\/v2\/product_brand?post=8305"},{"taxonomy":"product_cat","embeddable":true,"href":"https:\/\/contractbeds.eu\/en\/wp-json\/wp\/v2\/product_cat?post=8305"},{"taxonomy":"product_tag","embeddable":true,"href":"https:\/\/contractbeds.eu\/en\/wp-json\/wp\/v2\/product_tag?post=8305"}],"curies":[{"name":"wp","href":"https:\/\/api.w.org\/{rel}","templated":true}]}}