{"id":14519,"date":"2023-10-25T08:18:08","date_gmt":"2023-10-25T08:18:08","guid":{"rendered":"https:\/\/contractbeds.eu\/a-propos-de-nous\/"},"modified":"2025-02-24T13:38:56","modified_gmt":"2025-02-24T13:38:56","slug":"a-propos-de-nous","status":"publish","type":"page","link":"https:\/\/contractbeds.eu\/fr\/a-propos-de-nous\/","title":{"rendered":"\u00c0 propos de nous"},"content":{"rendered":"\t\t<div data-elementor-type=\"wp-page\" data-elementor-id=\"14519\" class=\"elementor elementor-14519 elementor-1045\">\n\t\t\t\t\t\t<section class=\"elementor-section elementor-top-section elementor-element elementor-element-899b69c elementor-section-boxed elementor-section-height-default elementor-section-height-default\" data-id=\"899b69c\" data-element_type=\"section\" data-e-type=\"section\" data-settings=\"{&quot;background_background&quot;:&quot;classic&quot;}\">\r\n\t\t\r\n\t\t\t\t\t\t\t<div class=\"elementor-container elementor-column-gap-default\">\r\n\t\t\t\t\t\t\t\t\t\t\t<div class=\"elementor-column elementor-col-100 elementor-top-column elementor-element elementor-element-564a1dc\" data-id=\"564a1dc\" data-element_type=\"column\" data-e-type=\"column\">\r\n\t\t\t\t\t<div class=\"elementor-widget-wrap elementor-element-populated\">\r\n\t\t\t\t\t\t\t\t<div class=\"elementor-element elementor-element-8aadc2a elementor-widget elementor-widget-heading\" data-id=\"8aadc2a\" data-element_type=\"widget\" data-e-type=\"widget\" data-widget_type=\"heading.default\">\n\t\t\t\t<div class=\"elementor-widget-container\">\n\t\t\t\t\t<h2 class=\"elementor-heading-title elementor-size-default\">\u00c0 propos de nous<\/h2>\t\t\t\t<\/div>\n\t\t\t\t<\/div>\n\t\t\t\t\t<\/div>\r\n\t\t\t\t<\/div>\r\n\t\t\t\t\t<\/div>\r\n\t\t\t\t<\/section>\r\n\t\t\t\t<section class=\"elementor-section elementor-top-section elementor-element elementor-element-ca528c5 elementor-reverse-tablet elementor-reverse-mobile elementor-section-boxed elementor-section-height-default elementor-section-height-default\" data-id=\"ca528c5\" data-element_type=\"section\" data-e-type=\"section\" data-settings=\"{&quot;background_background&quot;:&quot;classic&quot;}\">\r\n\t\t\r\n\t\t\t\t\t\t\t<div class=\"elementor-container elementor-column-gap-default\">\r\n\t\t\t\t\t\t\t\t\t\t\t<div class=\"elementor-column elementor-col-50 elementor-top-column elementor-element elementor-element-ce8ba08\" data-id=\"ce8ba08\" data-element_type=\"column\" data-e-type=\"column\">\r\n\t\t\t\t\t<div class=\"elementor-widget-wrap elementor-element-populated\">\r\n\t\t\t\t\t\t\t\t<div class=\"elementor-element elementor-element-e5a72ef elementor-widget elementor-widget-text-editor\" data-id=\"e5a72ef\" data-element_type=\"widget\" data-e-type=\"widget\" data-widget_type=\"text-editor.default\">\n\t\t\t\t<div class=\"elementor-widget-container\">\n\t\t\t\t\t\t\t\t\t<p>Nous fabriquons des matelas, des lits, des meubles rembourr\u00e9s pour la chambre \u00e0 coucher et des accessoires, b\u00e9n\u00e9ficiant de 30 ann\u00e9es d&rsquo;exp\u00e9rience et d&rsquo;expertise professionnelle. Partis de la confection artisanale de matelas bio et d&rsquo;oreillers, nous avons parcouru un long chemin. Au cours des trois derni\u00e8res d\u00e9cennies, nos gammes de matelas et de syst\u00e8mes de sommeil ont trouv\u00e9 leur place dans de nombreux magasins de d\u00e9coration int\u00e9rieure, aussi bien nationaux qu&rsquo;\u00e9trangers, en plus des r\u00e9seaux de boutiques de marque. Au fil des ann\u00e9es, nous avons acquis une expertise croissante dans la r\u00e9alisation de projets sur mesure et nous nous d\u00e9pla\u00e7ons maintenant ais\u00e9ment dans le monde des concepts et des plans d&rsquo;architecture int\u00e9rieure. Nous avons contribu\u00e9 \u00e0 l&rsquo;am\u00e9nagement de nombreux \u00e9tablissements tels que des h\u00e9bergements, des h\u00f4tels, des r\u00e9sidences universitaires, des maisons de retraite, des \u00e9tablissements de sant\u00e9 et des unit\u00e9s gastronomiques. Nous excellons particuli\u00e8rement dans la r\u00e9alisation des id\u00e9es uniques des clients ou des concepteurs, ainsi que dans la fabrication de s\u00e9ries de mod\u00e8les petits ou moyens. Pour ce type de missions, outre notre expertise et notre exp\u00e9rience manufacturi\u00e8re acquises au fil des ans, nous offrons des services de conception, des relations fournisseurs bien \u00e9tablies, ainsi que des services de livraison et de logistique, comprenant notamment l&rsquo;installation sur site, l&rsquo;assemblage, le retour et le recyclage.<\/p><p>Pour maintenir \u00e0 jour nos connaissances sur les mati\u00e8res premi\u00e8res, nous visitons r\u00e9guli\u00e8rement les plus importantes expositions internationales de l&rsquo;industrie. Nous travaillons avec une vari\u00e9t\u00e9 de mat\u00e9riaux, allant des mousses fonctionnelles les plus basiques aux ressorts sp\u00e9cialis\u00e9s, jusqu&rsquo;au latex organique de la plus haute puret\u00e9, ou encore des textiles fabriqu\u00e9s \u00e0 partir de d\u00e9chets plastiques r\u00e9cup\u00e9r\u00e9s dans les oc\u00e9ans &#8211; toujours en fonction des objectifs et des besoins. Plut\u00f4t que de nous concentrer sur la production de masse sp\u00e9cifiquement con\u00e7ue \u00e0 la mani\u00e8re chinoise, nous nous sommes toujours davantage int\u00e9ress\u00e9s \u00e0 la cr\u00e9ation de valeur. C&rsquo;est pourquoi nous avons d\u00e9velopp\u00e9 notre technologie de production pour fabriquer des produits de qualit\u00e9 en petites et moyennes s\u00e9ries, en nous basant m\u00eame sur des conceptions uniques. Bien que notre processus de production soit largement automatis\u00e9 gr\u00e2ce aux progr\u00e8s de la num\u00e9risation, et que chaque \u00e9tape soit soutenue par un syst\u00e8me de gestion d&rsquo;entreprise avanc\u00e9, une part significative de nos produits est toujours fabriqu\u00e9e selon les traditions ancestrales de l&rsquo;artisanat l\u00e9ger hongrois.<\/p><ul><li><p>30 ans d&rsquo;exp\u00e9rience de fabrication<\/p><\/li><li><p>Mat\u00e9riaux et produits test\u00e9s, certifi\u00e9s de qualit\u00e9<\/p><\/li><li><p>Fabrication durable<\/p><\/li><li><p>Emplacement de production excellent d&rsquo;un point de vue logistique et d&rsquo;exp\u00e9dition<\/p><\/li><li><p>Livraison dans tous les pays d&rsquo;Europe<\/p><\/li><li><p>Plus de 100 propri\u00e9taires d&rsquo;h\u00f4tels satisfaits<\/p><\/li><\/ul>\t\t\t\t\t\t\t\t<\/div>\n\t\t\t\t<\/div>\n\t\t\t\t\t<\/div>\r\n\t\t\t\t<\/div>\r\n\t\t\t\t<div class=\"elementor-column elementor-col-50 elementor-top-column elementor-element elementor-element-414d0f1\" data-id=\"414d0f1\" data-element_type=\"column\" data-e-type=\"column\" data-settings=\"{&quot;background_background&quot;:&quot;classic&quot;}\">\r\n\t\t\t\t\t<div class=\"elementor-widget-wrap elementor-element-populated\">\r\n\t\t\t\t\t\t\t\t<div class=\"elementor-element elementor-element-678f05b elementor-widget elementor-widget-image\" data-id=\"678f05b\" data-element_type=\"widget\" data-e-type=\"widget\" data-widget_type=\"image.default\">\n\t\t\t\t<div class=\"elementor-widget-container\">\n\t\t\t\t\t\t\t\t\t\t\t\t\t\t\t<img fetchpriority=\"high\" decoding=\"async\" width=\"1024\" height=\"683\" src=\"https:\/\/contractbeds.eu\/wp-content\/uploads\/2021\/03\/BT3A9508-1024x683.jpg\" class=\"attachment-large size-large wp-image-14521\" alt=\"contractbeds\" srcset=\"https:\/\/contractbeds.eu\/wp-content\/uploads\/2021\/03\/BT3A9508-1024x683.jpg 1024w, https:\/\/contractbeds.eu\/wp-content\/uploads\/2021\/03\/BT3A9508-768x512.jpg 768w, https:\/\/contractbeds.eu\/wp-content\/uploads\/2021\/03\/BT3A9508-640x427.jpg 640w, https:\/\/contractbeds.eu\/wp-content\/uploads\/2021\/03\/BT3A9508-400x267.jpg 400w, https:\/\/contractbeds.eu\/wp-content\/uploads\/2021\/03\/BT3A9508-367x245.jpg 367w, https:\/\/contractbeds.eu\/wp-content\/uploads\/2021\/03\/BT3A9508-600x400.jpg 600w\" sizes=\"(max-width: 1024px) 100vw, 1024px\" \/>\t\t\t\t\t\t\t\t\t\t\t\t\t\t\t<\/div>\n\t\t\t\t<\/div>\n\t\t\t\t\t<\/div>\r\n\t\t\t\t<\/div>\r\n\t\t\t\t\t<\/div>\r\n\t\t\t\t<\/section>\r\n\t\t\t\t<section class=\"elementor-section elementor-top-section elementor-element elementor-element-8cda29c elementor-section-boxed elementor-section-height-default elementor-section-height-default\" data-id=\"8cda29c\" data-element_type=\"section\" data-e-type=\"section\" data-settings=\"{&quot;background_background&quot;:&quot;classic&quot;}\">\r\n\t\t\r\n\t\t\t\t\t\t\t<div class=\"elementor-container elementor-column-gap-no\">\r\n\t\t\t\t\t\t\t\t\t\t\t<div class=\"elementor-column elementor-col-100 elementor-top-column elementor-element elementor-element-d8d0bc9\" data-id=\"d8d0bc9\" data-element_type=\"column\" data-e-type=\"column\">\r\n\t\t\t\t\t<div class=\"elementor-widget-wrap elementor-element-populated\">\r\n\t\t\t\t\t\t\t\t<div class=\"elementor-element elementor-element-e3243f6 elementor-widget elementor-widget-image\" data-id=\"e3243f6\" data-element_type=\"widget\" data-e-type=\"widget\" data-widget_type=\"image.default\">\n\t\t\t\t<div class=\"elementor-widget-container\">\n\t\t\t\t\t\t\t\t\t\t\t\t\t\t\t<img decoding=\"async\" width=\"1024\" height=\"576\" src=\"https:\/\/contractbeds.eu\/wp-content\/uploads\/2021\/03\/01.01_04_01_10.Still007-1024x576.jpg\" class=\"attachment-large size-large wp-image-14522\" alt=\"contractbeds_referencia\" srcset=\"https:\/\/contractbeds.eu\/wp-content\/uploads\/2021\/03\/01.01_04_01_10.Still007-1024x576.jpg 1024w, https:\/\/contractbeds.eu\/wp-content\/uploads\/2021\/03\/01.01_04_01_10.Still007-768x432.jpg 768w, https:\/\/contractbeds.eu\/wp-content\/uploads\/2021\/03\/01.01_04_01_10.Still007-640x360.jpg 640w, https:\/\/contractbeds.eu\/wp-content\/uploads\/2021\/03\/01.01_04_01_10.Still007-400x225.jpg 400w, https:\/\/contractbeds.eu\/wp-content\/uploads\/2021\/03\/01.01_04_01_10.Still007-367x206.jpg 367w, https:\/\/contractbeds.eu\/wp-content\/uploads\/2021\/03\/01.01_04_01_10.Still007-600x338.jpg 600w\" sizes=\"(max-width: 1024px) 100vw, 1024px\" \/>\t\t\t\t\t\t\t\t\t\t\t\t\t\t\t<\/div>\n\t\t\t\t<\/div>\n\t\t\t\t\t<\/div>\r\n\t\t\t\t<\/div>\r\n\t\t\t\t\t<\/div>\r\n\t\t\t\t<\/section>\r\n\t\t\t\t<section class=\"elementor-section elementor-top-section elementor-element elementor-element-aecc2ce elementor-section-boxed elementor-section-height-default elementor-section-height-default\" data-id=\"aecc2ce\" data-element_type=\"section\" data-e-type=\"section\" data-settings=\"{&quot;background_background&quot;:&quot;classic&quot;}\">\r\n\t\t\t\t\t\t<div class=\"elementor-background-overlay\"><\/div>\r\n\t\t\t\r\n\t\t\t\t\t\t\t<div class=\"elementor-container elementor-column-gap-default\">\r\n\t\t\t\t\t\t\t\t\t\t\t<div class=\"elementor-column elementor-col-100 elementor-top-column elementor-element elementor-element-139aeb8\" data-id=\"139aeb8\" data-element_type=\"column\" data-e-type=\"column\">\r\n\t\t\t\t\t<div class=\"elementor-widget-wrap elementor-element-populated\">\r\n\t\t\t\t\t\t\t\t<div class=\"elementor-element elementor-element-02d29f7 elementor-widget elementor-widget-heading\" data-id=\"02d29f7\" data-element_type=\"widget\" data-e-type=\"widget\" data-widget_type=\"heading.default\">\n\t\t\t\t<div class=\"elementor-widget-container\">\n\t\t\t\t\t<h2 class=\"elementor-heading-title elementor-size-default\">Pouvons-nous vous aider ?<\/h2>\t\t\t\t<\/div>\n\t\t\t\t<\/div>\n\t\t\t\t<div class=\"elementor-element elementor-element-75a3bac p-no-margin elementor-widget__width-initial elementor-widget-mobile__width-inherit elementor-widget elementor-widget-text-editor\" data-id=\"75a3bac\" data-element_type=\"widget\" data-e-type=\"widget\" data-widget_type=\"text-editor.default\">\n\t\t\t\t<div class=\"elementor-widget-container\">\n\t\t\t\t\t\t\t\t\t<p>N&rsquo;h\u00e9sitez pas \u00e0 nous contacter pour toute question, demande de devis et id\u00e9e !<\/p>\t\t\t\t\t\t\t\t<\/div>\n\t\t\t\t<\/div>\n\t\t\t\t<div class=\"elementor-element elementor-element-a307ada elementor-align-center elementor-widget__width-initial elementor-widget-mobile__width-inherit elementor-widget elementor-widget-button\" data-id=\"a307ada\" data-element_type=\"widget\" data-e-type=\"widget\" data-widget_type=\"button.default\">\n\t\t\t\t<div class=\"elementor-widget-container\">\n\t\t\t\t\t\t\t\t\t<div class=\"elementor-button-wrapper\">\n\t\t\t\t\t<a class=\"elementor-button elementor-button-link elementor-size-sm\" href=\"https:\/\/contractbeds.eu\/fr\/contact\/\">\n\t\t\t\t\t\t<span class=\"elementor-button-content-wrapper\">\n\t\t\t\t\t\t\t\t\t<span class=\"elementor-button-text\">Contact<\/span>\n\t\t\t\t\t<\/span>\n\t\t\t\t\t<\/a>\n\t\t\t\t<\/div>\n\t\t\t\t\t\t\t\t<\/div>\n\t\t\t\t<\/div>\n\t\t\t\t\t<\/div>\r\n\t\t\t\t<\/div>\r\n\t\t\t\t\t<\/div>\r\n\t\t\t\t<\/section>\r\n\t\t\t\t<\/div>\n\t\t","protected":false},"excerpt":{"rendered":"<p>\u00c0 propos de nous Nous fabriquons des matelas, des lits, des meubles rembourr\u00e9s pour la chambre \u00e0 coucher et des accessoires, b\u00e9n\u00e9ficiant de 30 ann\u00e9es d&rsquo;exp\u00e9rience et d&rsquo;expertise professionnelle. Partis de la confection artisanale de matelas bio et d&rsquo;oreillers, nous avons parcouru un long chemin. Au cours des trois derni\u00e8res d\u00e9cennies, nos gammes de matelas [&hellip;]<\/p>\n","protected":false},"author":1,"featured_media":0,"parent":0,"menu_order":0,"comment_status":"closed","ping_status":"closed","template":"","meta":{"footnotes":""},"class_list":["post-14519","page","type-page","status-publish","hentry"],"yoast_head":"<!-- This site is optimized with the Yoast SEO plugin v27.0 - https:\/\/yoast.com\/product\/yoast-seo-wordpress\/ -->\n<title>\u00c0 propos de nous - Bio-Textima H\u00e1l\u00f3szoba Manufakt\u00fara<\/title>\n<meta name=\"robots\" content=\"index, follow, max-snippet:-1, max-image-preview:large, max-video-preview:-1\" \/>\n<link rel=\"canonical\" href=\"https:\/\/contractbeds.eu\/fr\/a-propos-de-nous\/\" \/>\n<meta property=\"og:locale\" content=\"fr_FR\" \/>\n<meta property=\"og:type\" content=\"article\" \/>\n<meta property=\"og:title\" content=\"\u00c0 propos de nous - Bio-Textima H\u00e1l\u00f3szoba Manufakt\u00fara\" \/>\n<meta property=\"og:description\" content=\"\u00c0 propos de nous Nous fabriquons des matelas, des lits, des meubles rembourr\u00e9s pour la chambre \u00e0 coucher et des accessoires, b\u00e9n\u00e9ficiant de 30 ann\u00e9es d&rsquo;exp\u00e9rience et d&rsquo;expertise professionnelle. Partis de la confection artisanale de matelas bio et d&rsquo;oreillers, nous avons parcouru un long chemin. Au cours des trois derni\u00e8res d\u00e9cennies, nos gammes de matelas [&hellip;]\" \/>\n<meta property=\"og:url\" content=\"https:\/\/contractbeds.eu\/fr\/a-propos-de-nous\/\" \/>\n<meta property=\"og:site_name\" content=\"Bio-Textima H\u00e1l\u00f3szoba Manufakt\u00fara\" \/>\n<meta property=\"article:modified_time\" content=\"2025-02-24T13:38:56+00:00\" \/>\n<meta property=\"og:image\" content=\"https:\/\/contractbeds.eu\/wp-content\/uploads\/2021\/03\/BT3A9508-scaled.jpg\" \/>\n\t<meta property=\"og:image:width\" content=\"2560\" \/>\n\t<meta property=\"og:image:height\" content=\"1707\" \/>\n\t<meta property=\"og:image:type\" content=\"image\/jpeg\" \/>\n<meta name=\"twitter:card\" content=\"summary_large_image\" \/>\n<meta name=\"twitter:label1\" content=\"Dur\u00e9e de lecture estim\u00e9e\" \/>\n\t<meta name=\"twitter:data1\" content=\"3 minutes\" \/>\n<script type=\"application\/ld+json\" class=\"yoast-schema-graph\">{\"@context\":\"https:\/\/schema.org\",\"@graph\":[{\"@type\":\"WebPage\",\"@id\":\"https:\/\/contractbeds.eu\/fr\/a-propos-de-nous\/\",\"url\":\"https:\/\/contractbeds.eu\/fr\/a-propos-de-nous\/\",\"name\":\"\u00c0 propos de nous - Bio-Textima H\u00e1l\u00f3szoba Manufakt\u00fara\",\"isPartOf\":{\"@id\":\"https:\/\/contractbeds.eu\/fr\/#website\"},\"primaryImageOfPage\":{\"@id\":\"https:\/\/contractbeds.eu\/fr\/a-propos-de-nous\/#primaryimage\"},\"image\":{\"@id\":\"https:\/\/contractbeds.eu\/fr\/a-propos-de-nous\/#primaryimage\"},\"thumbnailUrl\":\"https:\/\/contractbeds.eu\/wp-content\/uploads\/2021\/03\/BT3A9508-1024x683.jpg\",\"datePublished\":\"2023-10-25T08:18:08+00:00\",\"dateModified\":\"2025-02-24T13:38:56+00:00\",\"breadcrumb\":{\"@id\":\"https:\/\/contractbeds.eu\/fr\/a-propos-de-nous\/#breadcrumb\"},\"inLanguage\":\"fr-FR\",\"potentialAction\":[{\"@type\":\"ReadAction\",\"target\":[\"https:\/\/contractbeds.eu\/fr\/a-propos-de-nous\/\"]}]},{\"@type\":\"ImageObject\",\"inLanguage\":\"fr-FR\",\"@id\":\"https:\/\/contractbeds.eu\/fr\/a-propos-de-nous\/#primaryimage\",\"url\":\"https:\/\/contractbeds.eu\/wp-content\/uploads\/2021\/03\/BT3A9508-1024x683.jpg\",\"contentUrl\":\"https:\/\/contractbeds.eu\/wp-content\/uploads\/2021\/03\/BT3A9508-1024x683.jpg\"},{\"@type\":\"BreadcrumbList\",\"@id\":\"https:\/\/contractbeds.eu\/fr\/a-propos-de-nous\/#breadcrumb\",\"itemListElement\":[{\"@type\":\"ListItem\",\"position\":1,\"name\":\"Page d'accueil\",\"item\":\"https:\/\/contractbeds.eu\/fr\/\"},{\"@type\":\"ListItem\",\"position\":2,\"name\":\"\u00c0 propos de nous\"}]},{\"@type\":\"WebSite\",\"@id\":\"https:\/\/contractbeds.eu\/fr\/#website\",\"url\":\"https:\/\/contractbeds.eu\/fr\/\",\"name\":\"Bio-Textima H\u00e1l\u00f3szoba Manufakt\u00fara\",\"description\":\"\u00c1gyak \u00e9s matracok a sz\u00e1llodaipar sz\u00e1m\u00e1ra\",\"publisher\":{\"@id\":\"https:\/\/contractbeds.eu\/fr\/#organization\"},\"potentialAction\":[{\"@type\":\"SearchAction\",\"target\":{\"@type\":\"EntryPoint\",\"urlTemplate\":\"https:\/\/contractbeds.eu\/fr\/?s={search_term_string}\"},\"query-input\":{\"@type\":\"PropertyValueSpecification\",\"valueRequired\":true,\"valueName\":\"search_term_string\"}}],\"inLanguage\":\"fr-FR\"},{\"@type\":\"Organization\",\"@id\":\"https:\/\/contractbeds.eu\/fr\/#organization\",\"name\":\"BIO-TEXTIMA Kft.\",\"url\":\"https:\/\/contractbeds.eu\/fr\/\",\"logo\":{\"@type\":\"ImageObject\",\"inLanguage\":\"fr-FR\",\"@id\":\"https:\/\/contractbeds.eu\/fr\/#\/schema\/logo\/image\/\",\"url\":\"https:\/\/contractbeds.eu\/wp-content\/uploads\/2021\/03\/biotex_logo.jpg\",\"contentUrl\":\"https:\/\/contractbeds.eu\/wp-content\/uploads\/2021\/03\/biotex_logo.jpg\",\"width\":335,\"height\":149,\"caption\":\"BIO-TEXTIMA Kft.\"},\"image\":{\"@id\":\"https:\/\/contractbeds.eu\/fr\/#\/schema\/logo\/image\/\"}}]}<\/script>\n<!-- \/ Yoast SEO plugin. -->","yoast_head_json":{"title":"\u00c0 propos de nous - Bio-Textima H\u00e1l\u00f3szoba Manufakt\u00fara","robots":{"index":"index","follow":"follow","max-snippet":"max-snippet:-1","max-image-preview":"max-image-preview:large","max-video-preview":"max-video-preview:-1"},"canonical":"https:\/\/contractbeds.eu\/fr\/a-propos-de-nous\/","og_locale":"fr_FR","og_type":"article","og_title":"\u00c0 propos de nous - Bio-Textima H\u00e1l\u00f3szoba Manufakt\u00fara","og_description":"\u00c0 propos de nous Nous fabriquons des matelas, des lits, des meubles rembourr\u00e9s pour la chambre \u00e0 coucher et des accessoires, b\u00e9n\u00e9ficiant de 30 ann\u00e9es d&rsquo;exp\u00e9rience et d&rsquo;expertise professionnelle. Partis de la confection artisanale de matelas bio et d&rsquo;oreillers, nous avons parcouru un long chemin. Au cours des trois derni\u00e8res d\u00e9cennies, nos gammes de matelas [&hellip;]","og_url":"https:\/\/contractbeds.eu\/fr\/a-propos-de-nous\/","og_site_name":"Bio-Textima H\u00e1l\u00f3szoba Manufakt\u00fara","article_modified_time":"2025-02-24T13:38:56+00:00","og_image":[{"width":2560,"height":1707,"url":"https:\/\/contractbeds.eu\/wp-content\/uploads\/2021\/03\/BT3A9508-scaled.jpg","type":"image\/jpeg"}],"twitter_card":"summary_large_image","twitter_misc":{"Dur\u00e9e de lecture estim\u00e9e":"3 minutes"},"schema":{"@context":"https:\/\/schema.org","@graph":[{"@type":"WebPage","@id":"https:\/\/contractbeds.eu\/fr\/a-propos-de-nous\/","url":"https:\/\/contractbeds.eu\/fr\/a-propos-de-nous\/","name":"\u00c0 propos de nous - Bio-Textima H\u00e1l\u00f3szoba Manufakt\u00fara","isPartOf":{"@id":"https:\/\/contractbeds.eu\/fr\/#website"},"primaryImageOfPage":{"@id":"https:\/\/contractbeds.eu\/fr\/a-propos-de-nous\/#primaryimage"},"image":{"@id":"https:\/\/contractbeds.eu\/fr\/a-propos-de-nous\/#primaryimage"},"thumbnailUrl":"https:\/\/contractbeds.eu\/wp-content\/uploads\/2021\/03\/BT3A9508-1024x683.jpg","datePublished":"2023-10-25T08:18:08+00:00","dateModified":"2025-02-24T13:38:56+00:00","breadcrumb":{"@id":"https:\/\/contractbeds.eu\/fr\/a-propos-de-nous\/#breadcrumb"},"inLanguage":"fr-FR","potentialAction":[{"@type":"ReadAction","target":["https:\/\/contractbeds.eu\/fr\/a-propos-de-nous\/"]}]},{"@type":"ImageObject","inLanguage":"fr-FR","@id":"https:\/\/contractbeds.eu\/fr\/a-propos-de-nous\/#primaryimage","url":"https:\/\/contractbeds.eu\/wp-content\/uploads\/2021\/03\/BT3A9508-1024x683.jpg","contentUrl":"https:\/\/contractbeds.eu\/wp-content\/uploads\/2021\/03\/BT3A9508-1024x683.jpg"},{"@type":"BreadcrumbList","@id":"https:\/\/contractbeds.eu\/fr\/a-propos-de-nous\/#breadcrumb","itemListElement":[{"@type":"ListItem","position":1,"name":"Page d'accueil","item":"https:\/\/contractbeds.eu\/fr\/"},{"@type":"ListItem","position":2,"name":"\u00c0 propos de nous"}]},{"@type":"WebSite","@id":"https:\/\/contractbeds.eu\/fr\/#website","url":"https:\/\/contractbeds.eu\/fr\/","name":"Bio-Textima H\u00e1l\u00f3szoba Manufakt\u00fara","description":"\u00c1gyak \u00e9s matracok a sz\u00e1llodaipar sz\u00e1m\u00e1ra","publisher":{"@id":"https:\/\/contractbeds.eu\/fr\/#organization"},"potentialAction":[{"@type":"SearchAction","target":{"@type":"EntryPoint","urlTemplate":"https:\/\/contractbeds.eu\/fr\/?s={search_term_string}"},"query-input":{"@type":"PropertyValueSpecification","valueRequired":true,"valueName":"search_term_string"}}],"inLanguage":"fr-FR"},{"@type":"Organization","@id":"https:\/\/contractbeds.eu\/fr\/#organization","name":"BIO-TEXTIMA Kft.","url":"https:\/\/contractbeds.eu\/fr\/","logo":{"@type":"ImageObject","inLanguage":"fr-FR","@id":"https:\/\/contractbeds.eu\/fr\/#\/schema\/logo\/image\/","url":"https:\/\/contractbeds.eu\/wp-content\/uploads\/2021\/03\/biotex_logo.jpg","contentUrl":"https:\/\/contractbeds.eu\/wp-content\/uploads\/2021\/03\/biotex_logo.jpg","width":335,"height":149,"caption":"BIO-TEXTIMA Kft."},"image":{"@id":"https:\/\/contractbeds.eu\/fr\/#\/schema\/logo\/image\/"}}]}},"_links":{"self":[{"href":"https:\/\/contractbeds.eu\/fr\/wp-json\/wp\/v2\/pages\/14519","targetHints":{"allow":["GET"]}}],"collection":[{"href":"https:\/\/contractbeds.eu\/fr\/wp-json\/wp\/v2\/pages"}],"about":[{"href":"https:\/\/contractbeds.eu\/fr\/wp-json\/wp\/v2\/types\/page"}],"author":[{"embeddable":true,"href":"https:\/\/contractbeds.eu\/fr\/wp-json\/wp\/v2\/users\/1"}],"replies":[{"embeddable":true,"href":"https:\/\/contractbeds.eu\/fr\/wp-json\/wp\/v2\/comments?post=14519"}],"version-history":[{"count":20,"href":"https:\/\/contractbeds.eu\/fr\/wp-json\/wp\/v2\/pages\/14519\/revisions"}],"predecessor-version":[{"id":21280,"href":"https:\/\/contractbeds.eu\/fr\/wp-json\/wp\/v2\/pages\/14519\/revisions\/21280"}],"wp:attachment":[{"href":"https:\/\/contractbeds.eu\/fr\/wp-json\/wp\/v2\/media?parent=14519"}],"curies":[{"name":"wp","href":"https:\/\/api.w.org\/{rel}","templated":true}]}}