{"id":16917,"date":"2024-04-17T05:46:26","date_gmt":"2024-04-17T05:46:26","guid":{"rendered":"https:\/\/contractbeds.eu\/?page_id=16917"},"modified":"2024-04-17T05:46:27","modified_gmt":"2024-04-17T05:46:27","slug":"mention-legale","status":"publish","type":"page","link":"https:\/\/contractbeds.eu\/fr\/mention-legale\/","title":{"rendered":"Mention l\u00e9gale"},"content":{"rendered":"\n<h2 class=\"wp-block-heading\">Mention l\u00e9gale<\/h2>\n\n\n\n<p><\/p>\n\n\n\n<p><strong>Nom de l&rsquo;entreprise<\/strong> : Bio-Textima Kft.<\/p>\n\n\n\n<p><strong>Si\u00e8ge social<\/strong> : Ipar u. 1., 9167 B\u0151s\u00e1rk\u00e1ny, Hongrie<\/p>\n\n\n\n<p><strong>T\u00e9l<\/strong>. : +36 96 271 259<\/p>\n\n\n\n<p><strong>E-mail<\/strong> : info [at]\u00a0<a href=\"http:\/\/bio-textima.hu\/\" target=\"_blank\" rel=\"noreferrer noopener\">bio-textima.hu<\/a><\/p>\n\n\n\n<p><strong>Num\u00e9ro de TVA<\/strong> : 11131841-2-08<\/p>\n\n\n\n<p><strong>Num\u00e9ro d&rsquo;immatriculation de l&rsquo;entreprise<\/strong> : 08 09 003818<\/p>\n\n\n\n<p><strong>Tribunal d&rsquo;immatriculation<\/strong> : Tribunal de commerce de Gy\u0151r<\/p>\n\n\n\n<p><strong>Chambre de commerce<\/strong> : Chambre de commerce et d&rsquo;industrie du comitat de Gy\u0151r-Moson-Sopron<\/p>\n\n\n\n<p><strong>Fournisseur d&rsquo;h\u00e9bergement<\/strong> : Different Fejleszt\u0151 Kft.<\/p>\n\n\n\n<p><strong>Adresse <\/strong>: Ap\u00e1ca u. 51., 9022 Gy\u0151r, Hongrie<\/p>\n\n\n\n<p><strong>Adresse e-mail<\/strong> : hello [at]\u00a0<a href=\"http:\/\/different.hu\/\" target=\"_blank\" rel=\"noreferrer noopener\">different.hu<\/a>\u00a0<\/p>\n\n\n\n<p><strong>Photos <\/strong>:\u00a0<a href=\"http:\/\/123rf.com\/\" target=\"_blank\" rel=\"noreferrer noopener\">123rf.com<\/a><\/p>\n","protected":false},"excerpt":{"rendered":"<p>Mention l\u00e9gale Nom de l&rsquo;entreprise : Bio-Textima Kft. Si\u00e8ge social : Ipar u. 1., 9167 B\u0151s\u00e1rk\u00e1ny, Hongrie T\u00e9l. : +36 96 271 259 E-mail : info [at]\u00a0bio-textima.hu Num\u00e9ro de TVA : 11131841-2-08 Num\u00e9ro d&rsquo;immatriculation de l&rsquo;entreprise : 08 09 003818 Tribunal d&rsquo;immatriculation : Tribunal de commerce de Gy\u0151r Chambre de commerce : Chambre de commerce [&hellip;]<\/p>\n","protected":false},"author":3,"featured_media":0,"parent":0,"menu_order":0,"comment_status":"closed","ping_status":"closed","template":"","meta":{"footnotes":""},"class_list":["post-16917","page","type-page","status-publish","hentry"],"yoast_head":"<!-- This site is optimized with the Yoast SEO plugin v27.0 - https:\/\/yoast.com\/product\/yoast-seo-wordpress\/ -->\n<title>Mention l\u00e9gale - Bio-Textima H\u00e1l\u00f3szoba Manufakt\u00fara<\/title>\n<meta name=\"robots\" content=\"index, follow, max-snippet:-1, max-image-preview:large, max-video-preview:-1\" \/>\n<link rel=\"canonical\" href=\"https:\/\/contractbeds.eu\/fr\/mention-legale\/\" \/>\n<meta property=\"og:locale\" content=\"fr_FR\" \/>\n<meta property=\"og:type\" content=\"article\" \/>\n<meta property=\"og:title\" content=\"Mention l\u00e9gale - Bio-Textima H\u00e1l\u00f3szoba Manufakt\u00fara\" \/>\n<meta property=\"og:description\" content=\"Mention l\u00e9gale Nom de l&rsquo;entreprise : Bio-Textima Kft. Si\u00e8ge social : Ipar u. 1., 9167 B\u0151s\u00e1rk\u00e1ny, Hongrie T\u00e9l. : +36 96 271 259 E-mail : info [at]\u00a0bio-textima.hu Num\u00e9ro de TVA : 11131841-2-08 Num\u00e9ro d&rsquo;immatriculation de l&rsquo;entreprise : 08 09 003818 Tribunal d&rsquo;immatriculation : Tribunal de commerce de Gy\u0151r Chambre de commerce : Chambre de commerce [&hellip;]\" \/>\n<meta property=\"og:url\" content=\"https:\/\/contractbeds.eu\/fr\/mention-legale\/\" \/>\n<meta property=\"og:site_name\" content=\"Bio-Textima H\u00e1l\u00f3szoba Manufakt\u00fara\" \/>\n<meta property=\"article:modified_time\" content=\"2024-04-17T05:46:27+00:00\" \/>\n<meta name=\"twitter:card\" content=\"summary_large_image\" \/>\n<meta name=\"twitter:label1\" content=\"Dur\u00e9e de lecture estim\u00e9e\" \/>\n\t<meta name=\"twitter:data1\" content=\"1 minute\" \/>\n<script type=\"application\/ld+json\" class=\"yoast-schema-graph\">{\"@context\":\"https:\/\/schema.org\",\"@graph\":[{\"@type\":\"WebPage\",\"@id\":\"https:\/\/contractbeds.eu\/fr\/mention-legale\/\",\"url\":\"https:\/\/contractbeds.eu\/fr\/mention-legale\/\",\"name\":\"Mention l\u00e9gale - Bio-Textima H\u00e1l\u00f3szoba Manufakt\u00fara\",\"isPartOf\":{\"@id\":\"https:\/\/contractbeds.eu\/fr\/#website\"},\"datePublished\":\"2024-04-17T05:46:26+00:00\",\"dateModified\":\"2024-04-17T05:46:27+00:00\",\"breadcrumb\":{\"@id\":\"https:\/\/contractbeds.eu\/fr\/mention-legale\/#breadcrumb\"},\"inLanguage\":\"fr-FR\",\"potentialAction\":[{\"@type\":\"ReadAction\",\"target\":[\"https:\/\/contractbeds.eu\/fr\/mention-legale\/\"]}]},{\"@type\":\"BreadcrumbList\",\"@id\":\"https:\/\/contractbeds.eu\/fr\/mention-legale\/#breadcrumb\",\"itemListElement\":[{\"@type\":\"ListItem\",\"position\":1,\"name\":\"Page d'accueil\",\"item\":\"https:\/\/contractbeds.eu\/fr\/\"},{\"@type\":\"ListItem\",\"position\":2,\"name\":\"Mention l\u00e9gale\"}]},{\"@type\":\"WebSite\",\"@id\":\"https:\/\/contractbeds.eu\/fr\/#website\",\"url\":\"https:\/\/contractbeds.eu\/fr\/\",\"name\":\"Bio-Textima H\u00e1l\u00f3szoba Manufakt\u00fara\",\"description\":\"\u00c1gyak \u00e9s matracok a sz\u00e1llodaipar sz\u00e1m\u00e1ra\",\"publisher\":{\"@id\":\"https:\/\/contractbeds.eu\/fr\/#organization\"},\"potentialAction\":[{\"@type\":\"SearchAction\",\"target\":{\"@type\":\"EntryPoint\",\"urlTemplate\":\"https:\/\/contractbeds.eu\/fr\/?s={search_term_string}\"},\"query-input\":{\"@type\":\"PropertyValueSpecification\",\"valueRequired\":true,\"valueName\":\"search_term_string\"}}],\"inLanguage\":\"fr-FR\"},{\"@type\":\"Organization\",\"@id\":\"https:\/\/contractbeds.eu\/fr\/#organization\",\"name\":\"BIO-TEXTIMA Kft.\",\"url\":\"https:\/\/contractbeds.eu\/fr\/\",\"logo\":{\"@type\":\"ImageObject\",\"inLanguage\":\"fr-FR\",\"@id\":\"https:\/\/contractbeds.eu\/fr\/#\/schema\/logo\/image\/\",\"url\":\"https:\/\/contractbeds.eu\/wp-content\/uploads\/2021\/03\/biotex_logo.jpg\",\"contentUrl\":\"https:\/\/contractbeds.eu\/wp-content\/uploads\/2021\/03\/biotex_logo.jpg\",\"width\":335,\"height\":149,\"caption\":\"BIO-TEXTIMA Kft.\"},\"image\":{\"@id\":\"https:\/\/contractbeds.eu\/fr\/#\/schema\/logo\/image\/\"}}]}<\/script>\n<!-- \/ Yoast SEO plugin. -->","yoast_head_json":{"title":"Mention l\u00e9gale - Bio-Textima H\u00e1l\u00f3szoba Manufakt\u00fara","robots":{"index":"index","follow":"follow","max-snippet":"max-snippet:-1","max-image-preview":"max-image-preview:large","max-video-preview":"max-video-preview:-1"},"canonical":"https:\/\/contractbeds.eu\/fr\/mention-legale\/","og_locale":"fr_FR","og_type":"article","og_title":"Mention l\u00e9gale - Bio-Textima H\u00e1l\u00f3szoba Manufakt\u00fara","og_description":"Mention l\u00e9gale Nom de l&rsquo;entreprise : Bio-Textima Kft. Si\u00e8ge social : Ipar u. 1., 9167 B\u0151s\u00e1rk\u00e1ny, Hongrie T\u00e9l. : +36 96 271 259 E-mail : info [at]\u00a0bio-textima.hu Num\u00e9ro de TVA : 11131841-2-08 Num\u00e9ro d&rsquo;immatriculation de l&rsquo;entreprise : 08 09 003818 Tribunal d&rsquo;immatriculation : Tribunal de commerce de Gy\u0151r Chambre de commerce : Chambre de commerce [&hellip;]","og_url":"https:\/\/contractbeds.eu\/fr\/mention-legale\/","og_site_name":"Bio-Textima H\u00e1l\u00f3szoba Manufakt\u00fara","article_modified_time":"2024-04-17T05:46:27+00:00","twitter_card":"summary_large_image","twitter_misc":{"Dur\u00e9e de lecture estim\u00e9e":"1 minute"},"schema":{"@context":"https:\/\/schema.org","@graph":[{"@type":"WebPage","@id":"https:\/\/contractbeds.eu\/fr\/mention-legale\/","url":"https:\/\/contractbeds.eu\/fr\/mention-legale\/","name":"Mention l\u00e9gale - Bio-Textima H\u00e1l\u00f3szoba Manufakt\u00fara","isPartOf":{"@id":"https:\/\/contractbeds.eu\/fr\/#website"},"datePublished":"2024-04-17T05:46:26+00:00","dateModified":"2024-04-17T05:46:27+00:00","breadcrumb":{"@id":"https:\/\/contractbeds.eu\/fr\/mention-legale\/#breadcrumb"},"inLanguage":"fr-FR","potentialAction":[{"@type":"ReadAction","target":["https:\/\/contractbeds.eu\/fr\/mention-legale\/"]}]},{"@type":"BreadcrumbList","@id":"https:\/\/contractbeds.eu\/fr\/mention-legale\/#breadcrumb","itemListElement":[{"@type":"ListItem","position":1,"name":"Page d'accueil","item":"https:\/\/contractbeds.eu\/fr\/"},{"@type":"ListItem","position":2,"name":"Mention l\u00e9gale"}]},{"@type":"WebSite","@id":"https:\/\/contractbeds.eu\/fr\/#website","url":"https:\/\/contractbeds.eu\/fr\/","name":"Bio-Textima H\u00e1l\u00f3szoba Manufakt\u00fara","description":"\u00c1gyak \u00e9s matracok a sz\u00e1llodaipar sz\u00e1m\u00e1ra","publisher":{"@id":"https:\/\/contractbeds.eu\/fr\/#organization"},"potentialAction":[{"@type":"SearchAction","target":{"@type":"EntryPoint","urlTemplate":"https:\/\/contractbeds.eu\/fr\/?s={search_term_string}"},"query-input":{"@type":"PropertyValueSpecification","valueRequired":true,"valueName":"search_term_string"}}],"inLanguage":"fr-FR"},{"@type":"Organization","@id":"https:\/\/contractbeds.eu\/fr\/#organization","name":"BIO-TEXTIMA Kft.","url":"https:\/\/contractbeds.eu\/fr\/","logo":{"@type":"ImageObject","inLanguage":"fr-FR","@id":"https:\/\/contractbeds.eu\/fr\/#\/schema\/logo\/image\/","url":"https:\/\/contractbeds.eu\/wp-content\/uploads\/2021\/03\/biotex_logo.jpg","contentUrl":"https:\/\/contractbeds.eu\/wp-content\/uploads\/2021\/03\/biotex_logo.jpg","width":335,"height":149,"caption":"BIO-TEXTIMA Kft."},"image":{"@id":"https:\/\/contractbeds.eu\/fr\/#\/schema\/logo\/image\/"}}]}},"_links":{"self":[{"href":"https:\/\/contractbeds.eu\/fr\/wp-json\/wp\/v2\/pages\/16917","targetHints":{"allow":["GET"]}}],"collection":[{"href":"https:\/\/contractbeds.eu\/fr\/wp-json\/wp\/v2\/pages"}],"about":[{"href":"https:\/\/contractbeds.eu\/fr\/wp-json\/wp\/v2\/types\/page"}],"author":[{"embeddable":true,"href":"https:\/\/contractbeds.eu\/fr\/wp-json\/wp\/v2\/users\/3"}],"replies":[{"embeddable":true,"href":"https:\/\/contractbeds.eu\/fr\/wp-json\/wp\/v2\/comments?post=16917"}],"version-history":[{"count":1,"href":"https:\/\/contractbeds.eu\/fr\/wp-json\/wp\/v2\/pages\/16917\/revisions"}],"predecessor-version":[{"id":16918,"href":"https:\/\/contractbeds.eu\/fr\/wp-json\/wp\/v2\/pages\/16917\/revisions\/16918"}],"wp:attachment":[{"href":"https:\/\/contractbeds.eu\/fr\/wp-json\/wp\/v2\/media?parent=16917"}],"curies":[{"name":"wp","href":"https:\/\/api.w.org\/{rel}","templated":true}]}}