{"id":16228,"date":"2021-02-25T12:33:11","date_gmt":"2021-02-25T12:33:11","guid":{"rendered":"https:\/\/contractbeds.eu\/termek\/8-hours\/"},"modified":"2024-11-25T13:57:06","modified_gmt":"2024-11-25T13:57:06","slug":"8-hours","status":"publish","type":"product","link":"https:\/\/contractbeds.eu\/fr\/produit\/8-hours\/","title":{"rendered":"8 Hours"},"content":{"rendered":"<p>Notre sp\u00e9cialit\u00e9 de matelas pour h\u00f4tels est con\u00e7ue avec un c\u0153ur de ressorts ensach\u00e9s progressifs de forme HOURGLASS, offrant un soutien dynamique et stable de la colonne vert\u00e9brale avec un contour corporel doux. Les surfaces en mousse climatique NEXT 2.0 sur les couches de confort en mousse froide offrent une meilleure ventilation et un excellent climat de sommeil. Notre mod\u00e8le, reconnu pour son aspect de haute qualit\u00e9, est livr\u00e9 avec une housse Soft &amp; Fresh antibact\u00e9rienne et r\u00e9gulant l&rsquo;humidit\u00e9, avec couture climatique.<\/p>\n<p>Structure :<\/p>\n<ul>\n<li>Housse de matelas Soft &amp; Fresh, climatis\u00e9e, \u00e0 fermeture \u00e9clair sur les 4 c\u00f4t\u00e9s, amovible, lavable en machine, avec fibre climatique (280 g\/m<sup>2<\/sup>, r\u00e9sistante au feu) et version en fibre PES climatis\u00e9e<\/li>\n<li>Mousse climatique NEXT 2.0 respirante de 2 cm d&rsquo;\u00e9paisseur<\/li>\n<li>Mousse orthop\u00e9dique froide de 4 cm d&rsquo;\u00e9paisseur (N4342)<\/li>\n<li>C\u0153ur de ressorts ensach\u00e9s progressifs de 14 cm d&rsquo;\u00e9paisseur de forme Hourglass \u2022 Mousse orthop\u00e9dique froide de 4 cm d&rsquo;\u00e9paisseur (N4342)<\/li>\n<li>Mousse climatique NEXT 2.0 respirante de 2 cm d&rsquo;\u00e9paisseur<\/li>\n<\/ul>\n","protected":false},"excerpt":{"rendered":"<p>Matelas exclusif pour h\u00f4tel avec surface en mousse climatique et c\u0153ur de ressorts ensach\u00e9s progressifs<\/p>\n","protected":false},"featured_media":16229,"template":"","meta":[],"product_brand":[],"product_cat":[162],"product_tag":[],"class_list":{"0":"post-16228","1":"product","2":"type-product","3":"status-publish","4":"has-post-thumbnail","6":"product_cat-matelas","8":"first","9":"instock","10":"featured","11":"shipping-taxable","12":"purchasable","13":"product-type-variable","14":"has-default-attributes"},"composite_layout":"","composite_add_to_cart_form_location":"","composite_editable_in_cart":false,"composite_sold_individually_context":"","composite_shop_price_calc":"","composite_components":[],"composite_scenarios":[],"yoast_head":"<!-- This site is optimized with the Yoast SEO plugin v27.0 - https:\/\/yoast.com\/product\/yoast-seo-wordpress\/ -->\n<title>8 Hours - Bio-Textima H\u00e1l\u00f3szoba Manufakt\u00fara<\/title>\n<meta name=\"robots\" content=\"index, follow, max-snippet:-1, max-image-preview:large, max-video-preview:-1\" \/>\n<link rel=\"canonical\" href=\"https:\/\/contractbeds.eu\/fr\/produit\/8-hours\/\" \/>\n<meta property=\"og:locale\" content=\"fr_FR\" \/>\n<meta property=\"og:type\" content=\"article\" \/>\n<meta property=\"og:title\" content=\"8 Hours - Bio-Textima H\u00e1l\u00f3szoba Manufakt\u00fara\" \/>\n<meta property=\"og:description\" content=\"Matelas exclusif pour h\u00f4tel avec surface en mousse climatique et c\u0153ur de ressorts ensach\u00e9s progressifs\" \/>\n<meta property=\"og:url\" content=\"https:\/\/contractbeds.eu\/fr\/produit\/8-hours\/\" \/>\n<meta property=\"og:site_name\" content=\"Bio-Textima H\u00e1l\u00f3szoba Manufakt\u00fara\" \/>\n<meta property=\"article:modified_time\" content=\"2024-11-25T13:57:06+00:00\" \/>\n<meta property=\"og:image\" content=\"https:\/\/contractbeds.eu\/wp-content\/uploads\/2021\/02\/8HOURS-matrac.jpg\" \/>\n\t<meta property=\"og:image:width\" content=\"326\" \/>\n\t<meta property=\"og:image:height\" content=\"194\" \/>\n\t<meta property=\"og:image:type\" content=\"image\/jpeg\" \/>\n<meta name=\"twitter:card\" content=\"summary_large_image\" \/>\n<meta name=\"twitter:label1\" content=\"Dur\u00e9e de lecture estim\u00e9e\" \/>\n\t<meta name=\"twitter:data1\" content=\"1 minute\" \/>\n<script type=\"application\/ld+json\" class=\"yoast-schema-graph\">{\"@context\":\"https:\/\/schema.org\",\"@graph\":[{\"@type\":\"WebPage\",\"@id\":\"https:\/\/contractbeds.eu\/fr\/produit\/8-hours\/\",\"url\":\"https:\/\/contractbeds.eu\/fr\/produit\/8-hours\/\",\"name\":\"8 Hours - Bio-Textima H\u00e1l\u00f3szoba Manufakt\u00fara\",\"isPartOf\":{\"@id\":\"https:\/\/contractbeds.eu\/fr\/#website\"},\"primaryImageOfPage\":{\"@id\":\"https:\/\/contractbeds.eu\/fr\/produit\/8-hours\/#primaryimage\"},\"image\":{\"@id\":\"https:\/\/contractbeds.eu\/fr\/produit\/8-hours\/#primaryimage\"},\"thumbnailUrl\":\"https:\/\/contractbeds.eu\/wp-content\/uploads\/2021\/02\/8HOURS-matrac.jpg\",\"datePublished\":\"2021-02-25T12:33:11+00:00\",\"dateModified\":\"2024-11-25T13:57:06+00:00\",\"breadcrumb\":{\"@id\":\"https:\/\/contractbeds.eu\/fr\/produit\/8-hours\/#breadcrumb\"},\"inLanguage\":\"fr-FR\",\"potentialAction\":[{\"@type\":\"ReadAction\",\"target\":[\"https:\/\/contractbeds.eu\/fr\/produit\/8-hours\/\"]}]},{\"@type\":\"ImageObject\",\"inLanguage\":\"fr-FR\",\"@id\":\"https:\/\/contractbeds.eu\/fr\/produit\/8-hours\/#primaryimage\",\"url\":\"https:\/\/contractbeds.eu\/wp-content\/uploads\/2021\/02\/8HOURS-matrac.jpg\",\"contentUrl\":\"https:\/\/contractbeds.eu\/wp-content\/uploads\/2021\/02\/8HOURS-matrac.jpg\",\"width\":326,\"height\":194,\"caption\":\"8HOURS-matrac.\"},{\"@type\":\"BreadcrumbList\",\"@id\":\"https:\/\/contractbeds.eu\/fr\/produit\/8-hours\/#breadcrumb\",\"itemListElement\":[{\"@type\":\"ListItem\",\"position\":1,\"name\":\"Page d'accueil\",\"item\":\"https:\/\/contractbeds.eu\/fr\/\"},{\"@type\":\"ListItem\",\"position\":2,\"name\":\"Tous les produits\",\"item\":\"https:\/\/contractbeds.eu\/termekeink\/\"},{\"@type\":\"ListItem\",\"position\":3,\"name\":\"8 Hours\"}]},{\"@type\":\"WebSite\",\"@id\":\"https:\/\/contractbeds.eu\/fr\/#website\",\"url\":\"https:\/\/contractbeds.eu\/fr\/\",\"name\":\"Bio-Textima H\u00e1l\u00f3szoba Manufakt\u00fara\",\"description\":\"\u00c1gyak \u00e9s matracok a sz\u00e1llodaipar sz\u00e1m\u00e1ra\",\"publisher\":{\"@id\":\"https:\/\/contractbeds.eu\/fr\/#organization\"},\"potentialAction\":[{\"@type\":\"SearchAction\",\"target\":{\"@type\":\"EntryPoint\",\"urlTemplate\":\"https:\/\/contractbeds.eu\/fr\/?s={search_term_string}\"},\"query-input\":{\"@type\":\"PropertyValueSpecification\",\"valueRequired\":true,\"valueName\":\"search_term_string\"}}],\"inLanguage\":\"fr-FR\"},{\"@type\":\"Organization\",\"@id\":\"https:\/\/contractbeds.eu\/fr\/#organization\",\"name\":\"BIO-TEXTIMA Kft.\",\"url\":\"https:\/\/contractbeds.eu\/fr\/\",\"logo\":{\"@type\":\"ImageObject\",\"inLanguage\":\"fr-FR\",\"@id\":\"https:\/\/contractbeds.eu\/fr\/#\/schema\/logo\/image\/\",\"url\":\"https:\/\/contractbeds.eu\/wp-content\/uploads\/2021\/03\/biotex_logo.jpg\",\"contentUrl\":\"https:\/\/contractbeds.eu\/wp-content\/uploads\/2021\/03\/biotex_logo.jpg\",\"width\":335,\"height\":149,\"caption\":\"BIO-TEXTIMA Kft.\"},\"image\":{\"@id\":\"https:\/\/contractbeds.eu\/fr\/#\/schema\/logo\/image\/\"}}]}<\/script>\n<!-- \/ Yoast SEO plugin. -->","yoast_head_json":{"title":"8 Hours - Bio-Textima H\u00e1l\u00f3szoba Manufakt\u00fara","robots":{"index":"index","follow":"follow","max-snippet":"max-snippet:-1","max-image-preview":"max-image-preview:large","max-video-preview":"max-video-preview:-1"},"canonical":"https:\/\/contractbeds.eu\/fr\/produit\/8-hours\/","og_locale":"fr_FR","og_type":"article","og_title":"8 Hours - Bio-Textima H\u00e1l\u00f3szoba Manufakt\u00fara","og_description":"Matelas exclusif pour h\u00f4tel avec surface en mousse climatique et c\u0153ur de ressorts ensach\u00e9s progressifs","og_url":"https:\/\/contractbeds.eu\/fr\/produit\/8-hours\/","og_site_name":"Bio-Textima H\u00e1l\u00f3szoba Manufakt\u00fara","article_modified_time":"2024-11-25T13:57:06+00:00","og_image":[{"width":326,"height":194,"url":"https:\/\/contractbeds.eu\/wp-content\/uploads\/2021\/02\/8HOURS-matrac.jpg","type":"image\/jpeg"}],"twitter_card":"summary_large_image","twitter_misc":{"Dur\u00e9e de lecture estim\u00e9e":"1 minute"},"schema":{"@context":"https:\/\/schema.org","@graph":[{"@type":"WebPage","@id":"https:\/\/contractbeds.eu\/fr\/produit\/8-hours\/","url":"https:\/\/contractbeds.eu\/fr\/produit\/8-hours\/","name":"8 Hours - Bio-Textima H\u00e1l\u00f3szoba Manufakt\u00fara","isPartOf":{"@id":"https:\/\/contractbeds.eu\/fr\/#website"},"primaryImageOfPage":{"@id":"https:\/\/contractbeds.eu\/fr\/produit\/8-hours\/#primaryimage"},"image":{"@id":"https:\/\/contractbeds.eu\/fr\/produit\/8-hours\/#primaryimage"},"thumbnailUrl":"https:\/\/contractbeds.eu\/wp-content\/uploads\/2021\/02\/8HOURS-matrac.jpg","datePublished":"2021-02-25T12:33:11+00:00","dateModified":"2024-11-25T13:57:06+00:00","breadcrumb":{"@id":"https:\/\/contractbeds.eu\/fr\/produit\/8-hours\/#breadcrumb"},"inLanguage":"fr-FR","potentialAction":[{"@type":"ReadAction","target":["https:\/\/contractbeds.eu\/fr\/produit\/8-hours\/"]}]},{"@type":"ImageObject","inLanguage":"fr-FR","@id":"https:\/\/contractbeds.eu\/fr\/produit\/8-hours\/#primaryimage","url":"https:\/\/contractbeds.eu\/wp-content\/uploads\/2021\/02\/8HOURS-matrac.jpg","contentUrl":"https:\/\/contractbeds.eu\/wp-content\/uploads\/2021\/02\/8HOURS-matrac.jpg","width":326,"height":194,"caption":"8HOURS-matrac."},{"@type":"BreadcrumbList","@id":"https:\/\/contractbeds.eu\/fr\/produit\/8-hours\/#breadcrumb","itemListElement":[{"@type":"ListItem","position":1,"name":"Page d'accueil","item":"https:\/\/contractbeds.eu\/fr\/"},{"@type":"ListItem","position":2,"name":"Tous les produits","item":"https:\/\/contractbeds.eu\/termekeink\/"},{"@type":"ListItem","position":3,"name":"8 Hours"}]},{"@type":"WebSite","@id":"https:\/\/contractbeds.eu\/fr\/#website","url":"https:\/\/contractbeds.eu\/fr\/","name":"Bio-Textima H\u00e1l\u00f3szoba Manufakt\u00fara","description":"\u00c1gyak \u00e9s matracok a sz\u00e1llodaipar sz\u00e1m\u00e1ra","publisher":{"@id":"https:\/\/contractbeds.eu\/fr\/#organization"},"potentialAction":[{"@type":"SearchAction","target":{"@type":"EntryPoint","urlTemplate":"https:\/\/contractbeds.eu\/fr\/?s={search_term_string}"},"query-input":{"@type":"PropertyValueSpecification","valueRequired":true,"valueName":"search_term_string"}}],"inLanguage":"fr-FR"},{"@type":"Organization","@id":"https:\/\/contractbeds.eu\/fr\/#organization","name":"BIO-TEXTIMA Kft.","url":"https:\/\/contractbeds.eu\/fr\/","logo":{"@type":"ImageObject","inLanguage":"fr-FR","@id":"https:\/\/contractbeds.eu\/fr\/#\/schema\/logo\/image\/","url":"https:\/\/contractbeds.eu\/wp-content\/uploads\/2021\/03\/biotex_logo.jpg","contentUrl":"https:\/\/contractbeds.eu\/wp-content\/uploads\/2021\/03\/biotex_logo.jpg","width":335,"height":149,"caption":"BIO-TEXTIMA Kft."},"image":{"@id":"https:\/\/contractbeds.eu\/fr\/#\/schema\/logo\/image\/"}}]}},"_links":{"self":[{"href":"https:\/\/contractbeds.eu\/fr\/wp-json\/wp\/v2\/product\/16228","targetHints":{"allow":["GET"]}}],"collection":[{"href":"https:\/\/contractbeds.eu\/fr\/wp-json\/wp\/v2\/product"}],"about":[{"href":"https:\/\/contractbeds.eu\/fr\/wp-json\/wp\/v2\/types\/product"}],"wp:featuredmedia":[{"embeddable":true,"href":"https:\/\/contractbeds.eu\/fr\/wp-json\/wp\/v2\/media\/16229"}],"wp:attachment":[{"href":"https:\/\/contractbeds.eu\/fr\/wp-json\/wp\/v2\/media?parent=16228"}],"wp:term":[{"taxonomy":"product_brand","embeddable":true,"href":"https:\/\/contractbeds.eu\/fr\/wp-json\/wp\/v2\/product_brand?post=16228"},{"taxonomy":"product_cat","embeddable":true,"href":"https:\/\/contractbeds.eu\/fr\/wp-json\/wp\/v2\/product_cat?post=16228"},{"taxonomy":"product_tag","embeddable":true,"href":"https:\/\/contractbeds.eu\/fr\/wp-json\/wp\/v2\/product_tag?post=16228"}],"curies":[{"name":"wp","href":"https:\/\/api.w.org\/{rel}","templated":true}]}}