{"id":16233,"date":"2023-07-19T13:27:42","date_gmt":"2023-07-19T13:27:42","guid":{"rendered":"https:\/\/contractbeds.eu\/termek\/bonell-comfort-21\/"},"modified":"2024-11-25T14:10:03","modified_gmt":"2024-11-25T14:10:03","slug":"bonell-comfort-21","status":"publish","type":"product","link":"https:\/\/contractbeds.eu\/fr\/produit\/bonell-comfort-21\/","title":{"rendered":"Bonell Comfort 21"},"content":{"rendered":"<p>Matelas d&rsquo;h\u00f4tel classique \u00e0 ressorts Bonell au design intemporel. Le c\u0153ur du matelas est constitu\u00e9 d&rsquo;une plateforme de ressorts Bonell durable, d&rsquo;un diam\u00e8tre de fil de 2,4 mm, entour\u00e9e de tous c\u00f4t\u00e9s par une bordure en mousse froide suffisamment \u00e9lastique et r\u00e9sistante. Des couches de confort en mousse orthop\u00e9dique froide ventil\u00e9e et flexible, ainsi que des couches de feutre \u00e9pais en contact direct avec les ressorts, garantissent un confort de sommeil. Le mod\u00e8le peut \u00eatre command\u00e9 dans une version fixe (scell\u00e9e), avec couture climatique en tissu FRAB HOTEL+ ou avec une housse Soft &amp; Fresh \u00e0 fermeture \u00e9clair, amovible et lavable en machine. Le d\u00e9placement du matelas est facilit\u00e9 par des poign\u00e9es durables de chaque c\u00f4t\u00e9 long.<\/p>\n<p>&nbsp;<\/p>\n<p>Structure :<\/p>\n<ul>\n<li>Tissu de haute qualit\u00e9 FRAB HOTEL+ pour matelas (280 g\/m<sup>2<\/sup>, r\u00e9sistant au feu), version \u00e0 couture climatique avec 200 g\/m<sup>2<\/sup> de fibre PES pour la couture climatique<\/li>\n<li>Couche de confort en mousse orthop\u00e9dique froide respirante de 4 cm d&rsquo;\u00e9paisseur (N2538)<\/li>\n<li>C\u0153ur de matelas \u00e0 ressorts Bonell de 11 cm de hauteur (d=2,4 mm) avec bordure en mousse orthop\u00e9dique froide et couches de feutre cousues (750 g\/m<sup>2<\/sup>)<\/li>\n<li>Couche de confort en mousse orthop\u00e9dique froide respirante de 4 cm d&rsquo;\u00e9paisseur (N2538)<\/li>\n<\/ul>\n","protected":false},"excerpt":{"rendered":"<p>Matelas d&rsquo;h\u00f4tel \u00e0 ressorts Bonell avec surface en mousse orthop\u00e9dique froide (21 cm)<\/p>\n","protected":false},"featured_media":14468,"template":"","meta":[],"product_brand":[],"product_cat":[162],"product_tag":[],"class_list":{"0":"post-16233","1":"product","2":"type-product","3":"status-publish","4":"has-post-thumbnail","6":"product_cat-matelas","8":"first","9":"instock","10":"shipping-taxable","11":"purchasable","12":"product-type-variable","13":"has-default-attributes"},"composite_layout":"","composite_add_to_cart_form_location":"","composite_editable_in_cart":false,"composite_sold_individually_context":"","composite_shop_price_calc":"","composite_components":[],"composite_scenarios":[],"yoast_head":"<!-- This site is optimized with the Yoast SEO plugin v27.0 - https:\/\/yoast.com\/product\/yoast-seo-wordpress\/ -->\n<title>Bonell Comfort 21 - Bio-Textima H\u00e1l\u00f3szoba Manufakt\u00fara<\/title>\n<meta name=\"robots\" content=\"index, follow, max-snippet:-1, max-image-preview:large, max-video-preview:-1\" \/>\n<link rel=\"canonical\" href=\"https:\/\/contractbeds.eu\/fr\/produit\/bonell-comfort-21\/\" \/>\n<meta property=\"og:locale\" content=\"fr_FR\" \/>\n<meta property=\"og:type\" content=\"article\" \/>\n<meta property=\"og:title\" content=\"Bonell Comfort 21 - Bio-Textima H\u00e1l\u00f3szoba Manufakt\u00fara\" \/>\n<meta property=\"og:description\" content=\"Matelas d&#039;h\u00f4tel \u00e0 ressorts Bonell avec surface en mousse orthop\u00e9dique froide (21 cm)\" \/>\n<meta property=\"og:url\" content=\"https:\/\/contractbeds.eu\/fr\/produit\/bonell-comfort-21\/\" \/>\n<meta property=\"og:site_name\" content=\"Bio-Textima H\u00e1l\u00f3szoba Manufakt\u00fara\" \/>\n<meta property=\"article:modified_time\" content=\"2024-11-25T14:10:03+00:00\" \/>\n<meta property=\"og:image\" content=\"https:\/\/contractbeds.eu\/wp-content\/uploads\/2023\/07\/Bonellrugos-mintakep.jpg\" \/>\n\t<meta property=\"og:image:width\" content=\"326\" \/>\n\t<meta property=\"og:image:height\" content=\"190\" \/>\n\t<meta property=\"og:image:type\" content=\"image\/jpeg\" \/>\n<meta name=\"twitter:card\" content=\"summary_large_image\" \/>\n<meta name=\"twitter:label1\" content=\"Dur\u00e9e de lecture estim\u00e9e\" \/>\n\t<meta name=\"twitter:data1\" content=\"1 minute\" \/>\n<script type=\"application\/ld+json\" class=\"yoast-schema-graph\">{\"@context\":\"https:\/\/schema.org\",\"@graph\":[{\"@type\":\"WebPage\",\"@id\":\"https:\/\/contractbeds.eu\/fr\/produit\/bonell-comfort-21\/\",\"url\":\"https:\/\/contractbeds.eu\/fr\/produit\/bonell-comfort-21\/\",\"name\":\"Bonell Comfort 21 - Bio-Textima H\u00e1l\u00f3szoba Manufakt\u00fara\",\"isPartOf\":{\"@id\":\"https:\/\/contractbeds.eu\/fr\/#website\"},\"primaryImageOfPage\":{\"@id\":\"https:\/\/contractbeds.eu\/fr\/produit\/bonell-comfort-21\/#primaryimage\"},\"image\":{\"@id\":\"https:\/\/contractbeds.eu\/fr\/produit\/bonell-comfort-21\/#primaryimage\"},\"thumbnailUrl\":\"https:\/\/contractbeds.eu\/wp-content\/uploads\/2023\/07\/Bonellrugos-mintakep.jpg\",\"datePublished\":\"2023-07-19T13:27:42+00:00\",\"dateModified\":\"2024-11-25T14:10:03+00:00\",\"breadcrumb\":{\"@id\":\"https:\/\/contractbeds.eu\/fr\/produit\/bonell-comfort-21\/#breadcrumb\"},\"inLanguage\":\"fr-FR\",\"potentialAction\":[{\"@type\":\"ReadAction\",\"target\":[\"https:\/\/contractbeds.eu\/fr\/produit\/bonell-comfort-21\/\"]}]},{\"@type\":\"ImageObject\",\"inLanguage\":\"fr-FR\",\"@id\":\"https:\/\/contractbeds.eu\/fr\/produit\/bonell-comfort-21\/#primaryimage\",\"url\":\"https:\/\/contractbeds.eu\/wp-content\/uploads\/2023\/07\/Bonellrugos-mintakep.jpg\",\"contentUrl\":\"https:\/\/contractbeds.eu\/wp-content\/uploads\/2023\/07\/Bonellrugos-mintakep.jpg\",\"width\":326,\"height\":190,\"caption\":\"Bonellrugos-mintakep\"},{\"@type\":\"BreadcrumbList\",\"@id\":\"https:\/\/contractbeds.eu\/fr\/produit\/bonell-comfort-21\/#breadcrumb\",\"itemListElement\":[{\"@type\":\"ListItem\",\"position\":1,\"name\":\"Page d'accueil\",\"item\":\"https:\/\/contractbeds.eu\/fr\/\"},{\"@type\":\"ListItem\",\"position\":2,\"name\":\"Tous les produits\",\"item\":\"https:\/\/contractbeds.eu\/termekeink\/\"},{\"@type\":\"ListItem\",\"position\":3,\"name\":\"Bonell Comfort 21\"}]},{\"@type\":\"WebSite\",\"@id\":\"https:\/\/contractbeds.eu\/fr\/#website\",\"url\":\"https:\/\/contractbeds.eu\/fr\/\",\"name\":\"Bio-Textima H\u00e1l\u00f3szoba Manufakt\u00fara\",\"description\":\"\u00c1gyak \u00e9s matracok a sz\u00e1llodaipar sz\u00e1m\u00e1ra\",\"publisher\":{\"@id\":\"https:\/\/contractbeds.eu\/fr\/#organization\"},\"potentialAction\":[{\"@type\":\"SearchAction\",\"target\":{\"@type\":\"EntryPoint\",\"urlTemplate\":\"https:\/\/contractbeds.eu\/fr\/?s={search_term_string}\"},\"query-input\":{\"@type\":\"PropertyValueSpecification\",\"valueRequired\":true,\"valueName\":\"search_term_string\"}}],\"inLanguage\":\"fr-FR\"},{\"@type\":\"Organization\",\"@id\":\"https:\/\/contractbeds.eu\/fr\/#organization\",\"name\":\"BIO-TEXTIMA Kft.\",\"url\":\"https:\/\/contractbeds.eu\/fr\/\",\"logo\":{\"@type\":\"ImageObject\",\"inLanguage\":\"fr-FR\",\"@id\":\"https:\/\/contractbeds.eu\/fr\/#\/schema\/logo\/image\/\",\"url\":\"https:\/\/contractbeds.eu\/wp-content\/uploads\/2021\/03\/biotex_logo.jpg\",\"contentUrl\":\"https:\/\/contractbeds.eu\/wp-content\/uploads\/2021\/03\/biotex_logo.jpg\",\"width\":335,\"height\":149,\"caption\":\"BIO-TEXTIMA Kft.\"},\"image\":{\"@id\":\"https:\/\/contractbeds.eu\/fr\/#\/schema\/logo\/image\/\"}}]}<\/script>\n<!-- \/ Yoast SEO plugin. -->","yoast_head_json":{"title":"Bonell Comfort 21 - Bio-Textima H\u00e1l\u00f3szoba Manufakt\u00fara","robots":{"index":"index","follow":"follow","max-snippet":"max-snippet:-1","max-image-preview":"max-image-preview:large","max-video-preview":"max-video-preview:-1"},"canonical":"https:\/\/contractbeds.eu\/fr\/produit\/bonell-comfort-21\/","og_locale":"fr_FR","og_type":"article","og_title":"Bonell Comfort 21 - Bio-Textima H\u00e1l\u00f3szoba Manufakt\u00fara","og_description":"Matelas d'h\u00f4tel \u00e0 ressorts Bonell avec surface en mousse orthop\u00e9dique froide (21 cm)","og_url":"https:\/\/contractbeds.eu\/fr\/produit\/bonell-comfort-21\/","og_site_name":"Bio-Textima H\u00e1l\u00f3szoba Manufakt\u00fara","article_modified_time":"2024-11-25T14:10:03+00:00","og_image":[{"width":326,"height":190,"url":"https:\/\/contractbeds.eu\/wp-content\/uploads\/2023\/07\/Bonellrugos-mintakep.jpg","type":"image\/jpeg"}],"twitter_card":"summary_large_image","twitter_misc":{"Dur\u00e9e de lecture estim\u00e9e":"1 minute"},"schema":{"@context":"https:\/\/schema.org","@graph":[{"@type":"WebPage","@id":"https:\/\/contractbeds.eu\/fr\/produit\/bonell-comfort-21\/","url":"https:\/\/contractbeds.eu\/fr\/produit\/bonell-comfort-21\/","name":"Bonell Comfort 21 - Bio-Textima H\u00e1l\u00f3szoba Manufakt\u00fara","isPartOf":{"@id":"https:\/\/contractbeds.eu\/fr\/#website"},"primaryImageOfPage":{"@id":"https:\/\/contractbeds.eu\/fr\/produit\/bonell-comfort-21\/#primaryimage"},"image":{"@id":"https:\/\/contractbeds.eu\/fr\/produit\/bonell-comfort-21\/#primaryimage"},"thumbnailUrl":"https:\/\/contractbeds.eu\/wp-content\/uploads\/2023\/07\/Bonellrugos-mintakep.jpg","datePublished":"2023-07-19T13:27:42+00:00","dateModified":"2024-11-25T14:10:03+00:00","breadcrumb":{"@id":"https:\/\/contractbeds.eu\/fr\/produit\/bonell-comfort-21\/#breadcrumb"},"inLanguage":"fr-FR","potentialAction":[{"@type":"ReadAction","target":["https:\/\/contractbeds.eu\/fr\/produit\/bonell-comfort-21\/"]}]},{"@type":"ImageObject","inLanguage":"fr-FR","@id":"https:\/\/contractbeds.eu\/fr\/produit\/bonell-comfort-21\/#primaryimage","url":"https:\/\/contractbeds.eu\/wp-content\/uploads\/2023\/07\/Bonellrugos-mintakep.jpg","contentUrl":"https:\/\/contractbeds.eu\/wp-content\/uploads\/2023\/07\/Bonellrugos-mintakep.jpg","width":326,"height":190,"caption":"Bonellrugos-mintakep"},{"@type":"BreadcrumbList","@id":"https:\/\/contractbeds.eu\/fr\/produit\/bonell-comfort-21\/#breadcrumb","itemListElement":[{"@type":"ListItem","position":1,"name":"Page d'accueil","item":"https:\/\/contractbeds.eu\/fr\/"},{"@type":"ListItem","position":2,"name":"Tous les produits","item":"https:\/\/contractbeds.eu\/termekeink\/"},{"@type":"ListItem","position":3,"name":"Bonell Comfort 21"}]},{"@type":"WebSite","@id":"https:\/\/contractbeds.eu\/fr\/#website","url":"https:\/\/contractbeds.eu\/fr\/","name":"Bio-Textima H\u00e1l\u00f3szoba Manufakt\u00fara","description":"\u00c1gyak \u00e9s matracok a sz\u00e1llodaipar sz\u00e1m\u00e1ra","publisher":{"@id":"https:\/\/contractbeds.eu\/fr\/#organization"},"potentialAction":[{"@type":"SearchAction","target":{"@type":"EntryPoint","urlTemplate":"https:\/\/contractbeds.eu\/fr\/?s={search_term_string}"},"query-input":{"@type":"PropertyValueSpecification","valueRequired":true,"valueName":"search_term_string"}}],"inLanguage":"fr-FR"},{"@type":"Organization","@id":"https:\/\/contractbeds.eu\/fr\/#organization","name":"BIO-TEXTIMA Kft.","url":"https:\/\/contractbeds.eu\/fr\/","logo":{"@type":"ImageObject","inLanguage":"fr-FR","@id":"https:\/\/contractbeds.eu\/fr\/#\/schema\/logo\/image\/","url":"https:\/\/contractbeds.eu\/wp-content\/uploads\/2021\/03\/biotex_logo.jpg","contentUrl":"https:\/\/contractbeds.eu\/wp-content\/uploads\/2021\/03\/biotex_logo.jpg","width":335,"height":149,"caption":"BIO-TEXTIMA Kft."},"image":{"@id":"https:\/\/contractbeds.eu\/fr\/#\/schema\/logo\/image\/"}}]}},"_links":{"self":[{"href":"https:\/\/contractbeds.eu\/fr\/wp-json\/wp\/v2\/product\/16233","targetHints":{"allow":["GET"]}}],"collection":[{"href":"https:\/\/contractbeds.eu\/fr\/wp-json\/wp\/v2\/product"}],"about":[{"href":"https:\/\/contractbeds.eu\/fr\/wp-json\/wp\/v2\/types\/product"}],"wp:featuredmedia":[{"embeddable":true,"href":"https:\/\/contractbeds.eu\/fr\/wp-json\/wp\/v2\/media\/14468"}],"wp:attachment":[{"href":"https:\/\/contractbeds.eu\/fr\/wp-json\/wp\/v2\/media?parent=16233"}],"wp:term":[{"taxonomy":"product_brand","embeddable":true,"href":"https:\/\/contractbeds.eu\/fr\/wp-json\/wp\/v2\/product_brand?post=16233"},{"taxonomy":"product_cat","embeddable":true,"href":"https:\/\/contractbeds.eu\/fr\/wp-json\/wp\/v2\/product_cat?post=16233"},{"taxonomy":"product_tag","embeddable":true,"href":"https:\/\/contractbeds.eu\/fr\/wp-json\/wp\/v2\/product_tag?post=16233"}],"curies":[{"name":"wp","href":"https:\/\/api.w.org\/{rel}","templated":true}]}}