{"id":16235,"date":"2023-07-19T13:25:54","date_gmt":"2023-07-19T13:25:54","guid":{"rendered":"https:\/\/contractbeds.eu\/termek\/cassino-base\/"},"modified":"2025-07-22T08:27:50","modified_gmt":"2025-07-22T08:27:50","slug":"cassino-base","status":"publish","type":"product","link":"https:\/\/contractbeds.eu\/fr\/produit\/cassino-base\/","title":{"rendered":"Cassino Base"},"content":{"rendered":"<p>Le c\u0153ur de notre mod\u00e8le de base pour h\u00f4tel est fabriqu\u00e9 \u00e0 partir d&rsquo;une mousse orthop\u00e9dique froide hautement \u00e9lastique, offrant un bon soutien et une bonne respirabilit\u00e9. Notre matelas \u00e0 zone unique est livr\u00e9 avec une housse amovible lavable en machine \u00e0 30\u00b0C et est livr\u00e9 sous vide.<\/p>\n<p>&nbsp;<\/p>\n<p>Structure :<\/p>\n<ul>\n<li>Housse de matelas Cassino en fibre PES climatis\u00e9e (200 g\/m<sup>2<\/sup>, \u00e0 couture climatique, zipp\u00e9e, amovible, lavable en machine)<\/li>\n<li>C\u0153ur de matelas en mousse orthop\u00e9dique froide respirante de 16 cm d&rsquo;\u00e9paisseur<\/li>\n<\/ul>\n","protected":false},"excerpt":{"rendered":"<p>Matelas d&rsquo;h\u00f4tel en mousse orthop\u00e9dique froide<\/p>\n","protected":false},"featured_media":16236,"template":"","meta":[],"product_brand":[],"product_cat":[162],"product_tag":[],"class_list":{"0":"post-16235","1":"product","2":"type-product","3":"status-publish","4":"has-post-thumbnail","6":"product_cat-matelas","8":"first","9":"instock","10":"shipping-taxable","11":"purchasable","12":"product-type-variable","13":"has-default-attributes"},"composite_layout":"","composite_add_to_cart_form_location":"","composite_editable_in_cart":false,"composite_sold_individually_context":"","composite_shop_price_calc":"","composite_components":[],"composite_scenarios":[],"yoast_head":"<!-- This site is optimized with the Yoast SEO plugin v27.0 - https:\/\/yoast.com\/product\/yoast-seo-wordpress\/ -->\n<title>Cassino Base - Bio-Textima H\u00e1l\u00f3szoba Manufakt\u00fara<\/title>\n<meta name=\"robots\" content=\"index, follow, max-snippet:-1, max-image-preview:large, max-video-preview:-1\" \/>\n<link rel=\"canonical\" href=\"https:\/\/contractbeds.eu\/fr\/produit\/cassino-base\/\" \/>\n<meta property=\"og:locale\" content=\"fr_FR\" \/>\n<meta property=\"og:type\" content=\"article\" \/>\n<meta property=\"og:title\" content=\"Cassino Base - Bio-Textima H\u00e1l\u00f3szoba Manufakt\u00fara\" \/>\n<meta property=\"og:description\" content=\"Matelas d&#039;h\u00f4tel en mousse orthop\u00e9dique froide\" \/>\n<meta property=\"og:url\" content=\"https:\/\/contractbeds.eu\/fr\/produit\/cassino-base\/\" \/>\n<meta property=\"og:site_name\" content=\"Bio-Textima H\u00e1l\u00f3szoba Manufakt\u00fara\" \/>\n<meta property=\"article:modified_time\" content=\"2025-07-22T08:27:50+00:00\" \/>\n<meta property=\"og:image\" content=\"https:\/\/contractbeds.eu\/wp-content\/uploads\/2023\/07\/CS-Basic-Cassino_metszet.jpg\" \/>\n\t<meta property=\"og:image:width\" content=\"326\" \/>\n\t<meta property=\"og:image:height\" content=\"192\" \/>\n\t<meta property=\"og:image:type\" content=\"image\/jpeg\" \/>\n<meta name=\"twitter:card\" content=\"summary_large_image\" \/>\n<meta name=\"twitter:label1\" content=\"Dur\u00e9e de lecture estim\u00e9e\" \/>\n\t<meta name=\"twitter:data1\" content=\"1 minute\" \/>\n<script type=\"application\/ld+json\" class=\"yoast-schema-graph\">{\"@context\":\"https:\/\/schema.org\",\"@graph\":[{\"@type\":\"WebPage\",\"@id\":\"https:\/\/contractbeds.eu\/fr\/produit\/cassino-base\/\",\"url\":\"https:\/\/contractbeds.eu\/fr\/produit\/cassino-base\/\",\"name\":\"Cassino Base - Bio-Textima H\u00e1l\u00f3szoba Manufakt\u00fara\",\"isPartOf\":{\"@id\":\"https:\/\/contractbeds.eu\/fr\/#website\"},\"primaryImageOfPage\":{\"@id\":\"https:\/\/contractbeds.eu\/fr\/produit\/cassino-base\/#primaryimage\"},\"image\":{\"@id\":\"https:\/\/contractbeds.eu\/fr\/produit\/cassino-base\/#primaryimage\"},\"thumbnailUrl\":\"https:\/\/contractbeds.eu\/wp-content\/uploads\/2023\/07\/CS-Basic-Cassino_metszet.jpg\",\"datePublished\":\"2023-07-19T13:25:54+00:00\",\"dateModified\":\"2025-07-22T08:27:50+00:00\",\"breadcrumb\":{\"@id\":\"https:\/\/contractbeds.eu\/fr\/produit\/cassino-base\/#breadcrumb\"},\"inLanguage\":\"fr-FR\",\"potentialAction\":[{\"@type\":\"ReadAction\",\"target\":[\"https:\/\/contractbeds.eu\/fr\/produit\/cassino-base\/\"]}]},{\"@type\":\"ImageObject\",\"inLanguage\":\"fr-FR\",\"@id\":\"https:\/\/contractbeds.eu\/fr\/produit\/cassino-base\/#primaryimage\",\"url\":\"https:\/\/contractbeds.eu\/wp-content\/uploads\/2023\/07\/CS-Basic-Cassino_metszet.jpg\",\"contentUrl\":\"https:\/\/contractbeds.eu\/wp-content\/uploads\/2023\/07\/CS-Basic-Cassino_metszet.jpg\",\"width\":326,\"height\":192,\"caption\":\"CS-Basic-Cassino_metszet\"},{\"@type\":\"BreadcrumbList\",\"@id\":\"https:\/\/contractbeds.eu\/fr\/produit\/cassino-base\/#breadcrumb\",\"itemListElement\":[{\"@type\":\"ListItem\",\"position\":1,\"name\":\"Page d'accueil\",\"item\":\"https:\/\/contractbeds.eu\/fr\/\"},{\"@type\":\"ListItem\",\"position\":2,\"name\":\"Tous les produits\",\"item\":\"https:\/\/contractbeds.eu\/termekeink\/\"},{\"@type\":\"ListItem\",\"position\":3,\"name\":\"Cassino Base\"}]},{\"@type\":\"WebSite\",\"@id\":\"https:\/\/contractbeds.eu\/fr\/#website\",\"url\":\"https:\/\/contractbeds.eu\/fr\/\",\"name\":\"Bio-Textima H\u00e1l\u00f3szoba Manufakt\u00fara\",\"description\":\"\u00c1gyak \u00e9s matracok a sz\u00e1llodaipar sz\u00e1m\u00e1ra\",\"publisher\":{\"@id\":\"https:\/\/contractbeds.eu\/fr\/#organization\"},\"potentialAction\":[{\"@type\":\"SearchAction\",\"target\":{\"@type\":\"EntryPoint\",\"urlTemplate\":\"https:\/\/contractbeds.eu\/fr\/?s={search_term_string}\"},\"query-input\":{\"@type\":\"PropertyValueSpecification\",\"valueRequired\":true,\"valueName\":\"search_term_string\"}}],\"inLanguage\":\"fr-FR\"},{\"@type\":\"Organization\",\"@id\":\"https:\/\/contractbeds.eu\/fr\/#organization\",\"name\":\"BIO-TEXTIMA Kft.\",\"url\":\"https:\/\/contractbeds.eu\/fr\/\",\"logo\":{\"@type\":\"ImageObject\",\"inLanguage\":\"fr-FR\",\"@id\":\"https:\/\/contractbeds.eu\/fr\/#\/schema\/logo\/image\/\",\"url\":\"https:\/\/contractbeds.eu\/wp-content\/uploads\/2021\/03\/biotex_logo.jpg\",\"contentUrl\":\"https:\/\/contractbeds.eu\/wp-content\/uploads\/2021\/03\/biotex_logo.jpg\",\"width\":335,\"height\":149,\"caption\":\"BIO-TEXTIMA Kft.\"},\"image\":{\"@id\":\"https:\/\/contractbeds.eu\/fr\/#\/schema\/logo\/image\/\"}}]}<\/script>\n<!-- \/ Yoast SEO plugin. -->","yoast_head_json":{"title":"Cassino Base - Bio-Textima H\u00e1l\u00f3szoba Manufakt\u00fara","robots":{"index":"index","follow":"follow","max-snippet":"max-snippet:-1","max-image-preview":"max-image-preview:large","max-video-preview":"max-video-preview:-1"},"canonical":"https:\/\/contractbeds.eu\/fr\/produit\/cassino-base\/","og_locale":"fr_FR","og_type":"article","og_title":"Cassino Base - Bio-Textima H\u00e1l\u00f3szoba Manufakt\u00fara","og_description":"Matelas d'h\u00f4tel en mousse orthop\u00e9dique froide","og_url":"https:\/\/contractbeds.eu\/fr\/produit\/cassino-base\/","og_site_name":"Bio-Textima H\u00e1l\u00f3szoba Manufakt\u00fara","article_modified_time":"2025-07-22T08:27:50+00:00","og_image":[{"width":326,"height":192,"url":"https:\/\/contractbeds.eu\/wp-content\/uploads\/2023\/07\/CS-Basic-Cassino_metszet.jpg","type":"image\/jpeg"}],"twitter_card":"summary_large_image","twitter_misc":{"Dur\u00e9e de lecture estim\u00e9e":"1 minute"},"schema":{"@context":"https:\/\/schema.org","@graph":[{"@type":"WebPage","@id":"https:\/\/contractbeds.eu\/fr\/produit\/cassino-base\/","url":"https:\/\/contractbeds.eu\/fr\/produit\/cassino-base\/","name":"Cassino Base - Bio-Textima H\u00e1l\u00f3szoba Manufakt\u00fara","isPartOf":{"@id":"https:\/\/contractbeds.eu\/fr\/#website"},"primaryImageOfPage":{"@id":"https:\/\/contractbeds.eu\/fr\/produit\/cassino-base\/#primaryimage"},"image":{"@id":"https:\/\/contractbeds.eu\/fr\/produit\/cassino-base\/#primaryimage"},"thumbnailUrl":"https:\/\/contractbeds.eu\/wp-content\/uploads\/2023\/07\/CS-Basic-Cassino_metszet.jpg","datePublished":"2023-07-19T13:25:54+00:00","dateModified":"2025-07-22T08:27:50+00:00","breadcrumb":{"@id":"https:\/\/contractbeds.eu\/fr\/produit\/cassino-base\/#breadcrumb"},"inLanguage":"fr-FR","potentialAction":[{"@type":"ReadAction","target":["https:\/\/contractbeds.eu\/fr\/produit\/cassino-base\/"]}]},{"@type":"ImageObject","inLanguage":"fr-FR","@id":"https:\/\/contractbeds.eu\/fr\/produit\/cassino-base\/#primaryimage","url":"https:\/\/contractbeds.eu\/wp-content\/uploads\/2023\/07\/CS-Basic-Cassino_metszet.jpg","contentUrl":"https:\/\/contractbeds.eu\/wp-content\/uploads\/2023\/07\/CS-Basic-Cassino_metszet.jpg","width":326,"height":192,"caption":"CS-Basic-Cassino_metszet"},{"@type":"BreadcrumbList","@id":"https:\/\/contractbeds.eu\/fr\/produit\/cassino-base\/#breadcrumb","itemListElement":[{"@type":"ListItem","position":1,"name":"Page d'accueil","item":"https:\/\/contractbeds.eu\/fr\/"},{"@type":"ListItem","position":2,"name":"Tous les produits","item":"https:\/\/contractbeds.eu\/termekeink\/"},{"@type":"ListItem","position":3,"name":"Cassino Base"}]},{"@type":"WebSite","@id":"https:\/\/contractbeds.eu\/fr\/#website","url":"https:\/\/contractbeds.eu\/fr\/","name":"Bio-Textima H\u00e1l\u00f3szoba Manufakt\u00fara","description":"\u00c1gyak \u00e9s matracok a sz\u00e1llodaipar sz\u00e1m\u00e1ra","publisher":{"@id":"https:\/\/contractbeds.eu\/fr\/#organization"},"potentialAction":[{"@type":"SearchAction","target":{"@type":"EntryPoint","urlTemplate":"https:\/\/contractbeds.eu\/fr\/?s={search_term_string}"},"query-input":{"@type":"PropertyValueSpecification","valueRequired":true,"valueName":"search_term_string"}}],"inLanguage":"fr-FR"},{"@type":"Organization","@id":"https:\/\/contractbeds.eu\/fr\/#organization","name":"BIO-TEXTIMA Kft.","url":"https:\/\/contractbeds.eu\/fr\/","logo":{"@type":"ImageObject","inLanguage":"fr-FR","@id":"https:\/\/contractbeds.eu\/fr\/#\/schema\/logo\/image\/","url":"https:\/\/contractbeds.eu\/wp-content\/uploads\/2021\/03\/biotex_logo.jpg","contentUrl":"https:\/\/contractbeds.eu\/wp-content\/uploads\/2021\/03\/biotex_logo.jpg","width":335,"height":149,"caption":"BIO-TEXTIMA Kft."},"image":{"@id":"https:\/\/contractbeds.eu\/fr\/#\/schema\/logo\/image\/"}}]}},"_links":{"self":[{"href":"https:\/\/contractbeds.eu\/fr\/wp-json\/wp\/v2\/product\/16235","targetHints":{"allow":["GET"]}}],"collection":[{"href":"https:\/\/contractbeds.eu\/fr\/wp-json\/wp\/v2\/product"}],"about":[{"href":"https:\/\/contractbeds.eu\/fr\/wp-json\/wp\/v2\/types\/product"}],"wp:featuredmedia":[{"embeddable":true,"href":"https:\/\/contractbeds.eu\/fr\/wp-json\/wp\/v2\/media\/16236"}],"wp:attachment":[{"href":"https:\/\/contractbeds.eu\/fr\/wp-json\/wp\/v2\/media?parent=16235"}],"wp:term":[{"taxonomy":"product_brand","embeddable":true,"href":"https:\/\/contractbeds.eu\/fr\/wp-json\/wp\/v2\/product_brand?post=16235"},{"taxonomy":"product_cat","embeddable":true,"href":"https:\/\/contractbeds.eu\/fr\/wp-json\/wp\/v2\/product_cat?post=16235"},{"taxonomy":"product_tag","embeddable":true,"href":"https:\/\/contractbeds.eu\/fr\/wp-json\/wp\/v2\/product_tag?post=16235"}],"curies":[{"name":"wp","href":"https:\/\/api.w.org\/{rel}","templated":true}]}}