{"id":16248,"date":"2023-07-19T13:55:07","date_gmt":"2023-07-19T13:55:07","guid":{"rendered":"https:\/\/contractbeds.eu\/termek\/spa-25-hotel-plus\/"},"modified":"2024-11-25T14:55:40","modified_gmt":"2024-11-25T14:55:40","slug":"spa-25-hotel-plus","status":"publish","type":"product","link":"https:\/\/contractbeds.eu\/fr\/produit\/spa-25-hotel-plus\/","title":{"rendered":"SPA 25 Hotel Plus"},"content":{"rendered":"<p>Une version am\u00e9lior\u00e9e du matelas de base classique et populaire pour h\u00f4tel. Le c\u0153ur du matelas est divis\u00e9 en 7 zones anatomiques et pr\u00e9sente une base de ressorts ensach\u00e9s extra-\u00e9paisse. Le noyau \u00e0 ressorts ensach\u00e9s est entour\u00e9 de couches de feutre cousues des deux c\u00f4t\u00e9s et d&rsquo;une bordure en mousse froide de soutien sur les bords, assurant une dur\u00e9e de vie plus longue et un confort accru. Chaque c\u00f4t\u00e9 du matelas r\u00e9versible comporte une couche de confort en mousse orthop\u00e9dique froide extra-\u00e9paisse et respirante, avec des couches de confort en laine propre et en coton sur le dessus. Le mod\u00e8le peut \u00eatre command\u00e9 dans une version fixe (scell\u00e9e), avec couture climatique en tissu FRAB HOTEL+ ou avec une housse Soft &amp; Fresh \u00e0 fermeture \u00e9clair, amovible et lavable en machine. Le d\u00e9placement du matelas est facilit\u00e9 par des poign\u00e9es durables de chaque c\u00f4t\u00e9 long.<\/p>\n<p>&nbsp;<\/p>\n<p>Structure :<\/p>\n<ul>\n<li>Tissu de haute qualit\u00e9 FRAB HOTEL+ pour matelas (280 g\/m<sup>2<\/sup>, r\u00e9sistant au feu), version \u00e0 couture climatique avec 200 g\/m<sup>2<\/sup> de fibre PES pour la couture climatique<\/li>\n<li>Couche de confort en coton (200 g\/m<sup>2<\/sup>) &#8211; C\u00f4t\u00e9 \u00e9t\u00e9 \u2022 Couche de confort en mousse orthop\u00e9dique froide respirante de 3 cm d&rsquo;\u00e9paisseur (N2538)<\/li>\n<li>C\u0153ur de matelas \u00e0 ressorts ensach\u00e9s de 18 cm de hauteur divis\u00e9 en 7 zones anatomiques (1,8 \/ 1,6 mm, 230 ressorts\/m2), avec bordure en mousse orthop\u00e9dique froide et couches de feutre cousues (750 g\/m2)<\/li>\n<li>Couche de confort en mousse orthop\u00e9dique froide respirante de 3 cm d&rsquo;\u00e9paisseur (N2538)<\/li>\n<li>Couche de confort en laine pure (300 g\/m<sup>2<\/sup>) &#8211; C\u00f4t\u00e9 hiver<\/li>\n<\/ul>\n","protected":false},"excerpt":{"rendered":"<p>Matelas haut de gamme pour h\u00f4tel \u00e0 ressorts ensach\u00e9s avec surface en mousse orthop\u00e9dique froide et c\u00f4t\u00e9s hiver et \u00e9t\u00e9 (25 cm)<\/p>\n","protected":false},"featured_media":16242,"template":"","meta":[],"product_brand":[],"product_cat":[162],"product_tag":[],"class_list":{"0":"post-16248","1":"product","2":"type-product","3":"status-publish","4":"has-post-thumbnail","6":"product_cat-matelas","8":"first","9":"instock","10":"shipping-taxable","11":"purchasable","12":"product-type-variable","13":"has-default-attributes"},"composite_layout":"","composite_add_to_cart_form_location":"","composite_editable_in_cart":false,"composite_sold_individually_context":"","composite_shop_price_calc":"","composite_components":[],"composite_scenarios":[],"yoast_head":"<!-- This site is optimized with the Yoast SEO plugin v27.0 - https:\/\/yoast.com\/product\/yoast-seo-wordpress\/ -->\n<title>SPA 25 Hotel Plus - Bio-Textima H\u00e1l\u00f3szoba Manufakt\u00fara<\/title>\n<meta name=\"robots\" content=\"index, follow, max-snippet:-1, max-image-preview:large, max-video-preview:-1\" \/>\n<link rel=\"canonical\" href=\"https:\/\/contractbeds.eu\/fr\/produit\/spa-25-hotel-plus\/\" \/>\n<meta property=\"og:locale\" content=\"fr_FR\" \/>\n<meta property=\"og:type\" content=\"article\" \/>\n<meta property=\"og:title\" content=\"SPA 25 Hotel Plus - Bio-Textima H\u00e1l\u00f3szoba Manufakt\u00fara\" \/>\n<meta property=\"og:description\" content=\"Matelas haut de gamme pour h\u00f4tel \u00e0 ressorts ensach\u00e9s avec surface en mousse orthop\u00e9dique froide et c\u00f4t\u00e9s hiver et \u00e9t\u00e9 (25 cm)\" \/>\n<meta property=\"og:url\" content=\"https:\/\/contractbeds.eu\/fr\/produit\/spa-25-hotel-plus\/\" \/>\n<meta property=\"og:site_name\" content=\"Bio-Textima H\u00e1l\u00f3szoba Manufakt\u00fara\" \/>\n<meta property=\"article:modified_time\" content=\"2024-11-25T14:55:40+00:00\" \/>\n<meta property=\"og:image\" content=\"https:\/\/contractbeds.eu\/wp-content\/uploads\/2023\/07\/SPA-minta.jpg\" \/>\n\t<meta property=\"og:image:width\" content=\"326\" \/>\n\t<meta property=\"og:image:height\" content=\"177\" \/>\n\t<meta property=\"og:image:type\" content=\"image\/jpeg\" \/>\n<meta name=\"twitter:card\" content=\"summary_large_image\" \/>\n<meta name=\"twitter:label1\" content=\"Dur\u00e9e de lecture estim\u00e9e\" \/>\n\t<meta name=\"twitter:data1\" content=\"1 minute\" \/>\n<script type=\"application\/ld+json\" class=\"yoast-schema-graph\">{\"@context\":\"https:\/\/schema.org\",\"@graph\":[{\"@type\":\"WebPage\",\"@id\":\"https:\/\/contractbeds.eu\/fr\/produit\/spa-25-hotel-plus\/\",\"url\":\"https:\/\/contractbeds.eu\/fr\/produit\/spa-25-hotel-plus\/\",\"name\":\"SPA 25 Hotel Plus - Bio-Textima H\u00e1l\u00f3szoba Manufakt\u00fara\",\"isPartOf\":{\"@id\":\"https:\/\/contractbeds.eu\/fr\/#website\"},\"primaryImageOfPage\":{\"@id\":\"https:\/\/contractbeds.eu\/fr\/produit\/spa-25-hotel-plus\/#primaryimage\"},\"image\":{\"@id\":\"https:\/\/contractbeds.eu\/fr\/produit\/spa-25-hotel-plus\/#primaryimage\"},\"thumbnailUrl\":\"https:\/\/contractbeds.eu\/wp-content\/uploads\/2023\/07\/SPA-minta.jpg\",\"datePublished\":\"2023-07-19T13:55:07+00:00\",\"dateModified\":\"2024-11-25T14:55:40+00:00\",\"breadcrumb\":{\"@id\":\"https:\/\/contractbeds.eu\/fr\/produit\/spa-25-hotel-plus\/#breadcrumb\"},\"inLanguage\":\"fr-FR\",\"potentialAction\":[{\"@type\":\"ReadAction\",\"target\":[\"https:\/\/contractbeds.eu\/fr\/produit\/spa-25-hotel-plus\/\"]}]},{\"@type\":\"ImageObject\",\"inLanguage\":\"fr-FR\",\"@id\":\"https:\/\/contractbeds.eu\/fr\/produit\/spa-25-hotel-plus\/#primaryimage\",\"url\":\"https:\/\/contractbeds.eu\/wp-content\/uploads\/2023\/07\/SPA-minta.jpg\",\"contentUrl\":\"https:\/\/contractbeds.eu\/wp-content\/uploads\/2023\/07\/SPA-minta.jpg\",\"width\":326,\"height\":177,\"caption\":\"SPA-minta\"},{\"@type\":\"BreadcrumbList\",\"@id\":\"https:\/\/contractbeds.eu\/fr\/produit\/spa-25-hotel-plus\/#breadcrumb\",\"itemListElement\":[{\"@type\":\"ListItem\",\"position\":1,\"name\":\"Page d'accueil\",\"item\":\"https:\/\/contractbeds.eu\/fr\/\"},{\"@type\":\"ListItem\",\"position\":2,\"name\":\"Tous les produits\",\"item\":\"https:\/\/contractbeds.eu\/termekeink\/\"},{\"@type\":\"ListItem\",\"position\":3,\"name\":\"SPA 25 Hotel Plus\"}]},{\"@type\":\"WebSite\",\"@id\":\"https:\/\/contractbeds.eu\/fr\/#website\",\"url\":\"https:\/\/contractbeds.eu\/fr\/\",\"name\":\"Bio-Textima H\u00e1l\u00f3szoba Manufakt\u00fara\",\"description\":\"\u00c1gyak \u00e9s matracok a sz\u00e1llodaipar sz\u00e1m\u00e1ra\",\"publisher\":{\"@id\":\"https:\/\/contractbeds.eu\/fr\/#organization\"},\"potentialAction\":[{\"@type\":\"SearchAction\",\"target\":{\"@type\":\"EntryPoint\",\"urlTemplate\":\"https:\/\/contractbeds.eu\/fr\/?s={search_term_string}\"},\"query-input\":{\"@type\":\"PropertyValueSpecification\",\"valueRequired\":true,\"valueName\":\"search_term_string\"}}],\"inLanguage\":\"fr-FR\"},{\"@type\":\"Organization\",\"@id\":\"https:\/\/contractbeds.eu\/fr\/#organization\",\"name\":\"BIO-TEXTIMA Kft.\",\"url\":\"https:\/\/contractbeds.eu\/fr\/\",\"logo\":{\"@type\":\"ImageObject\",\"inLanguage\":\"fr-FR\",\"@id\":\"https:\/\/contractbeds.eu\/fr\/#\/schema\/logo\/image\/\",\"url\":\"https:\/\/contractbeds.eu\/wp-content\/uploads\/2021\/03\/biotex_logo.jpg\",\"contentUrl\":\"https:\/\/contractbeds.eu\/wp-content\/uploads\/2021\/03\/biotex_logo.jpg\",\"width\":335,\"height\":149,\"caption\":\"BIO-TEXTIMA Kft.\"},\"image\":{\"@id\":\"https:\/\/contractbeds.eu\/fr\/#\/schema\/logo\/image\/\"}}]}<\/script>\n<!-- \/ Yoast SEO plugin. -->","yoast_head_json":{"title":"SPA 25 Hotel Plus - Bio-Textima H\u00e1l\u00f3szoba Manufakt\u00fara","robots":{"index":"index","follow":"follow","max-snippet":"max-snippet:-1","max-image-preview":"max-image-preview:large","max-video-preview":"max-video-preview:-1"},"canonical":"https:\/\/contractbeds.eu\/fr\/produit\/spa-25-hotel-plus\/","og_locale":"fr_FR","og_type":"article","og_title":"SPA 25 Hotel Plus - Bio-Textima H\u00e1l\u00f3szoba Manufakt\u00fara","og_description":"Matelas haut de gamme pour h\u00f4tel \u00e0 ressorts ensach\u00e9s avec surface en mousse orthop\u00e9dique froide et c\u00f4t\u00e9s hiver et \u00e9t\u00e9 (25 cm)","og_url":"https:\/\/contractbeds.eu\/fr\/produit\/spa-25-hotel-plus\/","og_site_name":"Bio-Textima H\u00e1l\u00f3szoba Manufakt\u00fara","article_modified_time":"2024-11-25T14:55:40+00:00","og_image":[{"width":326,"height":177,"url":"https:\/\/contractbeds.eu\/wp-content\/uploads\/2023\/07\/SPA-minta.jpg","type":"image\/jpeg"}],"twitter_card":"summary_large_image","twitter_misc":{"Dur\u00e9e de lecture estim\u00e9e":"1 minute"},"schema":{"@context":"https:\/\/schema.org","@graph":[{"@type":"WebPage","@id":"https:\/\/contractbeds.eu\/fr\/produit\/spa-25-hotel-plus\/","url":"https:\/\/contractbeds.eu\/fr\/produit\/spa-25-hotel-plus\/","name":"SPA 25 Hotel Plus - Bio-Textima H\u00e1l\u00f3szoba Manufakt\u00fara","isPartOf":{"@id":"https:\/\/contractbeds.eu\/fr\/#website"},"primaryImageOfPage":{"@id":"https:\/\/contractbeds.eu\/fr\/produit\/spa-25-hotel-plus\/#primaryimage"},"image":{"@id":"https:\/\/contractbeds.eu\/fr\/produit\/spa-25-hotel-plus\/#primaryimage"},"thumbnailUrl":"https:\/\/contractbeds.eu\/wp-content\/uploads\/2023\/07\/SPA-minta.jpg","datePublished":"2023-07-19T13:55:07+00:00","dateModified":"2024-11-25T14:55:40+00:00","breadcrumb":{"@id":"https:\/\/contractbeds.eu\/fr\/produit\/spa-25-hotel-plus\/#breadcrumb"},"inLanguage":"fr-FR","potentialAction":[{"@type":"ReadAction","target":["https:\/\/contractbeds.eu\/fr\/produit\/spa-25-hotel-plus\/"]}]},{"@type":"ImageObject","inLanguage":"fr-FR","@id":"https:\/\/contractbeds.eu\/fr\/produit\/spa-25-hotel-plus\/#primaryimage","url":"https:\/\/contractbeds.eu\/wp-content\/uploads\/2023\/07\/SPA-minta.jpg","contentUrl":"https:\/\/contractbeds.eu\/wp-content\/uploads\/2023\/07\/SPA-minta.jpg","width":326,"height":177,"caption":"SPA-minta"},{"@type":"BreadcrumbList","@id":"https:\/\/contractbeds.eu\/fr\/produit\/spa-25-hotel-plus\/#breadcrumb","itemListElement":[{"@type":"ListItem","position":1,"name":"Page d'accueil","item":"https:\/\/contractbeds.eu\/fr\/"},{"@type":"ListItem","position":2,"name":"Tous les produits","item":"https:\/\/contractbeds.eu\/termekeink\/"},{"@type":"ListItem","position":3,"name":"SPA 25 Hotel Plus"}]},{"@type":"WebSite","@id":"https:\/\/contractbeds.eu\/fr\/#website","url":"https:\/\/contractbeds.eu\/fr\/","name":"Bio-Textima H\u00e1l\u00f3szoba Manufakt\u00fara","description":"\u00c1gyak \u00e9s matracok a sz\u00e1llodaipar sz\u00e1m\u00e1ra","publisher":{"@id":"https:\/\/contractbeds.eu\/fr\/#organization"},"potentialAction":[{"@type":"SearchAction","target":{"@type":"EntryPoint","urlTemplate":"https:\/\/contractbeds.eu\/fr\/?s={search_term_string}"},"query-input":{"@type":"PropertyValueSpecification","valueRequired":true,"valueName":"search_term_string"}}],"inLanguage":"fr-FR"},{"@type":"Organization","@id":"https:\/\/contractbeds.eu\/fr\/#organization","name":"BIO-TEXTIMA Kft.","url":"https:\/\/contractbeds.eu\/fr\/","logo":{"@type":"ImageObject","inLanguage":"fr-FR","@id":"https:\/\/contractbeds.eu\/fr\/#\/schema\/logo\/image\/","url":"https:\/\/contractbeds.eu\/wp-content\/uploads\/2021\/03\/biotex_logo.jpg","contentUrl":"https:\/\/contractbeds.eu\/wp-content\/uploads\/2021\/03\/biotex_logo.jpg","width":335,"height":149,"caption":"BIO-TEXTIMA Kft."},"image":{"@id":"https:\/\/contractbeds.eu\/fr\/#\/schema\/logo\/image\/"}}]}},"_links":{"self":[{"href":"https:\/\/contractbeds.eu\/fr\/wp-json\/wp\/v2\/product\/16248","targetHints":{"allow":["GET"]}}],"collection":[{"href":"https:\/\/contractbeds.eu\/fr\/wp-json\/wp\/v2\/product"}],"about":[{"href":"https:\/\/contractbeds.eu\/fr\/wp-json\/wp\/v2\/types\/product"}],"wp:featuredmedia":[{"embeddable":true,"href":"https:\/\/contractbeds.eu\/fr\/wp-json\/wp\/v2\/media\/16242"}],"wp:attachment":[{"href":"https:\/\/contractbeds.eu\/fr\/wp-json\/wp\/v2\/media?parent=16248"}],"wp:term":[{"taxonomy":"product_brand","embeddable":true,"href":"https:\/\/contractbeds.eu\/fr\/wp-json\/wp\/v2\/product_brand?post=16248"},{"taxonomy":"product_cat","embeddable":true,"href":"https:\/\/contractbeds.eu\/fr\/wp-json\/wp\/v2\/product_cat?post=16248"},{"taxonomy":"product_tag","embeddable":true,"href":"https:\/\/contractbeds.eu\/fr\/wp-json\/wp\/v2\/product_tag?post=16248"}],"curies":[{"name":"wp","href":"https:\/\/api.w.org\/{rel}","templated":true}]}}