{"id":17020,"date":"2024-05-02T08:50:09","date_gmt":"2024-05-02T08:50:10","guid":{"rendered":"https:\/\/contractbeds.eu\/?post_type=product&#038;p=17020"},"modified":"2024-11-25T14:30:27","modified_gmt":"2024-11-25T14:30:27","slug":"melange","status":"publish","type":"product","link":"https:\/\/contractbeds.eu\/fr\/produit\/melange\/","title":{"rendered":"Melange"},"content":{"rendered":"<p>Con\u00e7u pour le luxe et le confort, notre matelas d&rsquo;h\u00f4tel offre une exp\u00e9rience vraiment exceptionnelle aux clients. Le matelas avec couche de rembourrage suppl\u00e9mentaire, double ressort, surface en latex protectrice des articulations offre le plus haut niveau de confort de sommeil. La combinaison de ressorts ensach\u00e9s zon\u00e9s et de mousse \u00e0 m\u00e9moire de forme offre une stabilit\u00e9 et un confort uniques. Les propri\u00e9t\u00e9s antibact\u00e9riennes et r\u00e9gulatrices de l&rsquo;humidit\u00e9 de la housse contribuent \u00e0 maintenir l&rsquo;hygi\u00e8ne et la fra\u00eecheur.<\/p>\n<p>Structure :<\/p>\n<ul>\n<li>Housse de matelas Silver Protect\u00ae, matelass\u00e9e avec de la mousse \u00e0 m\u00e9moire de forme, antibact\u00e9rienne et r\u00e9gulatrice de l&rsquo;humidit\u00e9<\/li>\n<li>Couche de confort en latex zon\u00e9 et \u00e9lastique ponctuel de 4 cm d&rsquo;\u00e9paisseur<\/li>\n<li>Feutre matelass\u00e9<\/li>\n<li>Couche de confort de 5 cm d&rsquo;\u00e9paisseur avec ressorts ensach\u00e9s zon\u00e9s, divis\u00e9e en 7 zones anatomiques, renforc\u00e9e d&rsquo;un cadre en mousse froide orthop\u00e9dique<\/li>\n<li>Feutre matelass\u00e9<\/li>\n<li>Couche de rembourrage de qualit\u00e9 suppl\u00e9mentaire de 2 cm d&rsquo;\u00e9paisseur, en mousse froide orthop\u00e9dique<\/li>\n<li>Housse interm\u00e9diaire en jacquard PP-PES entre le matelas sup\u00e9rieur et le corps du matelas<\/li>\n<li>Couche de r\u00e9partition de la pression de 2 cm d&rsquo;\u00e9paisseur en mousse froide durcie<\/li>\n<li>Feutre matelass\u00e9<\/li>\n<li>Noyau de ressorts ensach\u00e9s HOURGLASS\u00ae ergonomiquement avanc\u00e9 et progressif de 14 cm d&rsquo;\u00e9paisseur, divis\u00e9 en 7 zones anatomiques, renforc\u00e9 dans un cadre en mousse froide orthop\u00e9dique<\/li>\n<li>Feutre matelass\u00e9<\/li>\n<li>Couche de rembourrage orthop\u00e9dique de qualit\u00e9 sup\u00e9rieure de 4 cm d&rsquo;\u00e9paisseur, en mousse froide orthop\u00e9dique et respirante<\/li>\n<li>Housse de matelas AntiSlip\u00ae antid\u00e9rapante<\/li>\n<\/ul>\n","protected":false},"excerpt":{"rendered":"<p>Matelas \u00e0 ressorts ensach\u00e9s zon\u00e9s avec couche de rembourrage suppl\u00e9mentaire, double ressort, surface en latex protectrice des articulations, matelass\u00e9e avec de la mousse \u00e0 m\u00e9moire de forme, dans une housse antibact\u00e9rienne et r\u00e9gulatrice de l&rsquo;humidit\u00e9<\/p>\n","protected":false},"featured_media":17004,"template":"","meta":[],"product_brand":[],"product_cat":[162],"product_tag":[],"class_list":{"0":"post-17020","1":"product","2":"type-product","3":"status-publish","4":"has-post-thumbnail","6":"product_cat-matelas","8":"first","9":"instock","10":"featured","11":"shipping-taxable","12":"purchasable","13":"product-type-variable","14":"has-default-attributes"},"composite_layout":"","composite_add_to_cart_form_location":"","composite_editable_in_cart":false,"composite_sold_individually_context":"","composite_shop_price_calc":"","composite_components":[],"composite_scenarios":[],"yoast_head":"<!-- This site is optimized with the Yoast SEO plugin v27.0 - https:\/\/yoast.com\/product\/yoast-seo-wordpress\/ -->\n<title>Melange - Bio-Textima H\u00e1l\u00f3szoba Manufakt\u00fara<\/title>\n<meta name=\"robots\" content=\"index, follow, max-snippet:-1, max-image-preview:large, max-video-preview:-1\" \/>\n<link rel=\"canonical\" href=\"https:\/\/contractbeds.eu\/fr\/produit\/melange\/\" \/>\n<meta property=\"og:locale\" content=\"fr_FR\" \/>\n<meta property=\"og:type\" content=\"article\" \/>\n<meta property=\"og:title\" content=\"Melange - Bio-Textima H\u00e1l\u00f3szoba Manufakt\u00fara\" \/>\n<meta property=\"og:description\" content=\"Matelas \u00e0 ressorts ensach\u00e9s zon\u00e9s avec couche de rembourrage suppl\u00e9mentaire, double ressort, surface en latex protectrice des articulations, matelass\u00e9e avec de la mousse \u00e0 m\u00e9moire de forme, dans une housse antibact\u00e9rienne et r\u00e9gulatrice de l&#039;humidit\u00e9\" \/>\n<meta property=\"og:url\" content=\"https:\/\/contractbeds.eu\/fr\/produit\/melange\/\" \/>\n<meta property=\"og:site_name\" content=\"Bio-Textima H\u00e1l\u00f3szoba Manufakt\u00fara\" \/>\n<meta property=\"article:modified_time\" content=\"2024-11-25T14:30:27+00:00\" \/>\n<meta property=\"og:image\" content=\"https:\/\/contractbeds.eu\/wp-content\/uploads\/2024\/05\/Melange-matrac-1.jpeg\" \/>\n\t<meta property=\"og:image:width\" content=\"325\" \/>\n\t<meta property=\"og:image:height\" content=\"200\" \/>\n\t<meta property=\"og:image:type\" content=\"image\/jpeg\" \/>\n<meta name=\"twitter:card\" content=\"summary_large_image\" \/>\n<meta name=\"twitter:label1\" content=\"Dur\u00e9e de lecture estim\u00e9e\" \/>\n\t<meta name=\"twitter:data1\" content=\"1 minute\" \/>\n<script type=\"application\/ld+json\" class=\"yoast-schema-graph\">{\"@context\":\"https:\/\/schema.org\",\"@graph\":[{\"@type\":\"WebPage\",\"@id\":\"https:\/\/contractbeds.eu\/fr\/produit\/melange\/\",\"url\":\"https:\/\/contractbeds.eu\/fr\/produit\/melange\/\",\"name\":\"Melange - Bio-Textima H\u00e1l\u00f3szoba Manufakt\u00fara\",\"isPartOf\":{\"@id\":\"https:\/\/contractbeds.eu\/fr\/#website\"},\"primaryImageOfPage\":{\"@id\":\"https:\/\/contractbeds.eu\/fr\/produit\/melange\/#primaryimage\"},\"image\":{\"@id\":\"https:\/\/contractbeds.eu\/fr\/produit\/melange\/#primaryimage\"},\"thumbnailUrl\":\"https:\/\/contractbeds.eu\/wp-content\/uploads\/2024\/05\/Melange-matrac-1.jpeg\",\"datePublished\":\"2024-05-02T08:50:10+00:00\",\"dateModified\":\"2024-11-25T14:30:27+00:00\",\"breadcrumb\":{\"@id\":\"https:\/\/contractbeds.eu\/fr\/produit\/melange\/#breadcrumb\"},\"inLanguage\":\"fr-FR\",\"potentialAction\":[{\"@type\":\"ReadAction\",\"target\":[\"https:\/\/contractbeds.eu\/fr\/produit\/melange\/\"]}]},{\"@type\":\"ImageObject\",\"inLanguage\":\"fr-FR\",\"@id\":\"https:\/\/contractbeds.eu\/fr\/produit\/melange\/#primaryimage\",\"url\":\"https:\/\/contractbeds.eu\/wp-content\/uploads\/2024\/05\/Melange-matrac-1.jpeg\",\"contentUrl\":\"https:\/\/contractbeds.eu\/wp-content\/uploads\/2024\/05\/Melange-matrac-1.jpeg\",\"width\":325,\"height\":200},{\"@type\":\"BreadcrumbList\",\"@id\":\"https:\/\/contractbeds.eu\/fr\/produit\/melange\/#breadcrumb\",\"itemListElement\":[{\"@type\":\"ListItem\",\"position\":1,\"name\":\"Page d'accueil\",\"item\":\"https:\/\/contractbeds.eu\/fr\/\"},{\"@type\":\"ListItem\",\"position\":2,\"name\":\"Tous les produits\",\"item\":\"https:\/\/contractbeds.eu\/termekeink\/\"},{\"@type\":\"ListItem\",\"position\":3,\"name\":\"Melange\"}]},{\"@type\":\"WebSite\",\"@id\":\"https:\/\/contractbeds.eu\/fr\/#website\",\"url\":\"https:\/\/contractbeds.eu\/fr\/\",\"name\":\"Bio-Textima H\u00e1l\u00f3szoba Manufakt\u00fara\",\"description\":\"\u00c1gyak \u00e9s matracok a sz\u00e1llodaipar sz\u00e1m\u00e1ra\",\"publisher\":{\"@id\":\"https:\/\/contractbeds.eu\/fr\/#organization\"},\"potentialAction\":[{\"@type\":\"SearchAction\",\"target\":{\"@type\":\"EntryPoint\",\"urlTemplate\":\"https:\/\/contractbeds.eu\/fr\/?s={search_term_string}\"},\"query-input\":{\"@type\":\"PropertyValueSpecification\",\"valueRequired\":true,\"valueName\":\"search_term_string\"}}],\"inLanguage\":\"fr-FR\"},{\"@type\":\"Organization\",\"@id\":\"https:\/\/contractbeds.eu\/fr\/#organization\",\"name\":\"BIO-TEXTIMA Kft.\",\"url\":\"https:\/\/contractbeds.eu\/fr\/\",\"logo\":{\"@type\":\"ImageObject\",\"inLanguage\":\"fr-FR\",\"@id\":\"https:\/\/contractbeds.eu\/fr\/#\/schema\/logo\/image\/\",\"url\":\"https:\/\/contractbeds.eu\/wp-content\/uploads\/2021\/03\/biotex_logo.jpg\",\"contentUrl\":\"https:\/\/contractbeds.eu\/wp-content\/uploads\/2021\/03\/biotex_logo.jpg\",\"width\":335,\"height\":149,\"caption\":\"BIO-TEXTIMA Kft.\"},\"image\":{\"@id\":\"https:\/\/contractbeds.eu\/fr\/#\/schema\/logo\/image\/\"}}]}<\/script>\n<!-- \/ Yoast SEO plugin. -->","yoast_head_json":{"title":"Melange - Bio-Textima H\u00e1l\u00f3szoba Manufakt\u00fara","robots":{"index":"index","follow":"follow","max-snippet":"max-snippet:-1","max-image-preview":"max-image-preview:large","max-video-preview":"max-video-preview:-1"},"canonical":"https:\/\/contractbeds.eu\/fr\/produit\/melange\/","og_locale":"fr_FR","og_type":"article","og_title":"Melange - Bio-Textima H\u00e1l\u00f3szoba Manufakt\u00fara","og_description":"Matelas \u00e0 ressorts ensach\u00e9s zon\u00e9s avec couche de rembourrage suppl\u00e9mentaire, double ressort, surface en latex protectrice des articulations, matelass\u00e9e avec de la mousse \u00e0 m\u00e9moire de forme, dans une housse antibact\u00e9rienne et r\u00e9gulatrice de l'humidit\u00e9","og_url":"https:\/\/contractbeds.eu\/fr\/produit\/melange\/","og_site_name":"Bio-Textima H\u00e1l\u00f3szoba Manufakt\u00fara","article_modified_time":"2024-11-25T14:30:27+00:00","og_image":[{"width":325,"height":200,"url":"https:\/\/contractbeds.eu\/wp-content\/uploads\/2024\/05\/Melange-matrac-1.jpeg","type":"image\/jpeg"}],"twitter_card":"summary_large_image","twitter_misc":{"Dur\u00e9e de lecture estim\u00e9e":"1 minute"},"schema":{"@context":"https:\/\/schema.org","@graph":[{"@type":"WebPage","@id":"https:\/\/contractbeds.eu\/fr\/produit\/melange\/","url":"https:\/\/contractbeds.eu\/fr\/produit\/melange\/","name":"Melange - Bio-Textima H\u00e1l\u00f3szoba Manufakt\u00fara","isPartOf":{"@id":"https:\/\/contractbeds.eu\/fr\/#website"},"primaryImageOfPage":{"@id":"https:\/\/contractbeds.eu\/fr\/produit\/melange\/#primaryimage"},"image":{"@id":"https:\/\/contractbeds.eu\/fr\/produit\/melange\/#primaryimage"},"thumbnailUrl":"https:\/\/contractbeds.eu\/wp-content\/uploads\/2024\/05\/Melange-matrac-1.jpeg","datePublished":"2024-05-02T08:50:10+00:00","dateModified":"2024-11-25T14:30:27+00:00","breadcrumb":{"@id":"https:\/\/contractbeds.eu\/fr\/produit\/melange\/#breadcrumb"},"inLanguage":"fr-FR","potentialAction":[{"@type":"ReadAction","target":["https:\/\/contractbeds.eu\/fr\/produit\/melange\/"]}]},{"@type":"ImageObject","inLanguage":"fr-FR","@id":"https:\/\/contractbeds.eu\/fr\/produit\/melange\/#primaryimage","url":"https:\/\/contractbeds.eu\/wp-content\/uploads\/2024\/05\/Melange-matrac-1.jpeg","contentUrl":"https:\/\/contractbeds.eu\/wp-content\/uploads\/2024\/05\/Melange-matrac-1.jpeg","width":325,"height":200},{"@type":"BreadcrumbList","@id":"https:\/\/contractbeds.eu\/fr\/produit\/melange\/#breadcrumb","itemListElement":[{"@type":"ListItem","position":1,"name":"Page d'accueil","item":"https:\/\/contractbeds.eu\/fr\/"},{"@type":"ListItem","position":2,"name":"Tous les produits","item":"https:\/\/contractbeds.eu\/termekeink\/"},{"@type":"ListItem","position":3,"name":"Melange"}]},{"@type":"WebSite","@id":"https:\/\/contractbeds.eu\/fr\/#website","url":"https:\/\/contractbeds.eu\/fr\/","name":"Bio-Textima H\u00e1l\u00f3szoba Manufakt\u00fara","description":"\u00c1gyak \u00e9s matracok a sz\u00e1llodaipar sz\u00e1m\u00e1ra","publisher":{"@id":"https:\/\/contractbeds.eu\/fr\/#organization"},"potentialAction":[{"@type":"SearchAction","target":{"@type":"EntryPoint","urlTemplate":"https:\/\/contractbeds.eu\/fr\/?s={search_term_string}"},"query-input":{"@type":"PropertyValueSpecification","valueRequired":true,"valueName":"search_term_string"}}],"inLanguage":"fr-FR"},{"@type":"Organization","@id":"https:\/\/contractbeds.eu\/fr\/#organization","name":"BIO-TEXTIMA Kft.","url":"https:\/\/contractbeds.eu\/fr\/","logo":{"@type":"ImageObject","inLanguage":"fr-FR","@id":"https:\/\/contractbeds.eu\/fr\/#\/schema\/logo\/image\/","url":"https:\/\/contractbeds.eu\/wp-content\/uploads\/2021\/03\/biotex_logo.jpg","contentUrl":"https:\/\/contractbeds.eu\/wp-content\/uploads\/2021\/03\/biotex_logo.jpg","width":335,"height":149,"caption":"BIO-TEXTIMA Kft."},"image":{"@id":"https:\/\/contractbeds.eu\/fr\/#\/schema\/logo\/image\/"}}]}},"_links":{"self":[{"href":"https:\/\/contractbeds.eu\/fr\/wp-json\/wp\/v2\/product\/17020","targetHints":{"allow":["GET"]}}],"collection":[{"href":"https:\/\/contractbeds.eu\/fr\/wp-json\/wp\/v2\/product"}],"about":[{"href":"https:\/\/contractbeds.eu\/fr\/wp-json\/wp\/v2\/types\/product"}],"wp:featuredmedia":[{"embeddable":true,"href":"https:\/\/contractbeds.eu\/fr\/wp-json\/wp\/v2\/media\/17004"}],"wp:attachment":[{"href":"https:\/\/contractbeds.eu\/fr\/wp-json\/wp\/v2\/media?parent=17020"}],"wp:term":[{"taxonomy":"product_brand","embeddable":true,"href":"https:\/\/contractbeds.eu\/fr\/wp-json\/wp\/v2\/product_brand?post=17020"},{"taxonomy":"product_cat","embeddable":true,"href":"https:\/\/contractbeds.eu\/fr\/wp-json\/wp\/v2\/product_cat?post=17020"},{"taxonomy":"product_tag","embeddable":true,"href":"https:\/\/contractbeds.eu\/fr\/wp-json\/wp\/v2\/product_tag?post=17020"}],"curies":[{"name":"wp","href":"https:\/\/api.w.org\/{rel}","templated":true}]}}