{"id":17042,"date":"2024-05-02T09:17:50","date_gmt":"2024-05-02T09:17:51","guid":{"rendered":"https:\/\/contractbeds.eu\/?post_type=product&#038;p=17042"},"modified":"2024-11-25T15:03:42","modified_gmt":"2024-11-25T15:03:42","slug":"vario-hybrid-medium-hard","status":"publish","type":"product","link":"https:\/\/contractbeds.eu\/fr\/produit\/vario-hybrid-medium-hard\/","title":{"rendered":"Vario Hybrid Medium Hard"},"content":{"rendered":"<p>Ce matelas sp\u00e9cial, de haute qualit\u00e9, offre un luxe et un confort v\u00e9ritables \u00e0 vos invit\u00e9s. Notre matelas \u00e0 ressorts ensach\u00e9s de zone avec surmatelas en mousse froide de haute qualit\u00e9 int\u00e9gr\u00e9 assure un contour corporel doux et un soutien parfait et une stabilit\u00e9 pour la colonne vert\u00e9brale. La housse r\u00e9gulatrice de l&rsquo;humidit\u00e9 et de la chaleur, hypoallerg\u00e9nique, assure un environnement de sommeil propre et sain.<\/p>\n<p>Structure :<\/p>\n<ul>\n<li>Rev\u00eatement de matelas Shapri\u00ae rembourr\u00e9 de mousse douce, \u00e0 base de plantes \u00e0 100 %, Greenfirst\u00ae protection contre les acariens, r\u00e9gulateur d&rsquo;humidit\u00e9 et de chaleur, hypoallerg\u00e9nique (avec fermeture \u00e9clair pour un retrait et un lavage faciles)<\/li>\n<li>Rev\u00eatement de matelas int\u00e9rieur<\/li>\n<li>Couche de confort en mousse orthop\u00e9dique en mousse de qualit\u00e9 sup\u00e9rieure, renforc\u00e9e et de densit\u00e9 sup\u00e9rieure de 6 cm dans le matelas sup\u00e9rieur<\/li>\n<li>Couche de rembourrage en mousse orthop\u00e9dique de 2 cm d&rsquo;\u00e9paisseur, de qualit\u00e9 sup\u00e9rieure<\/li>\n<li>Rev\u00eatement de matelas int\u00e9rieur<\/li>\n<li>Rev\u00eatement de matelas interm\u00e9diaire jacquard PP-PES entre le matelas sup\u00e9rieur et le noyau du matelas<\/li>\n<li>Couche de rembourrage en mousse orthop\u00e9dique de 2 cm d&rsquo;\u00e9paisseur, de qualit\u00e9 sup\u00e9rieure et respirante<\/li>\n<li>Couche de r\u00e9partition de pression en mousse orthop\u00e9dique haute densit\u00e9 de 2 cm d&rsquo;\u00e9paisseur<\/li>\n<li>Feutre matelass\u00e9<\/li>\n<li>Noyau de ressorts ensach\u00e9s de 12,5 cm d&rsquo;\u00e9paisseur divis\u00e9 en 7 zones anatomiques, cadre en mousse orthop\u00e9dique renforc\u00e9<\/li>\n<li>Feutre matelass\u00e9<\/li>\n<li>Couche de rembourrage en mousse orthop\u00e9dique de 4 cm d&rsquo;\u00e9paisseur, de qualit\u00e9 sup\u00e9rieure et respirante<\/li>\n<li>Rev\u00eatement de matelas antid\u00e9rapant AntiSlip\u00ae<\/li>\n<\/ul>\n","protected":false},"excerpt":{"rendered":"<p>Matelas \u00e0 ressorts ensach\u00e9s de zone avec surmatelas en mousse froide de haute qualit\u00e9 int\u00e9gr\u00e9, housse r\u00e9gulatrice de l&rsquo;humidit\u00e9 et de la chaleur, hypoallerg\u00e9nique<\/p>\n","protected":false},"featured_media":17012,"template":"","meta":[],"product_brand":[],"product_cat":[162],"product_tag":[],"class_list":{"0":"post-17042","1":"product","2":"type-product","3":"status-publish","4":"has-post-thumbnail","6":"product_cat-matelas","8":"first","9":"instock","10":"featured","11":"shipping-taxable","12":"purchasable","13":"product-type-variable","14":"has-default-attributes"},"composite_layout":"","composite_add_to_cart_form_location":"","composite_editable_in_cart":false,"composite_sold_individually_context":"","composite_shop_price_calc":"","composite_components":[],"composite_scenarios":[],"yoast_head":"<!-- This site is optimized with the Yoast SEO plugin v27.0 - https:\/\/yoast.com\/product\/yoast-seo-wordpress\/ -->\n<title>Vario Hybrid Medium Hard - Bio-Textima H\u00e1l\u00f3szoba Manufakt\u00fara<\/title>\n<meta name=\"robots\" content=\"index, follow, max-snippet:-1, max-image-preview:large, max-video-preview:-1\" \/>\n<link rel=\"canonical\" href=\"https:\/\/contractbeds.eu\/fr\/produit\/vario-hybrid-medium-hard\/\" \/>\n<meta property=\"og:locale\" content=\"fr_FR\" \/>\n<meta property=\"og:type\" content=\"article\" \/>\n<meta property=\"og:title\" content=\"Vario Hybrid Medium Hard - Bio-Textima H\u00e1l\u00f3szoba Manufakt\u00fara\" \/>\n<meta property=\"og:description\" content=\"Matelas \u00e0 ressorts ensach\u00e9s de zone avec surmatelas en mousse froide de haute qualit\u00e9 int\u00e9gr\u00e9, housse r\u00e9gulatrice de l&#039;humidit\u00e9 et de la chaleur, hypoallerg\u00e9nique\" \/>\n<meta property=\"og:url\" content=\"https:\/\/contractbeds.eu\/fr\/produit\/vario-hybrid-medium-hard\/\" \/>\n<meta property=\"og:site_name\" content=\"Bio-Textima H\u00e1l\u00f3szoba Manufakt\u00fara\" \/>\n<meta property=\"article:modified_time\" content=\"2024-11-25T15:03:42+00:00\" \/>\n<meta property=\"og:image\" content=\"https:\/\/contractbeds.eu\/wp-content\/uploads\/2024\/05\/Vario-Hybrid-MEDIUM-HARD-matrac-1.jpeg\" \/>\n\t<meta property=\"og:image:width\" content=\"327\" \/>\n\t<meta property=\"og:image:height\" content=\"200\" \/>\n\t<meta property=\"og:image:type\" content=\"image\/jpeg\" \/>\n<meta name=\"twitter:card\" content=\"summary_large_image\" \/>\n<meta name=\"twitter:label1\" content=\"Dur\u00e9e de lecture estim\u00e9e\" \/>\n\t<meta name=\"twitter:data1\" content=\"1 minute\" \/>\n<script type=\"application\/ld+json\" class=\"yoast-schema-graph\">{\"@context\":\"https:\/\/schema.org\",\"@graph\":[{\"@type\":\"WebPage\",\"@id\":\"https:\/\/contractbeds.eu\/fr\/produit\/vario-hybrid-medium-hard\/\",\"url\":\"https:\/\/contractbeds.eu\/fr\/produit\/vario-hybrid-medium-hard\/\",\"name\":\"Vario Hybrid Medium Hard - Bio-Textima H\u00e1l\u00f3szoba Manufakt\u00fara\",\"isPartOf\":{\"@id\":\"https:\/\/contractbeds.eu\/fr\/#website\"},\"primaryImageOfPage\":{\"@id\":\"https:\/\/contractbeds.eu\/fr\/produit\/vario-hybrid-medium-hard\/#primaryimage\"},\"image\":{\"@id\":\"https:\/\/contractbeds.eu\/fr\/produit\/vario-hybrid-medium-hard\/#primaryimage\"},\"thumbnailUrl\":\"https:\/\/contractbeds.eu\/wp-content\/uploads\/2024\/05\/Vario-Hybrid-MEDIUM-HARD-matrac-1.jpeg\",\"datePublished\":\"2024-05-02T09:17:51+00:00\",\"dateModified\":\"2024-11-25T15:03:42+00:00\",\"breadcrumb\":{\"@id\":\"https:\/\/contractbeds.eu\/fr\/produit\/vario-hybrid-medium-hard\/#breadcrumb\"},\"inLanguage\":\"fr-FR\",\"potentialAction\":[{\"@type\":\"ReadAction\",\"target\":[\"https:\/\/contractbeds.eu\/fr\/produit\/vario-hybrid-medium-hard\/\"]}]},{\"@type\":\"ImageObject\",\"inLanguage\":\"fr-FR\",\"@id\":\"https:\/\/contractbeds.eu\/fr\/produit\/vario-hybrid-medium-hard\/#primaryimage\",\"url\":\"https:\/\/contractbeds.eu\/wp-content\/uploads\/2024\/05\/Vario-Hybrid-MEDIUM-HARD-matrac-1.jpeg\",\"contentUrl\":\"https:\/\/contractbeds.eu\/wp-content\/uploads\/2024\/05\/Vario-Hybrid-MEDIUM-HARD-matrac-1.jpeg\",\"width\":327,\"height\":200},{\"@type\":\"BreadcrumbList\",\"@id\":\"https:\/\/contractbeds.eu\/fr\/produit\/vario-hybrid-medium-hard\/#breadcrumb\",\"itemListElement\":[{\"@type\":\"ListItem\",\"position\":1,\"name\":\"Page d'accueil\",\"item\":\"https:\/\/contractbeds.eu\/fr\/\"},{\"@type\":\"ListItem\",\"position\":2,\"name\":\"Tous les produits\",\"item\":\"https:\/\/contractbeds.eu\/termekeink\/\"},{\"@type\":\"ListItem\",\"position\":3,\"name\":\"Vario Hybrid Medium Hard\"}]},{\"@type\":\"WebSite\",\"@id\":\"https:\/\/contractbeds.eu\/fr\/#website\",\"url\":\"https:\/\/contractbeds.eu\/fr\/\",\"name\":\"Bio-Textima H\u00e1l\u00f3szoba Manufakt\u00fara\",\"description\":\"\u00c1gyak \u00e9s matracok a sz\u00e1llodaipar sz\u00e1m\u00e1ra\",\"publisher\":{\"@id\":\"https:\/\/contractbeds.eu\/fr\/#organization\"},\"potentialAction\":[{\"@type\":\"SearchAction\",\"target\":{\"@type\":\"EntryPoint\",\"urlTemplate\":\"https:\/\/contractbeds.eu\/fr\/?s={search_term_string}\"},\"query-input\":{\"@type\":\"PropertyValueSpecification\",\"valueRequired\":true,\"valueName\":\"search_term_string\"}}],\"inLanguage\":\"fr-FR\"},{\"@type\":\"Organization\",\"@id\":\"https:\/\/contractbeds.eu\/fr\/#organization\",\"name\":\"BIO-TEXTIMA Kft.\",\"url\":\"https:\/\/contractbeds.eu\/fr\/\",\"logo\":{\"@type\":\"ImageObject\",\"inLanguage\":\"fr-FR\",\"@id\":\"https:\/\/contractbeds.eu\/fr\/#\/schema\/logo\/image\/\",\"url\":\"https:\/\/contractbeds.eu\/wp-content\/uploads\/2021\/03\/biotex_logo.jpg\",\"contentUrl\":\"https:\/\/contractbeds.eu\/wp-content\/uploads\/2021\/03\/biotex_logo.jpg\",\"width\":335,\"height\":149,\"caption\":\"BIO-TEXTIMA Kft.\"},\"image\":{\"@id\":\"https:\/\/contractbeds.eu\/fr\/#\/schema\/logo\/image\/\"}}]}<\/script>\n<!-- \/ Yoast SEO plugin. -->","yoast_head_json":{"title":"Vario Hybrid Medium Hard - Bio-Textima H\u00e1l\u00f3szoba Manufakt\u00fara","robots":{"index":"index","follow":"follow","max-snippet":"max-snippet:-1","max-image-preview":"max-image-preview:large","max-video-preview":"max-video-preview:-1"},"canonical":"https:\/\/contractbeds.eu\/fr\/produit\/vario-hybrid-medium-hard\/","og_locale":"fr_FR","og_type":"article","og_title":"Vario Hybrid Medium Hard - Bio-Textima H\u00e1l\u00f3szoba Manufakt\u00fara","og_description":"Matelas \u00e0 ressorts ensach\u00e9s de zone avec surmatelas en mousse froide de haute qualit\u00e9 int\u00e9gr\u00e9, housse r\u00e9gulatrice de l'humidit\u00e9 et de la chaleur, hypoallerg\u00e9nique","og_url":"https:\/\/contractbeds.eu\/fr\/produit\/vario-hybrid-medium-hard\/","og_site_name":"Bio-Textima H\u00e1l\u00f3szoba Manufakt\u00fara","article_modified_time":"2024-11-25T15:03:42+00:00","og_image":[{"width":327,"height":200,"url":"https:\/\/contractbeds.eu\/wp-content\/uploads\/2024\/05\/Vario-Hybrid-MEDIUM-HARD-matrac-1.jpeg","type":"image\/jpeg"}],"twitter_card":"summary_large_image","twitter_misc":{"Dur\u00e9e de lecture estim\u00e9e":"1 minute"},"schema":{"@context":"https:\/\/schema.org","@graph":[{"@type":"WebPage","@id":"https:\/\/contractbeds.eu\/fr\/produit\/vario-hybrid-medium-hard\/","url":"https:\/\/contractbeds.eu\/fr\/produit\/vario-hybrid-medium-hard\/","name":"Vario Hybrid Medium Hard - Bio-Textima H\u00e1l\u00f3szoba Manufakt\u00fara","isPartOf":{"@id":"https:\/\/contractbeds.eu\/fr\/#website"},"primaryImageOfPage":{"@id":"https:\/\/contractbeds.eu\/fr\/produit\/vario-hybrid-medium-hard\/#primaryimage"},"image":{"@id":"https:\/\/contractbeds.eu\/fr\/produit\/vario-hybrid-medium-hard\/#primaryimage"},"thumbnailUrl":"https:\/\/contractbeds.eu\/wp-content\/uploads\/2024\/05\/Vario-Hybrid-MEDIUM-HARD-matrac-1.jpeg","datePublished":"2024-05-02T09:17:51+00:00","dateModified":"2024-11-25T15:03:42+00:00","breadcrumb":{"@id":"https:\/\/contractbeds.eu\/fr\/produit\/vario-hybrid-medium-hard\/#breadcrumb"},"inLanguage":"fr-FR","potentialAction":[{"@type":"ReadAction","target":["https:\/\/contractbeds.eu\/fr\/produit\/vario-hybrid-medium-hard\/"]}]},{"@type":"ImageObject","inLanguage":"fr-FR","@id":"https:\/\/contractbeds.eu\/fr\/produit\/vario-hybrid-medium-hard\/#primaryimage","url":"https:\/\/contractbeds.eu\/wp-content\/uploads\/2024\/05\/Vario-Hybrid-MEDIUM-HARD-matrac-1.jpeg","contentUrl":"https:\/\/contractbeds.eu\/wp-content\/uploads\/2024\/05\/Vario-Hybrid-MEDIUM-HARD-matrac-1.jpeg","width":327,"height":200},{"@type":"BreadcrumbList","@id":"https:\/\/contractbeds.eu\/fr\/produit\/vario-hybrid-medium-hard\/#breadcrumb","itemListElement":[{"@type":"ListItem","position":1,"name":"Page d'accueil","item":"https:\/\/contractbeds.eu\/fr\/"},{"@type":"ListItem","position":2,"name":"Tous les produits","item":"https:\/\/contractbeds.eu\/termekeink\/"},{"@type":"ListItem","position":3,"name":"Vario Hybrid Medium Hard"}]},{"@type":"WebSite","@id":"https:\/\/contractbeds.eu\/fr\/#website","url":"https:\/\/contractbeds.eu\/fr\/","name":"Bio-Textima H\u00e1l\u00f3szoba Manufakt\u00fara","description":"\u00c1gyak \u00e9s matracok a sz\u00e1llodaipar sz\u00e1m\u00e1ra","publisher":{"@id":"https:\/\/contractbeds.eu\/fr\/#organization"},"potentialAction":[{"@type":"SearchAction","target":{"@type":"EntryPoint","urlTemplate":"https:\/\/contractbeds.eu\/fr\/?s={search_term_string}"},"query-input":{"@type":"PropertyValueSpecification","valueRequired":true,"valueName":"search_term_string"}}],"inLanguage":"fr-FR"},{"@type":"Organization","@id":"https:\/\/contractbeds.eu\/fr\/#organization","name":"BIO-TEXTIMA Kft.","url":"https:\/\/contractbeds.eu\/fr\/","logo":{"@type":"ImageObject","inLanguage":"fr-FR","@id":"https:\/\/contractbeds.eu\/fr\/#\/schema\/logo\/image\/","url":"https:\/\/contractbeds.eu\/wp-content\/uploads\/2021\/03\/biotex_logo.jpg","contentUrl":"https:\/\/contractbeds.eu\/wp-content\/uploads\/2021\/03\/biotex_logo.jpg","width":335,"height":149,"caption":"BIO-TEXTIMA Kft."},"image":{"@id":"https:\/\/contractbeds.eu\/fr\/#\/schema\/logo\/image\/"}}]}},"_links":{"self":[{"href":"https:\/\/contractbeds.eu\/fr\/wp-json\/wp\/v2\/product\/17042","targetHints":{"allow":["GET"]}}],"collection":[{"href":"https:\/\/contractbeds.eu\/fr\/wp-json\/wp\/v2\/product"}],"about":[{"href":"https:\/\/contractbeds.eu\/fr\/wp-json\/wp\/v2\/types\/product"}],"wp:featuredmedia":[{"embeddable":true,"href":"https:\/\/contractbeds.eu\/fr\/wp-json\/wp\/v2\/media\/17012"}],"wp:attachment":[{"href":"https:\/\/contractbeds.eu\/fr\/wp-json\/wp\/v2\/media?parent=17042"}],"wp:term":[{"taxonomy":"product_brand","embeddable":true,"href":"https:\/\/contractbeds.eu\/fr\/wp-json\/wp\/v2\/product_brand?post=17042"},{"taxonomy":"product_cat","embeddable":true,"href":"https:\/\/contractbeds.eu\/fr\/wp-json\/wp\/v2\/product_cat?post=17042"},{"taxonomy":"product_tag","embeddable":true,"href":"https:\/\/contractbeds.eu\/fr\/wp-json\/wp\/v2\/product_tag?post=17042"}],"curies":[{"name":"wp","href":"https:\/\/api.w.org\/{rel}","templated":true}]}}