{"id":20746,"date":"2025-02-24T11:43:50","date_gmt":"2025-02-24T11:43:56","guid":{"rendered":"https:\/\/contractbeds.eu\/?post_type=product&#038;p=20746"},"modified":"2025-03-26T22:16:56","modified_gmt":"2025-03-26T22:16:56","slug":"table-de-nuit-brick","status":"publish","type":"product","link":"https:\/\/contractbeds.eu\/fr\/produit\/table-de-nuit-brick\/","title":{"rendered":"Table de Nuit BRICK"},"content":{"rendered":"<p>Dimensions : 55x40x30 cm<\/p>\n<ul>\n<li>Plateau en verre tremp\u00e9 encastr\u00e9 (8 mm)<\/li>\n<li>Disponible sur mesure<\/li>\n<li>Cat\u00e9gories de tissus au choix : Basic, Medium, Premium<\/li>\n<li>Garantie 3 ans<\/li>\n<\/ul>\n","protected":false},"excerpt":{"rendered":"<p>En version rembourr\u00e9e, avec tissu au choix et \u00e9galement disponible en taille sur mesure<\/p>\n","protected":false},"featured_media":20798,"template":"","meta":[],"product_brand":[],"product_cat":[190],"product_tag":[],"class_list":{"0":"post-20746","1":"product","2":"type-product","3":"status-publish","4":"has-post-thumbnail","6":"product_cat-tables-de-nuit","8":"first","9":"instock","10":"shipping-taxable","11":"purchasable","12":"product-type-variable","13":"has-default-attributes"},"composite_layout":"","composite_add_to_cart_form_location":"","composite_editable_in_cart":false,"composite_sold_individually_context":"","composite_shop_price_calc":"","composite_components":[],"composite_scenarios":[],"yoast_head":"<!-- This site is optimized with the Yoast SEO plugin v27.0 - https:\/\/yoast.com\/product\/yoast-seo-wordpress\/ -->\n<title>Table de Nuit BRICK - Bio-Textima H\u00e1l\u00f3szoba Manufakt\u00fara<\/title>\n<meta name=\"robots\" content=\"index, follow, max-snippet:-1, max-image-preview:large, max-video-preview:-1\" \/>\n<link rel=\"canonical\" href=\"https:\/\/contractbeds.eu\/fr\/produit\/table-de-nuit-brick\/\" \/>\n<meta property=\"og:locale\" content=\"fr_FR\" \/>\n<meta property=\"og:type\" content=\"article\" \/>\n<meta property=\"og:title\" content=\"Table de Nuit BRICK - Bio-Textima H\u00e1l\u00f3szoba Manufakt\u00fara\" \/>\n<meta property=\"og:description\" content=\"En version rembourr\u00e9e, avec tissu au choix et \u00e9galement disponible en taille sur mesure\" \/>\n<meta property=\"og:url\" content=\"https:\/\/contractbeds.eu\/fr\/produit\/table-de-nuit-brick\/\" \/>\n<meta property=\"og:site_name\" content=\"Bio-Textima H\u00e1l\u00f3szoba Manufakt\u00fara\" \/>\n<meta property=\"article:modified_time\" content=\"2025-03-26T22:16:56+00:00\" \/>\n<meta property=\"og:image\" content=\"https:\/\/contractbeds.eu\/wp-content\/uploads\/2025\/02\/BRICK-ejjeliszekreny.jpg\" \/>\n\t<meta property=\"og:image:width\" content=\"200\" \/>\n\t<meta property=\"og:image:height\" content=\"267\" \/>\n\t<meta property=\"og:image:type\" content=\"image\/jpeg\" \/>\n<meta name=\"twitter:card\" content=\"summary_large_image\" \/>\n<meta name=\"twitter:label1\" content=\"Dur\u00e9e de lecture estim\u00e9e\" \/>\n\t<meta name=\"twitter:data1\" content=\"1 minute\" \/>\n<script type=\"application\/ld+json\" class=\"yoast-schema-graph\">{\"@context\":\"https:\/\/schema.org\",\"@graph\":[{\"@type\":\"WebPage\",\"@id\":\"https:\/\/contractbeds.eu\/fr\/produit\/table-de-nuit-brick\/\",\"url\":\"https:\/\/contractbeds.eu\/fr\/produit\/table-de-nuit-brick\/\",\"name\":\"Table de Nuit BRICK - Bio-Textima H\u00e1l\u00f3szoba Manufakt\u00fara\",\"isPartOf\":{\"@id\":\"https:\/\/contractbeds.eu\/fr\/#website\"},\"primaryImageOfPage\":{\"@id\":\"https:\/\/contractbeds.eu\/fr\/produit\/table-de-nuit-brick\/#primaryimage\"},\"image\":{\"@id\":\"https:\/\/contractbeds.eu\/fr\/produit\/table-de-nuit-brick\/#primaryimage\"},\"thumbnailUrl\":\"https:\/\/contractbeds.eu\/wp-content\/uploads\/2025\/02\/BRICK-ejjeliszekreny.jpg\",\"datePublished\":\"2025-02-24T11:43:56+00:00\",\"dateModified\":\"2025-03-26T22:16:56+00:00\",\"breadcrumb\":{\"@id\":\"https:\/\/contractbeds.eu\/fr\/produit\/table-de-nuit-brick\/#breadcrumb\"},\"inLanguage\":\"fr-FR\",\"potentialAction\":[{\"@type\":\"ReadAction\",\"target\":[\"https:\/\/contractbeds.eu\/fr\/produit\/table-de-nuit-brick\/\"]}]},{\"@type\":\"ImageObject\",\"inLanguage\":\"fr-FR\",\"@id\":\"https:\/\/contractbeds.eu\/fr\/produit\/table-de-nuit-brick\/#primaryimage\",\"url\":\"https:\/\/contractbeds.eu\/wp-content\/uploads\/2025\/02\/BRICK-ejjeliszekreny.jpg\",\"contentUrl\":\"https:\/\/contractbeds.eu\/wp-content\/uploads\/2025\/02\/BRICK-ejjeliszekreny.jpg\",\"width\":200,\"height\":267},{\"@type\":\"BreadcrumbList\",\"@id\":\"https:\/\/contractbeds.eu\/fr\/produit\/table-de-nuit-brick\/#breadcrumb\",\"itemListElement\":[{\"@type\":\"ListItem\",\"position\":1,\"name\":\"Page d'accueil\",\"item\":\"https:\/\/contractbeds.eu\/fr\/\"},{\"@type\":\"ListItem\",\"position\":2,\"name\":\"Tous les produits\",\"item\":\"https:\/\/contractbeds.eu\/termekeink\/\"},{\"@type\":\"ListItem\",\"position\":3,\"name\":\"Table de Nuit BRICK\"}]},{\"@type\":\"WebSite\",\"@id\":\"https:\/\/contractbeds.eu\/fr\/#website\",\"url\":\"https:\/\/contractbeds.eu\/fr\/\",\"name\":\"Bio-Textima H\u00e1l\u00f3szoba Manufakt\u00fara\",\"description\":\"\u00c1gyak \u00e9s matracok a sz\u00e1llodaipar sz\u00e1m\u00e1ra\",\"publisher\":{\"@id\":\"https:\/\/contractbeds.eu\/fr\/#organization\"},\"potentialAction\":[{\"@type\":\"SearchAction\",\"target\":{\"@type\":\"EntryPoint\",\"urlTemplate\":\"https:\/\/contractbeds.eu\/fr\/?s={search_term_string}\"},\"query-input\":{\"@type\":\"PropertyValueSpecification\",\"valueRequired\":true,\"valueName\":\"search_term_string\"}}],\"inLanguage\":\"fr-FR\"},{\"@type\":\"Organization\",\"@id\":\"https:\/\/contractbeds.eu\/fr\/#organization\",\"name\":\"BIO-TEXTIMA Kft.\",\"url\":\"https:\/\/contractbeds.eu\/fr\/\",\"logo\":{\"@type\":\"ImageObject\",\"inLanguage\":\"fr-FR\",\"@id\":\"https:\/\/contractbeds.eu\/fr\/#\/schema\/logo\/image\/\",\"url\":\"https:\/\/contractbeds.eu\/wp-content\/uploads\/2021\/03\/biotex_logo.jpg\",\"contentUrl\":\"https:\/\/contractbeds.eu\/wp-content\/uploads\/2021\/03\/biotex_logo.jpg\",\"width\":335,\"height\":149,\"caption\":\"BIO-TEXTIMA Kft.\"},\"image\":{\"@id\":\"https:\/\/contractbeds.eu\/fr\/#\/schema\/logo\/image\/\"}}]}<\/script>\n<!-- \/ Yoast SEO plugin. -->","yoast_head_json":{"title":"Table de Nuit BRICK - Bio-Textima H\u00e1l\u00f3szoba Manufakt\u00fara","robots":{"index":"index","follow":"follow","max-snippet":"max-snippet:-1","max-image-preview":"max-image-preview:large","max-video-preview":"max-video-preview:-1"},"canonical":"https:\/\/contractbeds.eu\/fr\/produit\/table-de-nuit-brick\/","og_locale":"fr_FR","og_type":"article","og_title":"Table de Nuit BRICK - Bio-Textima H\u00e1l\u00f3szoba Manufakt\u00fara","og_description":"En version rembourr\u00e9e, avec tissu au choix et \u00e9galement disponible en taille sur mesure","og_url":"https:\/\/contractbeds.eu\/fr\/produit\/table-de-nuit-brick\/","og_site_name":"Bio-Textima H\u00e1l\u00f3szoba Manufakt\u00fara","article_modified_time":"2025-03-26T22:16:56+00:00","og_image":[{"width":200,"height":267,"url":"https:\/\/contractbeds.eu\/wp-content\/uploads\/2025\/02\/BRICK-ejjeliszekreny.jpg","type":"image\/jpeg"}],"twitter_card":"summary_large_image","twitter_misc":{"Dur\u00e9e de lecture estim\u00e9e":"1 minute"},"schema":{"@context":"https:\/\/schema.org","@graph":[{"@type":"WebPage","@id":"https:\/\/contractbeds.eu\/fr\/produit\/table-de-nuit-brick\/","url":"https:\/\/contractbeds.eu\/fr\/produit\/table-de-nuit-brick\/","name":"Table de Nuit BRICK - Bio-Textima H\u00e1l\u00f3szoba Manufakt\u00fara","isPartOf":{"@id":"https:\/\/contractbeds.eu\/fr\/#website"},"primaryImageOfPage":{"@id":"https:\/\/contractbeds.eu\/fr\/produit\/table-de-nuit-brick\/#primaryimage"},"image":{"@id":"https:\/\/contractbeds.eu\/fr\/produit\/table-de-nuit-brick\/#primaryimage"},"thumbnailUrl":"https:\/\/contractbeds.eu\/wp-content\/uploads\/2025\/02\/BRICK-ejjeliszekreny.jpg","datePublished":"2025-02-24T11:43:56+00:00","dateModified":"2025-03-26T22:16:56+00:00","breadcrumb":{"@id":"https:\/\/contractbeds.eu\/fr\/produit\/table-de-nuit-brick\/#breadcrumb"},"inLanguage":"fr-FR","potentialAction":[{"@type":"ReadAction","target":["https:\/\/contractbeds.eu\/fr\/produit\/table-de-nuit-brick\/"]}]},{"@type":"ImageObject","inLanguage":"fr-FR","@id":"https:\/\/contractbeds.eu\/fr\/produit\/table-de-nuit-brick\/#primaryimage","url":"https:\/\/contractbeds.eu\/wp-content\/uploads\/2025\/02\/BRICK-ejjeliszekreny.jpg","contentUrl":"https:\/\/contractbeds.eu\/wp-content\/uploads\/2025\/02\/BRICK-ejjeliszekreny.jpg","width":200,"height":267},{"@type":"BreadcrumbList","@id":"https:\/\/contractbeds.eu\/fr\/produit\/table-de-nuit-brick\/#breadcrumb","itemListElement":[{"@type":"ListItem","position":1,"name":"Page d'accueil","item":"https:\/\/contractbeds.eu\/fr\/"},{"@type":"ListItem","position":2,"name":"Tous les produits","item":"https:\/\/contractbeds.eu\/termekeink\/"},{"@type":"ListItem","position":3,"name":"Table de Nuit BRICK"}]},{"@type":"WebSite","@id":"https:\/\/contractbeds.eu\/fr\/#website","url":"https:\/\/contractbeds.eu\/fr\/","name":"Bio-Textima H\u00e1l\u00f3szoba Manufakt\u00fara","description":"\u00c1gyak \u00e9s matracok a sz\u00e1llodaipar sz\u00e1m\u00e1ra","publisher":{"@id":"https:\/\/contractbeds.eu\/fr\/#organization"},"potentialAction":[{"@type":"SearchAction","target":{"@type":"EntryPoint","urlTemplate":"https:\/\/contractbeds.eu\/fr\/?s={search_term_string}"},"query-input":{"@type":"PropertyValueSpecification","valueRequired":true,"valueName":"search_term_string"}}],"inLanguage":"fr-FR"},{"@type":"Organization","@id":"https:\/\/contractbeds.eu\/fr\/#organization","name":"BIO-TEXTIMA Kft.","url":"https:\/\/contractbeds.eu\/fr\/","logo":{"@type":"ImageObject","inLanguage":"fr-FR","@id":"https:\/\/contractbeds.eu\/fr\/#\/schema\/logo\/image\/","url":"https:\/\/contractbeds.eu\/wp-content\/uploads\/2021\/03\/biotex_logo.jpg","contentUrl":"https:\/\/contractbeds.eu\/wp-content\/uploads\/2021\/03\/biotex_logo.jpg","width":335,"height":149,"caption":"BIO-TEXTIMA Kft."},"image":{"@id":"https:\/\/contractbeds.eu\/fr\/#\/schema\/logo\/image\/"}}]}},"_links":{"self":[{"href":"https:\/\/contractbeds.eu\/fr\/wp-json\/wp\/v2\/product\/20746","targetHints":{"allow":["GET"]}}],"collection":[{"href":"https:\/\/contractbeds.eu\/fr\/wp-json\/wp\/v2\/product"}],"about":[{"href":"https:\/\/contractbeds.eu\/fr\/wp-json\/wp\/v2\/types\/product"}],"wp:featuredmedia":[{"embeddable":true,"href":"https:\/\/contractbeds.eu\/fr\/wp-json\/wp\/v2\/media\/20798"}],"wp:attachment":[{"href":"https:\/\/contractbeds.eu\/fr\/wp-json\/wp\/v2\/media?parent=20746"}],"wp:term":[{"taxonomy":"product_brand","embeddable":true,"href":"https:\/\/contractbeds.eu\/fr\/wp-json\/wp\/v2\/product_brand?post=20746"},{"taxonomy":"product_cat","embeddable":true,"href":"https:\/\/contractbeds.eu\/fr\/wp-json\/wp\/v2\/product_cat?post=20746"},{"taxonomy":"product_tag","embeddable":true,"href":"https:\/\/contractbeds.eu\/fr\/wp-json\/wp\/v2\/product_tag?post=20746"}],"curies":[{"name":"wp","href":"https:\/\/api.w.org\/{rel}","templated":true}]}}