{"id":22018,"date":"2025-07-14T10:08:08","date_gmt":"2025-07-14T10:08:09","guid":{"rendered":"https:\/\/contractbeds.eu\/?post_type=product&#038;p=22018"},"modified":"2025-07-14T11:43:26","modified_gmt":"2025-07-14T11:43:26","slug":"bamboo-h-maxicover","status":"publish","type":"product","link":"https:\/\/contractbeds.eu\/fr\/produit\/bamboo-h-maxicover\/","title":{"rendered":"Bamboo-H MaxiCover"},"content":{"rendered":"<ul>\n<li>Conception lavable avec tissu matelass\u00e9, tricot\u00e9 BAMBOO, piqu\u00e9 avec non-tiss\u00e9 thermoli\u00e9 HACOsoft \u2013 toucher exceptionnellement doux, respirant et r\u00e9gulateur d\u2019humidit\u00e9<\/li>\n<li>Bords enti\u00e8rement ourl\u00e9s, sangles \u00e9lastiques aux coins pour un maintien s\u00fbr sur le matelas, finition jupe pour une protection int\u00e9grale<\/li>\n<\/ul>\n","protected":false},"excerpt":{"rendered":"<p>prot\u00e8ge-matelas au toucher ultra-doux, respirant et r\u00e9gulateur d\u2019humidit\u00e9, avec jupe int\u00e9gr\u00e9e pour une protection lat\u00e9rale suppl\u00e9mentaire et un \u00e9lastique cousu sur tout le pourtour inf\u00e9rieur<\/p>\n","protected":false},"featured_media":21939,"template":"","meta":[],"product_brand":[],"product_cat":[172],"product_tag":[],"class_list":{"0":"post-22018","1":"product","2":"type-product","3":"status-publish","4":"has-post-thumbnail","6":"product_cat-protege-matelas","8":"first","9":"instock","10":"shipping-taxable","11":"purchasable","12":"product-type-variable","13":"has-default-attributes"},"composite_layout":"","composite_add_to_cart_form_location":"","composite_editable_in_cart":false,"composite_sold_individually_context":"","composite_shop_price_calc":"","composite_components":[],"composite_scenarios":[],"yoast_head":"<!-- This site is optimized with the Yoast SEO plugin v27.0 - https:\/\/yoast.com\/product\/yoast-seo-wordpress\/ -->\n<title>Bamboo-H MaxiCover - Bio-Textima H\u00e1l\u00f3szoba Manufakt\u00fara<\/title>\n<meta name=\"robots\" content=\"index, follow, max-snippet:-1, max-image-preview:large, max-video-preview:-1\" \/>\n<link rel=\"canonical\" href=\"https:\/\/contractbeds.eu\/fr\/produit\/bamboo-h-maxicover\/\" \/>\n<meta property=\"og:locale\" content=\"fr_FR\" \/>\n<meta property=\"og:type\" content=\"article\" \/>\n<meta property=\"og:title\" content=\"Bamboo-H MaxiCover - Bio-Textima H\u00e1l\u00f3szoba Manufakt\u00fara\" \/>\n<meta property=\"og:description\" content=\"prot\u00e8ge-matelas au toucher ultra-doux, respirant et r\u00e9gulateur d\u2019humidit\u00e9, avec jupe int\u00e9gr\u00e9e pour une protection lat\u00e9rale suppl\u00e9mentaire et un \u00e9lastique cousu sur tout le pourtour inf\u00e9rieur\" \/>\n<meta property=\"og:url\" content=\"https:\/\/contractbeds.eu\/fr\/produit\/bamboo-h-maxicover\/\" \/>\n<meta property=\"og:site_name\" content=\"Bio-Textima H\u00e1l\u00f3szoba Manufakt\u00fara\" \/>\n<meta property=\"article:modified_time\" content=\"2025-07-14T11:43:26+00:00\" \/>\n<meta property=\"og:image\" content=\"https:\/\/contractbeds.eu\/wp-content\/uploads\/2025\/07\/Bamboo-H-MaxiCover-szoknyas-matracvedo.jpg\" \/>\n\t<meta property=\"og:image:width\" content=\"327\" \/>\n\t<meta property=\"og:image:height\" content=\"162\" \/>\n\t<meta property=\"og:image:type\" content=\"image\/jpeg\" \/>\n<meta name=\"twitter:card\" content=\"summary_large_image\" \/>\n<meta name=\"twitter:label1\" content=\"Dur\u00e9e de lecture estim\u00e9e\" \/>\n\t<meta name=\"twitter:data1\" content=\"1 minute\" \/>\n<script type=\"application\/ld+json\" class=\"yoast-schema-graph\">{\"@context\":\"https:\/\/schema.org\",\"@graph\":[{\"@type\":\"WebPage\",\"@id\":\"https:\/\/contractbeds.eu\/fr\/produit\/bamboo-h-maxicover\/\",\"url\":\"https:\/\/contractbeds.eu\/fr\/produit\/bamboo-h-maxicover\/\",\"name\":\"Bamboo-H MaxiCover - Bio-Textima H\u00e1l\u00f3szoba Manufakt\u00fara\",\"isPartOf\":{\"@id\":\"https:\/\/contractbeds.eu\/fr\/#website\"},\"primaryImageOfPage\":{\"@id\":\"https:\/\/contractbeds.eu\/fr\/produit\/bamboo-h-maxicover\/#primaryimage\"},\"image\":{\"@id\":\"https:\/\/contractbeds.eu\/fr\/produit\/bamboo-h-maxicover\/#primaryimage\"},\"thumbnailUrl\":\"https:\/\/contractbeds.eu\/wp-content\/uploads\/2025\/07\/Bamboo-H-MaxiCover-szoknyas-matracvedo.jpg\",\"datePublished\":\"2025-07-14T10:08:09+00:00\",\"dateModified\":\"2025-07-14T11:43:26+00:00\",\"breadcrumb\":{\"@id\":\"https:\/\/contractbeds.eu\/fr\/produit\/bamboo-h-maxicover\/#breadcrumb\"},\"inLanguage\":\"fr-FR\",\"potentialAction\":[{\"@type\":\"ReadAction\",\"target\":[\"https:\/\/contractbeds.eu\/fr\/produit\/bamboo-h-maxicover\/\"]}]},{\"@type\":\"ImageObject\",\"inLanguage\":\"fr-FR\",\"@id\":\"https:\/\/contractbeds.eu\/fr\/produit\/bamboo-h-maxicover\/#primaryimage\",\"url\":\"https:\/\/contractbeds.eu\/wp-content\/uploads\/2025\/07\/Bamboo-H-MaxiCover-szoknyas-matracvedo.jpg\",\"contentUrl\":\"https:\/\/contractbeds.eu\/wp-content\/uploads\/2025\/07\/Bamboo-H-MaxiCover-szoknyas-matracvedo.jpg\",\"width\":327,\"height\":162},{\"@type\":\"BreadcrumbList\",\"@id\":\"https:\/\/contractbeds.eu\/fr\/produit\/bamboo-h-maxicover\/#breadcrumb\",\"itemListElement\":[{\"@type\":\"ListItem\",\"position\":1,\"name\":\"Page d'accueil\",\"item\":\"https:\/\/contractbeds.eu\/fr\/\"},{\"@type\":\"ListItem\",\"position\":2,\"name\":\"Tous les produits\",\"item\":\"https:\/\/contractbeds.eu\/termekeink\/\"},{\"@type\":\"ListItem\",\"position\":3,\"name\":\"Bamboo-H MaxiCover\"}]},{\"@type\":\"WebSite\",\"@id\":\"https:\/\/contractbeds.eu\/fr\/#website\",\"url\":\"https:\/\/contractbeds.eu\/fr\/\",\"name\":\"Bio-Textima H\u00e1l\u00f3szoba Manufakt\u00fara\",\"description\":\"\u00c1gyak \u00e9s matracok a sz\u00e1llodaipar sz\u00e1m\u00e1ra\",\"publisher\":{\"@id\":\"https:\/\/contractbeds.eu\/fr\/#organization\"},\"potentialAction\":[{\"@type\":\"SearchAction\",\"target\":{\"@type\":\"EntryPoint\",\"urlTemplate\":\"https:\/\/contractbeds.eu\/fr\/?s={search_term_string}\"},\"query-input\":{\"@type\":\"PropertyValueSpecification\",\"valueRequired\":true,\"valueName\":\"search_term_string\"}}],\"inLanguage\":\"fr-FR\"},{\"@type\":\"Organization\",\"@id\":\"https:\/\/contractbeds.eu\/fr\/#organization\",\"name\":\"BIO-TEXTIMA Kft.\",\"url\":\"https:\/\/contractbeds.eu\/fr\/\",\"logo\":{\"@type\":\"ImageObject\",\"inLanguage\":\"fr-FR\",\"@id\":\"https:\/\/contractbeds.eu\/fr\/#\/schema\/logo\/image\/\",\"url\":\"https:\/\/contractbeds.eu\/wp-content\/uploads\/2021\/03\/biotex_logo.jpg\",\"contentUrl\":\"https:\/\/contractbeds.eu\/wp-content\/uploads\/2021\/03\/biotex_logo.jpg\",\"width\":335,\"height\":149,\"caption\":\"BIO-TEXTIMA Kft.\"},\"image\":{\"@id\":\"https:\/\/contractbeds.eu\/fr\/#\/schema\/logo\/image\/\"}}]}<\/script>\n<!-- \/ Yoast SEO plugin. -->","yoast_head_json":{"title":"Bamboo-H MaxiCover - Bio-Textima H\u00e1l\u00f3szoba Manufakt\u00fara","robots":{"index":"index","follow":"follow","max-snippet":"max-snippet:-1","max-image-preview":"max-image-preview:large","max-video-preview":"max-video-preview:-1"},"canonical":"https:\/\/contractbeds.eu\/fr\/produit\/bamboo-h-maxicover\/","og_locale":"fr_FR","og_type":"article","og_title":"Bamboo-H MaxiCover - Bio-Textima H\u00e1l\u00f3szoba Manufakt\u00fara","og_description":"prot\u00e8ge-matelas au toucher ultra-doux, respirant et r\u00e9gulateur d\u2019humidit\u00e9, avec jupe int\u00e9gr\u00e9e pour une protection lat\u00e9rale suppl\u00e9mentaire et un \u00e9lastique cousu sur tout le pourtour inf\u00e9rieur","og_url":"https:\/\/contractbeds.eu\/fr\/produit\/bamboo-h-maxicover\/","og_site_name":"Bio-Textima H\u00e1l\u00f3szoba Manufakt\u00fara","article_modified_time":"2025-07-14T11:43:26+00:00","og_image":[{"width":327,"height":162,"url":"https:\/\/contractbeds.eu\/wp-content\/uploads\/2025\/07\/Bamboo-H-MaxiCover-szoknyas-matracvedo.jpg","type":"image\/jpeg"}],"twitter_card":"summary_large_image","twitter_misc":{"Dur\u00e9e de lecture estim\u00e9e":"1 minute"},"schema":{"@context":"https:\/\/schema.org","@graph":[{"@type":"WebPage","@id":"https:\/\/contractbeds.eu\/fr\/produit\/bamboo-h-maxicover\/","url":"https:\/\/contractbeds.eu\/fr\/produit\/bamboo-h-maxicover\/","name":"Bamboo-H MaxiCover - Bio-Textima H\u00e1l\u00f3szoba Manufakt\u00fara","isPartOf":{"@id":"https:\/\/contractbeds.eu\/fr\/#website"},"primaryImageOfPage":{"@id":"https:\/\/contractbeds.eu\/fr\/produit\/bamboo-h-maxicover\/#primaryimage"},"image":{"@id":"https:\/\/contractbeds.eu\/fr\/produit\/bamboo-h-maxicover\/#primaryimage"},"thumbnailUrl":"https:\/\/contractbeds.eu\/wp-content\/uploads\/2025\/07\/Bamboo-H-MaxiCover-szoknyas-matracvedo.jpg","datePublished":"2025-07-14T10:08:09+00:00","dateModified":"2025-07-14T11:43:26+00:00","breadcrumb":{"@id":"https:\/\/contractbeds.eu\/fr\/produit\/bamboo-h-maxicover\/#breadcrumb"},"inLanguage":"fr-FR","potentialAction":[{"@type":"ReadAction","target":["https:\/\/contractbeds.eu\/fr\/produit\/bamboo-h-maxicover\/"]}]},{"@type":"ImageObject","inLanguage":"fr-FR","@id":"https:\/\/contractbeds.eu\/fr\/produit\/bamboo-h-maxicover\/#primaryimage","url":"https:\/\/contractbeds.eu\/wp-content\/uploads\/2025\/07\/Bamboo-H-MaxiCover-szoknyas-matracvedo.jpg","contentUrl":"https:\/\/contractbeds.eu\/wp-content\/uploads\/2025\/07\/Bamboo-H-MaxiCover-szoknyas-matracvedo.jpg","width":327,"height":162},{"@type":"BreadcrumbList","@id":"https:\/\/contractbeds.eu\/fr\/produit\/bamboo-h-maxicover\/#breadcrumb","itemListElement":[{"@type":"ListItem","position":1,"name":"Page d'accueil","item":"https:\/\/contractbeds.eu\/fr\/"},{"@type":"ListItem","position":2,"name":"Tous les produits","item":"https:\/\/contractbeds.eu\/termekeink\/"},{"@type":"ListItem","position":3,"name":"Bamboo-H MaxiCover"}]},{"@type":"WebSite","@id":"https:\/\/contractbeds.eu\/fr\/#website","url":"https:\/\/contractbeds.eu\/fr\/","name":"Bio-Textima H\u00e1l\u00f3szoba Manufakt\u00fara","description":"\u00c1gyak \u00e9s matracok a sz\u00e1llodaipar sz\u00e1m\u00e1ra","publisher":{"@id":"https:\/\/contractbeds.eu\/fr\/#organization"},"potentialAction":[{"@type":"SearchAction","target":{"@type":"EntryPoint","urlTemplate":"https:\/\/contractbeds.eu\/fr\/?s={search_term_string}"},"query-input":{"@type":"PropertyValueSpecification","valueRequired":true,"valueName":"search_term_string"}}],"inLanguage":"fr-FR"},{"@type":"Organization","@id":"https:\/\/contractbeds.eu\/fr\/#organization","name":"BIO-TEXTIMA Kft.","url":"https:\/\/contractbeds.eu\/fr\/","logo":{"@type":"ImageObject","inLanguage":"fr-FR","@id":"https:\/\/contractbeds.eu\/fr\/#\/schema\/logo\/image\/","url":"https:\/\/contractbeds.eu\/wp-content\/uploads\/2021\/03\/biotex_logo.jpg","contentUrl":"https:\/\/contractbeds.eu\/wp-content\/uploads\/2021\/03\/biotex_logo.jpg","width":335,"height":149,"caption":"BIO-TEXTIMA Kft."},"image":{"@id":"https:\/\/contractbeds.eu\/fr\/#\/schema\/logo\/image\/"}}]}},"_links":{"self":[{"href":"https:\/\/contractbeds.eu\/fr\/wp-json\/wp\/v2\/product\/22018","targetHints":{"allow":["GET"]}}],"collection":[{"href":"https:\/\/contractbeds.eu\/fr\/wp-json\/wp\/v2\/product"}],"about":[{"href":"https:\/\/contractbeds.eu\/fr\/wp-json\/wp\/v2\/types\/product"}],"wp:featuredmedia":[{"embeddable":true,"href":"https:\/\/contractbeds.eu\/fr\/wp-json\/wp\/v2\/media\/21939"}],"wp:attachment":[{"href":"https:\/\/contractbeds.eu\/fr\/wp-json\/wp\/v2\/media?parent=22018"}],"wp:term":[{"taxonomy":"product_brand","embeddable":true,"href":"https:\/\/contractbeds.eu\/fr\/wp-json\/wp\/v2\/product_brand?post=22018"},{"taxonomy":"product_cat","embeddable":true,"href":"https:\/\/contractbeds.eu\/fr\/wp-json\/wp\/v2\/product_cat?post=22018"},{"taxonomy":"product_tag","embeddable":true,"href":"https:\/\/contractbeds.eu\/fr\/wp-json\/wp\/v2\/product_tag?post=22018"}],"curies":[{"name":"wp","href":"https:\/\/api.w.org\/{rel}","templated":true}]}}