{"id":22249,"date":"2025-10-20T08:59:27","date_gmt":"2025-10-20T08:59:28","guid":{"rendered":"https:\/\/contractbeds.eu\/?post_type=product&#038;p=22249"},"modified":"2025-10-21T11:04:09","modified_gmt":"2025-10-21T11:04:09","slug":"velora-330-mira","status":"publish","type":"product","link":"https:\/\/contractbeds.eu\/fr\/produit\/velora-330-mira\/","title":{"rendered":"VELORA 330 Mira"},"content":{"rendered":"<p style=\"font-weight: 400;\">La housse GLORIA INDAS en coton-lin, matelass\u00e9e avec une mousse de confort et des fibres climatiques, offre d\u00e8s le premier contact une sensation de surface exclusive. Sur une face, une couche de latex climatis\u00e9 \u00e0 canaux d\u2019a\u00e9ration assure l\u2019\u00e9lasticit\u00e9 ponctuelle et le soutien respectueux des articulations, tout en am\u00e9liorant le climat de sommeil gr\u00e2ce \u00e0 la circulation d\u2019air accrue. Une couche de coco plac\u00e9e en dessous renforce la fermet\u00e9 et la stabilit\u00e9 de cette face. Le noyau du matelas est constitu\u00e9 d\u2019un syst\u00e8me de ressorts HOURGLASS, dont l\u2019enroulement progressif sp\u00e9cial garantit un soutien plus dynamique et plus r\u00e9actif que les ressorts ensach\u00e9s traditionnels. Le syst\u00e8me \u00e0 7 zones de 330 ressorts\/m\u00b2 s\u2019adapte pr\u00e9cis\u00e9ment aux lignes du corps tout en offrant des r\u00e9serves de portance importantes. Le cadre lat\u00e9ral en mousse de renfort maintient la stabilit\u00e9 des bords.<br \/>\nSur l\u2019autre face, une surface de couchage en Ergolattex (m\u00e9lange de mousse froide et de latex) procure un confort plus \u00e9lastique et vivant. Ainsi, le matelas offre deux sensations distinctes : l\u2019une plus ferme et stable, l\u2019autre plus souple et dynamique. Les poign\u00e9es lat\u00e9rales robustes facilitent sa manipulation et sa rotation.<br \/>\nCe mod\u00e8le associe le confort h\u00f4telier de luxe \u00e0 la technologie des ressorts progressifs et \u00e0 la polyvalence du double confort.<\/p>\n<p style=\"font-weight: 400;\">Composition :<\/p>\n<ul>\n<li>Housse matelass\u00e9e GLORIA INDAS (340 g\/m\u00b2) en coton-lin passepoil\u00e9e, avec 1 cm de mousse de confort et 300 g\/m\u00b2 de fibres climatiques<\/li>\n<li>3 cm de Climlatex \u00e0 canaux d\u2019a\u00e9ration<\/li>\n<li>1 cm de coco haute densit\u00e9 (1000 g\/m\u00b2) comme couche de renfort<\/li>\n<li>Couche de feutre de laine 800 g\/m\u00b2 pour la r\u00e9partition des charges<\/li>\n<li>Syst\u00e8me de ressorts ensach\u00e9s \u00e0 7 zones (hauteur 14 cm, fil d=1,6\u20131,8 mm), 330 ressorts\/m\u00b2, avec ressorts progressifs HOURGLASS, int\u00e9gr\u00e9 dans un cadre lat\u00e9ral en mousse de confort N3543<\/li>\n<li>Couche de feutre de laine 800 g\/m\u00b2 pour la r\u00e9partition des charges<\/li>\n<li>3 cm d\u2019Ergolattex (mousse froide + latex) extra \u00e9lastique, surface de couchage Hybridlatex<\/li>\n<\/ul>\n","protected":false},"excerpt":{"rendered":"<p>Matelas h\u00f4tel de luxe \u00e0 surface de couchage en Climlatex et Hybridlatex, \u00e0 ressorts ensach\u00e9s progressifs (330 ressorts\/m\u00b2), dans une housse d\u00e9corative passepoil\u00e9e en coton-lin au toucher fin, r\u00e9versible et rotatif<\/p>\n","protected":false},"featured_media":22237,"template":"","meta":[],"product_brand":[],"product_cat":[162],"product_tag":[],"class_list":{"0":"post-22249","1":"product","2":"type-product","3":"status-publish","4":"has-post-thumbnail","6":"product_cat-matelas","8":"first","9":"instock","10":"shipping-taxable","11":"purchasable","12":"product-type-variable","13":"has-default-attributes"},"composite_layout":"","composite_add_to_cart_form_location":"","composite_editable_in_cart":false,"composite_sold_individually_context":"","composite_shop_price_calc":"","composite_components":[],"composite_scenarios":[],"yoast_head":"<!-- This site is optimized with the Yoast SEO plugin v27.0 - https:\/\/yoast.com\/product\/yoast-seo-wordpress\/ -->\n<title>VELORA 330 Mira - Bio-Textima H\u00e1l\u00f3szoba Manufakt\u00fara<\/title>\n<meta name=\"robots\" content=\"index, follow, max-snippet:-1, max-image-preview:large, max-video-preview:-1\" \/>\n<link rel=\"canonical\" href=\"https:\/\/contractbeds.eu\/fr\/produit\/velora-330-mira\/\" \/>\n<meta property=\"og:locale\" content=\"fr_FR\" \/>\n<meta property=\"og:type\" content=\"article\" \/>\n<meta property=\"og:title\" content=\"VELORA 330 Mira - Bio-Textima H\u00e1l\u00f3szoba Manufakt\u00fara\" \/>\n<meta property=\"og:description\" content=\"Matelas h\u00f4tel de luxe \u00e0 surface de couchage en Climlatex et Hybridlatex, \u00e0 ressorts ensach\u00e9s progressifs (330 ressorts\/m\u00b2), dans une housse d\u00e9corative passepoil\u00e9e en coton-lin au toucher fin, r\u00e9versible et rotatif\" \/>\n<meta property=\"og:url\" content=\"https:\/\/contractbeds.eu\/fr\/produit\/velora-330-mira\/\" \/>\n<meta property=\"og:site_name\" content=\"Bio-Textima H\u00e1l\u00f3szoba Manufakt\u00fara\" \/>\n<meta property=\"article:modified_time\" content=\"2025-10-21T11:04:09+00:00\" \/>\n<meta property=\"og:image\" content=\"https:\/\/contractbeds.eu\/wp-content\/uploads\/2025\/10\/Velora-Series.jpg\" \/>\n\t<meta property=\"og:image:width\" content=\"327\" \/>\n\t<meta property=\"og:image:height\" content=\"166\" \/>\n\t<meta property=\"og:image:type\" content=\"image\/jpeg\" \/>\n<meta name=\"twitter:card\" content=\"summary_large_image\" \/>\n<meta name=\"twitter:label1\" content=\"Dur\u00e9e de lecture estim\u00e9e\" \/>\n\t<meta name=\"twitter:data1\" content=\"2 minutes\" \/>\n<script type=\"application\/ld+json\" class=\"yoast-schema-graph\">{\"@context\":\"https:\/\/schema.org\",\"@graph\":[{\"@type\":\"WebPage\",\"@id\":\"https:\/\/contractbeds.eu\/fr\/produit\/velora-330-mira\/\",\"url\":\"https:\/\/contractbeds.eu\/fr\/produit\/velora-330-mira\/\",\"name\":\"VELORA 330 Mira - Bio-Textima H\u00e1l\u00f3szoba Manufakt\u00fara\",\"isPartOf\":{\"@id\":\"https:\/\/contractbeds.eu\/fr\/#website\"},\"primaryImageOfPage\":{\"@id\":\"https:\/\/contractbeds.eu\/fr\/produit\/velora-330-mira\/#primaryimage\"},\"image\":{\"@id\":\"https:\/\/contractbeds.eu\/fr\/produit\/velora-330-mira\/#primaryimage\"},\"thumbnailUrl\":\"https:\/\/contractbeds.eu\/wp-content\/uploads\/2025\/10\/Velora-Series.jpg\",\"datePublished\":\"2025-10-20T08:59:28+00:00\",\"dateModified\":\"2025-10-21T11:04:09+00:00\",\"breadcrumb\":{\"@id\":\"https:\/\/contractbeds.eu\/fr\/produit\/velora-330-mira\/#breadcrumb\"},\"inLanguage\":\"fr-FR\",\"potentialAction\":[{\"@type\":\"ReadAction\",\"target\":[\"https:\/\/contractbeds.eu\/fr\/produit\/velora-330-mira\/\"]}]},{\"@type\":\"ImageObject\",\"inLanguage\":\"fr-FR\",\"@id\":\"https:\/\/contractbeds.eu\/fr\/produit\/velora-330-mira\/#primaryimage\",\"url\":\"https:\/\/contractbeds.eu\/wp-content\/uploads\/2025\/10\/Velora-Series.jpg\",\"contentUrl\":\"https:\/\/contractbeds.eu\/wp-content\/uploads\/2025\/10\/Velora-Series.jpg\",\"width\":327,\"height\":166},{\"@type\":\"BreadcrumbList\",\"@id\":\"https:\/\/contractbeds.eu\/fr\/produit\/velora-330-mira\/#breadcrumb\",\"itemListElement\":[{\"@type\":\"ListItem\",\"position\":1,\"name\":\"Page d'accueil\",\"item\":\"https:\/\/contractbeds.eu\/fr\/\"},{\"@type\":\"ListItem\",\"position\":2,\"name\":\"Tous les produits\",\"item\":\"https:\/\/contractbeds.eu\/termekeink\/\"},{\"@type\":\"ListItem\",\"position\":3,\"name\":\"VELORA 330 Mira\"}]},{\"@type\":\"WebSite\",\"@id\":\"https:\/\/contractbeds.eu\/fr\/#website\",\"url\":\"https:\/\/contractbeds.eu\/fr\/\",\"name\":\"Bio-Textima H\u00e1l\u00f3szoba Manufakt\u00fara\",\"description\":\"\u00c1gyak \u00e9s matracok a sz\u00e1llodaipar sz\u00e1m\u00e1ra\",\"publisher\":{\"@id\":\"https:\/\/contractbeds.eu\/fr\/#organization\"},\"potentialAction\":[{\"@type\":\"SearchAction\",\"target\":{\"@type\":\"EntryPoint\",\"urlTemplate\":\"https:\/\/contractbeds.eu\/fr\/?s={search_term_string}\"},\"query-input\":{\"@type\":\"PropertyValueSpecification\",\"valueRequired\":true,\"valueName\":\"search_term_string\"}}],\"inLanguage\":\"fr-FR\"},{\"@type\":\"Organization\",\"@id\":\"https:\/\/contractbeds.eu\/fr\/#organization\",\"name\":\"BIO-TEXTIMA Kft.\",\"url\":\"https:\/\/contractbeds.eu\/fr\/\",\"logo\":{\"@type\":\"ImageObject\",\"inLanguage\":\"fr-FR\",\"@id\":\"https:\/\/contractbeds.eu\/fr\/#\/schema\/logo\/image\/\",\"url\":\"https:\/\/contractbeds.eu\/wp-content\/uploads\/2021\/03\/biotex_logo.jpg\",\"contentUrl\":\"https:\/\/contractbeds.eu\/wp-content\/uploads\/2021\/03\/biotex_logo.jpg\",\"width\":335,\"height\":149,\"caption\":\"BIO-TEXTIMA Kft.\"},\"image\":{\"@id\":\"https:\/\/contractbeds.eu\/fr\/#\/schema\/logo\/image\/\"}}]}<\/script>\n<!-- \/ Yoast SEO plugin. -->","yoast_head_json":{"title":"VELORA 330 Mira - Bio-Textima H\u00e1l\u00f3szoba Manufakt\u00fara","robots":{"index":"index","follow":"follow","max-snippet":"max-snippet:-1","max-image-preview":"max-image-preview:large","max-video-preview":"max-video-preview:-1"},"canonical":"https:\/\/contractbeds.eu\/fr\/produit\/velora-330-mira\/","og_locale":"fr_FR","og_type":"article","og_title":"VELORA 330 Mira - Bio-Textima H\u00e1l\u00f3szoba Manufakt\u00fara","og_description":"Matelas h\u00f4tel de luxe \u00e0 surface de couchage en Climlatex et Hybridlatex, \u00e0 ressorts ensach\u00e9s progressifs (330 ressorts\/m\u00b2), dans une housse d\u00e9corative passepoil\u00e9e en coton-lin au toucher fin, r\u00e9versible et rotatif","og_url":"https:\/\/contractbeds.eu\/fr\/produit\/velora-330-mira\/","og_site_name":"Bio-Textima H\u00e1l\u00f3szoba Manufakt\u00fara","article_modified_time":"2025-10-21T11:04:09+00:00","og_image":[{"width":327,"height":166,"url":"https:\/\/contractbeds.eu\/wp-content\/uploads\/2025\/10\/Velora-Series.jpg","type":"image\/jpeg"}],"twitter_card":"summary_large_image","twitter_misc":{"Dur\u00e9e de lecture estim\u00e9e":"2 minutes"},"schema":{"@context":"https:\/\/schema.org","@graph":[{"@type":"WebPage","@id":"https:\/\/contractbeds.eu\/fr\/produit\/velora-330-mira\/","url":"https:\/\/contractbeds.eu\/fr\/produit\/velora-330-mira\/","name":"VELORA 330 Mira - Bio-Textima H\u00e1l\u00f3szoba Manufakt\u00fara","isPartOf":{"@id":"https:\/\/contractbeds.eu\/fr\/#website"},"primaryImageOfPage":{"@id":"https:\/\/contractbeds.eu\/fr\/produit\/velora-330-mira\/#primaryimage"},"image":{"@id":"https:\/\/contractbeds.eu\/fr\/produit\/velora-330-mira\/#primaryimage"},"thumbnailUrl":"https:\/\/contractbeds.eu\/wp-content\/uploads\/2025\/10\/Velora-Series.jpg","datePublished":"2025-10-20T08:59:28+00:00","dateModified":"2025-10-21T11:04:09+00:00","breadcrumb":{"@id":"https:\/\/contractbeds.eu\/fr\/produit\/velora-330-mira\/#breadcrumb"},"inLanguage":"fr-FR","potentialAction":[{"@type":"ReadAction","target":["https:\/\/contractbeds.eu\/fr\/produit\/velora-330-mira\/"]}]},{"@type":"ImageObject","inLanguage":"fr-FR","@id":"https:\/\/contractbeds.eu\/fr\/produit\/velora-330-mira\/#primaryimage","url":"https:\/\/contractbeds.eu\/wp-content\/uploads\/2025\/10\/Velora-Series.jpg","contentUrl":"https:\/\/contractbeds.eu\/wp-content\/uploads\/2025\/10\/Velora-Series.jpg","width":327,"height":166},{"@type":"BreadcrumbList","@id":"https:\/\/contractbeds.eu\/fr\/produit\/velora-330-mira\/#breadcrumb","itemListElement":[{"@type":"ListItem","position":1,"name":"Page d'accueil","item":"https:\/\/contractbeds.eu\/fr\/"},{"@type":"ListItem","position":2,"name":"Tous les produits","item":"https:\/\/contractbeds.eu\/termekeink\/"},{"@type":"ListItem","position":3,"name":"VELORA 330 Mira"}]},{"@type":"WebSite","@id":"https:\/\/contractbeds.eu\/fr\/#website","url":"https:\/\/contractbeds.eu\/fr\/","name":"Bio-Textima H\u00e1l\u00f3szoba Manufakt\u00fara","description":"\u00c1gyak \u00e9s matracok a sz\u00e1llodaipar sz\u00e1m\u00e1ra","publisher":{"@id":"https:\/\/contractbeds.eu\/fr\/#organization"},"potentialAction":[{"@type":"SearchAction","target":{"@type":"EntryPoint","urlTemplate":"https:\/\/contractbeds.eu\/fr\/?s={search_term_string}"},"query-input":{"@type":"PropertyValueSpecification","valueRequired":true,"valueName":"search_term_string"}}],"inLanguage":"fr-FR"},{"@type":"Organization","@id":"https:\/\/contractbeds.eu\/fr\/#organization","name":"BIO-TEXTIMA Kft.","url":"https:\/\/contractbeds.eu\/fr\/","logo":{"@type":"ImageObject","inLanguage":"fr-FR","@id":"https:\/\/contractbeds.eu\/fr\/#\/schema\/logo\/image\/","url":"https:\/\/contractbeds.eu\/wp-content\/uploads\/2021\/03\/biotex_logo.jpg","contentUrl":"https:\/\/contractbeds.eu\/wp-content\/uploads\/2021\/03\/biotex_logo.jpg","width":335,"height":149,"caption":"BIO-TEXTIMA Kft."},"image":{"@id":"https:\/\/contractbeds.eu\/fr\/#\/schema\/logo\/image\/"}}]}},"_links":{"self":[{"href":"https:\/\/contractbeds.eu\/fr\/wp-json\/wp\/v2\/product\/22249","targetHints":{"allow":["GET"]}}],"collection":[{"href":"https:\/\/contractbeds.eu\/fr\/wp-json\/wp\/v2\/product"}],"about":[{"href":"https:\/\/contractbeds.eu\/fr\/wp-json\/wp\/v2\/types\/product"}],"wp:featuredmedia":[{"embeddable":true,"href":"https:\/\/contractbeds.eu\/fr\/wp-json\/wp\/v2\/media\/22237"}],"wp:attachment":[{"href":"https:\/\/contractbeds.eu\/fr\/wp-json\/wp\/v2\/media?parent=22249"}],"wp:term":[{"taxonomy":"product_brand","embeddable":true,"href":"https:\/\/contractbeds.eu\/fr\/wp-json\/wp\/v2\/product_brand?post=22249"},{"taxonomy":"product_cat","embeddable":true,"href":"https:\/\/contractbeds.eu\/fr\/wp-json\/wp\/v2\/product_cat?post=22249"},{"taxonomy":"product_tag","embeddable":true,"href":"https:\/\/contractbeds.eu\/fr\/wp-json\/wp\/v2\/product_tag?post=22249"}],"curies":[{"name":"wp","href":"https:\/\/api.w.org\/{rel}","templated":true}]}}