{"id":22294,"date":"2025-10-20T09:43:01","date_gmt":"2025-10-20T09:43:02","guid":{"rendered":"https:\/\/contractbeds.eu\/?post_type=product&#038;p=22294"},"modified":"2025-10-21T10:41:29","modified_gmt":"2025-10-21T10:41:29","slug":"velora-1396-eminent","status":"publish","type":"product","link":"https:\/\/contractbeds.eu\/fr\/produit\/velora-1396-eminent\/","title":{"rendered":"VELORA 1396 Eminent"},"content":{"rendered":"<p style=\"font-weight: 400;\">La housse GLORIA INDAS en coton-lin, matelass\u00e9e avec mousse de confort et fibres climatiques, conf\u00e8re une sensation luxueuse d\u00e8s le premier contact. Une couche de laine combin\u00e9e \u00e0 5 cm de latex naturel ponctuellement \u00e9lastique assure un accueil d\u00e9licat, une protection optimale des articulations et un confort royal. Le noyau est constitu\u00e9 d\u2019un syst\u00e8me de ressorts ensach\u00e9s de 12 cm de haut, \u00e0 7 zones, d\u2019une densit\u00e9 exceptionnelle de 1100 ressorts\/m\u00b2, garantissant un soutien anatomique pr\u00e9cis et une excellente \u00e9lasticit\u00e9. Le cadre lat\u00e9ral en mousse et les couches de feutre de laine assurent stabilit\u00e9 et r\u00e9partition homog\u00e8ne des charges.<br \/>\nL\u2019autre face procure un confort totalement diff\u00e9rent : une couche de mini-ressorts ensach\u00e9s de 6 cm combin\u00e9e \u00e0 une couche de coco flexible offre un soutien plus ferme et plus tonique. L\u2019interaction entre les deux syst\u00e8mes de ressorts conf\u00e8re une \u00e9lasticit\u00e9 exceptionnelle \u00e0 toute la surface. Quatre poign\u00e9es robustes facilitent rotation et manipulation.<br \/>\nCe mod\u00e8le, gr\u00e2ce \u00e0 sa densit\u00e9 de ressorts accrue, son latex naturel \u00e9pais et sa double suspension, offre un confort de sommeil sur mesure et exclusif \u00e0 chaque nuit.<\/p>\n<p style=\"font-weight: 400;\">Composition :<\/p>\n<ul>\n<li>Housse matelass\u00e9e GLORIA INDAS (340 g\/m\u00b2) en coton-lin passepoil\u00e9e, avec 1 cm de mousse de confort et 300 g\/m\u00b2 de fibres climatiques<\/li>\n<li>Couche de laine de confort<\/li>\n<li>5 cm de latex naturel ponctuellement \u00e9lastique et respirant<\/li>\n<li>Couche de feutre de laine 800 g\/m\u00b2<\/li>\n<li>Syst\u00e8me de ressorts ensach\u00e9s \u00e0 7 zones (hauteur 12 cm, fil d=1,6\u20131,8 mm), 1100 ressorts\/m\u00b2, int\u00e9gr\u00e9 dans un cadre lat\u00e9ral en mousse de confort N3543<\/li>\n<li>Couche de feutre de laine 800 g\/m\u00b2<\/li>\n<li>1 cm de coco haute densit\u00e9 (1000 g\/m\u00b2) comme couche de renfort<\/li>\n<li>Syst\u00e8me de mini-ressorts ensach\u00e9s monozone (hauteur 6 cm, fil d=1,6 mm), 296 ressorts\/m\u00b2, int\u00e9gr\u00e9 dans un cadre lat\u00e9ral en mousse de confort N3543<\/li>\n<li>3 cm de coco flexible (70 kg\/m\u00b3) comme couche de confort<\/li>\n<\/ul>\n","protected":false},"excerpt":{"rendered":"<p>Matelas h\u00f4tel de luxe \u00e0 surface de couchage en laine-latex naturel et mini-ressorts ensach\u00e9s, \u00e0 ressorts ensach\u00e9s (1396 ressorts\/m\u00b2), dans une housse d\u00e9corative passepoil\u00e9e en coton-lin au toucher fin, r\u00e9versible et rotatif<\/p>\n","protected":false},"featured_media":22237,"template":"","meta":[],"product_brand":[],"product_cat":[162],"product_tag":[],"class_list":{"0":"post-22294","1":"product","2":"type-product","3":"status-publish","4":"has-post-thumbnail","6":"product_cat-matelas","8":"first","9":"instock","10":"shipping-taxable","11":"purchasable","12":"product-type-variable","13":"has-default-attributes"},"composite_layout":"","composite_add_to_cart_form_location":"","composite_editable_in_cart":false,"composite_sold_individually_context":"","composite_shop_price_calc":"","composite_components":[],"composite_scenarios":[],"yoast_head":"<!-- This site is optimized with the Yoast SEO plugin v27.0 - https:\/\/yoast.com\/product\/yoast-seo-wordpress\/ -->\n<title>VELORA 1396 Eminent - Bio-Textima H\u00e1l\u00f3szoba Manufakt\u00fara<\/title>\n<meta name=\"robots\" content=\"index, follow, max-snippet:-1, max-image-preview:large, max-video-preview:-1\" \/>\n<link rel=\"canonical\" href=\"https:\/\/contractbeds.eu\/fr\/produit\/velora-1396-eminent\/\" \/>\n<meta property=\"og:locale\" content=\"fr_FR\" \/>\n<meta property=\"og:type\" content=\"article\" \/>\n<meta property=\"og:title\" content=\"VELORA 1396 Eminent - Bio-Textima H\u00e1l\u00f3szoba Manufakt\u00fara\" \/>\n<meta property=\"og:description\" content=\"Matelas h\u00f4tel de luxe \u00e0 surface de couchage en laine-latex naturel et mini-ressorts ensach\u00e9s, \u00e0 ressorts ensach\u00e9s (1396 ressorts\/m\u00b2), dans une housse d\u00e9corative passepoil\u00e9e en coton-lin au toucher fin, r\u00e9versible et rotatif\" \/>\n<meta property=\"og:url\" content=\"https:\/\/contractbeds.eu\/fr\/produit\/velora-1396-eminent\/\" \/>\n<meta property=\"og:site_name\" content=\"Bio-Textima H\u00e1l\u00f3szoba Manufakt\u00fara\" \/>\n<meta property=\"article:modified_time\" content=\"2025-10-21T10:41:29+00:00\" \/>\n<meta property=\"og:image\" content=\"https:\/\/contractbeds.eu\/wp-content\/uploads\/2025\/10\/Velora-Series.jpg\" \/>\n\t<meta property=\"og:image:width\" content=\"327\" \/>\n\t<meta property=\"og:image:height\" content=\"166\" \/>\n\t<meta property=\"og:image:type\" content=\"image\/jpeg\" \/>\n<meta name=\"twitter:card\" content=\"summary_large_image\" \/>\n<meta name=\"twitter:label1\" content=\"Dur\u00e9e de lecture estim\u00e9e\" \/>\n\t<meta name=\"twitter:data1\" content=\"2 minutes\" \/>\n<script type=\"application\/ld+json\" class=\"yoast-schema-graph\">{\"@context\":\"https:\/\/schema.org\",\"@graph\":[{\"@type\":\"WebPage\",\"@id\":\"https:\/\/contractbeds.eu\/fr\/produit\/velora-1396-eminent\/\",\"url\":\"https:\/\/contractbeds.eu\/fr\/produit\/velora-1396-eminent\/\",\"name\":\"VELORA 1396 Eminent - Bio-Textima H\u00e1l\u00f3szoba Manufakt\u00fara\",\"isPartOf\":{\"@id\":\"https:\/\/contractbeds.eu\/fr\/#website\"},\"primaryImageOfPage\":{\"@id\":\"https:\/\/contractbeds.eu\/fr\/produit\/velora-1396-eminent\/#primaryimage\"},\"image\":{\"@id\":\"https:\/\/contractbeds.eu\/fr\/produit\/velora-1396-eminent\/#primaryimage\"},\"thumbnailUrl\":\"https:\/\/contractbeds.eu\/wp-content\/uploads\/2025\/10\/Velora-Series.jpg\",\"datePublished\":\"2025-10-20T09:43:02+00:00\",\"dateModified\":\"2025-10-21T10:41:29+00:00\",\"breadcrumb\":{\"@id\":\"https:\/\/contractbeds.eu\/fr\/produit\/velora-1396-eminent\/#breadcrumb\"},\"inLanguage\":\"fr-FR\",\"potentialAction\":[{\"@type\":\"ReadAction\",\"target\":[\"https:\/\/contractbeds.eu\/fr\/produit\/velora-1396-eminent\/\"]}]},{\"@type\":\"ImageObject\",\"inLanguage\":\"fr-FR\",\"@id\":\"https:\/\/contractbeds.eu\/fr\/produit\/velora-1396-eminent\/#primaryimage\",\"url\":\"https:\/\/contractbeds.eu\/wp-content\/uploads\/2025\/10\/Velora-Series.jpg\",\"contentUrl\":\"https:\/\/contractbeds.eu\/wp-content\/uploads\/2025\/10\/Velora-Series.jpg\",\"width\":327,\"height\":166},{\"@type\":\"BreadcrumbList\",\"@id\":\"https:\/\/contractbeds.eu\/fr\/produit\/velora-1396-eminent\/#breadcrumb\",\"itemListElement\":[{\"@type\":\"ListItem\",\"position\":1,\"name\":\"Page d'accueil\",\"item\":\"https:\/\/contractbeds.eu\/fr\/\"},{\"@type\":\"ListItem\",\"position\":2,\"name\":\"Tous les produits\",\"item\":\"https:\/\/contractbeds.eu\/termekeink\/\"},{\"@type\":\"ListItem\",\"position\":3,\"name\":\"VELORA 1396 Eminent\"}]},{\"@type\":\"WebSite\",\"@id\":\"https:\/\/contractbeds.eu\/fr\/#website\",\"url\":\"https:\/\/contractbeds.eu\/fr\/\",\"name\":\"Bio-Textima H\u00e1l\u00f3szoba Manufakt\u00fara\",\"description\":\"\u00c1gyak \u00e9s matracok a sz\u00e1llodaipar sz\u00e1m\u00e1ra\",\"publisher\":{\"@id\":\"https:\/\/contractbeds.eu\/fr\/#organization\"},\"potentialAction\":[{\"@type\":\"SearchAction\",\"target\":{\"@type\":\"EntryPoint\",\"urlTemplate\":\"https:\/\/contractbeds.eu\/fr\/?s={search_term_string}\"},\"query-input\":{\"@type\":\"PropertyValueSpecification\",\"valueRequired\":true,\"valueName\":\"search_term_string\"}}],\"inLanguage\":\"fr-FR\"},{\"@type\":\"Organization\",\"@id\":\"https:\/\/contractbeds.eu\/fr\/#organization\",\"name\":\"BIO-TEXTIMA Kft.\",\"url\":\"https:\/\/contractbeds.eu\/fr\/\",\"logo\":{\"@type\":\"ImageObject\",\"inLanguage\":\"fr-FR\",\"@id\":\"https:\/\/contractbeds.eu\/fr\/#\/schema\/logo\/image\/\",\"url\":\"https:\/\/contractbeds.eu\/wp-content\/uploads\/2021\/03\/biotex_logo.jpg\",\"contentUrl\":\"https:\/\/contractbeds.eu\/wp-content\/uploads\/2021\/03\/biotex_logo.jpg\",\"width\":335,\"height\":149,\"caption\":\"BIO-TEXTIMA Kft.\"},\"image\":{\"@id\":\"https:\/\/contractbeds.eu\/fr\/#\/schema\/logo\/image\/\"}}]}<\/script>\n<!-- \/ Yoast SEO plugin. -->","yoast_head_json":{"title":"VELORA 1396 Eminent - Bio-Textima H\u00e1l\u00f3szoba Manufakt\u00fara","robots":{"index":"index","follow":"follow","max-snippet":"max-snippet:-1","max-image-preview":"max-image-preview:large","max-video-preview":"max-video-preview:-1"},"canonical":"https:\/\/contractbeds.eu\/fr\/produit\/velora-1396-eminent\/","og_locale":"fr_FR","og_type":"article","og_title":"VELORA 1396 Eminent - Bio-Textima H\u00e1l\u00f3szoba Manufakt\u00fara","og_description":"Matelas h\u00f4tel de luxe \u00e0 surface de couchage en laine-latex naturel et mini-ressorts ensach\u00e9s, \u00e0 ressorts ensach\u00e9s (1396 ressorts\/m\u00b2), dans une housse d\u00e9corative passepoil\u00e9e en coton-lin au toucher fin, r\u00e9versible et rotatif","og_url":"https:\/\/contractbeds.eu\/fr\/produit\/velora-1396-eminent\/","og_site_name":"Bio-Textima H\u00e1l\u00f3szoba Manufakt\u00fara","article_modified_time":"2025-10-21T10:41:29+00:00","og_image":[{"width":327,"height":166,"url":"https:\/\/contractbeds.eu\/wp-content\/uploads\/2025\/10\/Velora-Series.jpg","type":"image\/jpeg"}],"twitter_card":"summary_large_image","twitter_misc":{"Dur\u00e9e de lecture estim\u00e9e":"2 minutes"},"schema":{"@context":"https:\/\/schema.org","@graph":[{"@type":"WebPage","@id":"https:\/\/contractbeds.eu\/fr\/produit\/velora-1396-eminent\/","url":"https:\/\/contractbeds.eu\/fr\/produit\/velora-1396-eminent\/","name":"VELORA 1396 Eminent - Bio-Textima H\u00e1l\u00f3szoba Manufakt\u00fara","isPartOf":{"@id":"https:\/\/contractbeds.eu\/fr\/#website"},"primaryImageOfPage":{"@id":"https:\/\/contractbeds.eu\/fr\/produit\/velora-1396-eminent\/#primaryimage"},"image":{"@id":"https:\/\/contractbeds.eu\/fr\/produit\/velora-1396-eminent\/#primaryimage"},"thumbnailUrl":"https:\/\/contractbeds.eu\/wp-content\/uploads\/2025\/10\/Velora-Series.jpg","datePublished":"2025-10-20T09:43:02+00:00","dateModified":"2025-10-21T10:41:29+00:00","breadcrumb":{"@id":"https:\/\/contractbeds.eu\/fr\/produit\/velora-1396-eminent\/#breadcrumb"},"inLanguage":"fr-FR","potentialAction":[{"@type":"ReadAction","target":["https:\/\/contractbeds.eu\/fr\/produit\/velora-1396-eminent\/"]}]},{"@type":"ImageObject","inLanguage":"fr-FR","@id":"https:\/\/contractbeds.eu\/fr\/produit\/velora-1396-eminent\/#primaryimage","url":"https:\/\/contractbeds.eu\/wp-content\/uploads\/2025\/10\/Velora-Series.jpg","contentUrl":"https:\/\/contractbeds.eu\/wp-content\/uploads\/2025\/10\/Velora-Series.jpg","width":327,"height":166},{"@type":"BreadcrumbList","@id":"https:\/\/contractbeds.eu\/fr\/produit\/velora-1396-eminent\/#breadcrumb","itemListElement":[{"@type":"ListItem","position":1,"name":"Page d'accueil","item":"https:\/\/contractbeds.eu\/fr\/"},{"@type":"ListItem","position":2,"name":"Tous les produits","item":"https:\/\/contractbeds.eu\/termekeink\/"},{"@type":"ListItem","position":3,"name":"VELORA 1396 Eminent"}]},{"@type":"WebSite","@id":"https:\/\/contractbeds.eu\/fr\/#website","url":"https:\/\/contractbeds.eu\/fr\/","name":"Bio-Textima H\u00e1l\u00f3szoba Manufakt\u00fara","description":"\u00c1gyak \u00e9s matracok a sz\u00e1llodaipar sz\u00e1m\u00e1ra","publisher":{"@id":"https:\/\/contractbeds.eu\/fr\/#organization"},"potentialAction":[{"@type":"SearchAction","target":{"@type":"EntryPoint","urlTemplate":"https:\/\/contractbeds.eu\/fr\/?s={search_term_string}"},"query-input":{"@type":"PropertyValueSpecification","valueRequired":true,"valueName":"search_term_string"}}],"inLanguage":"fr-FR"},{"@type":"Organization","@id":"https:\/\/contractbeds.eu\/fr\/#organization","name":"BIO-TEXTIMA Kft.","url":"https:\/\/contractbeds.eu\/fr\/","logo":{"@type":"ImageObject","inLanguage":"fr-FR","@id":"https:\/\/contractbeds.eu\/fr\/#\/schema\/logo\/image\/","url":"https:\/\/contractbeds.eu\/wp-content\/uploads\/2021\/03\/biotex_logo.jpg","contentUrl":"https:\/\/contractbeds.eu\/wp-content\/uploads\/2021\/03\/biotex_logo.jpg","width":335,"height":149,"caption":"BIO-TEXTIMA Kft."},"image":{"@id":"https:\/\/contractbeds.eu\/fr\/#\/schema\/logo\/image\/"}}]}},"_links":{"self":[{"href":"https:\/\/contractbeds.eu\/fr\/wp-json\/wp\/v2\/product\/22294","targetHints":{"allow":["GET"]}}],"collection":[{"href":"https:\/\/contractbeds.eu\/fr\/wp-json\/wp\/v2\/product"}],"about":[{"href":"https:\/\/contractbeds.eu\/fr\/wp-json\/wp\/v2\/types\/product"}],"wp:featuredmedia":[{"embeddable":true,"href":"https:\/\/contractbeds.eu\/fr\/wp-json\/wp\/v2\/media\/22237"}],"wp:attachment":[{"href":"https:\/\/contractbeds.eu\/fr\/wp-json\/wp\/v2\/media?parent=22294"}],"wp:term":[{"taxonomy":"product_brand","embeddable":true,"href":"https:\/\/contractbeds.eu\/fr\/wp-json\/wp\/v2\/product_brand?post=22294"},{"taxonomy":"product_cat","embeddable":true,"href":"https:\/\/contractbeds.eu\/fr\/wp-json\/wp\/v2\/product_cat?post=22294"},{"taxonomy":"product_tag","embeddable":true,"href":"https:\/\/contractbeds.eu\/fr\/wp-json\/wp\/v2\/product_tag?post=22294"}],"curies":[{"name":"wp","href":"https:\/\/api.w.org\/{rel}","templated":true}]}}